{"id":11783,"date":"2023-07-07T17:12:27","date_gmt":"2023-07-07T17:12:27","guid":{"rendered":"https:\/\/maxani.nl\/?page_id=11783"},"modified":"2025-05-29T11:13:27","modified_gmt":"2025-05-29T11:13:27","slug":"diereigenaar-home","status":"publish","type":"page","link":"https:\/\/maxani.nl\/es\/diereigenaar-home\/","title":{"rendered":"Diereigenaar home"},"content":{"rendered":"<section class=\"section\" id=\"section_456424594\">\n\t\t<div class=\"section-bg fill\" >\n\t\t\t<img loading=\"lazy\" decoding=\"async\" width=\"1718\" height=\"2560\" src=\"https:\/\/maxani.nl\/wp-content\/uploads\/2023\/07\/Achtergrond-voor-website-Maxani2-scaled.jpg\" class=\"bg attachment-original size-original\" alt=\"\" \/>\t\t\t\t\t\t\n\t\t\t\n\t<div class=\"is-border\"\n\t\tstyle=\"border-color:rgb(235, 235, 235);border-width:1px 0px 0px 0px;\">\n\t<\/div>\n\n\t\t<\/div>\n\n\t\t\n\n\t\t<div class=\"section-content relative\">\n\t\t\t\n\n<div class=\"row\"  id=\"row-1704632777\">\n\n\n\t<div id=\"col-1697375307\" class=\"col medium-8 small-12 large-8\"  >\n\t\t\t\t<div class=\"col-inner\"  >\n\t\t\t\n\t\t\t\n\n<div class=\"fl-module fl-module-heading fl-node-5eb90db17f2cf\" data-node=\"5eb90db17f2cf\">\n<div class=\"fl-module-content fl-node-content\">\n<h2 class=\"fl-heading\"><span class=\"fl-heading-text\">Bienvenido al sitio web de Maxani. Muy amable por visitarnos.<\/span><\/h2>\n<\/div>\n<\/div>\n<div class=\"fl-module fl-module-rich-text fl-node-5eb90d614b838\" data-node=\"5eb90d614b838\">\n<div class=\"fl-module-content fl-node-content\">\n<div class=\"fl-rich-text\">\n<p>Maxani es especialista en dermatolog\u00eda veterinaria y disponemos de una amplia gama de productos de alta calidad espec\u00edficos para la piel de su mascota.<\/p>\n<p>Somos una empresa holandesa con mucha pasi\u00f3n y conocimientos de dermatolog\u00eda. Con un equipo entusiasta, estamos dispuestos a ayudarle a usted y a su animal de la mejor manera posible.<\/p>\n<p>Nuestros productos est\u00e1n disponibles exclusivamente en su veterinario. Los problemas de piel y pelo son frecuentes en los animales de compa\u00f1\u00eda. Creemos que el asesoramiento veterinario combinado con los productos adecuados dar\u00e1 los mejores resultados para una piel y un pelo sanos a largo plazo.\u00a0<\/p>\n<\/div>\n<\/div>\n<\/div>\n\t<div id=\"gap-2009248111\" class=\"gap-element clearfix\" style=\"display:block; height:auto;\">\n\t\t\n<style>\n#gap-2009248111 {\n  padding-top: 10px;\n}\n<\/style>\n\t<\/div>\n\t\n\n<a href=\"https:\/\/maxani.nl\/es\/informatie\/\" class=\"button primary is-small\" >\n\t\t<span>M\u00e1s informaci\u00f3n sobre nuestros productos<\/span>\n\t<\/a>\n\n\n\n\t\t<\/div>\n\t\t\t\t\t<\/div>\n\n\t\n\n\t<div id=\"col-461287732\" class=\"col medium-4 small-12 large-4\"  >\n\t\t\t\t<div class=\"col-inner\"  >\n\t\t\t\n\t\t\t\n\n<div class=\"slider-wrapper relative\" id=\"slider-2028406599\" >\n    <div class=\"slider slider-nav-circle slider-nav-large slider-nav-light slider-style-normal\"\n        data-flickity-options='{            \"cellAlign\": \"center\",            \"imagesLoaded\": true,            \"lazyLoad\": 1,            \"freeScroll\": false,            \"wrapAround\": true,            \"autoPlay\": 4000ms,            \"pauseAutoPlayOnHover\" : true,            \"prevNextButtons\": true,            \"contain\" : true,            \"adaptiveHeight\" : true,            \"dragThreshold\" : 10,            \"percentPosition\": true,            \"pageDots\": true,            \"rightToLeft\": false,            \"draggable\": true,            \"selectedAttraction\": 0.1,            \"parallax\" : 0,            \"friction\": 0.6        }'\n        >\n        \n\n\t<div class=\"img has-hover x md-x lg-x y md-y lg-y\" id=\"image_1699691107\">\n\t\t\t\t\t\t\t\t<div class=\"img-inner dark\" >\n\t\t\t<img loading=\"lazy\" decoding=\"async\" width=\"800\" height=\"800\" src=\"https:\/\/maxani.nl\/wp-content\/uploads\/2023\/07\/catogorie-pyo.png\" class=\"attachment-original size-original\" alt=\"\" srcset=\"https:\/\/maxani.nl\/wp-content\/uploads\/2023\/07\/catogorie-pyo.png 800w, https:\/\/maxani.nl\/wp-content\/uploads\/2023\/07\/catogorie-pyo-400x400.png 400w, https:\/\/maxani.nl\/wp-content\/uploads\/2023\/07\/catogorie-pyo-280x280.png 280w, https:\/\/maxani.nl\/wp-content\/uploads\/2023\/07\/catogorie-pyo-768x768.png 768w, https:\/\/maxani.nl\/wp-content\/uploads\/2023\/07\/catogorie-pyo-247x247.png 247w, https:\/\/maxani.nl\/wp-content\/uploads\/2023\/07\/catogorie-pyo-510x510.png 510w, https:\/\/maxani.nl\/wp-content\/uploads\/2023\/07\/catogorie-pyo-100x100.png 100w\" sizes=\"auto, (max-width: 800px) 100vw, 800px\" \/>\t\t\t\t\t\t\n\t\t\t\t\t<\/div>\n\t\t\t\t\t\t\t\t\n<style>\n#image_1699691107 {\n  width: 100%;\n}\n<\/style>\n\t<\/div>\n\t\n\n\t<div class=\"img has-hover x md-x lg-x y md-y lg-y\" id=\"image_566516345\">\n\t\t\t\t\t\t\t\t<div class=\"img-inner dark\" >\n\t\t\t<img loading=\"lazy\" decoding=\"async\" width=\"800\" height=\"800\" src=\"https:\/\/maxani.nl\/wp-content\/uploads\/2023\/07\/catogorie-atopie-2.png\" class=\"attachment-original size-original\" alt=\"\" srcset=\"https:\/\/maxani.nl\/wp-content\/uploads\/2023\/07\/catogorie-atopie-2.png 800w, https:\/\/maxani.nl\/wp-content\/uploads\/2023\/07\/catogorie-atopie-2-400x400.png 400w, https:\/\/maxani.nl\/wp-content\/uploads\/2023\/07\/catogorie-atopie-2-280x280.png 280w, https:\/\/maxani.nl\/wp-content\/uploads\/2023\/07\/catogorie-atopie-2-768x768.png 768w, https:\/\/maxani.nl\/wp-content\/uploads\/2023\/07\/catogorie-atopie-2-247x247.png 247w, https:\/\/maxani.nl\/wp-content\/uploads\/2023\/07\/catogorie-atopie-2-510x510.png 510w, https:\/\/maxani.nl\/wp-content\/uploads\/2023\/07\/catogorie-atopie-2-100x100.png 100w\" sizes=\"auto, (max-width: 800px) 100vw, 800px\" \/>\t\t\t\t\t\t\n\t\t\t\t\t<\/div>\n\t\t\t\t\t\t\t\t\n<style>\n#image_566516345 {\n  width: 100%;\n}\n<\/style>\n\t<\/div>\n\t\n\n\t<div class=\"img has-hover x md-x lg-x y md-y lg-y\" id=\"image_2102836223\">\n\t\t\t\t\t\t\t\t<div class=\"img-inner dark\" >\n\t\t\t<img loading=\"lazy\" decoding=\"async\" width=\"800\" height=\"800\" src=\"https:\/\/maxani.nl\/wp-content\/uploads\/2023\/07\/catogorie-wond.png\" class=\"attachment-original size-original\" alt=\"\" srcset=\"https:\/\/maxani.nl\/wp-content\/uploads\/2023\/07\/catogorie-wond.png 800w, https:\/\/maxani.nl\/wp-content\/uploads\/2023\/07\/catogorie-wond-400x400.png 400w, https:\/\/maxani.nl\/wp-content\/uploads\/2023\/07\/catogorie-wond-280x280.png 280w, https:\/\/maxani.nl\/wp-content\/uploads\/2023\/07\/catogorie-wond-768x768.png 768w, https:\/\/maxani.nl\/wp-content\/uploads\/2023\/07\/catogorie-wond-247x247.png 247w, https:\/\/maxani.nl\/wp-content\/uploads\/2023\/07\/catogorie-wond-510x510.png 510w, https:\/\/maxani.nl\/wp-content\/uploads\/2023\/07\/catogorie-wond-100x100.png 100w\" sizes=\"auto, (max-width: 800px) 100vw, 800px\" \/>\t\t\t\t\t\t\n\t\t\t\t\t<\/div>\n\t\t\t\t\t\t\t\t\n<style>\n#image_2102836223 {\n  width: 100%;\n}\n<\/style>\n\t<\/div>\n\t\n\n\t<div class=\"img has-hover x md-x lg-x y md-y lg-y\" id=\"image_1572969690\">\n\t\t\t\t\t\t\t\t<div class=\"img-inner dark\" >\n\t\t\t<img loading=\"lazy\" decoding=\"async\" width=\"800\" height=\"800\" src=\"https:\/\/maxani.nl\/wp-content\/uploads\/2023\/07\/catogorie-sebboroe.png\" class=\"attachment-original size-original\" alt=\"\" srcset=\"https:\/\/maxani.nl\/wp-content\/uploads\/2023\/07\/catogorie-sebboroe.png 800w, https:\/\/maxani.nl\/wp-content\/uploads\/2023\/07\/catogorie-sebboroe-400x400.png 400w, https:\/\/maxani.nl\/wp-content\/uploads\/2023\/07\/catogorie-sebboroe-280x280.png 280w, https:\/\/maxani.nl\/wp-content\/uploads\/2023\/07\/catogorie-sebboroe-768x768.png 768w, https:\/\/maxani.nl\/wp-content\/uploads\/2023\/07\/catogorie-sebboroe-247x247.png 247w, https:\/\/maxani.nl\/wp-content\/uploads\/2023\/07\/catogorie-sebboroe-510x510.png 510w, https:\/\/maxani.nl\/wp-content\/uploads\/2023\/07\/catogorie-sebboroe-100x100.png 100w\" sizes=\"auto, (max-width: 800px) 100vw, 800px\" \/>\t\t\t\t\t\t\n\t\t\t\t\t<\/div>\n\t\t\t\t\t\t\t\t\n<style>\n#image_1572969690 {\n  width: 100%;\n}\n<\/style>\n\t<\/div>\n\t\n\n\n     <\/div>\n\n     <div class=\"loading-spin dark large centered\"><\/div>\n\n\t<\/div>\n\n\n\n\t\t<\/div>\n\t\t\t\t\t<\/div>\n\n\t\n\n<\/div>\n\n\t\t<\/div>\n\n\t\t\n<style>\n#section_456424594 {\n  padding-top: 60px;\n  padding-bottom: 60px;\n  min-height: 300px;\n}\n<\/style>\n\t<\/section>","protected":false},"excerpt":{"rendered":"","protected":false},"author":1,"featured_media":0,"parent":0,"menu_order":0,"comment_status":"closed","ping_status":"closed","template":"page-blank.php","meta":{"footnotes":""},"class_list":["post-11783","page","type-page","status-publish","hentry"],"yoast_head":"<!-- This site is optimized with the Yoast SEO plugin v27.1.1 - https:\/\/yoast.com\/product\/yoast-seo-wordpress\/ -->\n<title>Diereigenaar home - Maxani Animal Healthcare BV<\/title>\n<meta name=\"robots\" content=\"index, follow, max-snippet:-1, max-image-preview:large, max-video-preview:-1\" \/>\n<link rel=\"canonical\" href=\"https:\/\/maxani.nl\/es\/diereigenaar-home\/\" \/>\n<meta property=\"og:locale\" content=\"es_ES\" \/>\n<meta property=\"og:type\" content=\"article\" \/>\n<meta property=\"og:title\" content=\"Diereigenaar home - Maxani Animal Healthcare BV\" \/>\n<meta property=\"og:url\" content=\"https:\/\/maxani.nl\/es\/diereigenaar-home\/\" \/>\n<meta property=\"og:site_name\" content=\"Maxani Animal Healthcare BV\" \/>\n<meta property=\"article:modified_time\" content=\"2025-05-29T11:13:27+00:00\" \/>\n<meta name=\"twitter:card\" content=\"summary_large_image\" \/>\n<script type=\"application\/ld+json\" class=\"yoast-schema-graph\">{\"@context\":\"https:\/\/schema.org\",\"@graph\":[{\"@type\":\"WebPage\",\"@id\":\"https:\/\/maxani.nl\/diereigenaar-home\/\",\"url\":\"https:\/\/maxani.nl\/diereigenaar-home\/\",\"name\":\"Diereigenaar home - Maxani Animal Healthcare BV\",\"isPartOf\":{\"@id\":\"https:\/\/maxani.nl\/#website\"},\"datePublished\":\"2023-07-07T17:12:27+00:00\",\"dateModified\":\"2025-05-29T11:13:27+00:00\",\"breadcrumb\":{\"@id\":\"https:\/\/maxani.nl\/diereigenaar-home\/#breadcrumb\"},\"inLanguage\":\"es\",\"potentialAction\":[{\"@type\":\"ReadAction\",\"target\":[\"https:\/\/maxani.nl\/diereigenaar-home\/\"]}]},{\"@type\":\"BreadcrumbList\",\"@id\":\"https:\/\/maxani.nl\/diereigenaar-home\/#breadcrumb\",\"itemListElement\":[{\"@type\":\"ListItem\",\"position\":1,\"name\":\"Home\",\"item\":\"https:\/\/maxani.nl\/\"},{\"@type\":\"ListItem\",\"position\":2,\"name\":\"Diereigenaar home\"}]},{\"@type\":\"WebSite\",\"@id\":\"https:\/\/maxani.nl\/#website\",\"url\":\"https:\/\/maxani.nl\/\",\"name\":\"Maxani Animal Healthcare BV\",\"description\":\"Uw partner in veterinaire dermatologie\",\"potentialAction\":[{\"@type\":\"SearchAction\",\"target\":{\"@type\":\"EntryPoint\",\"urlTemplate\":\"https:\/\/maxani.nl\/?s={search_term_string}\"},\"query-input\":{\"@type\":\"PropertyValueSpecification\",\"valueRequired\":true,\"valueName\":\"search_term_string\"}}],\"inLanguage\":\"es\"}]}<\/script>\n<!-- \/ Yoast SEO plugin. -->","yoast_head_json":{"title":"Diereigenaar home - Maxani Animal Healthcare BV","robots":{"index":"index","follow":"follow","max-snippet":"max-snippet:-1","max-image-preview":"max-image-preview:large","max-video-preview":"max-video-preview:-1"},"canonical":"https:\/\/maxani.nl\/es\/diereigenaar-home\/","og_locale":"es_ES","og_type":"article","og_title":"Diereigenaar home - Maxani Animal Healthcare BV","og_url":"https:\/\/maxani.nl\/es\/diereigenaar-home\/","og_site_name":"Maxani Animal Healthcare BV","article_modified_time":"2025-05-29T11:13:27+00:00","twitter_card":"summary_large_image","schema":{"@context":"https:\/\/schema.org","@graph":[{"@type":"WebPage","@id":"https:\/\/maxani.nl\/diereigenaar-home\/","url":"https:\/\/maxani.nl\/diereigenaar-home\/","name":"Diereigenaar home - Maxani Animal Healthcare BV","isPartOf":{"@id":"https:\/\/maxani.nl\/#website"},"datePublished":"2023-07-07T17:12:27+00:00","dateModified":"2025-05-29T11:13:27+00:00","breadcrumb":{"@id":"https:\/\/maxani.nl\/diereigenaar-home\/#breadcrumb"},"inLanguage":"es","potentialAction":[{"@type":"ReadAction","target":["https:\/\/maxani.nl\/diereigenaar-home\/"]}]},{"@type":"BreadcrumbList","@id":"https:\/\/maxani.nl\/diereigenaar-home\/#breadcrumb","itemListElement":[{"@type":"ListItem","position":1,"name":"Home","item":"https:\/\/maxani.nl\/"},{"@type":"ListItem","position":2,"name":"Diereigenaar home"}]},{"@type":"WebSite","@id":"https:\/\/maxani.nl\/#website","url":"https:\/\/maxani.nl\/","name":"Maxani Animal Healthcare BV","description":"Su socio en dermatolog\u00eda veterinaria","potentialAction":[{"@type":"SearchAction","target":{"@type":"EntryPoint","urlTemplate":"https:\/\/maxani.nl\/?s={search_term_string}"},"query-input":{"@type":"PropertyValueSpecification","valueRequired":true,"valueName":"search_term_string"}}],"inLanguage":"es"}]}},"jetpack_sharing_enabled":true,"_links":{"self":[{"href":"https:\/\/maxani.nl\/es\/wp-json\/wp\/v2\/pages\/11783","targetHints":{"allow":["GET"]}}],"collection":[{"href":"https:\/\/maxani.nl\/es\/wp-json\/wp\/v2\/pages"}],"about":[{"href":"https:\/\/maxani.nl\/es\/wp-json\/wp\/v2\/types\/page"}],"author":[{"embeddable":true,"href":"https:\/\/maxani.nl\/es\/wp-json\/wp\/v2\/users\/1"}],"replies":[{"embeddable":true,"href":"https:\/\/maxani.nl\/es\/wp-json\/wp\/v2\/comments?post=11783"}],"version-history":[{"count":4,"href":"https:\/\/maxani.nl\/es\/wp-json\/wp\/v2\/pages\/11783\/revisions"}],"predecessor-version":[{"id":17191,"href":"https:\/\/maxani.nl\/es\/wp-json\/wp\/v2\/pages\/11783\/revisions\/17191"}],"wp:attachment":[{"href":"https:\/\/maxani.nl\/es\/wp-json\/wp\/v2\/media?parent=11783"}],"curies":[{"name":"wp","href":"https:\/\/api.w.org\/{rel}","templated":true}]}}