{"id":130,"date":"2019-08-13T09:54:29","date_gmt":"2019-08-13T09:54:29","guid":{"rendered":"https:\/\/maandvandehuidverzorging.nl\/?post_type=product&#038;p=130"},"modified":"2025-08-20T12:50:21","modified_gmt":"2025-08-20T12:50:21","slug":"rescue-huidshampoo","status":"publish","type":"product","link":"https:\/\/maxani.nl\/en\/product\/rescue-huidshampoo\/","title":{"rendered":"Rescue skin shampoo"},"content":{"rendered":"<p><strong>Indications<\/strong><\/p>\n<p>Rescue skin shampoo is used for infected painful, thick, hot and\/or red skin caused by bacteria , yeasts and\/or fungi. The skin shampoo was developed by veterinary dermatologists for the treatment of Malassezia, Pyoderma, Intertrigo and other skin infections, hot spots and skin irritations. The shampoo is widely applicable and also works supportively in atopic dogs to prevent recurrent skin infections. In horses, the shampoo is used for bacterial mug, secondary skin infections, which may include<br \/>\narise from tail and mane eczema and with other bacterial, fungal or yeast infections. Rescue skin shampoo is also used to prevent secondary skin infections.<\/p>\n<p><strong>Operation<\/strong><\/p>\n<p>Sodium hypochlorite kills many types of bacteria. The ceramides in the shampoo help to restore the moisture balance and protective barrier function of the skin.<br \/>\nRosemary and mint are soothing ingredients. Menthol and rosemary are added for a cooling effect. Rosemary also reduces epidermal turnover and contributes to normal sebum production. SK-influx\u00ae, consisting of fatty acids, ceramides, cholesterol and phytosphingosine, restores the skin barrier and hydrates the skin. Hyaluronic acid promotes elasticity and moisture of the skin.<\/p>\n<p><strong>Use<\/strong><\/p>\n<p>The frequency of shampoo treatment depends on the condition, severity of the complaint and the purpose of the treatment. We recommend to treat a skin infection at least 2 to 3 times.<br \/>\nwash once a week until clinical symptoms disappear. If necessary, the shampoo can be used daily. To prevent recurrent chronic skin infections, mug or hotspots, the advice is to use the shampoo at least once a week. Preferably wash the animal 2 times per shampooing. The first time for the cleansing effect (removing dirt, flakes, etc.), the second time for the treatment. Leave the shampoo on the second wash for at least 10 minutes for the fastest results. Do not use if the pet is (over)sensitive to any of the ingredients.<\/p>\n<span class=\"wppb-content-restriction-message\"><p data-opacity=\"0.5\">You must be logged in for more information<\/p>\n<\/span>","protected":false},"excerpt":{"rendered":"<p>Developed by veterinary dermatologists to treat and prevent skin infections with bacteria, fungi and yeasts in dogs and horses. An intensely cleansing, yet gentle shampoo against bacteria, fungi and yeasts.<\/p>\n<p>With the Rescue skin shampoo, veterinary practices can order one or two washing instructions with the practice's logo per shampoo free of charge. In this way, treatment is optimized and the customer always has the shampoo's usage advice at hand.<\/p>\n<p><strong>Animal<\/strong>: Dog and Horse<\/p>\n<p><strong>Content<\/strong>: 200 ml<\/p>\n<span class=\"wppb-shortcode-restriction-message\"> <\/span>","protected":false},"featured_media":11962,"template":"","meta":[],"product_brand":[],"product_cat":[15,29,36],"product_tag":[148,30,150,149],"class_list":{"0":"post-130","1":"product","2":"type-product","3":"status-publish","4":"has-post-thumbnail","6":"product_cat-alle-producten","7":"product_cat-maxani","8":"product_cat-pyodermie","9":"product_tag-148","10":"product_tag-maxani-shampoo","11":"product_tag-pyodermie","12":"product_tag-rescue","14":"first","15":"instock","16":"taxable","17":"shipping-taxable","18":"product-type-simple"},"yoast_head":"<!-- This site is optimized with the Yoast SEO plugin v27.1.1 - https:\/\/yoast.com\/product\/yoast-seo-wordpress\/ -->\n<title>Rescue skin shampoo - Maxani Animal Healthcare BV<\/title>\n<meta name=\"robots\" content=\"index, follow, max-snippet:-1, max-image-preview:large, max-video-preview:-1\" \/>\n<link rel=\"canonical\" href=\"https:\/\/maxani.nl\/en\/product\/rescue-huidshampoo\/\" \/>\n<meta property=\"og:locale\" content=\"en_US\" \/>\n<meta property=\"og:type\" content=\"article\" \/>\n<meta property=\"og:title\" content=\"Rescue skin shampoo - Maxani Animal Healthcare BV\" \/>\n<meta property=\"og:description\" content=\"Ontwikkeld door veterinaire dermatologen om huidinfecties met bacteri\u00ebn, schimmels en gisten bij honden en paarden te behandelen en te voorkomen. Een intensief reinigende, maar toch zachte shampoo tegen bacteri\u00ebn, schimmels en gisten.  Bij de Rescue skin shampoo kan de dierenartsenpraktijk gratis \u00e9\u00e9n of twee wasvoorschriften met het logo van de praktijk bestellen per shampoo. Op deze manier wordt de behandeling geoptimaliseerd en heeft de klant het gebruiksadvies van de shampoo altijd bij de hand.  Dier: Hond en paard  Inhoud: 200 ml\" \/>\n<meta property=\"og:url\" content=\"https:\/\/maxani.nl\/en\/product\/rescue-huidshampoo\/\" \/>\n<meta property=\"og:site_name\" content=\"Maxani Animal Healthcare BV\" \/>\n<meta property=\"article:modified_time\" content=\"2025-08-20T12:50:21+00:00\" \/>\n<meta property=\"og:image\" content=\"https:\/\/maxani.nl\/wp-content\/uploads\/2023\/01\/Maxani-Rescue-shampoo-200ml.jpg\" \/>\n\t<meta property=\"og:image:width\" content=\"1080\" \/>\n\t<meta property=\"og:image:height\" content=\"1080\" \/>\n\t<meta property=\"og:image:type\" content=\"image\/jpeg\" \/>\n<meta name=\"twitter:card\" content=\"summary_large_image\" \/>\n<meta name=\"twitter:label1\" content=\"Est. reading time\" \/>\n\t<meta name=\"twitter:data1\" content=\"3 minutes\" \/>\n<script type=\"application\/ld+json\" class=\"yoast-schema-graph\">{\"@context\":\"https:\/\/schema.org\",\"@graph\":[{\"@type\":\"WebPage\",\"@id\":\"https:\/\/maxani.nl\/product\/rescue-huidshampoo\/\",\"url\":\"https:\/\/maxani.nl\/product\/rescue-huidshampoo\/\",\"name\":\"Rescue skin shampoo - Maxani Animal Healthcare BV\",\"isPartOf\":{\"@id\":\"https:\/\/maxani.nl\/#website\"},\"primaryImageOfPage\":{\"@id\":\"https:\/\/maxani.nl\/product\/rescue-huidshampoo\/#primaryimage\"},\"image\":{\"@id\":\"https:\/\/maxani.nl\/product\/rescue-huidshampoo\/#primaryimage\"},\"thumbnailUrl\":\"https:\/\/maxani.nl\/wp-content\/uploads\/2023\/01\/Maxani-Rescue-shampoo-200ml.jpg\",\"datePublished\":\"2019-08-13T09:54:29+00:00\",\"dateModified\":\"2025-08-20T12:50:21+00:00\",\"breadcrumb\":{\"@id\":\"https:\/\/maxani.nl\/product\/rescue-huidshampoo\/#breadcrumb\"},\"inLanguage\":\"en-US\",\"potentialAction\":[{\"@type\":\"ReadAction\",\"target\":[\"https:\/\/maxani.nl\/product\/rescue-huidshampoo\/\"]}]},{\"@type\":\"ImageObject\",\"inLanguage\":\"en-US\",\"@id\":\"https:\/\/maxani.nl\/product\/rescue-huidshampoo\/#primaryimage\",\"url\":\"https:\/\/maxani.nl\/wp-content\/uploads\/2023\/01\/Maxani-Rescue-shampoo-200ml.jpg\",\"contentUrl\":\"https:\/\/maxani.nl\/wp-content\/uploads\/2023\/01\/Maxani-Rescue-shampoo-200ml.jpg\",\"width\":1080,\"height\":1080},{\"@type\":\"BreadcrumbList\",\"@id\":\"https:\/\/maxani.nl\/product\/rescue-huidshampoo\/#breadcrumb\",\"itemListElement\":[{\"@type\":\"ListItem\",\"position\":1,\"name\":\"Home\",\"item\":\"https:\/\/maxani.nl\/\"},{\"@type\":\"ListItem\",\"position\":2,\"name\":\"Webshop\",\"item\":\"https:\/\/maxani.nl\/webshop\/\"},{\"@type\":\"ListItem\",\"position\":3,\"name\":\"Rescue skin shampoo\"}]},{\"@type\":\"WebSite\",\"@id\":\"https:\/\/maxani.nl\/#website\",\"url\":\"https:\/\/maxani.nl\/\",\"name\":\"Maxani Animal Healthcare BV\",\"description\":\"Uw partner in veterinaire dermatologie\",\"potentialAction\":[{\"@type\":\"SearchAction\",\"target\":{\"@type\":\"EntryPoint\",\"urlTemplate\":\"https:\/\/maxani.nl\/?s={search_term_string}\"},\"query-input\":{\"@type\":\"PropertyValueSpecification\",\"valueRequired\":true,\"valueName\":\"search_term_string\"}}],\"inLanguage\":\"en-US\"}]}<\/script>\n<!-- \/ Yoast SEO plugin. -->","yoast_head_json":{"title":"Rescue skin shampoo - Maxani Animal Healthcare BV","robots":{"index":"index","follow":"follow","max-snippet":"max-snippet:-1","max-image-preview":"max-image-preview:large","max-video-preview":"max-video-preview:-1"},"canonical":"https:\/\/maxani.nl\/en\/product\/rescue-huidshampoo\/","og_locale":"en_US","og_type":"article","og_title":"Rescue skin shampoo - Maxani Animal Healthcare BV","og_description":"Ontwikkeld door veterinaire dermatologen om huidinfecties met bacteri\u00ebn, schimmels en gisten bij honden en paarden te behandelen en te voorkomen. Een intensief reinigende, maar toch zachte shampoo tegen bacteri\u00ebn, schimmels en gisten.  Bij de Rescue skin shampoo kan de dierenartsenpraktijk gratis \u00e9\u00e9n of twee wasvoorschriften met het logo van de praktijk bestellen per shampoo. Op deze manier wordt de behandeling geoptimaliseerd en heeft de klant het gebruiksadvies van de shampoo altijd bij de hand.  Dier: Hond en paard  Inhoud: 200 ml","og_url":"https:\/\/maxani.nl\/en\/product\/rescue-huidshampoo\/","og_site_name":"Maxani Animal Healthcare BV","article_modified_time":"2025-08-20T12:50:21+00:00","og_image":[{"width":1080,"height":1080,"url":"https:\/\/maxani.nl\/wp-content\/uploads\/2023\/01\/Maxani-Rescue-shampoo-200ml.jpg","type":"image\/jpeg"}],"twitter_card":"summary_large_image","twitter_misc":{"Est. reading time":"3 minutes"},"schema":{"@context":"https:\/\/schema.org","@graph":[{"@type":"WebPage","@id":"https:\/\/maxani.nl\/product\/rescue-huidshampoo\/","url":"https:\/\/maxani.nl\/product\/rescue-huidshampoo\/","name":"Rescue skin shampoo - Maxani Animal Healthcare BV","isPartOf":{"@id":"https:\/\/maxani.nl\/#website"},"primaryImageOfPage":{"@id":"https:\/\/maxani.nl\/product\/rescue-huidshampoo\/#primaryimage"},"image":{"@id":"https:\/\/maxani.nl\/product\/rescue-huidshampoo\/#primaryimage"},"thumbnailUrl":"https:\/\/maxani.nl\/wp-content\/uploads\/2023\/01\/Maxani-Rescue-shampoo-200ml.jpg","datePublished":"2019-08-13T09:54:29+00:00","dateModified":"2025-08-20T12:50:21+00:00","breadcrumb":{"@id":"https:\/\/maxani.nl\/product\/rescue-huidshampoo\/#breadcrumb"},"inLanguage":"en-US","potentialAction":[{"@type":"ReadAction","target":["https:\/\/maxani.nl\/product\/rescue-huidshampoo\/"]}]},{"@type":"ImageObject","inLanguage":"en-US","@id":"https:\/\/maxani.nl\/product\/rescue-huidshampoo\/#primaryimage","url":"https:\/\/maxani.nl\/wp-content\/uploads\/2023\/01\/Maxani-Rescue-shampoo-200ml.jpg","contentUrl":"https:\/\/maxani.nl\/wp-content\/uploads\/2023\/01\/Maxani-Rescue-shampoo-200ml.jpg","width":1080,"height":1080},{"@type":"BreadcrumbList","@id":"https:\/\/maxani.nl\/product\/rescue-huidshampoo\/#breadcrumb","itemListElement":[{"@type":"ListItem","position":1,"name":"Home","item":"https:\/\/maxani.nl\/"},{"@type":"ListItem","position":2,"name":"Webshop","item":"https:\/\/maxani.nl\/webshop\/"},{"@type":"ListItem","position":3,"name":"Rescue skin shampoo"}]},{"@type":"WebSite","@id":"https:\/\/maxani.nl\/#website","url":"https:\/\/maxani.nl\/","name":"Maxani Animal Healthcare BV","description":"Your partner in veterinary dermatology","potentialAction":[{"@type":"SearchAction","target":{"@type":"EntryPoint","urlTemplate":"https:\/\/maxani.nl\/?s={search_term_string}"},"query-input":{"@type":"PropertyValueSpecification","valueRequired":true,"valueName":"search_term_string"}}],"inLanguage":"en-US"}]}},"jetpack_sharing_enabled":true,"_links":{"self":[{"href":"https:\/\/maxani.nl\/en\/wp-json\/wp\/v2\/product\/130","targetHints":{"allow":["GET"]}}],"collection":[{"href":"https:\/\/maxani.nl\/en\/wp-json\/wp\/v2\/product"}],"about":[{"href":"https:\/\/maxani.nl\/en\/wp-json\/wp\/v2\/types\/product"}],"wp:featuredmedia":[{"embeddable":true,"href":"https:\/\/maxani.nl\/en\/wp-json\/wp\/v2\/media\/11962"}],"wp:attachment":[{"href":"https:\/\/maxani.nl\/en\/wp-json\/wp\/v2\/media?parent=130"}],"wp:term":[{"taxonomy":"product_brand","embeddable":true,"href":"https:\/\/maxani.nl\/en\/wp-json\/wp\/v2\/product_brand?post=130"},{"taxonomy":"product_cat","embeddable":true,"href":"https:\/\/maxani.nl\/en\/wp-json\/wp\/v2\/product_cat?post=130"},{"taxonomy":"product_tag","embeddable":true,"href":"https:\/\/maxani.nl\/en\/wp-json\/wp\/v2\/product_tag?post=130"}],"curies":[{"name":"wp","href":"https:\/\/api.w.org\/{rel}","templated":true}]}}