{"id":9843,"date":"2022-02-23T19:29:42","date_gmt":"2022-02-23T19:29:42","guid":{"rendered":"https:\/\/maxani.nl\/?post_type=product&#038;p=9843"},"modified":"2026-01-05T08:36:02","modified_gmt":"2026-01-05T08:36:02","slug":"maxani-regular-mousse","status":"publish","type":"product","link":"https:\/\/maxani.nl\/de\/produkt\/maxani-regular-mousse\/","title":{"rendered":"Maxani Regular Mousse"},"content":{"rendered":"<p>Reinigt schmutzige und stinkende Felle effektiv und ohne Wasser. Durch den Zusatz von Sinodor\u00ae werden \u00fcble Ger\u00fcche nicht \u00fcberdeckt, sondern gr\u00fcndlich entfernt. Durch die ausgekl\u00fcgelte Zusammensetzung aus Hyalurons\u00e4ure, Ceramiden, Urea, Panthenol und Kamille wird die Haut bis tief in die Hautbarriere gen\u00e4hrt und gepflegt.<\/p>\n<span class=\"wppb-content-restriction-message\"><p data-opacity=\"0.5\">F\u00fcr weitere Informationen m\u00fcssen Sie eingeloggt sein<\/p>\n<\/span>","protected":false},"excerpt":{"rendered":"<p>Reinigt schmutzige und stinkende Felle effektiv und ohne Wasser. Durch den Zusatz von Sinodor\u00ae werden \u00fcble Ger\u00fcche nicht \u00fcberdeckt, sondern gr\u00fcndlich entfernt. Durch die ausgekl\u00fcgelte Zusammensetzung aus Hyalurons\u00e4ure, Ceramiden, Urea, Panthenol und Kamille wird die Haut bis tief in die Hautbarriere gen\u00e4hrt und gepflegt.<\/p>\n<span class=\"wppb-shortcode-restriction-message\"> <\/span>","protected":false},"featured_media":11950,"template":"","meta":[],"product_brand":[],"product_cat":[15,29,35],"product_tag":[197,175,155,80,154,75,76],"class_list":{"0":"post-9843","1":"product","2":"type-product","3":"status-publish","4":"has-post-thumbnail","6":"product_cat-alle-producten","7":"product_cat-maxani","8":"product_cat-regular","9":"product_tag-197","10":"product_tag-droogshampoo","11":"product_tag-kitten","12":"product_tag-mousse","13":"product_tag-puppy","14":"product_tag-regular","15":"product_tag-wipes","17":"first","18":"instock","19":"taxable","20":"shipping-taxable","21":"product-type-simple"},"yoast_head":"<!-- This site is optimized with the Yoast SEO plugin v27.1.1 - https:\/\/yoast.com\/product\/yoast-seo-wordpress\/ -->\n<title>Maxani Regular Mousse - Maxani Animal Healthcare BV<\/title>\n<meta name=\"robots\" content=\"index, follow, max-snippet:-1, max-image-preview:large, max-video-preview:-1\" \/>\n<link rel=\"canonical\" href=\"https:\/\/maxani.nl\/de\/produkt\/maxani-regular-mousse\/\" \/>\n<meta property=\"og:locale\" content=\"de_DE\" \/>\n<meta property=\"og:type\" content=\"article\" \/>\n<meta property=\"og:title\" content=\"Maxani Regular Mousse - Maxani Animal Healthcare BV\" \/>\n<meta property=\"og:description\" content=\"Reinigt effectief de vieze en stinkende vacht zonder water. Door de toevoeging van \u00a0Sinodor\u00ae worden vieze geuren niet gemaskeerd, maar grondig verwijderd. Door de uitgekiende samenstelling van hyaluronzuur, ceramiden, ureum, panthenol en kamille wordt de huid tot diep in de huidbarriere gevoed en verzorgt.\" \/>\n<meta property=\"og:url\" content=\"https:\/\/maxani.nl\/de\/produkt\/maxani-regular-mousse\/\" \/>\n<meta property=\"og:site_name\" content=\"Maxani Animal Healthcare BV\" \/>\n<meta property=\"article:modified_time\" content=\"2026-01-05T08:36:02+00:00\" \/>\n<meta property=\"og:image\" content=\"https:\/\/maxani.nl\/wp-content\/uploads\/2023\/01\/Maxani-Regular-mousse-150ml.jpg\" \/>\n\t<meta property=\"og:image:width\" content=\"1080\" \/>\n\t<meta property=\"og:image:height\" content=\"1080\" \/>\n\t<meta property=\"og:image:type\" content=\"image\/jpeg\" \/>\n<meta name=\"twitter:card\" content=\"summary_large_image\" \/>\n<meta name=\"twitter:label1\" content=\"Gesch\u00e4tzte Lesezeit\" \/>\n\t<meta name=\"twitter:data1\" content=\"2\u00a0Minuten\" \/>\n<script type=\"application\/ld+json\" class=\"yoast-schema-graph\">{\"@context\":\"https:\/\/schema.org\",\"@graph\":[{\"@type\":\"WebPage\",\"@id\":\"https:\/\/maxani.nl\/product\/maxani-regular-mousse\/\",\"url\":\"https:\/\/maxani.nl\/product\/maxani-regular-mousse\/\",\"name\":\"Maxani Regular Mousse - Maxani Animal Healthcare BV\",\"isPartOf\":{\"@id\":\"https:\/\/maxani.nl\/#website\"},\"primaryImageOfPage\":{\"@id\":\"https:\/\/maxani.nl\/product\/maxani-regular-mousse\/#primaryimage\"},\"image\":{\"@id\":\"https:\/\/maxani.nl\/product\/maxani-regular-mousse\/#primaryimage\"},\"thumbnailUrl\":\"https:\/\/maxani.nl\/wp-content\/uploads\/2023\/01\/Maxani-Regular-mousse-150ml.jpg\",\"datePublished\":\"2022-02-23T19:29:42+00:00\",\"dateModified\":\"2026-01-05T08:36:02+00:00\",\"breadcrumb\":{\"@id\":\"https:\/\/maxani.nl\/product\/maxani-regular-mousse\/#breadcrumb\"},\"inLanguage\":\"de\",\"potentialAction\":[{\"@type\":\"ReadAction\",\"target\":[\"https:\/\/maxani.nl\/product\/maxani-regular-mousse\/\"]}]},{\"@type\":\"ImageObject\",\"inLanguage\":\"de\",\"@id\":\"https:\/\/maxani.nl\/product\/maxani-regular-mousse\/#primaryimage\",\"url\":\"https:\/\/maxani.nl\/wp-content\/uploads\/2023\/01\/Maxani-Regular-mousse-150ml.jpg\",\"contentUrl\":\"https:\/\/maxani.nl\/wp-content\/uploads\/2023\/01\/Maxani-Regular-mousse-150ml.jpg\",\"width\":1080,\"height\":1080},{\"@type\":\"BreadcrumbList\",\"@id\":\"https:\/\/maxani.nl\/product\/maxani-regular-mousse\/#breadcrumb\",\"itemListElement\":[{\"@type\":\"ListItem\",\"position\":1,\"name\":\"Home\",\"item\":\"https:\/\/maxani.nl\/\"},{\"@type\":\"ListItem\",\"position\":2,\"name\":\"Webshop\",\"item\":\"https:\/\/maxani.nl\/webshop\/\"},{\"@type\":\"ListItem\",\"position\":3,\"name\":\"Maxani Regular Mousse\"}]},{\"@type\":\"WebSite\",\"@id\":\"https:\/\/maxani.nl\/#website\",\"url\":\"https:\/\/maxani.nl\/\",\"name\":\"Maxani Animal Healthcare BV\",\"description\":\"Uw partner in veterinaire dermatologie\",\"potentialAction\":[{\"@type\":\"SearchAction\",\"target\":{\"@type\":\"EntryPoint\",\"urlTemplate\":\"https:\/\/maxani.nl\/?s={search_term_string}\"},\"query-input\":{\"@type\":\"PropertyValueSpecification\",\"valueRequired\":true,\"valueName\":\"search_term_string\"}}],\"inLanguage\":\"de\"}]}<\/script>\n<!-- \/ Yoast SEO plugin. -->","yoast_head_json":{"title":"Maxani Regular Mousse - Maxani Animal Healthcare BV","robots":{"index":"index","follow":"follow","max-snippet":"max-snippet:-1","max-image-preview":"max-image-preview:large","max-video-preview":"max-video-preview:-1"},"canonical":"https:\/\/maxani.nl\/de\/produkt\/maxani-regular-mousse\/","og_locale":"de_DE","og_type":"article","og_title":"Maxani Regular Mousse - Maxani Animal Healthcare BV","og_description":"Reinigt effectief de vieze en stinkende vacht zonder water. Door de toevoeging van \u00a0Sinodor\u00ae worden vieze geuren niet gemaskeerd, maar grondig verwijderd. Door de uitgekiende samenstelling van hyaluronzuur, ceramiden, ureum, panthenol en kamille wordt de huid tot diep in de huidbarriere gevoed en verzorgt.","og_url":"https:\/\/maxani.nl\/de\/produkt\/maxani-regular-mousse\/","og_site_name":"Maxani Animal Healthcare BV","article_modified_time":"2026-01-05T08:36:02+00:00","og_image":[{"width":1080,"height":1080,"url":"https:\/\/maxani.nl\/wp-content\/uploads\/2023\/01\/Maxani-Regular-mousse-150ml.jpg","type":"image\/jpeg"}],"twitter_card":"summary_large_image","twitter_misc":{"Gesch\u00e4tzte Lesezeit":"2\u00a0Minuten"},"schema":{"@context":"https:\/\/schema.org","@graph":[{"@type":"WebPage","@id":"https:\/\/maxani.nl\/product\/maxani-regular-mousse\/","url":"https:\/\/maxani.nl\/product\/maxani-regular-mousse\/","name":"Maxani Regular Mousse - Maxani Animal Healthcare BV","isPartOf":{"@id":"https:\/\/maxani.nl\/#website"},"primaryImageOfPage":{"@id":"https:\/\/maxani.nl\/product\/maxani-regular-mousse\/#primaryimage"},"image":{"@id":"https:\/\/maxani.nl\/product\/maxani-regular-mousse\/#primaryimage"},"thumbnailUrl":"https:\/\/maxani.nl\/wp-content\/uploads\/2023\/01\/Maxani-Regular-mousse-150ml.jpg","datePublished":"2022-02-23T19:29:42+00:00","dateModified":"2026-01-05T08:36:02+00:00","breadcrumb":{"@id":"https:\/\/maxani.nl\/product\/maxani-regular-mousse\/#breadcrumb"},"inLanguage":"de","potentialAction":[{"@type":"ReadAction","target":["https:\/\/maxani.nl\/product\/maxani-regular-mousse\/"]}]},{"@type":"ImageObject","inLanguage":"de","@id":"https:\/\/maxani.nl\/product\/maxani-regular-mousse\/#primaryimage","url":"https:\/\/maxani.nl\/wp-content\/uploads\/2023\/01\/Maxani-Regular-mousse-150ml.jpg","contentUrl":"https:\/\/maxani.nl\/wp-content\/uploads\/2023\/01\/Maxani-Regular-mousse-150ml.jpg","width":1080,"height":1080},{"@type":"BreadcrumbList","@id":"https:\/\/maxani.nl\/product\/maxani-regular-mousse\/#breadcrumb","itemListElement":[{"@type":"ListItem","position":1,"name":"Home","item":"https:\/\/maxani.nl\/"},{"@type":"ListItem","position":2,"name":"Webshop","item":"https:\/\/maxani.nl\/webshop\/"},{"@type":"ListItem","position":3,"name":"Maxani Regular Mousse"}]},{"@type":"WebSite","@id":"https:\/\/maxani.nl\/#website","url":"https:\/\/maxani.nl\/","name":"Maxani Animal Healthcare BV","description":"Ihr Partner in der Veterin\u00e4rdermatologie","potentialAction":[{"@type":"SearchAction","target":{"@type":"EntryPoint","urlTemplate":"https:\/\/maxani.nl\/?s={search_term_string}"},"query-input":{"@type":"PropertyValueSpecification","valueRequired":true,"valueName":"search_term_string"}}],"inLanguage":"de"}]}},"jetpack_sharing_enabled":true,"_links":{"self":[{"href":"https:\/\/maxani.nl\/de\/wp-json\/wp\/v2\/product\/9843","targetHints":{"allow":["GET"]}}],"collection":[{"href":"https:\/\/maxani.nl\/de\/wp-json\/wp\/v2\/product"}],"about":[{"href":"https:\/\/maxani.nl\/de\/wp-json\/wp\/v2\/types\/product"}],"wp:featuredmedia":[{"embeddable":true,"href":"https:\/\/maxani.nl\/de\/wp-json\/wp\/v2\/media\/11950"}],"wp:attachment":[{"href":"https:\/\/maxani.nl\/de\/wp-json\/wp\/v2\/media?parent=9843"}],"wp:term":[{"taxonomy":"product_brand","embeddable":true,"href":"https:\/\/maxani.nl\/de\/wp-json\/wp\/v2\/product_brand?post=9843"},{"taxonomy":"product_cat","embeddable":true,"href":"https:\/\/maxani.nl\/de\/wp-json\/wp\/v2\/product_cat?post=9843"},{"taxonomy":"product_tag","embeddable":true,"href":"https:\/\/maxani.nl\/de\/wp-json\/wp\/v2\/product_tag?post=9843"}],"curies":[{"name":"wp","href":"https:\/\/api.w.org\/{rel}","templated":true}]}}