{"id":9195,"date":"2021-11-28T00:23:04","date_gmt":"2021-11-28T00:23:04","guid":{"rendered":"https:\/\/maxani.nl\/?post_type=product&#038;p=9195"},"modified":"2026-01-05T08:21:47","modified_gmt":"2026-01-05T08:21:47","slug":"maxani-pyomax-brush","status":"publish","type":"product","link":"https:\/\/maxani.nl\/de\/produkt\/maxani-pyomax-brush\/","title":{"rendered":"PyoMax-B\u00fcrste"},"content":{"rendered":"<h2>PYOMAX-B\u00dcRSTE<\/h2>\n<p>Reinigt N\u00e4gel, Nagelhaut und Haut zwischen den Zehen oder in den Hautfalten von Bakterien und Malassezia. Hilft bei der Wiederherstellung einer ausgewogenen Hautflora.<\/p>\n<p>Zur Anwendung bei schwer erreichbarer, empfindlicher, roter\/brauner, stinkender und\/oder fettiger Haut.<\/p>\n<p>Die PyoMax-Linie wurde speziell entwickelt, um die Haut wirksam zu reinigen und ihre Wiederherstellung einer ausgewogenen Hautflora zu unterst\u00fctzen, ohne die Haut weiter auszutrocknen. Vor allem bei Hunden sind Sekund\u00e4rinfektionen, verursacht durch <em>Staphylococcus pseudintermedius <\/em>und <em>Malassezi<\/em>ein h\u00e4ufiges Problem in der Praxis.<\/p>\n<p><strong>Verwenden Sie<\/strong><\/p>\n<p>F\u00fcr optimale Ergebnisse wird empfohlen, Pyo Brush PyoMax einmal morgens und einmal abends aufzutragen.<\/p>\n<p>Tragen Sie eine kleine Menge des Produkts auf die betroffene Haut auf und massieren Sie es sanft ein.<\/p>\n<p>Konzentrieren Sie sich besonders auf die Bereiche mit N\u00e4geln, Nagelhaut und zwischen den Zehen.<\/p>\n<p>Lassen Sie das Produkt einziehen und sp\u00fclen Sie es nicht ab.<\/p>\n<p>Die derzeitigen Therapien konzentrieren sich in der Regel auf das Waschen mit einem Shampoo. Produkte zur lokalen Behandlung werden zunehmend auch als Erg\u00e4nzung oder Alternative zum Waschen verwendet. Die PyoMax-Linie umfasst daher sowohl ein Hautshampoo als auch einen Schaum und ein Hautspray. Wir haben auch ein einzigartiges Produkt entwickelt, die PyoMax-B\u00fcrste, die sehr einfach f\u00fcr die schwer zug\u00e4nglichen (kleinen) Bereiche, wie z. B. unter der Nagelhaut, verwendet werden kann.<\/p>\n<span class=\"wppb-content-restriction-message\"><p data-opacity=\"0.5\">F\u00fcr weitere Informationen m\u00fcssen Sie eingeloggt sein<\/p>\n<\/span>","protected":false},"excerpt":{"rendered":"<p>Reinigt N\u00e4gel, Nagelhaut und Haut zwischen den Zehen oder in den Hautfalten von Bakterien und Malassezia. Hilft bei der Wiederherstellung einer ausgewogenen Hautflora.<\/p>\n<span class=\"wppb-shortcode-restriction-message\"> <\/span>","protected":false},"featured_media":11935,"template":"","meta":[],"product_brand":[],"product_cat":[15,29,36],"product_tag":[207,208,205,200,209,150],"class_list":{"0":"post-9195","1":"product","2":"type-product","3":"status-publish","4":"has-post-thumbnail","6":"product_cat-alle-producten","7":"product_cat-maxani","8":"product_cat-pyodermie","9":"product_tag-207","10":"product_tag-brush","11":"product_tag-infectie","12":"product_tag-malassezia","13":"product_tag-nagelriem","14":"product_tag-pyodermie","16":"first","17":"instock","18":"taxable","19":"shipping-taxable","20":"product-type-simple"},"yoast_head":"<!-- This site is optimized with the Yoast SEO plugin v27.1.1 - https:\/\/yoast.com\/product\/yoast-seo-wordpress\/ -->\n<title>PyoMax brush - Maxani Animal Healthcare BV<\/title>\n<meta name=\"robots\" content=\"index, follow, max-snippet:-1, max-image-preview:large, max-video-preview:-1\" \/>\n<link rel=\"canonical\" href=\"https:\/\/maxani.nl\/de\/produkt\/maxani-pyomax-brush\/\" \/>\n<meta property=\"og:locale\" content=\"de_DE\" \/>\n<meta property=\"og:type\" content=\"article\" \/>\n<meta property=\"og:title\" content=\"PyoMax brush - Maxani Animal Healthcare BV\" \/>\n<meta property=\"og:description\" content=\"Zuivert de nagels, nagelriemen en huid tussen de teentjes of in de huidplooien van bacteri\u00ebn en Malassezia. Draagt bij aan het herstel naar een evenwichtige huidflora.\" \/>\n<meta property=\"og:url\" content=\"https:\/\/maxani.nl\/de\/produkt\/maxani-pyomax-brush\/\" \/>\n<meta property=\"og:site_name\" content=\"Maxani Animal Healthcare BV\" \/>\n<meta property=\"article:modified_time\" content=\"2026-01-05T08:21:47+00:00\" \/>\n<meta property=\"og:image\" content=\"https:\/\/maxani.nl\/wp-content\/uploads\/2023\/01\/Maxani-Pyomax-brush-12ml.jpg\" \/>\n\t<meta property=\"og:image:width\" content=\"1080\" \/>\n\t<meta property=\"og:image:height\" content=\"1080\" \/>\n\t<meta property=\"og:image:type\" content=\"image\/jpeg\" \/>\n<meta name=\"twitter:card\" content=\"summary_large_image\" \/>\n<meta name=\"twitter:label1\" content=\"Gesch\u00e4tzte Lesezeit\" \/>\n\t<meta name=\"twitter:data1\" content=\"3\u00a0Minuten\" \/>\n<script type=\"application\/ld+json\" class=\"yoast-schema-graph\">{\"@context\":\"https:\/\/schema.org\",\"@graph\":[{\"@type\":\"WebPage\",\"@id\":\"https:\/\/maxani.nl\/product\/maxani-pyomax-brush\/\",\"url\":\"https:\/\/maxani.nl\/product\/maxani-pyomax-brush\/\",\"name\":\"PyoMax brush - Maxani Animal Healthcare BV\",\"isPartOf\":{\"@id\":\"https:\/\/maxani.nl\/#website\"},\"primaryImageOfPage\":{\"@id\":\"https:\/\/maxani.nl\/product\/maxani-pyomax-brush\/#primaryimage\"},\"image\":{\"@id\":\"https:\/\/maxani.nl\/product\/maxani-pyomax-brush\/#primaryimage\"},\"thumbnailUrl\":\"https:\/\/maxani.nl\/wp-content\/uploads\/2023\/01\/Maxani-Pyomax-brush-12ml.jpg\",\"datePublished\":\"2021-11-28T00:23:04+00:00\",\"dateModified\":\"2026-01-05T08:21:47+00:00\",\"breadcrumb\":{\"@id\":\"https:\/\/maxani.nl\/product\/maxani-pyomax-brush\/#breadcrumb\"},\"inLanguage\":\"de\",\"potentialAction\":[{\"@type\":\"ReadAction\",\"target\":[\"https:\/\/maxani.nl\/product\/maxani-pyomax-brush\/\"]}]},{\"@type\":\"ImageObject\",\"inLanguage\":\"de\",\"@id\":\"https:\/\/maxani.nl\/product\/maxani-pyomax-brush\/#primaryimage\",\"url\":\"https:\/\/maxani.nl\/wp-content\/uploads\/2023\/01\/Maxani-Pyomax-brush-12ml.jpg\",\"contentUrl\":\"https:\/\/maxani.nl\/wp-content\/uploads\/2023\/01\/Maxani-Pyomax-brush-12ml.jpg\",\"width\":1080,\"height\":1080},{\"@type\":\"BreadcrumbList\",\"@id\":\"https:\/\/maxani.nl\/product\/maxani-pyomax-brush\/#breadcrumb\",\"itemListElement\":[{\"@type\":\"ListItem\",\"position\":1,\"name\":\"Home\",\"item\":\"https:\/\/maxani.nl\/\"},{\"@type\":\"ListItem\",\"position\":2,\"name\":\"Webshop\",\"item\":\"https:\/\/maxani.nl\/webshop\/\"},{\"@type\":\"ListItem\",\"position\":3,\"name\":\"PyoMax brush\"}]},{\"@type\":\"WebSite\",\"@id\":\"https:\/\/maxani.nl\/#website\",\"url\":\"https:\/\/maxani.nl\/\",\"name\":\"Maxani Animal Healthcare BV\",\"description\":\"Uw partner in veterinaire dermatologie\",\"potentialAction\":[{\"@type\":\"SearchAction\",\"target\":{\"@type\":\"EntryPoint\",\"urlTemplate\":\"https:\/\/maxani.nl\/?s={search_term_string}\"},\"query-input\":{\"@type\":\"PropertyValueSpecification\",\"valueRequired\":true,\"valueName\":\"search_term_string\"}}],\"inLanguage\":\"de\"}]}<\/script>\n<!-- \/ Yoast SEO plugin. -->","yoast_head_json":{"title":"PyoMax brush - Maxani Animal Healthcare BV","robots":{"index":"index","follow":"follow","max-snippet":"max-snippet:-1","max-image-preview":"max-image-preview:large","max-video-preview":"max-video-preview:-1"},"canonical":"https:\/\/maxani.nl\/de\/produkt\/maxani-pyomax-brush\/","og_locale":"de_DE","og_type":"article","og_title":"PyoMax brush - Maxani Animal Healthcare BV","og_description":"Zuivert de nagels, nagelriemen en huid tussen de teentjes of in de huidplooien van bacteri\u00ebn en Malassezia. Draagt bij aan het herstel naar een evenwichtige huidflora.","og_url":"https:\/\/maxani.nl\/de\/produkt\/maxani-pyomax-brush\/","og_site_name":"Maxani Animal Healthcare BV","article_modified_time":"2026-01-05T08:21:47+00:00","og_image":[{"width":1080,"height":1080,"url":"https:\/\/maxani.nl\/wp-content\/uploads\/2023\/01\/Maxani-Pyomax-brush-12ml.jpg","type":"image\/jpeg"}],"twitter_card":"summary_large_image","twitter_misc":{"Gesch\u00e4tzte Lesezeit":"3\u00a0Minuten"},"schema":{"@context":"https:\/\/schema.org","@graph":[{"@type":"WebPage","@id":"https:\/\/maxani.nl\/product\/maxani-pyomax-brush\/","url":"https:\/\/maxani.nl\/product\/maxani-pyomax-brush\/","name":"PyoMax brush - Maxani Animal Healthcare BV","isPartOf":{"@id":"https:\/\/maxani.nl\/#website"},"primaryImageOfPage":{"@id":"https:\/\/maxani.nl\/product\/maxani-pyomax-brush\/#primaryimage"},"image":{"@id":"https:\/\/maxani.nl\/product\/maxani-pyomax-brush\/#primaryimage"},"thumbnailUrl":"https:\/\/maxani.nl\/wp-content\/uploads\/2023\/01\/Maxani-Pyomax-brush-12ml.jpg","datePublished":"2021-11-28T00:23:04+00:00","dateModified":"2026-01-05T08:21:47+00:00","breadcrumb":{"@id":"https:\/\/maxani.nl\/product\/maxani-pyomax-brush\/#breadcrumb"},"inLanguage":"de","potentialAction":[{"@type":"ReadAction","target":["https:\/\/maxani.nl\/product\/maxani-pyomax-brush\/"]}]},{"@type":"ImageObject","inLanguage":"de","@id":"https:\/\/maxani.nl\/product\/maxani-pyomax-brush\/#primaryimage","url":"https:\/\/maxani.nl\/wp-content\/uploads\/2023\/01\/Maxani-Pyomax-brush-12ml.jpg","contentUrl":"https:\/\/maxani.nl\/wp-content\/uploads\/2023\/01\/Maxani-Pyomax-brush-12ml.jpg","width":1080,"height":1080},{"@type":"BreadcrumbList","@id":"https:\/\/maxani.nl\/product\/maxani-pyomax-brush\/#breadcrumb","itemListElement":[{"@type":"ListItem","position":1,"name":"Home","item":"https:\/\/maxani.nl\/"},{"@type":"ListItem","position":2,"name":"Webshop","item":"https:\/\/maxani.nl\/webshop\/"},{"@type":"ListItem","position":3,"name":"PyoMax brush"}]},{"@type":"WebSite","@id":"https:\/\/maxani.nl\/#website","url":"https:\/\/maxani.nl\/","name":"Maxani Animal Healthcare BV","description":"Ihr Partner in der Veterin\u00e4rdermatologie","potentialAction":[{"@type":"SearchAction","target":{"@type":"EntryPoint","urlTemplate":"https:\/\/maxani.nl\/?s={search_term_string}"},"query-input":{"@type":"PropertyValueSpecification","valueRequired":true,"valueName":"search_term_string"}}],"inLanguage":"de"}]}},"jetpack_sharing_enabled":true,"_links":{"self":[{"href":"https:\/\/maxani.nl\/de\/wp-json\/wp\/v2\/product\/9195","targetHints":{"allow":["GET"]}}],"collection":[{"href":"https:\/\/maxani.nl\/de\/wp-json\/wp\/v2\/product"}],"about":[{"href":"https:\/\/maxani.nl\/de\/wp-json\/wp\/v2\/types\/product"}],"wp:featuredmedia":[{"embeddable":true,"href":"https:\/\/maxani.nl\/de\/wp-json\/wp\/v2\/media\/11935"}],"wp:attachment":[{"href":"https:\/\/maxani.nl\/de\/wp-json\/wp\/v2\/media?parent=9195"}],"wp:term":[{"taxonomy":"product_brand","embeddable":true,"href":"https:\/\/maxani.nl\/de\/wp-json\/wp\/v2\/product_brand?post=9195"},{"taxonomy":"product_cat","embeddable":true,"href":"https:\/\/maxani.nl\/de\/wp-json\/wp\/v2\/product_cat?post=9195"},{"taxonomy":"product_tag","embeddable":true,"href":"https:\/\/maxani.nl\/de\/wp-json\/wp\/v2\/product_tag?post=9195"}],"curies":[{"name":"wp","href":"https:\/\/api.w.org\/{rel}","templated":true}]}}