{"id":9187,"date":"2021-11-28T00:17:13","date_gmt":"2021-11-28T00:17:13","guid":{"rendered":"https:\/\/maxani.nl\/?post_type=product&#038;p=9187"},"modified":"2026-01-05T08:52:20","modified_gmt":"2026-01-05T08:52:20","slug":"maxani-eye-skin-cream","status":"publish","type":"product","link":"https:\/\/maxani.nl\/de\/produkt\/maxani-eye-skin-cream\/","title":{"rendered":"Maxani Eye Hautcreme"},"content":{"rendered":"<p>Die Creme legt einen nat\u00fcrlichen Schutzfilm \u00fcber die ger\u00f6tete und gereizte Haut der Augenpartie und sch\u00fctzt die Haut vor Irritationen durch \u00fcbersch\u00fcssige Tr\u00e4nenfl\u00fcssigkeit, Schleim und R\u00fcckst\u00e4nde von Augenmedikamenten. Die Creme sch\u00fctzt, n\u00e4hrt, befeuchtet und pflegt die Haut intensiv durch die kraftvolle Kombination von drei besonders beruhigenden Substanzen. Helanthus Annuus Samen\u00f6l enth\u00e4lt pflanzliche Sterole und Sqyalene und hilft, die Barrierefunktionen der Haut zu verbessern. Hamamelis beruhigt und hilft, Entz\u00fcndungen zu lindern. Allantoin ist ein gutes Peeling, das die Haut beruhigt und die nat\u00fcrliche Regenerationsf\u00e4higkeit der Haut unterst\u00fctzt. Dar\u00fcber hinaus ist die Creme reichhaltig mit Weichmachern und starken Feuchtigkeitsspendern wie Honig, Sheabutter, Panthenol, Vitamin E und Jojoba\u00f6l gef\u00fcllt. Sollte die Creme versehentlich in das Auge gelangen, reizt sie nicht. Die Creme enth\u00e4lt keine reizenden Konservierungsmittel, keinen Alkohol und keine Duftstoffe.<\/p>\n<p><strong>Verwenden Sie<br \/>\n<\/strong>Reinigen Sie die gereizte Haut gr\u00fcndlich und tupfen Sie sie trocken. Tragen Sie die Creme 2-3 Mal t\u00e4glich auf die gereizte Haut auf. Im Falle eines Kontakts mit den Augen verursacht die Creme keine Reizung.<\/p>\n<span class=\"wppb-content-restriction-message\"><p data-opacity=\"0.5\">F\u00fcr weitere Informationen m\u00fcssen Sie eingeloggt sein<\/p>\n<\/span>","protected":false},"excerpt":{"rendered":"<p>Die Creme legt einen nat\u00fcrlichen Schutzfilm \u00fcber die ger\u00f6tete und gereizte Haut der Augenpartie und sch\u00fctzt die Haut vor Irritationen durch \u00fcbersch\u00fcssige Tr\u00e4nenfl\u00fcssigkeit, Schleim und R\u00fcckst\u00e4nde von Augenmedikamenten. Die Creme sch\u00fctzt, n\u00e4hrt, befeuchtet und pflegt die Haut intensiv dank der leistungsstarken Kombination von drei besonders beruhigenden Substanzen.<\/p>\n<p>Helanthus Annuus Samen\u00f6l enth\u00e4lt pflanzliche Sterole und Sqyalene und tr\u00e4gt zur Verbesserung der Barrierefunktionen der Haut bei. Hamamelis beruhigt die Haut und hilft, Entz\u00fcndungen zu lindern. Allantoin ist ein gutes Peeling, das die Haut beruhigt und die nat\u00fcrliche Regenerationsf\u00e4higkeit der Haut unterst\u00fctzt. Die Creme ist au\u00dferdem reichhaltig mit Weichmachern und starken Feuchtigkeitsspendern wie Honig, Sheabutter, Panthenol, Vitamin E und Jojoba\u00f6l gef\u00fcllt.<\/p>\n<p>Sollte die Creme versehentlich in die Augen gelangen, reizt sie diese nicht. Die Creme enth\u00e4lt keine reizenden Konservierungsmittel, Alkohol oder Duftstoffe.<\/p>\n<span class=\"wppb-shortcode-restriction-message\"> <\/span>","protected":false},"featured_media":11894,"template":"","meta":[],"product_brand":[],"product_cat":[15,29,63],"product_tag":[210,213,212,211,214],"class_list":{"0":"post-9187","1":"product","2":"type-product","3":"status-publish","4":"has-post-thumbnail","6":"product_cat-alle-producten","7":"product_cat-maxani","8":"product_cat-oog","9":"product_tag-210","10":"product_tag-bescherming","11":"product_tag-eye-skin","12":"product_tag-ogen","13":"product_tag-urinebrand","15":"first","16":"instock","17":"taxable","18":"shipping-taxable","19":"product-type-simple"},"yoast_head":"<!-- This site is optimized with the Yoast SEO plugin v27.1.1 - https:\/\/yoast.com\/product\/yoast-seo-wordpress\/ -->\n<title>Maxani Eye skin cream - Maxani Animal Healthcare BV<\/title>\n<meta name=\"robots\" content=\"index, follow, max-snippet:-1, max-image-preview:large, max-video-preview:-1\" \/>\n<link rel=\"canonical\" href=\"https:\/\/maxani.nl\/de\/produkt\/maxani-eye-skin-cream\/\" \/>\n<meta property=\"og:locale\" content=\"de_DE\" \/>\n<meta property=\"og:type\" content=\"article\" \/>\n<meta property=\"og:title\" content=\"Maxani Eye skin cream - Maxani Animal Healthcare BV\" \/>\n<meta property=\"og:description\" content=\"De cr\u00e8me legt een natuurlijke, beschermende laag over de rode en ge\u00efrriteerde huid rondom de ogen en beschermt de huid tegen irritatie van overtollig traanvocht, slijm en restanten van oogmedicatie. De cr\u00e8me beschermt, voedt, hydrateert en verzorgt de huid intensief door de krachtige combinatie van drie bijzonder kalmerende stoffen.  Helanthus Annuus seed oil bevat plantensterolen en sqyaleen en helpt de huidbarri\u00e8refuncties van de huid te verbeteren. Hamamelis verzacht en helpt ontsteking te verlichten. Allanto\u00efne is een goede exfoliant, die de huid verzacht en het natuurlijk herstellend vermogen van de huid ondersteunt. Daarnaast is de cr\u00e8me rijk gevuld met verzachtende en sterk hydraterende stoffen als honing, shea butter, panthenol, vitamine E en jojoba olie.  Mocht de cr\u00e8me per ongeluk in het oog komen irriteert deze niet. De cr\u00e8me bevat geen irriterende conservering, alcohol en geurstoffen.\" \/>\n<meta property=\"og:url\" content=\"https:\/\/maxani.nl\/de\/produkt\/maxani-eye-skin-cream\/\" \/>\n<meta property=\"og:site_name\" content=\"Maxani Animal Healthcare BV\" \/>\n<meta property=\"article:modified_time\" content=\"2026-01-05T08:52:20+00:00\" \/>\n<meta property=\"og:image\" content=\"https:\/\/maxani.nl\/wp-content\/uploads\/2023\/01\/Maxani-Eye-Skin-Cream-15ml.jpg\" \/>\n\t<meta property=\"og:image:width\" content=\"1080\" \/>\n\t<meta property=\"og:image:height\" content=\"1080\" \/>\n\t<meta property=\"og:image:type\" content=\"image\/jpeg\" \/>\n<meta name=\"twitter:card\" content=\"summary_large_image\" \/>\n<meta name=\"twitter:label1\" content=\"Gesch\u00e4tzte Lesezeit\" \/>\n\t<meta name=\"twitter:data1\" content=\"3\u00a0Minuten\" \/>\n<script type=\"application\/ld+json\" class=\"yoast-schema-graph\">{\"@context\":\"https:\/\/schema.org\",\"@graph\":[{\"@type\":\"WebPage\",\"@id\":\"https:\/\/maxani.nl\/product\/maxani-eye-skin-cream\/\",\"url\":\"https:\/\/maxani.nl\/product\/maxani-eye-skin-cream\/\",\"name\":\"Maxani Eye skin cream - Maxani Animal Healthcare BV\",\"isPartOf\":{\"@id\":\"https:\/\/maxani.nl\/#website\"},\"primaryImageOfPage\":{\"@id\":\"https:\/\/maxani.nl\/product\/maxani-eye-skin-cream\/#primaryimage\"},\"image\":{\"@id\":\"https:\/\/maxani.nl\/product\/maxani-eye-skin-cream\/#primaryimage\"},\"thumbnailUrl\":\"https:\/\/maxani.nl\/wp-content\/uploads\/2023\/01\/Maxani-Eye-Skin-Cream-15ml.jpg\",\"datePublished\":\"2021-11-28T00:17:13+00:00\",\"dateModified\":\"2026-01-05T08:52:20+00:00\",\"breadcrumb\":{\"@id\":\"https:\/\/maxani.nl\/product\/maxani-eye-skin-cream\/#breadcrumb\"},\"inLanguage\":\"de\",\"potentialAction\":[{\"@type\":\"ReadAction\",\"target\":[\"https:\/\/maxani.nl\/product\/maxani-eye-skin-cream\/\"]}]},{\"@type\":\"ImageObject\",\"inLanguage\":\"de\",\"@id\":\"https:\/\/maxani.nl\/product\/maxani-eye-skin-cream\/#primaryimage\",\"url\":\"https:\/\/maxani.nl\/wp-content\/uploads\/2023\/01\/Maxani-Eye-Skin-Cream-15ml.jpg\",\"contentUrl\":\"https:\/\/maxani.nl\/wp-content\/uploads\/2023\/01\/Maxani-Eye-Skin-Cream-15ml.jpg\",\"width\":1080,\"height\":1080},{\"@type\":\"BreadcrumbList\",\"@id\":\"https:\/\/maxani.nl\/product\/maxani-eye-skin-cream\/#breadcrumb\",\"itemListElement\":[{\"@type\":\"ListItem\",\"position\":1,\"name\":\"Home\",\"item\":\"https:\/\/maxani.nl\/\"},{\"@type\":\"ListItem\",\"position\":2,\"name\":\"Webshop\",\"item\":\"https:\/\/maxani.nl\/webshop\/\"},{\"@type\":\"ListItem\",\"position\":3,\"name\":\"Maxani Eye skin cream\"}]},{\"@type\":\"WebSite\",\"@id\":\"https:\/\/maxani.nl\/#website\",\"url\":\"https:\/\/maxani.nl\/\",\"name\":\"Maxani Animal Healthcare BV\",\"description\":\"Uw partner in veterinaire dermatologie\",\"potentialAction\":[{\"@type\":\"SearchAction\",\"target\":{\"@type\":\"EntryPoint\",\"urlTemplate\":\"https:\/\/maxani.nl\/?s={search_term_string}\"},\"query-input\":{\"@type\":\"PropertyValueSpecification\",\"valueRequired\":true,\"valueName\":\"search_term_string\"}}],\"inLanguage\":\"de\"}]}<\/script>\n<!-- \/ Yoast SEO plugin. -->","yoast_head_json":{"title":"Maxani Eye skin cream - Maxani Animal Healthcare BV","robots":{"index":"index","follow":"follow","max-snippet":"max-snippet:-1","max-image-preview":"max-image-preview:large","max-video-preview":"max-video-preview:-1"},"canonical":"https:\/\/maxani.nl\/de\/produkt\/maxani-eye-skin-cream\/","og_locale":"de_DE","og_type":"article","og_title":"Maxani Eye skin cream - Maxani Animal Healthcare BV","og_description":"De cr\u00e8me legt een natuurlijke, beschermende laag over de rode en ge\u00efrriteerde huid rondom de ogen en beschermt de huid tegen irritatie van overtollig traanvocht, slijm en restanten van oogmedicatie. De cr\u00e8me beschermt, voedt, hydrateert en verzorgt de huid intensief door de krachtige combinatie van drie bijzonder kalmerende stoffen.  Helanthus Annuus seed oil bevat plantensterolen en sqyaleen en helpt de huidbarri\u00e8refuncties van de huid te verbeteren. Hamamelis verzacht en helpt ontsteking te verlichten. Allanto\u00efne is een goede exfoliant, die de huid verzacht en het natuurlijk herstellend vermogen van de huid ondersteunt. Daarnaast is de cr\u00e8me rijk gevuld met verzachtende en sterk hydraterende stoffen als honing, shea butter, panthenol, vitamine E en jojoba olie.  Mocht de cr\u00e8me per ongeluk in het oog komen irriteert deze niet. De cr\u00e8me bevat geen irriterende conservering, alcohol en geurstoffen.","og_url":"https:\/\/maxani.nl\/de\/produkt\/maxani-eye-skin-cream\/","og_site_name":"Maxani Animal Healthcare BV","article_modified_time":"2026-01-05T08:52:20+00:00","og_image":[{"width":1080,"height":1080,"url":"https:\/\/maxani.nl\/wp-content\/uploads\/2023\/01\/Maxani-Eye-Skin-Cream-15ml.jpg","type":"image\/jpeg"}],"twitter_card":"summary_large_image","twitter_misc":{"Gesch\u00e4tzte Lesezeit":"3\u00a0Minuten"},"schema":{"@context":"https:\/\/schema.org","@graph":[{"@type":"WebPage","@id":"https:\/\/maxani.nl\/product\/maxani-eye-skin-cream\/","url":"https:\/\/maxani.nl\/product\/maxani-eye-skin-cream\/","name":"Maxani Eye skin cream - Maxani Animal Healthcare BV","isPartOf":{"@id":"https:\/\/maxani.nl\/#website"},"primaryImageOfPage":{"@id":"https:\/\/maxani.nl\/product\/maxani-eye-skin-cream\/#primaryimage"},"image":{"@id":"https:\/\/maxani.nl\/product\/maxani-eye-skin-cream\/#primaryimage"},"thumbnailUrl":"https:\/\/maxani.nl\/wp-content\/uploads\/2023\/01\/Maxani-Eye-Skin-Cream-15ml.jpg","datePublished":"2021-11-28T00:17:13+00:00","dateModified":"2026-01-05T08:52:20+00:00","breadcrumb":{"@id":"https:\/\/maxani.nl\/product\/maxani-eye-skin-cream\/#breadcrumb"},"inLanguage":"de","potentialAction":[{"@type":"ReadAction","target":["https:\/\/maxani.nl\/product\/maxani-eye-skin-cream\/"]}]},{"@type":"ImageObject","inLanguage":"de","@id":"https:\/\/maxani.nl\/product\/maxani-eye-skin-cream\/#primaryimage","url":"https:\/\/maxani.nl\/wp-content\/uploads\/2023\/01\/Maxani-Eye-Skin-Cream-15ml.jpg","contentUrl":"https:\/\/maxani.nl\/wp-content\/uploads\/2023\/01\/Maxani-Eye-Skin-Cream-15ml.jpg","width":1080,"height":1080},{"@type":"BreadcrumbList","@id":"https:\/\/maxani.nl\/product\/maxani-eye-skin-cream\/#breadcrumb","itemListElement":[{"@type":"ListItem","position":1,"name":"Home","item":"https:\/\/maxani.nl\/"},{"@type":"ListItem","position":2,"name":"Webshop","item":"https:\/\/maxani.nl\/webshop\/"},{"@type":"ListItem","position":3,"name":"Maxani Eye skin cream"}]},{"@type":"WebSite","@id":"https:\/\/maxani.nl\/#website","url":"https:\/\/maxani.nl\/","name":"Maxani Animal Healthcare BV","description":"Ihr Partner in der Veterin\u00e4rdermatologie","potentialAction":[{"@type":"SearchAction","target":{"@type":"EntryPoint","urlTemplate":"https:\/\/maxani.nl\/?s={search_term_string}"},"query-input":{"@type":"PropertyValueSpecification","valueRequired":true,"valueName":"search_term_string"}}],"inLanguage":"de"}]}},"jetpack_sharing_enabled":true,"_links":{"self":[{"href":"https:\/\/maxani.nl\/de\/wp-json\/wp\/v2\/product\/9187","targetHints":{"allow":["GET"]}}],"collection":[{"href":"https:\/\/maxani.nl\/de\/wp-json\/wp\/v2\/product"}],"about":[{"href":"https:\/\/maxani.nl\/de\/wp-json\/wp\/v2\/types\/product"}],"wp:featuredmedia":[{"embeddable":true,"href":"https:\/\/maxani.nl\/de\/wp-json\/wp\/v2\/media\/11894"}],"wp:attachment":[{"href":"https:\/\/maxani.nl\/de\/wp-json\/wp\/v2\/media?parent=9187"}],"wp:term":[{"taxonomy":"product_brand","embeddable":true,"href":"https:\/\/maxani.nl\/de\/wp-json\/wp\/v2\/product_brand?post=9187"},{"taxonomy":"product_cat","embeddable":true,"href":"https:\/\/maxani.nl\/de\/wp-json\/wp\/v2\/product_cat?post=9187"},{"taxonomy":"product_tag","embeddable":true,"href":"https:\/\/maxani.nl\/de\/wp-json\/wp\/v2\/product_tag?post=9187"}],"curies":[{"name":"wp","href":"https:\/\/api.w.org\/{rel}","templated":true}]}}