{"id":9157,"date":"2021-11-20T14:46:14","date_gmt":"2021-11-20T14:46:14","guid":{"rendered":"https:\/\/maxani.nl\/?post_type=product&#038;p=9157"},"modified":"2026-01-05T08:53:30","modified_gmt":"2026-01-05T08:53:30","slug":"eye-discharge-remover-for-dogs-and-cats","status":"publish","type":"product","link":"https:\/\/maxani.nl\/de\/produkt\/eye-discharge-remover-for-dogs-and-cats\/","title":{"rendered":"Entferner f\u00fcr Augenausfluss"},"content":{"rendered":"<p>Reinigt kraftvoll von Schmutz und Sekreten rund um das Auge. Unterst\u00fctzt die Erholung der ger\u00f6teten und gereizten Haut um das Auge. Regelm\u00e4\u00dfige Anwendung reduziert die Verf\u00e4rbung der Haare um die Augen.<\/p>\n<p><strong>Verwenden Sie<\/strong><\/p>\n<p>Verwenden Sie den Entferner je nach Verschmutzungsgrad der Augenpartie 1-3 Mal t\u00e4glich. Befeuchten Sie ein Wattepad mit dem Entferner und tupfen Sie damit vorsichtig den Schmutz um das Auge herum weg. Wenn Fl\u00fcssigkeit in das Auge gelangt, ist das nicht weiter schlimm. Verwenden Sie f\u00fcr jede Stelle ein neues Wattepad. Die Haut muss nicht abgesp\u00fclt werden, sondern kann nach der Reinigung bei Bedarf mit einem neuen Wattepad trocken getupft werden.<\/p>\n<span class=\"wppb-content-restriction-message\"><p data-opacity=\"0.5\">F\u00fcr weitere Informationen m\u00fcssen Sie eingeloggt sein<\/p>\n<\/span>","protected":false},"excerpt":{"rendered":"<p>Reinigt kraftvoll von Schmutz und Sekreten rund um das Auge. Unterst\u00fctzt die Erholung der ger\u00f6teten und gereizten Haut um das Auge. Regelm\u00e4\u00dfige Anwendung reduziert die Verf\u00e4rbung der Haare um die Augen.<\/p>\n<span class=\"wppb-shortcode-restriction-message\"> <\/span>","protected":false},"featured_media":11891,"template":"","meta":[],"product_brand":[],"product_cat":[15,29,63],"product_tag":[215,216,217,219,218],"class_list":{"0":"post-9157","1":"product","2":"type-product","3":"status-publish","4":"has-post-thumbnail","6":"product_cat-alle-producten","7":"product_cat-maxani","8":"product_cat-oog","9":"product_tag-215","10":"product_tag-discharge","11":"product_tag-remover","12":"product_tag-vieze-ogen","13":"product_tag-vuil","15":"first","16":"instock","17":"taxable","18":"shipping-taxable","19":"product-type-simple"},"yoast_head":"<!-- This site is optimized with the Yoast SEO plugin v27.1.1 - https:\/\/yoast.com\/product\/yoast-seo-wordpress\/ -->\n<title>Eye\u00a0discharge remover - Maxani Animal Healthcare BV<\/title>\n<meta name=\"robots\" content=\"index, follow, max-snippet:-1, max-image-preview:large, max-video-preview:-1\" \/>\n<link rel=\"canonical\" href=\"https:\/\/maxani.nl\/de\/produkt\/eye-discharge-remover-for-dogs-and-cats\/\" \/>\n<meta property=\"og:locale\" content=\"de_DE\" \/>\n<meta property=\"og:type\" content=\"article\" \/>\n<meta property=\"og:title\" content=\"Eye\u00a0discharge remover - Maxani Animal Healthcare BV\" \/>\n<meta property=\"og:description\" content=\"Krachtige reiniging van vuil en afscheiding rondom het oog. Ondersteunt het herstel van een rode en ge\u00efrriteerde\u00a0 huid rondom het oog. Regelmatig gebruik vermindert verkleuring van de haren rondom\u00a0 de ogen.\" \/>\n<meta property=\"og:url\" content=\"https:\/\/maxani.nl\/de\/produkt\/eye-discharge-remover-for-dogs-and-cats\/\" \/>\n<meta property=\"og:site_name\" content=\"Maxani Animal Healthcare BV\" \/>\n<meta property=\"article:modified_time\" content=\"2026-01-05T08:53:30+00:00\" \/>\n<meta property=\"og:image\" content=\"https:\/\/maxani.nl\/wp-content\/uploads\/2023\/01\/Maxani-Eye-Discharge-Remover-100ml.jpg\" \/>\n\t<meta property=\"og:image:width\" content=\"1080\" \/>\n\t<meta property=\"og:image:height\" content=\"1080\" \/>\n\t<meta property=\"og:image:type\" content=\"image\/jpeg\" \/>\n<meta name=\"twitter:card\" content=\"summary_large_image\" \/>\n<meta name=\"twitter:label1\" content=\"Gesch\u00e4tzte Lesezeit\" \/>\n\t<meta name=\"twitter:data1\" content=\"2\u00a0Minuten\" \/>\n<script type=\"application\/ld+json\" class=\"yoast-schema-graph\">{\"@context\":\"https:\/\/schema.org\",\"@graph\":[{\"@type\":\"WebPage\",\"@id\":\"https:\/\/maxani.nl\/product\/eye-discharge-remover-for-dogs-and-cats\/\",\"url\":\"https:\/\/maxani.nl\/product\/eye-discharge-remover-for-dogs-and-cats\/\",\"name\":\"Eye\u00a0discharge remover - Maxani Animal Healthcare BV\",\"isPartOf\":{\"@id\":\"https:\/\/maxani.nl\/#website\"},\"primaryImageOfPage\":{\"@id\":\"https:\/\/maxani.nl\/product\/eye-discharge-remover-for-dogs-and-cats\/#primaryimage\"},\"image\":{\"@id\":\"https:\/\/maxani.nl\/product\/eye-discharge-remover-for-dogs-and-cats\/#primaryimage\"},\"thumbnailUrl\":\"https:\/\/maxani.nl\/wp-content\/uploads\/2023\/01\/Maxani-Eye-Discharge-Remover-100ml.jpg\",\"datePublished\":\"2021-11-20T14:46:14+00:00\",\"dateModified\":\"2026-01-05T08:53:30+00:00\",\"breadcrumb\":{\"@id\":\"https:\/\/maxani.nl\/product\/eye-discharge-remover-for-dogs-and-cats\/#breadcrumb\"},\"inLanguage\":\"de\",\"potentialAction\":[{\"@type\":\"ReadAction\",\"target\":[\"https:\/\/maxani.nl\/product\/eye-discharge-remover-for-dogs-and-cats\/\"]}]},{\"@type\":\"ImageObject\",\"inLanguage\":\"de\",\"@id\":\"https:\/\/maxani.nl\/product\/eye-discharge-remover-for-dogs-and-cats\/#primaryimage\",\"url\":\"https:\/\/maxani.nl\/wp-content\/uploads\/2023\/01\/Maxani-Eye-Discharge-Remover-100ml.jpg\",\"contentUrl\":\"https:\/\/maxani.nl\/wp-content\/uploads\/2023\/01\/Maxani-Eye-Discharge-Remover-100ml.jpg\",\"width\":1080,\"height\":1080},{\"@type\":\"BreadcrumbList\",\"@id\":\"https:\/\/maxani.nl\/product\/eye-discharge-remover-for-dogs-and-cats\/#breadcrumb\",\"itemListElement\":[{\"@type\":\"ListItem\",\"position\":1,\"name\":\"Home\",\"item\":\"https:\/\/maxani.nl\/\"},{\"@type\":\"ListItem\",\"position\":2,\"name\":\"Webshop\",\"item\":\"https:\/\/maxani.nl\/webshop\/\"},{\"@type\":\"ListItem\",\"position\":3,\"name\":\"Eye\u00a0discharge remover\"}]},{\"@type\":\"WebSite\",\"@id\":\"https:\/\/maxani.nl\/#website\",\"url\":\"https:\/\/maxani.nl\/\",\"name\":\"Maxani Animal Healthcare BV\",\"description\":\"Uw partner in veterinaire dermatologie\",\"potentialAction\":[{\"@type\":\"SearchAction\",\"target\":{\"@type\":\"EntryPoint\",\"urlTemplate\":\"https:\/\/maxani.nl\/?s={search_term_string}\"},\"query-input\":{\"@type\":\"PropertyValueSpecification\",\"valueRequired\":true,\"valueName\":\"search_term_string\"}}],\"inLanguage\":\"de\"}]}<\/script>\n<!-- \/ Yoast SEO plugin. -->","yoast_head_json":{"title":"Eye\u00a0discharge remover - Maxani Animal Healthcare BV","robots":{"index":"index","follow":"follow","max-snippet":"max-snippet:-1","max-image-preview":"max-image-preview:large","max-video-preview":"max-video-preview:-1"},"canonical":"https:\/\/maxani.nl\/de\/produkt\/eye-discharge-remover-for-dogs-and-cats\/","og_locale":"de_DE","og_type":"article","og_title":"Eye\u00a0discharge remover - Maxani Animal Healthcare BV","og_description":"Krachtige reiniging van vuil en afscheiding rondom het oog. Ondersteunt het herstel van een rode en ge\u00efrriteerde\u00a0 huid rondom het oog. Regelmatig gebruik vermindert verkleuring van de haren rondom\u00a0 de ogen.","og_url":"https:\/\/maxani.nl\/de\/produkt\/eye-discharge-remover-for-dogs-and-cats\/","og_site_name":"Maxani Animal Healthcare BV","article_modified_time":"2026-01-05T08:53:30+00:00","og_image":[{"width":1080,"height":1080,"url":"https:\/\/maxani.nl\/wp-content\/uploads\/2023\/01\/Maxani-Eye-Discharge-Remover-100ml.jpg","type":"image\/jpeg"}],"twitter_card":"summary_large_image","twitter_misc":{"Gesch\u00e4tzte Lesezeit":"2\u00a0Minuten"},"schema":{"@context":"https:\/\/schema.org","@graph":[{"@type":"WebPage","@id":"https:\/\/maxani.nl\/product\/eye-discharge-remover-for-dogs-and-cats\/","url":"https:\/\/maxani.nl\/product\/eye-discharge-remover-for-dogs-and-cats\/","name":"Eye\u00a0discharge remover - Maxani Animal Healthcare BV","isPartOf":{"@id":"https:\/\/maxani.nl\/#website"},"primaryImageOfPage":{"@id":"https:\/\/maxani.nl\/product\/eye-discharge-remover-for-dogs-and-cats\/#primaryimage"},"image":{"@id":"https:\/\/maxani.nl\/product\/eye-discharge-remover-for-dogs-and-cats\/#primaryimage"},"thumbnailUrl":"https:\/\/maxani.nl\/wp-content\/uploads\/2023\/01\/Maxani-Eye-Discharge-Remover-100ml.jpg","datePublished":"2021-11-20T14:46:14+00:00","dateModified":"2026-01-05T08:53:30+00:00","breadcrumb":{"@id":"https:\/\/maxani.nl\/product\/eye-discharge-remover-for-dogs-and-cats\/#breadcrumb"},"inLanguage":"de","potentialAction":[{"@type":"ReadAction","target":["https:\/\/maxani.nl\/product\/eye-discharge-remover-for-dogs-and-cats\/"]}]},{"@type":"ImageObject","inLanguage":"de","@id":"https:\/\/maxani.nl\/product\/eye-discharge-remover-for-dogs-and-cats\/#primaryimage","url":"https:\/\/maxani.nl\/wp-content\/uploads\/2023\/01\/Maxani-Eye-Discharge-Remover-100ml.jpg","contentUrl":"https:\/\/maxani.nl\/wp-content\/uploads\/2023\/01\/Maxani-Eye-Discharge-Remover-100ml.jpg","width":1080,"height":1080},{"@type":"BreadcrumbList","@id":"https:\/\/maxani.nl\/product\/eye-discharge-remover-for-dogs-and-cats\/#breadcrumb","itemListElement":[{"@type":"ListItem","position":1,"name":"Home","item":"https:\/\/maxani.nl\/"},{"@type":"ListItem","position":2,"name":"Webshop","item":"https:\/\/maxani.nl\/webshop\/"},{"@type":"ListItem","position":3,"name":"Eye\u00a0discharge remover"}]},{"@type":"WebSite","@id":"https:\/\/maxani.nl\/#website","url":"https:\/\/maxani.nl\/","name":"Maxani Animal Healthcare BV","description":"Ihr Partner in der Veterin\u00e4rdermatologie","potentialAction":[{"@type":"SearchAction","target":{"@type":"EntryPoint","urlTemplate":"https:\/\/maxani.nl\/?s={search_term_string}"},"query-input":{"@type":"PropertyValueSpecification","valueRequired":true,"valueName":"search_term_string"}}],"inLanguage":"de"}]}},"jetpack_sharing_enabled":true,"_links":{"self":[{"href":"https:\/\/maxani.nl\/de\/wp-json\/wp\/v2\/product\/9157","targetHints":{"allow":["GET"]}}],"collection":[{"href":"https:\/\/maxani.nl\/de\/wp-json\/wp\/v2\/product"}],"about":[{"href":"https:\/\/maxani.nl\/de\/wp-json\/wp\/v2\/types\/product"}],"wp:featuredmedia":[{"embeddable":true,"href":"https:\/\/maxani.nl\/de\/wp-json\/wp\/v2\/media\/11891"}],"wp:attachment":[{"href":"https:\/\/maxani.nl\/de\/wp-json\/wp\/v2\/media?parent=9157"}],"wp:term":[{"taxonomy":"product_brand","embeddable":true,"href":"https:\/\/maxani.nl\/de\/wp-json\/wp\/v2\/product_brand?post=9157"},{"taxonomy":"product_cat","embeddable":true,"href":"https:\/\/maxani.nl\/de\/wp-json\/wp\/v2\/product_cat?post=9157"},{"taxonomy":"product_tag","embeddable":true,"href":"https:\/\/maxani.nl\/de\/wp-json\/wp\/v2\/product_tag?post=9157"}],"curies":[{"name":"wp","href":"https:\/\/api.w.org\/{rel}","templated":true}]}}