{"id":9143,"date":"2021-11-16T14:44:45","date_gmt":"2021-11-16T14:44:45","guid":{"rendered":"https:\/\/maxani.nl\/?post_type=product&#038;p=9143"},"modified":"2026-01-05T08:35:08","modified_gmt":"2026-01-05T08:35:08","slug":"maxani-regular-wipes-met-hyaluronzuur","status":"publish","type":"product","link":"https:\/\/maxani.nl\/de\/produkt\/maxani-regular-wipes-met-hyaluronzuur\/","title":{"rendered":"Maxani Regular T\u00fccher, mit Hyalurons\u00e4ure"},"content":{"rendered":"<p>Reinigende, feuchtigkeitsspendende und pflegende Feuchtt\u00fccher zur schnellen und effektiven Reinigung von z.B. Ohrmuscheln, Pfoten, Ges\u00e4uge und rund um den Mund. Gereizte und schwer zug\u00e4ngliche Stellen wie zwischen den Zehen oder an Haut- und Lippenfalten k\u00f6nnen nach der Behandlung mit z.B. Chlorhexidin-T\u00fcchern mit diesen weichen und pflegenden Regular Wipes gepflegt werden. Durch die alkoholfreie, intensiv pflegende Formel auch f\u00fcr empfindliche Haut sehr gut geeignet. Hyalurons\u00e4ure, Aloe vera und Vitamin E beruhigen, befeuchten und pflegen die Haut intensiv.<\/p>\n<p><strong>Verwenden Sie<br \/>\n<\/strong>Regul\u00e4re Wischt\u00fccher sind f\u00fcr die \u00e4u\u00dfere Anwendung bestimmt. Verwenden Sie diese feuchten T\u00fccher, um bestimmte Bereiche sanft zu reinigen und zu erfrischen.<\/p>\n<p>Die T\u00fccher sind biologisch abbaubar!<\/p>\n<span class=\"wppb-content-restriction-message\"><p data-opacity=\"0.5\">F\u00fcr weitere Informationen m\u00fcssen Sie eingeloggt sein<\/p>\n<\/span>","protected":false},"excerpt":{"rendered":"<p>Reinigende, feuchtigkeitsspendende und pflegende Feuchtt\u00fccher zur schnellen und effektiven Reinigung von z.B. Ohrmuscheln, Pfoten, Ges\u00e4uge und rund um den Mund. Gereizte und schwer zug\u00e4ngliche Stellen wie zwischen den Zehen oder an Haut- und Lippenfalten k\u00f6nnen nach der Behandlung mit z.B. Chlorhexidin-T\u00fcchern mit diesen weichen und pflegenden Regular Wipes gepflegt werden. Durch die alkoholfreie, intensiv pflegende Formel auch f\u00fcr empfindliche Haut sehr gut geeignet. Hyalurons\u00e4ure, Aloe vera und Vitamin E beruhigen, befeuchten und pflegen die Haut intensiv.<\/p>\n<p>Die T\u00fccher sind biologisch abbaubar!<\/p>\n<span class=\"wppb-shortcode-restriction-message\"> <\/span>","protected":false},"featured_media":11959,"template":"","meta":[],"product_brand":[],"product_cat":[15,29,63,35],"product_tag":[220,75,76],"class_list":{"0":"post-9143","1":"product","2":"type-product","3":"status-publish","4":"has-post-thumbnail","6":"product_cat-alle-producten","7":"product_cat-maxani","8":"product_cat-oog","9":"product_cat-regular","10":"product_tag-220","11":"product_tag-regular","12":"product_tag-wipes","14":"first","15":"instock","16":"taxable","17":"shipping-taxable","18":"product-type-simple"},"yoast_head":"<!-- This site is optimized with the Yoast SEO plugin v27.1.1 - https:\/\/yoast.com\/product\/yoast-seo-wordpress\/ -->\n<title>Maxani Regular wipes, met hyaluronzuur - Maxani Animal Healthcare BV<\/title>\n<meta name=\"robots\" content=\"index, follow, max-snippet:-1, max-image-preview:large, max-video-preview:-1\" \/>\n<link rel=\"canonical\" href=\"https:\/\/maxani.nl\/de\/produkt\/maxani-regular-wipes-met-hyaluronzuur\/\" \/>\n<meta property=\"og:locale\" content=\"de_DE\" \/>\n<meta property=\"og:type\" content=\"article\" \/>\n<meta property=\"og:title\" content=\"Maxani Regular wipes, met hyaluronzuur - Maxani Animal Healthcare BV\" \/>\n<meta property=\"og:description\" content=\"Reinigende, hydraterende en verzorgende vochtige doekjes voor het snel en effectief schoonmaken van o.a. oorschelpen, poten, het zitvlak en rondom de bek. Ge\u00efrriteerde en moeilijk bereikbare plekken zoals tussen de tenen of bij huid- en lipplooien kunnen na behandeling met bijvoorbeeld chloorhexidine wipes met deze zachte en voedende Regular wipes worden onderhouden. Zeer geschikt voor de gevoelige huid door de alcoholvrije, intensief voedende formule. Hyaluronzuur, Alo\u00eb vera en vitamine E verzachten, hydrateren en verzorgen de huid intensief.  De doekjes zijn biologisch afbreekbaar!\" \/>\n<meta property=\"og:url\" content=\"https:\/\/maxani.nl\/de\/produkt\/maxani-regular-wipes-met-hyaluronzuur\/\" \/>\n<meta property=\"og:site_name\" content=\"Maxani Animal Healthcare BV\" \/>\n<meta property=\"article:modified_time\" content=\"2026-01-05T08:35:08+00:00\" \/>\n<meta property=\"og:image\" content=\"https:\/\/maxani.nl\/wp-content\/uploads\/2023\/01\/Maxani-Regular-wipes.jpg\" \/>\n\t<meta property=\"og:image:width\" content=\"1080\" \/>\n\t<meta property=\"og:image:height\" content=\"1080\" \/>\n\t<meta property=\"og:image:type\" content=\"image\/jpeg\" \/>\n<meta name=\"twitter:card\" content=\"summary_large_image\" \/>\n<meta name=\"twitter:label1\" content=\"Gesch\u00e4tzte Lesezeit\" \/>\n\t<meta name=\"twitter:data1\" content=\"2\u00a0Minuten\" \/>\n<script type=\"application\/ld+json\" class=\"yoast-schema-graph\">{\"@context\":\"https:\/\/schema.org\",\"@graph\":[{\"@type\":\"WebPage\",\"@id\":\"https:\/\/maxani.nl\/product\/maxani-regular-wipes-met-hyaluronzuur\/\",\"url\":\"https:\/\/maxani.nl\/product\/maxani-regular-wipes-met-hyaluronzuur\/\",\"name\":\"Maxani Regular wipes, met hyaluronzuur - Maxani Animal Healthcare BV\",\"isPartOf\":{\"@id\":\"https:\/\/maxani.nl\/#website\"},\"primaryImageOfPage\":{\"@id\":\"https:\/\/maxani.nl\/product\/maxani-regular-wipes-met-hyaluronzuur\/#primaryimage\"},\"image\":{\"@id\":\"https:\/\/maxani.nl\/product\/maxani-regular-wipes-met-hyaluronzuur\/#primaryimage\"},\"thumbnailUrl\":\"https:\/\/maxani.nl\/wp-content\/uploads\/2023\/01\/Maxani-Regular-wipes.jpg\",\"datePublished\":\"2021-11-16T14:44:45+00:00\",\"dateModified\":\"2026-01-05T08:35:08+00:00\",\"breadcrumb\":{\"@id\":\"https:\/\/maxani.nl\/product\/maxani-regular-wipes-met-hyaluronzuur\/#breadcrumb\"},\"inLanguage\":\"de\",\"potentialAction\":[{\"@type\":\"ReadAction\",\"target\":[\"https:\/\/maxani.nl\/product\/maxani-regular-wipes-met-hyaluronzuur\/\"]}]},{\"@type\":\"ImageObject\",\"inLanguage\":\"de\",\"@id\":\"https:\/\/maxani.nl\/product\/maxani-regular-wipes-met-hyaluronzuur\/#primaryimage\",\"url\":\"https:\/\/maxani.nl\/wp-content\/uploads\/2023\/01\/Maxani-Regular-wipes.jpg\",\"contentUrl\":\"https:\/\/maxani.nl\/wp-content\/uploads\/2023\/01\/Maxani-Regular-wipes.jpg\",\"width\":1080,\"height\":1080},{\"@type\":\"BreadcrumbList\",\"@id\":\"https:\/\/maxani.nl\/product\/maxani-regular-wipes-met-hyaluronzuur\/#breadcrumb\",\"itemListElement\":[{\"@type\":\"ListItem\",\"position\":1,\"name\":\"Home\",\"item\":\"https:\/\/maxani.nl\/\"},{\"@type\":\"ListItem\",\"position\":2,\"name\":\"Webshop\",\"item\":\"https:\/\/maxani.nl\/webshop\/\"},{\"@type\":\"ListItem\",\"position\":3,\"name\":\"Maxani Regular wipes, met hyaluronzuur\"}]},{\"@type\":\"WebSite\",\"@id\":\"https:\/\/maxani.nl\/#website\",\"url\":\"https:\/\/maxani.nl\/\",\"name\":\"Maxani Animal Healthcare BV\",\"description\":\"Uw partner in veterinaire dermatologie\",\"potentialAction\":[{\"@type\":\"SearchAction\",\"target\":{\"@type\":\"EntryPoint\",\"urlTemplate\":\"https:\/\/maxani.nl\/?s={search_term_string}\"},\"query-input\":{\"@type\":\"PropertyValueSpecification\",\"valueRequired\":true,\"valueName\":\"search_term_string\"}}],\"inLanguage\":\"de\"}]}<\/script>\n<!-- \/ Yoast SEO plugin. -->","yoast_head_json":{"title":"Maxani Regular wipes, met hyaluronzuur - Maxani Animal Healthcare BV","robots":{"index":"index","follow":"follow","max-snippet":"max-snippet:-1","max-image-preview":"max-image-preview:large","max-video-preview":"max-video-preview:-1"},"canonical":"https:\/\/maxani.nl\/de\/produkt\/maxani-regular-wipes-met-hyaluronzuur\/","og_locale":"de_DE","og_type":"article","og_title":"Maxani Regular wipes, met hyaluronzuur - Maxani Animal Healthcare BV","og_description":"Reinigende, hydraterende en verzorgende vochtige doekjes voor het snel en effectief schoonmaken van o.a. oorschelpen, poten, het zitvlak en rondom de bek. Ge\u00efrriteerde en moeilijk bereikbare plekken zoals tussen de tenen of bij huid- en lipplooien kunnen na behandeling met bijvoorbeeld chloorhexidine wipes met deze zachte en voedende Regular wipes worden onderhouden. Zeer geschikt voor de gevoelige huid door de alcoholvrije, intensief voedende formule. Hyaluronzuur, Alo\u00eb vera en vitamine E verzachten, hydrateren en verzorgen de huid intensief.  De doekjes zijn biologisch afbreekbaar!","og_url":"https:\/\/maxani.nl\/de\/produkt\/maxani-regular-wipes-met-hyaluronzuur\/","og_site_name":"Maxani Animal Healthcare BV","article_modified_time":"2026-01-05T08:35:08+00:00","og_image":[{"width":1080,"height":1080,"url":"https:\/\/maxani.nl\/wp-content\/uploads\/2023\/01\/Maxani-Regular-wipes.jpg","type":"image\/jpeg"}],"twitter_card":"summary_large_image","twitter_misc":{"Gesch\u00e4tzte Lesezeit":"2\u00a0Minuten"},"schema":{"@context":"https:\/\/schema.org","@graph":[{"@type":"WebPage","@id":"https:\/\/maxani.nl\/product\/maxani-regular-wipes-met-hyaluronzuur\/","url":"https:\/\/maxani.nl\/product\/maxani-regular-wipes-met-hyaluronzuur\/","name":"Maxani Regular wipes, met hyaluronzuur - Maxani Animal Healthcare BV","isPartOf":{"@id":"https:\/\/maxani.nl\/#website"},"primaryImageOfPage":{"@id":"https:\/\/maxani.nl\/product\/maxani-regular-wipes-met-hyaluronzuur\/#primaryimage"},"image":{"@id":"https:\/\/maxani.nl\/product\/maxani-regular-wipes-met-hyaluronzuur\/#primaryimage"},"thumbnailUrl":"https:\/\/maxani.nl\/wp-content\/uploads\/2023\/01\/Maxani-Regular-wipes.jpg","datePublished":"2021-11-16T14:44:45+00:00","dateModified":"2026-01-05T08:35:08+00:00","breadcrumb":{"@id":"https:\/\/maxani.nl\/product\/maxani-regular-wipes-met-hyaluronzuur\/#breadcrumb"},"inLanguage":"de","potentialAction":[{"@type":"ReadAction","target":["https:\/\/maxani.nl\/product\/maxani-regular-wipes-met-hyaluronzuur\/"]}]},{"@type":"ImageObject","inLanguage":"de","@id":"https:\/\/maxani.nl\/product\/maxani-regular-wipes-met-hyaluronzuur\/#primaryimage","url":"https:\/\/maxani.nl\/wp-content\/uploads\/2023\/01\/Maxani-Regular-wipes.jpg","contentUrl":"https:\/\/maxani.nl\/wp-content\/uploads\/2023\/01\/Maxani-Regular-wipes.jpg","width":1080,"height":1080},{"@type":"BreadcrumbList","@id":"https:\/\/maxani.nl\/product\/maxani-regular-wipes-met-hyaluronzuur\/#breadcrumb","itemListElement":[{"@type":"ListItem","position":1,"name":"Home","item":"https:\/\/maxani.nl\/"},{"@type":"ListItem","position":2,"name":"Webshop","item":"https:\/\/maxani.nl\/webshop\/"},{"@type":"ListItem","position":3,"name":"Maxani Regular wipes, met hyaluronzuur"}]},{"@type":"WebSite","@id":"https:\/\/maxani.nl\/#website","url":"https:\/\/maxani.nl\/","name":"Maxani Animal Healthcare BV","description":"Ihr Partner in der Veterin\u00e4rdermatologie","potentialAction":[{"@type":"SearchAction","target":{"@type":"EntryPoint","urlTemplate":"https:\/\/maxani.nl\/?s={search_term_string}"},"query-input":{"@type":"PropertyValueSpecification","valueRequired":true,"valueName":"search_term_string"}}],"inLanguage":"de"}]}},"jetpack_sharing_enabled":true,"_links":{"self":[{"href":"https:\/\/maxani.nl\/de\/wp-json\/wp\/v2\/product\/9143","targetHints":{"allow":["GET"]}}],"collection":[{"href":"https:\/\/maxani.nl\/de\/wp-json\/wp\/v2\/product"}],"about":[{"href":"https:\/\/maxani.nl\/de\/wp-json\/wp\/v2\/types\/product"}],"wp:featuredmedia":[{"embeddable":true,"href":"https:\/\/maxani.nl\/de\/wp-json\/wp\/v2\/media\/11959"}],"wp:attachment":[{"href":"https:\/\/maxani.nl\/de\/wp-json\/wp\/v2\/media?parent=9143"}],"wp:term":[{"taxonomy":"product_brand","embeddable":true,"href":"https:\/\/maxani.nl\/de\/wp-json\/wp\/v2\/product_brand?post=9143"},{"taxonomy":"product_cat","embeddable":true,"href":"https:\/\/maxani.nl\/de\/wp-json\/wp\/v2\/product_cat?post=9143"},{"taxonomy":"product_tag","embeddable":true,"href":"https:\/\/maxani.nl\/de\/wp-json\/wp\/v2\/product_tag?post=9143"}],"curies":[{"name":"wp","href":"https:\/\/api.w.org\/{rel}","templated":true}]}}