{"id":189,"date":"2019-08-19T09:09:45","date_gmt":"2019-08-19T09:09:45","guid":{"rendered":"https:\/\/maandvandehuidverzorging.nl\/?post_type=product&#038;p=189"},"modified":"2026-01-05T08:41:46","modified_gmt":"2026-01-05T08:41:46","slug":"voetbruisballetjes-met-kamille-en-calendula","status":"publish","type":"product","link":"https:\/\/maxani.nl\/de\/produkt\/voetbruisballetjes-met-kamille-en-calendula\/","title":{"rendered":"Maxani Pfote Bomben"},"content":{"rendered":"<p><strong>Indikationen<\/strong><\/p>\n<p>Anwendung bei leichten Entz\u00fcndungen von gespaltenen Zehen, entz\u00fcndeter Nagelhaut, abgeschnittenen oder abgebrochenen N\u00e4geln, leichten Reizungen der Fu\u00dfsohlen und Pfoten. Bei Entz\u00fcndungen, z.B. durch Grashaare, k\u00f6nnen die Bubble Balls durch Einweichen und Reinigen der Pfote zus\u00e4tzlich zu den Medikamenten helfen. Die pflegenden Pfotenbomben sind ein hervorragender Ersatz f\u00fcr Natron- oder Biotex-B\u00e4der.<\/p>\n<p><strong>Operation<\/strong><\/p>\n<p>Die reinigende Wirkung des Salzes aus dem Toten Meer beseitigt Hautreizungen und -ausschl\u00e4ge. Dar\u00fcber hinaus regt das Salz die Blutzirkulation an, so dass mehr N\u00e4hrstoffe und Sauerstoff von der Haut aufgenommen werden k\u00f6nnen.<br \/>\nDas Natriumbicarbonat baut Proteine ab, w\u00e4scht Bakterien ab und verhindert, dass sich neue Bakterien festsetzen. Vitamin E ist ein Antioxidans, das die Hautbarriere st\u00e4rkt und vor Hautsch\u00e4den sch\u00fctzt. Der Feuchtigkeitshaushalt der Haut wird durch das zugesetzte Sojabohnen\u00f6l aufrechterhalten.<\/p>\n<p><b>Verwenden Sie<\/b><\/p>\n<p>L\u00f6sen Sie 1 Kugel in 1 bis 2 Liter lauwarmem Wasser auf. Die Pfote ein- bis zweimal t\u00e4glich 5 bis 10 Minuten darin baden. Anschlie\u00dfend mit einem sauberen Handtuch trocken tupfen. Die Paw Bombs k\u00f6nnen so oft wie n\u00f6tig verwendet werden.<\/p>\n<span class=\"wppb-content-restriction-message\"><p data-opacity=\"0.5\">F\u00fcr weitere Informationen m\u00fcssen Sie eingeloggt sein<\/p>\n<\/span>","protected":false},"excerpt":{"rendered":"<p>Maxani Paw Bombs kann als reinigendes Fu\u00dfbad verwendet werden, um die betroffene Haut an den Pfoten oder Fu\u00dfsohlen zu reinigen. Die einzigartige Kombination aus Reinigung, Pflege und Feuchtigkeitszufuhr tr\u00e4gt zu einer erfolgreichen Genesung bei. Kamille und Ringelblume haben eine entz\u00fcndungshemmende, pflegende und beruhigende Wirkung.<\/p>\n<p><strong>Tier<\/strong>: Hund<\/p>\n<p><strong>Inhalt<\/strong>: 5 M., 10 M.<\/p>\n<span class=\"wppb-shortcode-restriction-message\"> <\/span>","protected":false},"featured_media":11998,"template":"","meta":[],"product_brand":[],"product_cat":[15,29,41,35],"product_tag":[233,234,236,235],"class_list":{"0":"post-189","1":"product","2":"type-product","3":"status-publish","4":"has-post-thumbnail","6":"product_cat-alle-producten","7":"product_cat-maxani","8":"product_cat-wond-en-huidplooi","9":"product_cat-regular","10":"product_tag-233","11":"product_tag-234","12":"product_tag-paw-bombs","13":"product_tag-voetbruisballetjes","15":"first","16":"instock","17":"taxable","18":"shipping-taxable","19":"product-type-variable"},"yoast_head":"<!-- This site is optimized with the Yoast SEO plugin v27.1.1 - https:\/\/yoast.com\/product\/yoast-seo-wordpress\/ -->\n<title>Maxani Paw Bombs - Maxani Animal Healthcare BV<\/title>\n<meta name=\"robots\" content=\"index, follow, max-snippet:-1, max-image-preview:large, max-video-preview:-1\" \/>\n<link rel=\"canonical\" href=\"https:\/\/maxani.nl\/de\/produkt\/voetbruisballetjes-met-kamille-en-calendula\/\" \/>\n<meta property=\"og:locale\" content=\"de_DE\" \/>\n<meta property=\"og:type\" content=\"article\" \/>\n<meta property=\"og:title\" content=\"Maxani Paw Bombs - Maxani Animal Healthcare BV\" \/>\n<meta property=\"og:description\" content=\"Maxani Paw Bombs zijn in te zetten als zuiverend voetenbadje om de aangedane huid van de poten of voetzolen te reinigen. De unieke combinatie van reinigen, verzorgen en hydrateren draagt bij aan een voorspoedig herstel. Kamille en calendula hebben een ontstekingsremmende, verzorgende en verzachtende werking.  Dier: Hond  Inhoud: 5 st., 10 st.\" \/>\n<meta property=\"og:url\" content=\"https:\/\/maxani.nl\/de\/produkt\/voetbruisballetjes-met-kamille-en-calendula\/\" \/>\n<meta property=\"og:site_name\" content=\"Maxani Animal Healthcare BV\" \/>\n<meta property=\"article:modified_time\" content=\"2026-01-05T08:41:46+00:00\" \/>\n<meta property=\"og:image\" content=\"https:\/\/maxani.nl\/wp-content\/uploads\/2023\/01\/Maxani-voetbruis-Paw-balls-5-en-10-stuks.jpg\" \/>\n\t<meta property=\"og:image:width\" content=\"1080\" \/>\n\t<meta property=\"og:image:height\" content=\"1080\" \/>\n\t<meta property=\"og:image:type\" content=\"image\/jpeg\" \/>\n<meta name=\"twitter:card\" content=\"summary_large_image\" \/>\n<meta name=\"twitter:label1\" content=\"Gesch\u00e4tzte Lesezeit\" \/>\n\t<meta name=\"twitter:data1\" content=\"3\u00a0Minuten\" \/>\n<script type=\"application\/ld+json\" class=\"yoast-schema-graph\">{\"@context\":\"https:\/\/schema.org\",\"@graph\":[{\"@type\":\"WebPage\",\"@id\":\"https:\/\/maxani.nl\/product\/voetbruisballetjes-met-kamille-en-calendula\/\",\"url\":\"https:\/\/maxani.nl\/product\/voetbruisballetjes-met-kamille-en-calendula\/\",\"name\":\"Maxani Paw Bombs - Maxani Animal Healthcare BV\",\"isPartOf\":{\"@id\":\"https:\/\/maxani.nl\/#website\"},\"primaryImageOfPage\":{\"@id\":\"https:\/\/maxani.nl\/product\/voetbruisballetjes-met-kamille-en-calendula\/#primaryimage\"},\"image\":{\"@id\":\"https:\/\/maxani.nl\/product\/voetbruisballetjes-met-kamille-en-calendula\/#primaryimage\"},\"thumbnailUrl\":\"https:\/\/maxani.nl\/wp-content\/uploads\/2023\/01\/Maxani-voetbruis-Paw-balls-5-en-10-stuks.jpg\",\"datePublished\":\"2019-08-19T09:09:45+00:00\",\"dateModified\":\"2026-01-05T08:41:46+00:00\",\"breadcrumb\":{\"@id\":\"https:\/\/maxani.nl\/product\/voetbruisballetjes-met-kamille-en-calendula\/#breadcrumb\"},\"inLanguage\":\"de\",\"potentialAction\":[{\"@type\":\"ReadAction\",\"target\":[\"https:\/\/maxani.nl\/product\/voetbruisballetjes-met-kamille-en-calendula\/\"]}]},{\"@type\":\"ImageObject\",\"inLanguage\":\"de\",\"@id\":\"https:\/\/maxani.nl\/product\/voetbruisballetjes-met-kamille-en-calendula\/#primaryimage\",\"url\":\"https:\/\/maxani.nl\/wp-content\/uploads\/2023\/01\/Maxani-voetbruis-Paw-balls-5-en-10-stuks.jpg\",\"contentUrl\":\"https:\/\/maxani.nl\/wp-content\/uploads\/2023\/01\/Maxani-voetbruis-Paw-balls-5-en-10-stuks.jpg\",\"width\":1080,\"height\":1080},{\"@type\":\"BreadcrumbList\",\"@id\":\"https:\/\/maxani.nl\/product\/voetbruisballetjes-met-kamille-en-calendula\/#breadcrumb\",\"itemListElement\":[{\"@type\":\"ListItem\",\"position\":1,\"name\":\"Home\",\"item\":\"https:\/\/maxani.nl\/\"},{\"@type\":\"ListItem\",\"position\":2,\"name\":\"Webshop\",\"item\":\"https:\/\/maxani.nl\/webshop\/\"},{\"@type\":\"ListItem\",\"position\":3,\"name\":\"Maxani Paw Bombs\"}]},{\"@type\":\"WebSite\",\"@id\":\"https:\/\/maxani.nl\/#website\",\"url\":\"https:\/\/maxani.nl\/\",\"name\":\"Maxani Animal Healthcare BV\",\"description\":\"Uw partner in veterinaire dermatologie\",\"potentialAction\":[{\"@type\":\"SearchAction\",\"target\":{\"@type\":\"EntryPoint\",\"urlTemplate\":\"https:\/\/maxani.nl\/?s={search_term_string}\"},\"query-input\":{\"@type\":\"PropertyValueSpecification\",\"valueRequired\":true,\"valueName\":\"search_term_string\"}}],\"inLanguage\":\"de\"}]}<\/script>\n<!-- \/ Yoast SEO plugin. -->","yoast_head_json":{"title":"Maxani Paw Bombs - Maxani Animal Healthcare BV","robots":{"index":"index","follow":"follow","max-snippet":"max-snippet:-1","max-image-preview":"max-image-preview:large","max-video-preview":"max-video-preview:-1"},"canonical":"https:\/\/maxani.nl\/de\/produkt\/voetbruisballetjes-met-kamille-en-calendula\/","og_locale":"de_DE","og_type":"article","og_title":"Maxani Paw Bombs - Maxani Animal Healthcare BV","og_description":"Maxani Paw Bombs zijn in te zetten als zuiverend voetenbadje om de aangedane huid van de poten of voetzolen te reinigen. De unieke combinatie van reinigen, verzorgen en hydrateren draagt bij aan een voorspoedig herstel. Kamille en calendula hebben een ontstekingsremmende, verzorgende en verzachtende werking.  Dier: Hond  Inhoud: 5 st., 10 st.","og_url":"https:\/\/maxani.nl\/de\/produkt\/voetbruisballetjes-met-kamille-en-calendula\/","og_site_name":"Maxani Animal Healthcare BV","article_modified_time":"2026-01-05T08:41:46+00:00","og_image":[{"width":1080,"height":1080,"url":"https:\/\/maxani.nl\/wp-content\/uploads\/2023\/01\/Maxani-voetbruis-Paw-balls-5-en-10-stuks.jpg","type":"image\/jpeg"}],"twitter_card":"summary_large_image","twitter_misc":{"Gesch\u00e4tzte Lesezeit":"3\u00a0Minuten"},"schema":{"@context":"https:\/\/schema.org","@graph":[{"@type":"WebPage","@id":"https:\/\/maxani.nl\/product\/voetbruisballetjes-met-kamille-en-calendula\/","url":"https:\/\/maxani.nl\/product\/voetbruisballetjes-met-kamille-en-calendula\/","name":"Maxani Paw Bombs - Maxani Animal Healthcare BV","isPartOf":{"@id":"https:\/\/maxani.nl\/#website"},"primaryImageOfPage":{"@id":"https:\/\/maxani.nl\/product\/voetbruisballetjes-met-kamille-en-calendula\/#primaryimage"},"image":{"@id":"https:\/\/maxani.nl\/product\/voetbruisballetjes-met-kamille-en-calendula\/#primaryimage"},"thumbnailUrl":"https:\/\/maxani.nl\/wp-content\/uploads\/2023\/01\/Maxani-voetbruis-Paw-balls-5-en-10-stuks.jpg","datePublished":"2019-08-19T09:09:45+00:00","dateModified":"2026-01-05T08:41:46+00:00","breadcrumb":{"@id":"https:\/\/maxani.nl\/product\/voetbruisballetjes-met-kamille-en-calendula\/#breadcrumb"},"inLanguage":"de","potentialAction":[{"@type":"ReadAction","target":["https:\/\/maxani.nl\/product\/voetbruisballetjes-met-kamille-en-calendula\/"]}]},{"@type":"ImageObject","inLanguage":"de","@id":"https:\/\/maxani.nl\/product\/voetbruisballetjes-met-kamille-en-calendula\/#primaryimage","url":"https:\/\/maxani.nl\/wp-content\/uploads\/2023\/01\/Maxani-voetbruis-Paw-balls-5-en-10-stuks.jpg","contentUrl":"https:\/\/maxani.nl\/wp-content\/uploads\/2023\/01\/Maxani-voetbruis-Paw-balls-5-en-10-stuks.jpg","width":1080,"height":1080},{"@type":"BreadcrumbList","@id":"https:\/\/maxani.nl\/product\/voetbruisballetjes-met-kamille-en-calendula\/#breadcrumb","itemListElement":[{"@type":"ListItem","position":1,"name":"Home","item":"https:\/\/maxani.nl\/"},{"@type":"ListItem","position":2,"name":"Webshop","item":"https:\/\/maxani.nl\/webshop\/"},{"@type":"ListItem","position":3,"name":"Maxani Paw Bombs"}]},{"@type":"WebSite","@id":"https:\/\/maxani.nl\/#website","url":"https:\/\/maxani.nl\/","name":"Maxani Animal Healthcare BV","description":"Ihr Partner in der Veterin\u00e4rdermatologie","potentialAction":[{"@type":"SearchAction","target":{"@type":"EntryPoint","urlTemplate":"https:\/\/maxani.nl\/?s={search_term_string}"},"query-input":{"@type":"PropertyValueSpecification","valueRequired":true,"valueName":"search_term_string"}}],"inLanguage":"de"}]}},"jetpack_sharing_enabled":true,"_links":{"self":[{"href":"https:\/\/maxani.nl\/de\/wp-json\/wp\/v2\/product\/189","targetHints":{"allow":["GET"]}}],"collection":[{"href":"https:\/\/maxani.nl\/de\/wp-json\/wp\/v2\/product"}],"about":[{"href":"https:\/\/maxani.nl\/de\/wp-json\/wp\/v2\/types\/product"}],"wp:featuredmedia":[{"embeddable":true,"href":"https:\/\/maxani.nl\/de\/wp-json\/wp\/v2\/media\/11998"}],"wp:attachment":[{"href":"https:\/\/maxani.nl\/de\/wp-json\/wp\/v2\/media?parent=189"}],"wp:term":[{"taxonomy":"product_brand","embeddable":true,"href":"https:\/\/maxani.nl\/de\/wp-json\/wp\/v2\/product_brand?post=189"},{"taxonomy":"product_cat","embeddable":true,"href":"https:\/\/maxani.nl\/de\/wp-json\/wp\/v2\/product_cat?post=189"},{"taxonomy":"product_tag","embeddable":true,"href":"https:\/\/maxani.nl\/de\/wp-json\/wp\/v2\/product_tag?post=189"}],"curies":[{"name":"wp","href":"https:\/\/api.w.org\/{rel}","templated":true}]}}