{"id":187,"date":"2019-08-13T14:54:58","date_gmt":"2019-08-13T14:54:58","guid":{"rendered":"https:\/\/maandvandehuidverzorging.nl\/?post_type=product&#038;p=187"},"modified":"2025-05-31T01:56:19","modified_gmt":"2025-05-31T01:56:19","slug":"traanstreep-voedingssupplement","status":"publish","type":"product","link":"https:\/\/maxani.nl\/de\/produkt\/traanstreep-voedingssupplement\/","title":{"rendered":"Maxani Tr\u00e4nenfl\u00fcssigkeit Nahrungserg\u00e4nzungsmittel"},"content":{"rendered":"<p><strong>Indikationen<\/strong><\/p>\n<p>Tiere, die unter einem verstopften Tr\u00e4nenkanal, Tr\u00e4nenstreifen oder Fellverf\u00e4rbungen um die Augen herum leiden. Auch geeignet f\u00fcr Tiere mit kurzer Schnauze oder Katzen mit Nieserkrankung, die unter chronischen Tr\u00e4nenstreifen leiden.<\/p>\n<p><strong>Operation<\/strong><\/p>\n<p>Das Nahrungserg\u00e4nzungsmittel Tear Strep besteht aus verschiedenen Kr\u00e4utern und \u00e4therischen \u00d6len, die von Natur aus eine reinigende Wirkung haben.<\/p>\n<p><strong>Verwenden Sie<\/strong><br \/>\nDie Fl\u00fcssigkeit kann \u00fcber die Nahrung oder direkt in den Mund verabreicht werden. Ein Messbecher ist im Lieferumfang enthalten.<br \/>\nHunde bis zu 10 kg \/ Katzen: 5 ml pro Tag<br \/>\nHund 10-25 kg: 10 ml pro Tag<br \/>\nHund &gt;25 kg: 15 ml pro Tag<\/p>\n<p>In den ersten 14 Tagen t\u00e4glich verabreichen, dann 1 Monat lang 3x pro Woche, dann 1 Monat lang 2x pro Woche und schlie\u00dflich den letzten Monat lang 1x pro Woche. Die Kur dauert also insgesamt 3,5 Monate.<br \/>\nDas Produkt sollte erst nach einer 90-t\u00e4gigen Pause wieder verwendet werden. Danach kann die vorgeschriebene Behandlung erneut durchgef\u00fchrt werden.<\/p>\n<p><strong>Dieses Produkt hat keine Geschmacksgarantie!<\/strong><\/p>\n<span class=\"wppb-content-restriction-message\"><p data-opacity=\"0.5\">F\u00fcr weitere Informationen m\u00fcssen Sie eingeloggt sein<\/p>\n<\/span>","protected":false},"excerpt":{"rendered":"<p>Maxani Tearstreak ist ein 100% Naturprodukt, das den Tr\u00e4nenkanal von Hunden, Katzen und Kaninchen reinigt. Es wurde speziell entwickelt, um Tr\u00e4nenstreifen und Verf\u00e4rbungen des Fells um die Augen zu reduzieren und hilft, einen verstopften Tr\u00e4nenkanal zu beheben. Manchmal kann der Tr\u00e4nenkanal verformt sein, so dass sich darin Schmutz ansammelt. Das Mittel eignet sich daher ideal f\u00fcr Tiere mit kurzer Schnauze und Katzen mit Nieserkrankheit, die unter chronischen Tr\u00e4nenstreifen leiden. Das Erg\u00e4nzungsmittel hilft, die Widerstandskraft des Tieres zu unterst\u00fctzen. Die Wirkungsweise des Mittels ist auf dem Etikett nach Gewichtsklassen angegeben (siehe auch ''Anwendung'' unten).<\/p>\n<p><strong>Tier<\/strong>Hund, Katze und Kaninchen<\/p>\n<p><strong>Inhalt<\/strong>: 250 ml<\/p>\n<span class=\"wppb-shortcode-restriction-message\"> <\/span>","protected":false},"featured_media":11994,"template":"","meta":[],"product_brand":[],"product_cat":[15,29,63],"product_tag":[237,238,239],"class_list":{"0":"post-187","1":"product","2":"type-product","3":"status-publish","4":"has-post-thumbnail","6":"product_cat-alle-producten","7":"product_cat-maxani","8":"product_cat-oog","9":"product_tag-237","10":"product_tag-traanstreep","11":"product_tag-voedingssupplement","13":"first","14":"instock","15":"taxable","16":"shipping-taxable","17":"product-type-simple"},"yoast_head":"<!-- This site is optimized with the Yoast SEO plugin v27.1.1 - https:\/\/yoast.com\/product\/yoast-seo-wordpress\/ -->\n<title>Maxani Traanstreep voedingssupplement - Maxani Animal Healthcare BV<\/title>\n<meta name=\"robots\" content=\"index, follow, max-snippet:-1, max-image-preview:large, max-video-preview:-1\" \/>\n<link rel=\"canonical\" href=\"https:\/\/maxani.nl\/de\/produkt\/traanstreep-voedingssupplement\/\" \/>\n<meta property=\"og:locale\" content=\"de_DE\" \/>\n<meta property=\"og:type\" content=\"article\" \/>\n<meta property=\"og:title\" content=\"Maxani Traanstreep voedingssupplement - Maxani Animal Healthcare BV\" \/>\n<meta property=\"og:description\" content=\"Maxani Traanstreep voedingssupplement is een 100% natuurlijk product dat de traanbuis van honden, katten en konijnen reinigt. Het is speciaal ontwikkeld om traanstrepen en verkleuring van vacht rondom de ogen te verminderen en draagt bij aan het verhelpen van een verstopte traanbuis. Soms kan de traanbuis vervormd zijn, waardoor hier vuil in ophoopt. Het middel is daardoor uitermate geschikt voor dieren met een korte snuit en katten met niesziekte die last hebben van chronische traanstrepen. Het supplement helpt om de weerstand van het huisdier te ondersteunen. Hoe de kuur verloopt staat aangegeven op het etiket per gewichtscategorie (zie ook onderstaand \u2018\u2019Gebruik\u2019\u2019).  Dier: Hond, kat en konijn  Inhoud: 250 ml\" \/>\n<meta property=\"og:url\" content=\"https:\/\/maxani.nl\/de\/produkt\/traanstreep-voedingssupplement\/\" \/>\n<meta property=\"og:site_name\" content=\"Maxani Animal Healthcare BV\" \/>\n<meta property=\"article:modified_time\" content=\"2025-05-31T01:56:19+00:00\" \/>\n<meta property=\"og:image\" content=\"https:\/\/maxani.nl\/wp-content\/uploads\/2023\/01\/Maxani-Traanstreep-250ml.jpg\" \/>\n\t<meta property=\"og:image:width\" content=\"1080\" \/>\n\t<meta property=\"og:image:height\" content=\"1080\" \/>\n\t<meta property=\"og:image:type\" content=\"image\/jpeg\" \/>\n<meta name=\"twitter:card\" content=\"summary_large_image\" \/>\n<meta name=\"twitter:label1\" content=\"Gesch\u00e4tzte Lesezeit\" \/>\n\t<meta name=\"twitter:data1\" content=\"2\u00a0Minuten\" \/>\n<script type=\"application\/ld+json\" class=\"yoast-schema-graph\">{\"@context\":\"https:\/\/schema.org\",\"@graph\":[{\"@type\":\"WebPage\",\"@id\":\"https:\/\/maxani.nl\/product\/traanstreep-voedingssupplement\/\",\"url\":\"https:\/\/maxani.nl\/product\/traanstreep-voedingssupplement\/\",\"name\":\"Maxani Traanstreep voedingssupplement - Maxani Animal Healthcare BV\",\"isPartOf\":{\"@id\":\"https:\/\/maxani.nl\/#website\"},\"primaryImageOfPage\":{\"@id\":\"https:\/\/maxani.nl\/product\/traanstreep-voedingssupplement\/#primaryimage\"},\"image\":{\"@id\":\"https:\/\/maxani.nl\/product\/traanstreep-voedingssupplement\/#primaryimage\"},\"thumbnailUrl\":\"https:\/\/maxani.nl\/wp-content\/uploads\/2023\/01\/Maxani-Traanstreep-250ml.jpg\",\"datePublished\":\"2019-08-13T14:54:58+00:00\",\"dateModified\":\"2025-05-31T01:56:19+00:00\",\"breadcrumb\":{\"@id\":\"https:\/\/maxani.nl\/product\/traanstreep-voedingssupplement\/#breadcrumb\"},\"inLanguage\":\"de\",\"potentialAction\":[{\"@type\":\"ReadAction\",\"target\":[\"https:\/\/maxani.nl\/product\/traanstreep-voedingssupplement\/\"]}]},{\"@type\":\"ImageObject\",\"inLanguage\":\"de\",\"@id\":\"https:\/\/maxani.nl\/product\/traanstreep-voedingssupplement\/#primaryimage\",\"url\":\"https:\/\/maxani.nl\/wp-content\/uploads\/2023\/01\/Maxani-Traanstreep-250ml.jpg\",\"contentUrl\":\"https:\/\/maxani.nl\/wp-content\/uploads\/2023\/01\/Maxani-Traanstreep-250ml.jpg\",\"width\":1080,\"height\":1080},{\"@type\":\"BreadcrumbList\",\"@id\":\"https:\/\/maxani.nl\/product\/traanstreep-voedingssupplement\/#breadcrumb\",\"itemListElement\":[{\"@type\":\"ListItem\",\"position\":1,\"name\":\"Home\",\"item\":\"https:\/\/maxani.nl\/\"},{\"@type\":\"ListItem\",\"position\":2,\"name\":\"Webshop\",\"item\":\"https:\/\/maxani.nl\/webshop\/\"},{\"@type\":\"ListItem\",\"position\":3,\"name\":\"Maxani Traanstreep voedingssupplement\"}]},{\"@type\":\"WebSite\",\"@id\":\"https:\/\/maxani.nl\/#website\",\"url\":\"https:\/\/maxani.nl\/\",\"name\":\"Maxani Animal Healthcare BV\",\"description\":\"Uw partner in veterinaire dermatologie\",\"potentialAction\":[{\"@type\":\"SearchAction\",\"target\":{\"@type\":\"EntryPoint\",\"urlTemplate\":\"https:\/\/maxani.nl\/?s={search_term_string}\"},\"query-input\":{\"@type\":\"PropertyValueSpecification\",\"valueRequired\":true,\"valueName\":\"search_term_string\"}}],\"inLanguage\":\"de\"}]}<\/script>\n<!-- \/ Yoast SEO plugin. -->","yoast_head_json":{"title":"Maxani Traanstreep voedingssupplement - Maxani Animal Healthcare BV","robots":{"index":"index","follow":"follow","max-snippet":"max-snippet:-1","max-image-preview":"max-image-preview:large","max-video-preview":"max-video-preview:-1"},"canonical":"https:\/\/maxani.nl\/de\/produkt\/traanstreep-voedingssupplement\/","og_locale":"de_DE","og_type":"article","og_title":"Maxani Traanstreep voedingssupplement - Maxani Animal Healthcare BV","og_description":"Maxani Traanstreep voedingssupplement is een 100% natuurlijk product dat de traanbuis van honden, katten en konijnen reinigt. Het is speciaal ontwikkeld om traanstrepen en verkleuring van vacht rondom de ogen te verminderen en draagt bij aan het verhelpen van een verstopte traanbuis. Soms kan de traanbuis vervormd zijn, waardoor hier vuil in ophoopt. Het middel is daardoor uitermate geschikt voor dieren met een korte snuit en katten met niesziekte die last hebben van chronische traanstrepen. Het supplement helpt om de weerstand van het huisdier te ondersteunen. Hoe de kuur verloopt staat aangegeven op het etiket per gewichtscategorie (zie ook onderstaand \u2018\u2019Gebruik\u2019\u2019).  Dier: Hond, kat en konijn  Inhoud: 250 ml","og_url":"https:\/\/maxani.nl\/de\/produkt\/traanstreep-voedingssupplement\/","og_site_name":"Maxani Animal Healthcare BV","article_modified_time":"2025-05-31T01:56:19+00:00","og_image":[{"width":1080,"height":1080,"url":"https:\/\/maxani.nl\/wp-content\/uploads\/2023\/01\/Maxani-Traanstreep-250ml.jpg","type":"image\/jpeg"}],"twitter_card":"summary_large_image","twitter_misc":{"Gesch\u00e4tzte Lesezeit":"2\u00a0Minuten"},"schema":{"@context":"https:\/\/schema.org","@graph":[{"@type":"WebPage","@id":"https:\/\/maxani.nl\/product\/traanstreep-voedingssupplement\/","url":"https:\/\/maxani.nl\/product\/traanstreep-voedingssupplement\/","name":"Maxani Traanstreep voedingssupplement - Maxani Animal Healthcare BV","isPartOf":{"@id":"https:\/\/maxani.nl\/#website"},"primaryImageOfPage":{"@id":"https:\/\/maxani.nl\/product\/traanstreep-voedingssupplement\/#primaryimage"},"image":{"@id":"https:\/\/maxani.nl\/product\/traanstreep-voedingssupplement\/#primaryimage"},"thumbnailUrl":"https:\/\/maxani.nl\/wp-content\/uploads\/2023\/01\/Maxani-Traanstreep-250ml.jpg","datePublished":"2019-08-13T14:54:58+00:00","dateModified":"2025-05-31T01:56:19+00:00","breadcrumb":{"@id":"https:\/\/maxani.nl\/product\/traanstreep-voedingssupplement\/#breadcrumb"},"inLanguage":"de","potentialAction":[{"@type":"ReadAction","target":["https:\/\/maxani.nl\/product\/traanstreep-voedingssupplement\/"]}]},{"@type":"ImageObject","inLanguage":"de","@id":"https:\/\/maxani.nl\/product\/traanstreep-voedingssupplement\/#primaryimage","url":"https:\/\/maxani.nl\/wp-content\/uploads\/2023\/01\/Maxani-Traanstreep-250ml.jpg","contentUrl":"https:\/\/maxani.nl\/wp-content\/uploads\/2023\/01\/Maxani-Traanstreep-250ml.jpg","width":1080,"height":1080},{"@type":"BreadcrumbList","@id":"https:\/\/maxani.nl\/product\/traanstreep-voedingssupplement\/#breadcrumb","itemListElement":[{"@type":"ListItem","position":1,"name":"Home","item":"https:\/\/maxani.nl\/"},{"@type":"ListItem","position":2,"name":"Webshop","item":"https:\/\/maxani.nl\/webshop\/"},{"@type":"ListItem","position":3,"name":"Maxani Traanstreep voedingssupplement"}]},{"@type":"WebSite","@id":"https:\/\/maxani.nl\/#website","url":"https:\/\/maxani.nl\/","name":"Maxani Animal Healthcare BV","description":"Ihr Partner in der Veterin\u00e4rdermatologie","potentialAction":[{"@type":"SearchAction","target":{"@type":"EntryPoint","urlTemplate":"https:\/\/maxani.nl\/?s={search_term_string}"},"query-input":{"@type":"PropertyValueSpecification","valueRequired":true,"valueName":"search_term_string"}}],"inLanguage":"de"}]}},"jetpack_sharing_enabled":true,"_links":{"self":[{"href":"https:\/\/maxani.nl\/de\/wp-json\/wp\/v2\/product\/187","targetHints":{"allow":["GET"]}}],"collection":[{"href":"https:\/\/maxani.nl\/de\/wp-json\/wp\/v2\/product"}],"about":[{"href":"https:\/\/maxani.nl\/de\/wp-json\/wp\/v2\/types\/product"}],"wp:featuredmedia":[{"embeddable":true,"href":"https:\/\/maxani.nl\/de\/wp-json\/wp\/v2\/media\/11994"}],"wp:attachment":[{"href":"https:\/\/maxani.nl\/de\/wp-json\/wp\/v2\/media?parent=187"}],"wp:term":[{"taxonomy":"product_brand","embeddable":true,"href":"https:\/\/maxani.nl\/de\/wp-json\/wp\/v2\/product_brand?post=187"},{"taxonomy":"product_cat","embeddable":true,"href":"https:\/\/maxani.nl\/de\/wp-json\/wp\/v2\/product_cat?post=187"},{"taxonomy":"product_tag","embeddable":true,"href":"https:\/\/maxani.nl\/de\/wp-json\/wp\/v2\/product_tag?post=187"}],"curies":[{"name":"wp","href":"https:\/\/api.w.org\/{rel}","templated":true}]}}