{"id":18690,"date":"2026-01-26T10:41:38","date_gmt":"2026-01-26T10:41:38","guid":{"rendered":"https:\/\/maxani.nl\/?post_type=product&#038;p=18690"},"modified":"2026-03-17T14:00:53","modified_gmt":"2026-03-17T14:00:53","slug":"bravebites","status":"publish","type":"product","link":"https:\/\/maxani.nl\/de\/produkt\/bravebites\/","title":{"rendered":"BraveBites\u00ae"},"content":{"rendered":"<h2 data-start=\"260\" data-end=\"335\">BraveBites\u00ae - funktionelle Snacks mit Nahrungserg\u00e4nzungsmitteln f\u00fcr Hunde mit Krebs<\/h2>\n<h3 data-start=\"337\" data-end=\"419\">Praktische Unterst\u00fctzung bei Appetitlosigkeit und erh\u00f6htem N\u00e4hrstoffbedarf<\/h3>\n<p data-start=\"421\" data-end=\"781\">In der Praxis zeigen krebskranke Hunde oft einen verminderten Appetit, Gewichtsverlust und eine Abnahme der Muskelmasse, w\u00e4hrend der N\u00e4hrstoffbedarf erh\u00f6ht ist. BraveBites\u00ae wurde als funktionelles, schmackhaftes Erg\u00e4nzungsfuttermittel f\u00fcr diese Patienten entwickelt, mit dem Ziel, die Nahrungsaufnahme und Lebensqualit\u00e4t neben der regul\u00e4ren Behandlung zu unterst\u00fctzen.<\/p>\n<p data-start=\"783\" data-end=\"1020\">BraveBites\u00ae sind halbweiche, im Ofen gebackene Snacks, die mit gezielten Erg\u00e4nzungen angereichert sind und in Zusammenarbeit mit Tier\u00e4rzten entwickelt wurden. Durch ihre hohe Akzeptanz eignen sie sich f\u00fcr Hunde, die regul\u00e4re Nahrung (vor\u00fcbergehend) nicht so gut aufnehmen.<\/p>\n<hr data-start=\"1022\" data-end=\"1025\" \/>\n<h3 data-start=\"1027\" data-end=\"1065\">Warum BraveBites\u00ae in der Praxis?<\/h3>\n<ul>\n<li data-start=\"1068\" data-end=\"1109\">Unterst\u00fctzung bei Appetitlosigkeit<\/li>\n<li data-start=\"1112\" data-end=\"1170\">Praktische Erg\u00e4nzung bei zur Kachexie neigenden Patienten<\/li>\n<li data-start=\"1173\" data-end=\"1234\">Enth\u00e4lt hochwertiges Protein zur Unterst\u00fctzung des Muskelerhalts<\/li>\n<li data-start=\"1237\" data-end=\"1278\">Quelle von Omega-3-Fetts\u00e4uren (EPA &amp; DHA)<\/li>\n<li data-start=\"1281\" data-end=\"1334\">Mit Pr\u00e4biotika zur Unterst\u00fctzung der Darmflora<\/li>\n<li data-start=\"1337\" data-end=\"1405\">Gut geeignet als Belohnung oder zur Verabreichung von Medikamenten<\/li>\n<\/ul>\n<hr data-start=\"1407\" data-end=\"1410\" \/>\n<h3 data-start=\"1412\" data-end=\"1450\">Wichtigste ern\u00e4hrungswissenschaftliche Merkmale<\/h3>\n<p data-start=\"1452\" data-end=\"1627\"><strong data-start=\"1452\" data-end=\"1473\">Hochwertiges Eiwei\u00df<\/strong><br data-start=\"1473\" data-end=\"1476\" \/>Tr\u00e4gt zu einer guten Verdaulichkeit bei und unterst\u00fctzt den Erhalt von Muskelmasse, Kraft und Energie bei Hunden mit erh\u00f6hter metabolischer Belastung.<\/p>\n<p data-start=\"1629\" data-end=\"1844\"><strong data-start=\"1629\" data-end=\"1683\">Omega-3-Fetts\u00e4uren (EPA &amp; DHA) aus Fisch- und Algen\u00f6l<\/strong><br data-start=\"1683\" data-end=\"1686\" \/>Sie unterst\u00fctzen den Erhalt der Muskelmasse und k\u00f6nnen helfen, entz\u00fcndliche Prozesse zu reduzieren. Dar\u00fcber hinaus f\u00f6rdern sie die Schmackhaftigkeit und Akzeptanz.<\/p>\n<p data-start=\"1846\" data-end=\"1979\"><strong data-start=\"1846\" data-end=\"1861\">L-Carnitin<\/strong><br data-start=\"1861\" data-end=\"1864\" \/>Unterst\u00fctzt den Fettstoffwechsel und hilft, die Muskelmasse durch eine effizientere Nutzung der Fetts\u00e4uren als Energiequelle zu erhalten.<\/p>\n<p data-start=\"1981\" data-end=\"2162\"><strong data-start=\"1981\" data-end=\"2007\">Pr\u00e4biotika (FOS &amp; MOS)<\/strong><br data-start=\"2007\" data-end=\"2010\" \/>Unterst\u00fctzt eine gesunde Darmflora, die zur Verbesserung der Verdauung, zu regelm\u00e4\u00dfigem Stuhlgang und zur Unterst\u00fctzung der nat\u00fcrlichen Immunit\u00e4t beitragen kann.<\/p>\n<hr data-start=\"2164\" data-end=\"2167\" \/>\n<h3 data-start=\"2169\" data-end=\"2186\">Zusammensetzung<\/h3>\n<p data-start=\"2187\" data-end=\"2477\">Getrocknetes H\u00fchnerfleischmehl (38%), getrocknete Kartoffelflocken, pflanzliches Glycerin, Tapioka, Erbsen, Lachs\u00f6l, hydrolysiertes H\u00fchnerprotein, Apfelsaft, getrocknete Apfelfasern, FOS (1%), pflanzliche Fasern (Lignozellulose), Algen\u00f6l, Mineralstoffe, MOS (0,2% Mannan-Oligosaccharide &amp; \u03b2-Glucane).<\/p>\n<p data-start=\"2479\" data-end=\"2594\"><strong data-start=\"2479\" data-end=\"2509\">Zusatzstoffe pro kg<\/strong><br data-start=\"2509\" data-end=\"2512\" \/>Zitronens\u00e4ure (1a330) 10.000 mg<br data-start=\"2541\" data-end=\"2544\" \/>Kaliumsorbat (1k202) 2,500 mg<br data-start=\"2574\" data-end=\"2577\" \/>Vitamin E 500 mg<\/p>\n<hr data-start=\"2596\" data-end=\"2599\" \/>\n<h3 data-start=\"2601\" data-end=\"2629\">Analytische Bestandteile<\/h3>\n<ul>\n<li data-start=\"2632\" data-end=\"2650\">Rohprotein: 25,4%<\/li>\n<li data-start=\"2653\" data-end=\"2668\">Rohfett: 9.5%<\/li>\n<li data-start=\"2671\" data-end=\"2696\">Anorganische Stoffe: 7.2%<\/li>\n<li data-start=\"2699\" data-end=\"2717\">Rohfaser: 2,3%<\/li>\n<li data-start=\"2720\" data-end=\"2734\">Luftfeuchtigkeit: 18.0%<\/li>\n<li data-start=\"2737\" data-end=\"2752\">Omega 3: 0,9%<\/li>\n<li data-start=\"2755\" data-end=\"2770\">Omega 6: 1,4%<\/li>\n<li data-start=\"2773\" data-end=\"2785\">EPA: 0,25%<\/li>\n<li data-start=\"2788\" data-end=\"2798\">DHA: 0,44%<\/li>\n<\/ul>\n<hr data-start=\"2800\" data-end=\"2803\" \/>\n<h3 data-start=\"2805\" data-end=\"2828\">Dosierung und Anwendung<\/h3>\n<p data-start=\"2829\" data-end=\"2948\">Jede Packung enth\u00e4lt ca. <strong data-start=\"2855\" data-end=\"2870\">150 Kekse<\/strong>. Die empfohlene Tagesdosis h\u00e4ngt vom K\u00f6rpergewicht ab:<\/p>\n<div class=\"TyagGW_tableContainer\">\n<div class=\"group TyagGW_tableWrapper flex flex-col-reverse w-fit\" tabindex=\"-1\">\n<table class=\"w-fit min-w-(--thread-content-width)\" data-start=\"2950\" data-end=\"3159\">\n<thead data-start=\"2950\" data-end=\"2991\">\n<tr data-start=\"2950\" data-end=\"2991\">\n<th data-start=\"2950\" data-end=\"2965\" data-col-size=\"sm\">Gewicht des Hundes<\/th>\n<th data-start=\"2965\" data-end=\"2991\" data-col-size=\"sm\">Anzahl der Kekse pro Tag<\/th>\n<\/tr>\n<\/thead>\n<tbody data-start=\"3034\" data-end=\"3159\">\n<tr data-start=\"3034\" data-end=\"3075\">\n<td data-start=\"3034\" data-end=\"3049\" data-col-size=\"sm\">&lt; 10 kg<\/td>\n<td data-col-size=\"sm\" data-start=\"3049\" data-end=\"3075\">5 - 10<\/td>\n<\/tr>\n<tr data-start=\"3076\" data-end=\"3117\">\n<td data-start=\"3076\" data-end=\"3091\" data-col-size=\"sm\">10 - 20 kg<\/td>\n<td data-col-size=\"sm\" data-start=\"3091\" data-end=\"3117\">10 - 25<\/td>\n<\/tr>\n<tr data-start=\"3118\" data-end=\"3159\">\n<td data-start=\"3118\" data-end=\"3133\" data-col-size=\"sm\">&gt; 20 kg<\/td>\n<td data-col-size=\"sm\" data-start=\"3133\" data-end=\"3159\">15 - 35<\/td>\n<\/tr>\n<\/tbody>\n<\/table>\n<\/div>\n<\/div>\n<p data-start=\"3161\" data-end=\"3190\"><strong data-start=\"3161\" data-end=\"3190\">Vorl\u00e4ufige Nutzungsdauer:<\/strong><\/p>\n<ul data-start=\"3191\" data-end=\"3273\">\n<li data-start=\"3191\" data-end=\"3217\">\n<p data-start=\"3193\" data-end=\"3217\">2 S\u00e4ckchen: \u00b1 8-30 Tage<\/p>\n<\/li>\n<li data-start=\"3218\" data-end=\"3245\">\n<p data-start=\"3220\" data-end=\"3245\">4 S\u00e4ckchen: \u00b1 16-60 Tage<\/p>\n<\/li>\n<li data-start=\"3246\" data-end=\"3273\">\n<p data-start=\"3248\" data-end=\"3273\">8 S\u00e4ckchen: \u00b1 1-4 Monate<\/p>\n<\/li>\n<\/ul>","protected":false},"excerpt":{"rendered":"<p><strong data-start=\"98\" data-end=\"113\">BraveBites\u00ae<\/strong> sind funktionelle, halbweiche Snacks mit Nahrungserg\u00e4nzungsmitteln, die zur Unterst\u00fctzung von Hunden mit Krebs entwickelt wurden. Durch ihre hohe Akzeptanz eignen sie sich bei vermindertem Appetit und k\u00f6nnen dazu beitragen, die N\u00e4hrstoffaufnahme, Muskelmasse und Energie zu erhalten. Die Zusammensetzung mit hochwertigem Eiwei\u00df, Omega-3-Fetts\u00e4uren (EPA &amp; DHA) und Pr\u00e4biotika macht BraveBites\u00ae zu einer praktischen Erg\u00e4nzung zur regul\u00e4ren Behandlung.<\/p>\n<span class=\"wppb-content-restriction-message\"><p data-opacity=\"0.5\">F\u00fcr weitere Informationen m\u00fcssen Sie eingeloggt sein<\/p>\n<\/span>","protected":false},"featured_media":18701,"template":"","meta":[],"product_brand":[],"product_cat":[15,29,124],"product_tag":[282,279,242,280,281],"class_list":{"0":"post-18690","1":"product","2":"type-product","3":"status-publish","4":"has-post-thumbnail","6":"product_cat-alle-producten","7":"product_cat-maxani","8":"product_cat-therapietrouw","9":"product_tag-282","10":"product_tag-bravebites","11":"product_tag-masivet","12":"product_tag-oncologie","13":"product_tag-snack","15":"first","16":"instock","17":"taxable","18":"shipping-taxable","19":"product-type-variable"},"yoast_head":"<!-- This site is optimized with the Yoast SEO plugin v27.1.1 - https:\/\/yoast.com\/product\/yoast-seo-wordpress\/ -->\n<title>BraveBites\u00ae - Maxani Animal Healthcare BV<\/title>\n<meta name=\"robots\" content=\"index, follow, max-snippet:-1, max-image-preview:large, max-video-preview:-1\" \/>\n<link rel=\"canonical\" href=\"https:\/\/maxani.nl\/de\/produkt\/bravebites\/\" \/>\n<meta property=\"og:locale\" content=\"de_DE\" \/>\n<meta property=\"og:type\" content=\"article\" \/>\n<meta property=\"og:title\" content=\"BraveBites\u00ae - Maxani Animal Healthcare BV\" \/>\n<meta property=\"og:description\" content=\"BraveBites\u00ae zijn functionele, halfzachte snacks met supplementen, ontwikkeld ter ondersteuning van honden met kanker. Door de hoge acceptatie zijn ze geschikt bij verminderde eetlust en kunnen ze bijdragen aan behoud van voedingsinname, spiermassa en energie. De samenstelling met hoogwaardig eiwit, omega 3-vetzuren (EPA &amp; DHA) en prebiotica maakt BraveBites\u00ae praktisch inzetbaar als aanvulling naast de reguliere behandeling.\" \/>\n<meta property=\"og:url\" content=\"https:\/\/maxani.nl\/de\/produkt\/bravebites\/\" \/>\n<meta property=\"og:site_name\" content=\"Maxani Animal Healthcare BV\" \/>\n<meta property=\"article:modified_time\" content=\"2026-03-17T14:00:53+00:00\" \/>\n<meta property=\"og:image\" content=\"https:\/\/maxani.nl\/wp-content\/uploads\/2026\/01\/Ontwerp-zonder-titel-18.png\" \/>\n\t<meta property=\"og:image:width\" content=\"1080\" \/>\n\t<meta property=\"og:image:height\" content=\"1350\" \/>\n\t<meta property=\"og:image:type\" content=\"image\/png\" \/>\n<meta name=\"twitter:card\" content=\"summary_large_image\" \/>\n<meta name=\"twitter:label1\" content=\"Gesch\u00e4tzte Lesezeit\" \/>\n\t<meta name=\"twitter:data1\" content=\"2\u00a0Minuten\" \/>\n<script type=\"application\/ld+json\" class=\"yoast-schema-graph\">{\"@context\":\"https:\/\/schema.org\",\"@graph\":[{\"@type\":\"WebPage\",\"@id\":\"https:\/\/maxani.nl\/product\/bravebites\/\",\"url\":\"https:\/\/maxani.nl\/product\/bravebites\/\",\"name\":\"BraveBites\u00ae - Maxani Animal Healthcare BV\",\"isPartOf\":{\"@id\":\"https:\/\/maxani.nl\/#website\"},\"primaryImageOfPage\":{\"@id\":\"https:\/\/maxani.nl\/product\/bravebites\/#primaryimage\"},\"image\":{\"@id\":\"https:\/\/maxani.nl\/product\/bravebites\/#primaryimage\"},\"thumbnailUrl\":\"https:\/\/maxani.nl\/wp-content\/uploads\/2026\/01\/Ontwerp-zonder-titel-18.png\",\"datePublished\":\"2026-01-26T10:41:38+00:00\",\"dateModified\":\"2026-03-17T14:00:53+00:00\",\"breadcrumb\":{\"@id\":\"https:\/\/maxani.nl\/product\/bravebites\/#breadcrumb\"},\"inLanguage\":\"de\",\"potentialAction\":[{\"@type\":\"ReadAction\",\"target\":[\"https:\/\/maxani.nl\/product\/bravebites\/\"]}]},{\"@type\":\"ImageObject\",\"inLanguage\":\"de\",\"@id\":\"https:\/\/maxani.nl\/product\/bravebites\/#primaryimage\",\"url\":\"https:\/\/maxani.nl\/wp-content\/uploads\/2026\/01\/Ontwerp-zonder-titel-18.png\",\"contentUrl\":\"https:\/\/maxani.nl\/wp-content\/uploads\/2026\/01\/Ontwerp-zonder-titel-18.png\",\"width\":1080,\"height\":1350},{\"@type\":\"BreadcrumbList\",\"@id\":\"https:\/\/maxani.nl\/product\/bravebites\/#breadcrumb\",\"itemListElement\":[{\"@type\":\"ListItem\",\"position\":1,\"name\":\"Home\",\"item\":\"https:\/\/maxani.nl\/\"},{\"@type\":\"ListItem\",\"position\":2,\"name\":\"Webshop\",\"item\":\"https:\/\/maxani.nl\/webshop\/\"},{\"@type\":\"ListItem\",\"position\":3,\"name\":\"BraveBites\u00ae\"}]},{\"@type\":\"WebSite\",\"@id\":\"https:\/\/maxani.nl\/#website\",\"url\":\"https:\/\/maxani.nl\/\",\"name\":\"Maxani Animal Healthcare BV\",\"description\":\"Uw partner in veterinaire dermatologie\",\"potentialAction\":[{\"@type\":\"SearchAction\",\"target\":{\"@type\":\"EntryPoint\",\"urlTemplate\":\"https:\/\/maxani.nl\/?s={search_term_string}\"},\"query-input\":{\"@type\":\"PropertyValueSpecification\",\"valueRequired\":true,\"valueName\":\"search_term_string\"}}],\"inLanguage\":\"de\"}]}<\/script>\n<!-- \/ Yoast SEO plugin. -->","yoast_head_json":{"title":"BraveBites\u00ae - Maxani Animal Healthcare BV","robots":{"index":"index","follow":"follow","max-snippet":"max-snippet:-1","max-image-preview":"max-image-preview:large","max-video-preview":"max-video-preview:-1"},"canonical":"https:\/\/maxani.nl\/de\/produkt\/bravebites\/","og_locale":"de_DE","og_type":"article","og_title":"BraveBites\u00ae - Maxani Animal Healthcare BV","og_description":"BraveBites\u00ae zijn functionele, halfzachte snacks met supplementen, ontwikkeld ter ondersteuning van honden met kanker. Door de hoge acceptatie zijn ze geschikt bij verminderde eetlust en kunnen ze bijdragen aan behoud van voedingsinname, spiermassa en energie. De samenstelling met hoogwaardig eiwit, omega 3-vetzuren (EPA &amp; DHA) en prebiotica maakt BraveBites\u00ae praktisch inzetbaar als aanvulling naast de reguliere behandeling.","og_url":"https:\/\/maxani.nl\/de\/produkt\/bravebites\/","og_site_name":"Maxani Animal Healthcare BV","article_modified_time":"2026-03-17T14:00:53+00:00","og_image":[{"width":1080,"height":1350,"url":"https:\/\/maxani.nl\/wp-content\/uploads\/2026\/01\/Ontwerp-zonder-titel-18.png","type":"image\/png"}],"twitter_card":"summary_large_image","twitter_misc":{"Gesch\u00e4tzte Lesezeit":"2\u00a0Minuten"},"schema":{"@context":"https:\/\/schema.org","@graph":[{"@type":"WebPage","@id":"https:\/\/maxani.nl\/product\/bravebites\/","url":"https:\/\/maxani.nl\/product\/bravebites\/","name":"BraveBites\u00ae - Maxani Animal Healthcare BV","isPartOf":{"@id":"https:\/\/maxani.nl\/#website"},"primaryImageOfPage":{"@id":"https:\/\/maxani.nl\/product\/bravebites\/#primaryimage"},"image":{"@id":"https:\/\/maxani.nl\/product\/bravebites\/#primaryimage"},"thumbnailUrl":"https:\/\/maxani.nl\/wp-content\/uploads\/2026\/01\/Ontwerp-zonder-titel-18.png","datePublished":"2026-01-26T10:41:38+00:00","dateModified":"2026-03-17T14:00:53+00:00","breadcrumb":{"@id":"https:\/\/maxani.nl\/product\/bravebites\/#breadcrumb"},"inLanguage":"de","potentialAction":[{"@type":"ReadAction","target":["https:\/\/maxani.nl\/product\/bravebites\/"]}]},{"@type":"ImageObject","inLanguage":"de","@id":"https:\/\/maxani.nl\/product\/bravebites\/#primaryimage","url":"https:\/\/maxani.nl\/wp-content\/uploads\/2026\/01\/Ontwerp-zonder-titel-18.png","contentUrl":"https:\/\/maxani.nl\/wp-content\/uploads\/2026\/01\/Ontwerp-zonder-titel-18.png","width":1080,"height":1350},{"@type":"BreadcrumbList","@id":"https:\/\/maxani.nl\/product\/bravebites\/#breadcrumb","itemListElement":[{"@type":"ListItem","position":1,"name":"Home","item":"https:\/\/maxani.nl\/"},{"@type":"ListItem","position":2,"name":"Webshop","item":"https:\/\/maxani.nl\/webshop\/"},{"@type":"ListItem","position":3,"name":"BraveBites\u00ae"}]},{"@type":"WebSite","@id":"https:\/\/maxani.nl\/#website","url":"https:\/\/maxani.nl\/","name":"Maxani Animal Healthcare BV","description":"Ihr Partner in der Veterin\u00e4rdermatologie","potentialAction":[{"@type":"SearchAction","target":{"@type":"EntryPoint","urlTemplate":"https:\/\/maxani.nl\/?s={search_term_string}"},"query-input":{"@type":"PropertyValueSpecification","valueRequired":true,"valueName":"search_term_string"}}],"inLanguage":"de"}]}},"jetpack_sharing_enabled":true,"_links":{"self":[{"href":"https:\/\/maxani.nl\/de\/wp-json\/wp\/v2\/product\/18690","targetHints":{"allow":["GET"]}}],"collection":[{"href":"https:\/\/maxani.nl\/de\/wp-json\/wp\/v2\/product"}],"about":[{"href":"https:\/\/maxani.nl\/de\/wp-json\/wp\/v2\/types\/product"}],"wp:featuredmedia":[{"embeddable":true,"href":"https:\/\/maxani.nl\/de\/wp-json\/wp\/v2\/media\/18701"}],"wp:attachment":[{"href":"https:\/\/maxani.nl\/de\/wp-json\/wp\/v2\/media?parent=18690"}],"wp:term":[{"taxonomy":"product_brand","embeddable":true,"href":"https:\/\/maxani.nl\/de\/wp-json\/wp\/v2\/product_brand?post=18690"},{"taxonomy":"product_cat","embeddable":true,"href":"https:\/\/maxani.nl\/de\/wp-json\/wp\/v2\/product_cat?post=18690"},{"taxonomy":"product_tag","embeddable":true,"href":"https:\/\/maxani.nl\/de\/wp-json\/wp\/v2\/product_tag?post=18690"}],"curies":[{"name":"wp","href":"https:\/\/api.w.org\/{rel}","templated":true}]}}