{"id":18678,"date":"2026-01-26T10:20:37","date_gmt":"2026-01-26T10:20:37","guid":{"rendered":"https:\/\/maxani.nl\/?post_type=product&#038;p=18678"},"modified":"2026-04-02T13:41:18","modified_gmt":"2026-04-02T13:41:18","slug":"aluco-guardian-npwt-system","status":"publish","type":"product","link":"https:\/\/maxani.nl\/de\/produkt\/aluco-guardian-npwt-system\/","title":{"rendered":"Aluco Guardian\u2122 NPWT-System"},"content":{"rendered":"<p data-start=\"119\" data-end=\"593\"><strong data-start=\"119\" data-end=\"161\">Unterdruckwundtherapie<\/strong> mit dem <strong data-start=\"170\" data-end=\"197\">Aluco W\u00e4chter\u2122-System<\/strong> unterst\u00fctzt die Behandlung von komplexen und schlecht heilenden Wunden durch die kontrollierte Anwendung von negativem Unterdruck auf das Wundbett. Dieser Unterdruck sorgt f\u00fcr einen aktiven Abtransport von Exsudat, reduziert \u00d6deme und die bakterielle Belastung und verbessert die Mikrozirkulation. Dadurch nimmt die Sauerstoffversorgung des Gewebes zu und die Bildung von gesundem Granulationsgewebe wird gef\u00f6rdert.<\/p>\n<p data-start=\"595\" data-end=\"924\">In der Praxis f\u00fchrt dies dazu, dass Wunden schneller stabilisieren und fr\u00fcher f\u00fcr eine Rekonstruktion oder den endg\u00fcltigen Wundverschluss geeignet sind. Klinische Erfahrungen und Studien zeigen, dass dieser Prozess im Vergleich zur herk\u00f6mmlichen Wundbehandlung deutlich schneller verl\u00e4uft, in einigen F\u00e4llen sogar in etwa der halben Zeit.<\/p>\n<p data-start=\"926\" data-end=\"961\">Das System kann eingesetzt werden bei:<\/p>\n<ul>\n<li data-start=\"964\" data-end=\"1007\">offenen und infizierten traumatischen Wunden<\/li>\n<li data-start=\"1010\" data-end=\"1022\">Bisswunden<\/li>\n<li data-start=\"1025\" data-end=\"1068\">postoperative Wunden und Wunddehiszenzen<\/li>\n<li data-start=\"1071\" data-end=\"1132\">Eitrige und nekrotische Wunden nach chirurgischer D\u00e9bridement<\/li>\n<li data-start=\"1135\" data-end=\"1236\">onkologische Wunden nach vollst\u00e4ndiger marginaler Exzision (ohne Anzeichen aktiver Metastasierung)<\/li>\n<li data-start=\"1239\" data-end=\"1277\">Wunden mit freiliegenden Implantaten<\/li>\n<li data-start=\"1280\" data-end=\"1338\">Unterst\u00fctzung von Hautlappen und freien Hauttransplantaten<\/li>\n<\/ul>\n<h3 data-start=\"142\" data-end=\"200\">Verkaufs- und Vermietungsoptionen Aluco Guardian\u2122 NPWT-System<\/h3>\n<p data-start=\"202\" data-end=\"357\">Wir bieten <strong data-start=\"213\" data-end=\"247\">verschiedene Optionen<\/strong> f\u00fcr den Einsatz des Aluco Guardian\u2122 NPWT-Systems, abgestimmt auf den Bedarf der Praxis und die Art der Wunde.<\/p>\n<h4 data-start=\"359\" data-end=\"371\"><strong>Kaufen Sie<\/strong><\/h4>\n<ul>\n<li data-start=\"374\" data-end=\"426\">Das NPWT-System kann vollst\u00e4ndig erworben werden<\/li>\n<li data-start=\"429\" data-end=\"492\">Kleiderk\u00e4sten und Kanister sind auch lose erh\u00e4ltlich<\/li>\n<\/ul>\n<h4 data-start=\"494\" data-end=\"506\"><strong>Vermietung<\/strong><\/h4>\n<p data-start=\"507\" data-end=\"567\">Die Vermietung des NPWT-Systems erfolgt stets nach Absprache. F\u00fcr den tempor\u00e4ren Einsatz bieten wir Folgendes an <strong data-start=\"552\" data-end=\"566\">Mietoptionen<\/strong>:<\/p>\n<p data-start=\"569\" data-end=\"593\"><strong data-start=\"569\" data-end=\"593\">Mietpaket \u2013 5 Tage<\/strong><\/p>\n<ul>\n<li data-start=\"596\" data-end=\"610\">Unterdruck-Wundtherapie-System<\/li>\n<li data-start=\"613\" data-end=\"626\">3\u00d7 Dressing<\/li>\n<li data-start=\"629\" data-end=\"642\">4\u00d7 Kanister<\/li>\n<li data-start=\"645\" data-end=\"666\">6\u00d7 Stomapflasterstreifen<\/li>\n<\/ul>\n<p data-start=\"668\" data-end=\"692\"><strong data-start=\"668\" data-end=\"692\">Mietpaket \u2013 3 Tage<\/strong><\/p>\n<ul>\n<li data-start=\"695\" data-end=\"709\">Unterdruck-Wundtherapie-System<\/li>\n<li data-start=\"712\" data-end=\"725\">1\u00d7 Dressing<\/li>\n<li data-start=\"728\" data-end=\"742\">2\u00d7 Beh\u00e4lter<\/li>\n<li data-start=\"745\" data-end=\"766\">2\u00d7 Stoma-Pflasterstreifen<\/li>\n<\/ul>\n<p data-start=\"768\" data-end=\"786\"><strong data-start=\"768\" data-end=\"786\">Systemvermietung<\/strong><\/p>\n<ul>\n<li data-start=\"789\" data-end=\"838\">Nur das NPWT-System f\u00fcr 3 Tage mieten<\/li>\n<li data-start=\"841\" data-end=\"913\">Auch m\u00f6glich: Vermietung des Systems allein f\u00fcr l\u00e4nger als 3 Tage<\/li>\n<\/ul>","protected":false},"excerpt":{"rendered":"<p><strong data-start=\"157\" data-end=\"199\">Unterdruckwundtherapie<\/strong> mit dem <strong data-start=\"208\" data-end=\"257\"><span class=\"hover:entity-accent entity-underline inline cursor-pointer align-baseline\"><span class=\"whitespace-normal\">Aluco W\u00e4chter<\/span><\/span>-System<\/strong> ist eine unterst\u00fctzende Wundbehandlung f\u00fcr komplexe und schlecht heilende Wunden. Durch kontrollierten negativen Unterdruck wird Exsudat aktiv abgeleitet, \u00d6deme reduziert und das Wundbett optimiert. Dies unterst\u00fctzt die Mikrozirkulation und f\u00f6rdert die Bildung von gesundem Granulationsgewebe.<\/p>","protected":false},"featured_media":18679,"template":"","meta":[],"product_brand":[],"product_cat":[15,29,41],"product_tag":[275,276,278,277,264,232],"class_list":{"0":"post-18678","1":"product","2":"type-product","3":"status-publish","4":"has-post-thumbnail","6":"product_cat-alle-producten","7":"product_cat-maxani","8":"product_cat-wond-en-huidplooi","9":"product_tag-275","10":"product_tag-aluco","11":"product_tag-npwt","12":"product_tag-techniek","13":"product_tag-wond","14":"product_tag-wondverzorging","16":"first","17":"instock","18":"taxable","19":"shipping-taxable","20":"product-type-variable"},"yoast_head":"<!-- This site is optimized with the Yoast SEO plugin v27.1.1 - https:\/\/yoast.com\/product\/yoast-seo-wordpress\/ -->\n<title>Aluco Guardian\u2122 NPWT system - Maxani Animal Healthcare BV<\/title>\n<meta name=\"robots\" content=\"index, follow, max-snippet:-1, max-image-preview:large, max-video-preview:-1\" \/>\n<link rel=\"canonical\" href=\"https:\/\/maxani.nl\/de\/produkt\/aluco-guardian-npwt-system\/\" \/>\n<meta property=\"og:locale\" content=\"de_DE\" \/>\n<meta property=\"og:type\" content=\"article\" \/>\n<meta property=\"og:title\" content=\"Aluco Guardian\u2122 NPWT system - Maxani Animal Healthcare BV\" \/>\n<meta property=\"og:description\" content=\"Negative Pressure Wound Therapy (NPWT) met het Aluco Guardian-systeem is een ondersteunende wondbehandeling voor complexe en slecht genezende wonden. Door gecontroleerde negatieve onderdruk wordt exsudaat actief afgevoerd, oedeem verminderd en het wondbed geoptimaliseerd. Dit ondersteunt de microcirculatie en bevordert de vorming van gezond granulatieweefsel.\" \/>\n<meta property=\"og:url\" content=\"https:\/\/maxani.nl\/de\/produkt\/aluco-guardian-npwt-system\/\" \/>\n<meta property=\"og:site_name\" content=\"Maxani Animal Healthcare BV\" \/>\n<meta property=\"article:modified_time\" content=\"2026-04-02T13:41:18+00:00\" \/>\n<meta property=\"og:image\" content=\"https:\/\/maxani.nl\/wp-content\/uploads\/2026\/01\/Ontwerp-zonder-titel-10.png\" \/>\n\t<meta property=\"og:image:width\" content=\"1080\" \/>\n\t<meta property=\"og:image:height\" content=\"1350\" \/>\n\t<meta property=\"og:image:type\" content=\"image\/png\" \/>\n<meta name=\"twitter:card\" content=\"summary_large_image\" \/>\n<meta name=\"twitter:label1\" content=\"Gesch\u00e4tzte Lesezeit\" \/>\n\t<meta name=\"twitter:data1\" content=\"2\u00a0Minuten\" \/>\n<script type=\"application\/ld+json\" class=\"yoast-schema-graph\">{\"@context\":\"https:\/\/schema.org\",\"@graph\":[{\"@type\":\"WebPage\",\"@id\":\"https:\/\/maxani.nl\/product\/aluco-guardian-npwt-system\/\",\"url\":\"https:\/\/maxani.nl\/product\/aluco-guardian-npwt-system\/\",\"name\":\"Aluco Guardian\u2122 NPWT system - Maxani Animal Healthcare BV\",\"isPartOf\":{\"@id\":\"https:\/\/maxani.nl\/#website\"},\"primaryImageOfPage\":{\"@id\":\"https:\/\/maxani.nl\/product\/aluco-guardian-npwt-system\/#primaryimage\"},\"image\":{\"@id\":\"https:\/\/maxani.nl\/product\/aluco-guardian-npwt-system\/#primaryimage\"},\"thumbnailUrl\":\"https:\/\/maxani.nl\/wp-content\/uploads\/2026\/01\/Ontwerp-zonder-titel-10.png\",\"datePublished\":\"2026-01-26T10:20:37+00:00\",\"dateModified\":\"2026-04-02T13:41:18+00:00\",\"breadcrumb\":{\"@id\":\"https:\/\/maxani.nl\/product\/aluco-guardian-npwt-system\/#breadcrumb\"},\"inLanguage\":\"de\",\"potentialAction\":[{\"@type\":\"ReadAction\",\"target\":[\"https:\/\/maxani.nl\/product\/aluco-guardian-npwt-system\/\"]}]},{\"@type\":\"ImageObject\",\"inLanguage\":\"de\",\"@id\":\"https:\/\/maxani.nl\/product\/aluco-guardian-npwt-system\/#primaryimage\",\"url\":\"https:\/\/maxani.nl\/wp-content\/uploads\/2026\/01\/Ontwerp-zonder-titel-10.png\",\"contentUrl\":\"https:\/\/maxani.nl\/wp-content\/uploads\/2026\/01\/Ontwerp-zonder-titel-10.png\",\"width\":1080,\"height\":1350},{\"@type\":\"BreadcrumbList\",\"@id\":\"https:\/\/maxani.nl\/product\/aluco-guardian-npwt-system\/#breadcrumb\",\"itemListElement\":[{\"@type\":\"ListItem\",\"position\":1,\"name\":\"Home\",\"item\":\"https:\/\/maxani.nl\/\"},{\"@type\":\"ListItem\",\"position\":2,\"name\":\"Webshop\",\"item\":\"https:\/\/maxani.nl\/webshop\/\"},{\"@type\":\"ListItem\",\"position\":3,\"name\":\"Aluco Guardian\u2122 NPWT system\"}]},{\"@type\":\"WebSite\",\"@id\":\"https:\/\/maxani.nl\/#website\",\"url\":\"https:\/\/maxani.nl\/\",\"name\":\"Maxani Animal Healthcare BV\",\"description\":\"Uw partner in veterinaire dermatologie\",\"potentialAction\":[{\"@type\":\"SearchAction\",\"target\":{\"@type\":\"EntryPoint\",\"urlTemplate\":\"https:\/\/maxani.nl\/?s={search_term_string}\"},\"query-input\":{\"@type\":\"PropertyValueSpecification\",\"valueRequired\":true,\"valueName\":\"search_term_string\"}}],\"inLanguage\":\"de\"}]}<\/script>\n<!-- \/ Yoast SEO plugin. -->","yoast_head_json":{"title":"Aluco Guardian\u2122 NPWT system - Maxani Animal Healthcare BV","robots":{"index":"index","follow":"follow","max-snippet":"max-snippet:-1","max-image-preview":"max-image-preview:large","max-video-preview":"max-video-preview:-1"},"canonical":"https:\/\/maxani.nl\/de\/produkt\/aluco-guardian-npwt-system\/","og_locale":"de_DE","og_type":"article","og_title":"Aluco Guardian\u2122 NPWT system - Maxani Animal Healthcare BV","og_description":"Negative Pressure Wound Therapy (NPWT) met het Aluco Guardian-systeem is een ondersteunende wondbehandeling voor complexe en slecht genezende wonden. Door gecontroleerde negatieve onderdruk wordt exsudaat actief afgevoerd, oedeem verminderd en het wondbed geoptimaliseerd. Dit ondersteunt de microcirculatie en bevordert de vorming van gezond granulatieweefsel.","og_url":"https:\/\/maxani.nl\/de\/produkt\/aluco-guardian-npwt-system\/","og_site_name":"Maxani Animal Healthcare BV","article_modified_time":"2026-04-02T13:41:18+00:00","og_image":[{"width":1080,"height":1350,"url":"https:\/\/maxani.nl\/wp-content\/uploads\/2026\/01\/Ontwerp-zonder-titel-10.png","type":"image\/png"}],"twitter_card":"summary_large_image","twitter_misc":{"Gesch\u00e4tzte Lesezeit":"2\u00a0Minuten"},"schema":{"@context":"https:\/\/schema.org","@graph":[{"@type":"WebPage","@id":"https:\/\/maxani.nl\/product\/aluco-guardian-npwt-system\/","url":"https:\/\/maxani.nl\/product\/aluco-guardian-npwt-system\/","name":"Aluco Guardian\u2122 NPWT system - Maxani Animal Healthcare BV","isPartOf":{"@id":"https:\/\/maxani.nl\/#website"},"primaryImageOfPage":{"@id":"https:\/\/maxani.nl\/product\/aluco-guardian-npwt-system\/#primaryimage"},"image":{"@id":"https:\/\/maxani.nl\/product\/aluco-guardian-npwt-system\/#primaryimage"},"thumbnailUrl":"https:\/\/maxani.nl\/wp-content\/uploads\/2026\/01\/Ontwerp-zonder-titel-10.png","datePublished":"2026-01-26T10:20:37+00:00","dateModified":"2026-04-02T13:41:18+00:00","breadcrumb":{"@id":"https:\/\/maxani.nl\/product\/aluco-guardian-npwt-system\/#breadcrumb"},"inLanguage":"de","potentialAction":[{"@type":"ReadAction","target":["https:\/\/maxani.nl\/product\/aluco-guardian-npwt-system\/"]}]},{"@type":"ImageObject","inLanguage":"de","@id":"https:\/\/maxani.nl\/product\/aluco-guardian-npwt-system\/#primaryimage","url":"https:\/\/maxani.nl\/wp-content\/uploads\/2026\/01\/Ontwerp-zonder-titel-10.png","contentUrl":"https:\/\/maxani.nl\/wp-content\/uploads\/2026\/01\/Ontwerp-zonder-titel-10.png","width":1080,"height":1350},{"@type":"BreadcrumbList","@id":"https:\/\/maxani.nl\/product\/aluco-guardian-npwt-system\/#breadcrumb","itemListElement":[{"@type":"ListItem","position":1,"name":"Home","item":"https:\/\/maxani.nl\/"},{"@type":"ListItem","position":2,"name":"Webshop","item":"https:\/\/maxani.nl\/webshop\/"},{"@type":"ListItem","position":3,"name":"Aluco Guardian\u2122 NPWT system"}]},{"@type":"WebSite","@id":"https:\/\/maxani.nl\/#website","url":"https:\/\/maxani.nl\/","name":"Maxani Animal Healthcare BV","description":"Ihr Partner in der Veterin\u00e4rdermatologie","potentialAction":[{"@type":"SearchAction","target":{"@type":"EntryPoint","urlTemplate":"https:\/\/maxani.nl\/?s={search_term_string}"},"query-input":{"@type":"PropertyValueSpecification","valueRequired":true,"valueName":"search_term_string"}}],"inLanguage":"de"}]}},"jetpack_sharing_enabled":true,"_links":{"self":[{"href":"https:\/\/maxani.nl\/de\/wp-json\/wp\/v2\/product\/18678","targetHints":{"allow":["GET"]}}],"collection":[{"href":"https:\/\/maxani.nl\/de\/wp-json\/wp\/v2\/product"}],"about":[{"href":"https:\/\/maxani.nl\/de\/wp-json\/wp\/v2\/types\/product"}],"wp:featuredmedia":[{"embeddable":true,"href":"https:\/\/maxani.nl\/de\/wp-json\/wp\/v2\/media\/18679"}],"wp:attachment":[{"href":"https:\/\/maxani.nl\/de\/wp-json\/wp\/v2\/media?parent=18678"}],"wp:term":[{"taxonomy":"product_brand","embeddable":true,"href":"https:\/\/maxani.nl\/de\/wp-json\/wp\/v2\/product_brand?post=18678"},{"taxonomy":"product_cat","embeddable":true,"href":"https:\/\/maxani.nl\/de\/wp-json\/wp\/v2\/product_cat?post=18678"},{"taxonomy":"product_tag","embeddable":true,"href":"https:\/\/maxani.nl\/de\/wp-json\/wp\/v2\/product_tag?post=18678"}],"curies":[{"name":"wp","href":"https:\/\/api.w.org\/{rel}","templated":true}]}}