{"id":18166,"date":"2025-10-16T12:03:15","date_gmt":"2025-10-16T12:03:15","guid":{"rendered":"https:\/\/maxani.nl\/?post_type=product&#038;p=18166"},"modified":"2026-03-04T12:22:46","modified_gmt":"2026-03-04T12:22:46","slug":"skin-repair-serum","status":"publish","type":"product","link":"https:\/\/maxani.nl\/de\/produkt\/skin-repair-serum\/","title":{"rendered":"Hautreparaturserum"},"content":{"rendered":"<p><strong>Warum Skin Repair Serum wirkt<\/strong><br \/>\nSkin Repair Serum unterst\u00fctzt die nat\u00fcrliche Reparatur der Hautbarriere mit einer einzigartigen Kombination aus Squalan, Omega-3-6-7-9-Fetts\u00e4uren, Sanddorn\u00f6l, Echium\u00f6l und Vitamin E.<\/p>\n<ul>\n<li>Unterst\u00fctzt die Haut bei Juckreiz, R\u00f6tung und Trockenheit<\/li>\n<li>Spendet Feuchtigkeit und beruhigt empfindliche Haut<\/li>\n<li>F\u00f6rdert die Reparatur und St\u00e4rkung der Hautbarriere<\/li>\n<li>Tr\u00e4gt zu einem gesunden Fell bei und unterst\u00fctzt die Haut bei Haarausfall<\/li>\n<\/ul>\n<p>Dank dieser synergistischen Zusammensetzung bietet das Serum eine wirksame Pflege f\u00fcr Tiere mit empfindlicher, trockener oder gereizter Haut.<\/p>\n<p><strong>Indikationen<\/strong><br \/>\nF\u00fcr Hunde, Katzen, Pferde, Kaninchen und Nagetiere mit empfindlicher, gereizter, trockener oder br\u00fcchiger Haut, bei denen eine strukturelle Hautpflege zur Erhaltung einer gesunden Hautbarriere wichtig ist. Skin Repair Serum unterst\u00fctzt die Haut bei Allergien, Schuppenbildung, Juckreiz, Trockenheit, R\u00f6tungen oder gereizten Hautstellen. Auch geeignet bei stumpfem oder statischem Fell und \u00fcberm\u00e4\u00dfigem Haarausfall.<\/p>\n<p><strong>Verwenden Sie<\/strong><br \/>\nAuf die trockene Haut auftragen, vorzugsweise am Halsansatz, am Schwanzansatz oder direkt auf Problemzonen wie Leisten, Achselh\u00f6hlen oder Beine. Verteilen Sie das Fell mit den Fingern, so dass die Haut sichtbar ist. Ein Massieren ist nicht erforderlich; das Serum verteilt sich von selbst auf der Haut. Beginnen Sie mit einer Anwendung von mindestens dreimal pro Woche (kann auch t\u00e4glich sein) f\u00fcr sechs Wochen. Danach ein- bis zweimal pro Woche oder bei Bedarf bei wiederkehrenden Beschwerden.<\/p>\n<p><strong>Praktische Tipps<\/strong><br \/>\nMindestens 12 Stunden vor oder 24 Stunden nach dem Waschen auftragen. Kann sicher mit anderen Hautpflegeprodukten oder Shampoos kombiniert werden.<\/p>","protected":false},"excerpt":{"rendered":"<p>Ein intensiv n\u00e4hrendes Serum, das die nat\u00fcrliche Reparatur der Hautbarriere unterst\u00fctzt.<\/p>\n<p>Die synergistische Formel bietet wirksame Pflege f\u00fcr Tiere mit empfindlicher, trockener oder gereizter Haut.<\/p>\n<p>Erh\u00e4ltlich in 15, 30 oder 50 ml.<\/p>\n<span class=\"wppb-content-restriction-message\"><p data-opacity=\"0.5\">F\u00fcr weitere Informationen m\u00fcssen Sie eingeloggt sein<\/p>\n<\/span>","protected":false},"featured_media":18178,"template":"","meta":[],"product_brand":[],"product_cat":[15,29,24],"product_tag":[],"class_list":{"0":"post-18166","1":"product","2":"type-product","3":"status-publish","4":"has-post-thumbnail","6":"product_cat-alle-producten","7":"product_cat-maxani","8":"product_cat-atopie","10":"first","11":"instock","12":"taxable","13":"shipping-taxable","14":"product-type-variable"},"yoast_head":"<!-- This site is optimized with the Yoast SEO plugin v27.1.1 - https:\/\/yoast.com\/product\/yoast-seo-wordpress\/ -->\n<title>Skin Repair Serum - Maxani Animal Healthcare BV<\/title>\n<meta name=\"robots\" content=\"index, follow, max-snippet:-1, max-image-preview:large, max-video-preview:-1\" \/>\n<link rel=\"canonical\" href=\"https:\/\/maxani.nl\/de\/produkt\/skin-repair-serum\/\" \/>\n<meta property=\"og:locale\" content=\"de_DE\" \/>\n<meta property=\"og:type\" content=\"article\" \/>\n<meta property=\"og:title\" content=\"Skin Repair Serum - Maxani Animal Healthcare BV\" \/>\n<meta property=\"og:description\" content=\"Een intensief voedend serum dat het natuurlijke herstel van de huid barri\u00e8re\u00a0ondersteunt.  De synergetische formule biedt effectieve verzorging voor dieren met een gevoelige, droge of ge\u00efrriteerde huid.  Verkrijgbaar in 15, 30 of 50 ml.\" \/>\n<meta property=\"og:url\" content=\"https:\/\/maxani.nl\/de\/produkt\/skin-repair-serum\/\" \/>\n<meta property=\"og:site_name\" content=\"Maxani Animal Healthcare BV\" \/>\n<meta property=\"article:modified_time\" content=\"2026-03-04T12:22:46+00:00\" \/>\n<meta property=\"og:image\" content=\"https:\/\/maxani.nl\/wp-content\/uploads\/2025\/10\/Maxani-skin-repair-serum-serie.jpg\" \/>\n\t<meta property=\"og:image:width\" content=\"1218\" \/>\n\t<meta property=\"og:image:height\" content=\"1217\" \/>\n\t<meta property=\"og:image:type\" content=\"image\/jpeg\" \/>\n<meta name=\"twitter:card\" content=\"summary_large_image\" \/>\n<meta name=\"twitter:label1\" content=\"Gesch\u00e4tzte Lesezeit\" \/>\n\t<meta name=\"twitter:data1\" content=\"2\u00a0Minuten\" \/>\n<script type=\"application\/ld+json\" class=\"yoast-schema-graph\">{\"@context\":\"https:\/\/schema.org\",\"@graph\":[{\"@type\":\"WebPage\",\"@id\":\"https:\/\/maxani.nl\/product\/skin-repair-serum\/\",\"url\":\"https:\/\/maxani.nl\/product\/skin-repair-serum\/\",\"name\":\"Skin Repair Serum - Maxani Animal Healthcare BV\",\"isPartOf\":{\"@id\":\"https:\/\/maxani.nl\/#website\"},\"primaryImageOfPage\":{\"@id\":\"https:\/\/maxani.nl\/product\/skin-repair-serum\/#primaryimage\"},\"image\":{\"@id\":\"https:\/\/maxani.nl\/product\/skin-repair-serum\/#primaryimage\"},\"thumbnailUrl\":\"https:\/\/maxani.nl\/wp-content\/uploads\/2025\/10\/Maxani-skin-repair-serum-serie.jpg\",\"datePublished\":\"2025-10-16T12:03:15+00:00\",\"dateModified\":\"2026-03-04T12:22:46+00:00\",\"breadcrumb\":{\"@id\":\"https:\/\/maxani.nl\/product\/skin-repair-serum\/#breadcrumb\"},\"inLanguage\":\"de\",\"potentialAction\":[{\"@type\":\"ReadAction\",\"target\":[\"https:\/\/maxani.nl\/product\/skin-repair-serum\/\"]}]},{\"@type\":\"ImageObject\",\"inLanguage\":\"de\",\"@id\":\"https:\/\/maxani.nl\/product\/skin-repair-serum\/#primaryimage\",\"url\":\"https:\/\/maxani.nl\/wp-content\/uploads\/2025\/10\/Maxani-skin-repair-serum-serie.jpg\",\"contentUrl\":\"https:\/\/maxani.nl\/wp-content\/uploads\/2025\/10\/Maxani-skin-repair-serum-serie.jpg\",\"width\":1218,\"height\":1217},{\"@type\":\"BreadcrumbList\",\"@id\":\"https:\/\/maxani.nl\/product\/skin-repair-serum\/#breadcrumb\",\"itemListElement\":[{\"@type\":\"ListItem\",\"position\":1,\"name\":\"Home\",\"item\":\"https:\/\/maxani.nl\/\"},{\"@type\":\"ListItem\",\"position\":2,\"name\":\"Webshop\",\"item\":\"https:\/\/maxani.nl\/webshop\/\"},{\"@type\":\"ListItem\",\"position\":3,\"name\":\"Skin Repair Serum\"}]},{\"@type\":\"WebSite\",\"@id\":\"https:\/\/maxani.nl\/#website\",\"url\":\"https:\/\/maxani.nl\/\",\"name\":\"Maxani Animal Healthcare BV\",\"description\":\"Uw partner in veterinaire dermatologie\",\"potentialAction\":[{\"@type\":\"SearchAction\",\"target\":{\"@type\":\"EntryPoint\",\"urlTemplate\":\"https:\/\/maxani.nl\/?s={search_term_string}\"},\"query-input\":{\"@type\":\"PropertyValueSpecification\",\"valueRequired\":true,\"valueName\":\"search_term_string\"}}],\"inLanguage\":\"de\"}]}<\/script>\n<!-- \/ Yoast SEO plugin. -->","yoast_head_json":{"title":"Skin Repair Serum - Maxani Animal Healthcare BV","robots":{"index":"index","follow":"follow","max-snippet":"max-snippet:-1","max-image-preview":"max-image-preview:large","max-video-preview":"max-video-preview:-1"},"canonical":"https:\/\/maxani.nl\/de\/produkt\/skin-repair-serum\/","og_locale":"de_DE","og_type":"article","og_title":"Skin Repair Serum - Maxani Animal Healthcare BV","og_description":"Een intensief voedend serum dat het natuurlijke herstel van de huid barri\u00e8re\u00a0ondersteunt.  De synergetische formule biedt effectieve verzorging voor dieren met een gevoelige, droge of ge\u00efrriteerde huid.  Verkrijgbaar in 15, 30 of 50 ml.","og_url":"https:\/\/maxani.nl\/de\/produkt\/skin-repair-serum\/","og_site_name":"Maxani Animal Healthcare BV","article_modified_time":"2026-03-04T12:22:46+00:00","og_image":[{"width":1218,"height":1217,"url":"https:\/\/maxani.nl\/wp-content\/uploads\/2025\/10\/Maxani-skin-repair-serum-serie.jpg","type":"image\/jpeg"}],"twitter_card":"summary_large_image","twitter_misc":{"Gesch\u00e4tzte Lesezeit":"2\u00a0Minuten"},"schema":{"@context":"https:\/\/schema.org","@graph":[{"@type":"WebPage","@id":"https:\/\/maxani.nl\/product\/skin-repair-serum\/","url":"https:\/\/maxani.nl\/product\/skin-repair-serum\/","name":"Skin Repair Serum - Maxani Animal Healthcare BV","isPartOf":{"@id":"https:\/\/maxani.nl\/#website"},"primaryImageOfPage":{"@id":"https:\/\/maxani.nl\/product\/skin-repair-serum\/#primaryimage"},"image":{"@id":"https:\/\/maxani.nl\/product\/skin-repair-serum\/#primaryimage"},"thumbnailUrl":"https:\/\/maxani.nl\/wp-content\/uploads\/2025\/10\/Maxani-skin-repair-serum-serie.jpg","datePublished":"2025-10-16T12:03:15+00:00","dateModified":"2026-03-04T12:22:46+00:00","breadcrumb":{"@id":"https:\/\/maxani.nl\/product\/skin-repair-serum\/#breadcrumb"},"inLanguage":"de","potentialAction":[{"@type":"ReadAction","target":["https:\/\/maxani.nl\/product\/skin-repair-serum\/"]}]},{"@type":"ImageObject","inLanguage":"de","@id":"https:\/\/maxani.nl\/product\/skin-repair-serum\/#primaryimage","url":"https:\/\/maxani.nl\/wp-content\/uploads\/2025\/10\/Maxani-skin-repair-serum-serie.jpg","contentUrl":"https:\/\/maxani.nl\/wp-content\/uploads\/2025\/10\/Maxani-skin-repair-serum-serie.jpg","width":1218,"height":1217},{"@type":"BreadcrumbList","@id":"https:\/\/maxani.nl\/product\/skin-repair-serum\/#breadcrumb","itemListElement":[{"@type":"ListItem","position":1,"name":"Home","item":"https:\/\/maxani.nl\/"},{"@type":"ListItem","position":2,"name":"Webshop","item":"https:\/\/maxani.nl\/webshop\/"},{"@type":"ListItem","position":3,"name":"Skin Repair Serum"}]},{"@type":"WebSite","@id":"https:\/\/maxani.nl\/#website","url":"https:\/\/maxani.nl\/","name":"Maxani Animal Healthcare BV","description":"Ihr Partner in der Veterin\u00e4rdermatologie","potentialAction":[{"@type":"SearchAction","target":{"@type":"EntryPoint","urlTemplate":"https:\/\/maxani.nl\/?s={search_term_string}"},"query-input":{"@type":"PropertyValueSpecification","valueRequired":true,"valueName":"search_term_string"}}],"inLanguage":"de"}]}},"jetpack_sharing_enabled":true,"_links":{"self":[{"href":"https:\/\/maxani.nl\/de\/wp-json\/wp\/v2\/product\/18166","targetHints":{"allow":["GET"]}}],"collection":[{"href":"https:\/\/maxani.nl\/de\/wp-json\/wp\/v2\/product"}],"about":[{"href":"https:\/\/maxani.nl\/de\/wp-json\/wp\/v2\/types\/product"}],"wp:featuredmedia":[{"embeddable":true,"href":"https:\/\/maxani.nl\/de\/wp-json\/wp\/v2\/media\/18178"}],"wp:attachment":[{"href":"https:\/\/maxani.nl\/de\/wp-json\/wp\/v2\/media?parent=18166"}],"wp:term":[{"taxonomy":"product_brand","embeddable":true,"href":"https:\/\/maxani.nl\/de\/wp-json\/wp\/v2\/product_brand?post=18166"},{"taxonomy":"product_cat","embeddable":true,"href":"https:\/\/maxani.nl\/de\/wp-json\/wp\/v2\/product_cat?post=18166"},{"taxonomy":"product_tag","embeddable":true,"href":"https:\/\/maxani.nl\/de\/wp-json\/wp\/v2\/product_tag?post=18166"}],"curies":[{"name":"wp","href":"https:\/\/api.w.org\/{rel}","templated":true}]}}