{"id":17581,"date":"2025-07-14T09:33:41","date_gmt":"2025-07-14T09:33:41","guid":{"rendered":"https:\/\/maxani.nl\/?post_type=product&#038;p=17581"},"modified":"2026-02-02T08:59:10","modified_gmt":"2026-02-02T08:59:10","slug":"tweedaagse-cursus-dermatologie-cytologie","status":"publish","type":"product","link":"https:\/\/maxani.nl\/de\/produkt\/tweedaagse-cursus-dermatologie-cytologie\/","title":{"rendered":"Zweit\u00e4giger Kurs Dermatologie &amp; Zytologie"},"content":{"rendered":"<p>W\u00e4hrend dieses zweit\u00e4gigen Kurses lernen Sie alles \u00fcber die verschiedenen Fellarten, die Haut und die Hautbarriere sowie \u00fcber verschiedene Hautkrankheiten. Dar\u00fcber hinaus gibt es einen gro\u00dfen theoretischen und praktischen Teil zur Zytologie. Sie lernen, wie und wo man am besten Proben entnimmt, aber auch, wie man sie beurteilt. Dieser Kurs beinhaltet sowohl theoretisches Material als auch einen praktischen Teil mit verschiedenen Mikroskopen aus dem Veterinary Technics Sortiment.<\/p>\n<p><strong>Praktische Informationen:<\/strong><\/p>\n<ul>\n<li><strong>Standort:<\/strong>\u00a0Veterin\u00e4rtechnik Veenendaal<\/li>\n<li><strong>Tag 1:<\/strong> Donnerstag, 26. M\u00e4rz 2026<\/li>\n<li><strong>Tag 2:<\/strong> Donnerstag, 16. April 2026<\/li>\n<li><strong>Kosten:<\/strong> 199 \u20ac (ohne MwSt.) (einschlie\u00dflich Unterrichtsmaterial und Mittagessen).<\/li>\n<\/ul>","protected":false},"excerpt":{"rendered":"<p>Abgerufen von <strong>26. M\u00e4rz und 16. April 2026<\/strong>\u00a0Maxani organisiert wieder den beliebten Dermatologie- und Zytologiekurs speziell f\u00fcr Paraveterin\u00e4rmediziner, die ihre Kenntnisse und praktischen F\u00e4higkeiten vertiefen wollen.<\/p>","protected":false},"featured_media":18745,"template":"","meta":[],"product_brand":[],"product_cat":[15],"product_tag":[],"class_list":{"0":"post-17581","1":"product","2":"type-product","3":"status-publish","4":"has-post-thumbnail","6":"product_cat-alle-producten","8":"first","9":"instock","10":"taxable","11":"shipping-taxable","12":"product-type-simple"},"yoast_head":"<!-- This site is optimized with the Yoast SEO plugin v27.1.1 - https:\/\/yoast.com\/product\/yoast-seo-wordpress\/ -->\n<title>Tweedaagse cursus Dermatologie &amp; Cytologie - Maxani Animal Healthcare BV<\/title>\n<meta name=\"robots\" content=\"index, follow, max-snippet:-1, max-image-preview:large, max-video-preview:-1\" \/>\n<link rel=\"canonical\" href=\"https:\/\/maxani.nl\/de\/produkt\/tweedaagse-cursus-dermatologie-cytologie\/\" \/>\n<meta property=\"og:locale\" content=\"de_DE\" \/>\n<meta property=\"og:type\" content=\"article\" \/>\n<meta property=\"og:title\" content=\"Tweedaagse cursus Dermatologie &amp; Cytologie - Maxani Animal Healthcare BV\" \/>\n<meta property=\"og:description\" content=\"Op 26 maart en 16 april 2026\u00a0organiseert Maxani opnieuw de populaire cursus dermatologie en cytologie speciaal voor paraveterinairen die hun kennis en praktijkvaardigheden willen verdiepen.\" \/>\n<meta property=\"og:url\" content=\"https:\/\/maxani.nl\/de\/produkt\/tweedaagse-cursus-dermatologie-cytologie\/\" \/>\n<meta property=\"og:site_name\" content=\"Maxani Animal Healthcare BV\" \/>\n<meta property=\"article:modified_time\" content=\"2026-02-02T08:59:10+00:00\" \/>\n<meta property=\"og:image\" content=\"https:\/\/maxani.nl\/wp-content\/uploads\/2025\/07\/Orange-Professional-Hiring-LinkedIn-Post-8.png\" \/>\n\t<meta property=\"og:image:width\" content=\"1200\" \/>\n\t<meta property=\"og:image:height\" content=\"1200\" \/>\n\t<meta property=\"og:image:type\" content=\"image\/png\" \/>\n<meta name=\"twitter:card\" content=\"summary_large_image\" \/>\n<meta name=\"twitter:label1\" content=\"Gesch\u00e4tzte Lesezeit\" \/>\n\t<meta name=\"twitter:data1\" content=\"1\u00a0Minute\" \/>\n<script type=\"application\/ld+json\" class=\"yoast-schema-graph\">{\"@context\":\"https:\/\/schema.org\",\"@graph\":[{\"@type\":\"WebPage\",\"@id\":\"https:\/\/maxani.nl\/product\/tweedaagse-cursus-dermatologie-cytologie\/\",\"url\":\"https:\/\/maxani.nl\/product\/tweedaagse-cursus-dermatologie-cytologie\/\",\"name\":\"Tweedaagse cursus Dermatologie & Cytologie - Maxani Animal Healthcare BV\",\"isPartOf\":{\"@id\":\"https:\/\/maxani.nl\/#website\"},\"primaryImageOfPage\":{\"@id\":\"https:\/\/maxani.nl\/product\/tweedaagse-cursus-dermatologie-cytologie\/#primaryimage\"},\"image\":{\"@id\":\"https:\/\/maxani.nl\/product\/tweedaagse-cursus-dermatologie-cytologie\/#primaryimage\"},\"thumbnailUrl\":\"https:\/\/maxani.nl\/wp-content\/uploads\/2025\/07\/Orange-Professional-Hiring-LinkedIn-Post-8.png\",\"datePublished\":\"2025-07-14T09:33:41+00:00\",\"dateModified\":\"2026-02-02T08:59:10+00:00\",\"breadcrumb\":{\"@id\":\"https:\/\/maxani.nl\/product\/tweedaagse-cursus-dermatologie-cytologie\/#breadcrumb\"},\"inLanguage\":\"de\",\"potentialAction\":[{\"@type\":\"ReadAction\",\"target\":[\"https:\/\/maxani.nl\/product\/tweedaagse-cursus-dermatologie-cytologie\/\"]}]},{\"@type\":\"ImageObject\",\"inLanguage\":\"de\",\"@id\":\"https:\/\/maxani.nl\/product\/tweedaagse-cursus-dermatologie-cytologie\/#primaryimage\",\"url\":\"https:\/\/maxani.nl\/wp-content\/uploads\/2025\/07\/Orange-Professional-Hiring-LinkedIn-Post-8.png\",\"contentUrl\":\"https:\/\/maxani.nl\/wp-content\/uploads\/2025\/07\/Orange-Professional-Hiring-LinkedIn-Post-8.png\",\"width\":1200,\"height\":1200},{\"@type\":\"BreadcrumbList\",\"@id\":\"https:\/\/maxani.nl\/product\/tweedaagse-cursus-dermatologie-cytologie\/#breadcrumb\",\"itemListElement\":[{\"@type\":\"ListItem\",\"position\":1,\"name\":\"Home\",\"item\":\"https:\/\/maxani.nl\/\"},{\"@type\":\"ListItem\",\"position\":2,\"name\":\"Webshop\",\"item\":\"https:\/\/maxani.nl\/webshop\/\"},{\"@type\":\"ListItem\",\"position\":3,\"name\":\"Tweedaagse cursus Dermatologie &#038; Cytologie\"}]},{\"@type\":\"WebSite\",\"@id\":\"https:\/\/maxani.nl\/#website\",\"url\":\"https:\/\/maxani.nl\/\",\"name\":\"Maxani Animal Healthcare BV\",\"description\":\"Uw partner in veterinaire dermatologie\",\"potentialAction\":[{\"@type\":\"SearchAction\",\"target\":{\"@type\":\"EntryPoint\",\"urlTemplate\":\"https:\/\/maxani.nl\/?s={search_term_string}\"},\"query-input\":{\"@type\":\"PropertyValueSpecification\",\"valueRequired\":true,\"valueName\":\"search_term_string\"}}],\"inLanguage\":\"de\"}]}<\/script>\n<!-- \/ Yoast SEO plugin. -->","yoast_head_json":{"title":"Tweedaagse cursus Dermatologie & Cytologie - Maxani Animal Healthcare BV","robots":{"index":"index","follow":"follow","max-snippet":"max-snippet:-1","max-image-preview":"max-image-preview:large","max-video-preview":"max-video-preview:-1"},"canonical":"https:\/\/maxani.nl\/de\/produkt\/tweedaagse-cursus-dermatologie-cytologie\/","og_locale":"de_DE","og_type":"article","og_title":"Tweedaagse cursus Dermatologie & Cytologie - Maxani Animal Healthcare BV","og_description":"Op 26 maart en 16 april 2026\u00a0organiseert Maxani opnieuw de populaire cursus dermatologie en cytologie speciaal voor paraveterinairen die hun kennis en praktijkvaardigheden willen verdiepen.","og_url":"https:\/\/maxani.nl\/de\/produkt\/tweedaagse-cursus-dermatologie-cytologie\/","og_site_name":"Maxani Animal Healthcare BV","article_modified_time":"2026-02-02T08:59:10+00:00","og_image":[{"width":1200,"height":1200,"url":"https:\/\/maxani.nl\/wp-content\/uploads\/2025\/07\/Orange-Professional-Hiring-LinkedIn-Post-8.png","type":"image\/png"}],"twitter_card":"summary_large_image","twitter_misc":{"Gesch\u00e4tzte Lesezeit":"1\u00a0Minute"},"schema":{"@context":"https:\/\/schema.org","@graph":[{"@type":"WebPage","@id":"https:\/\/maxani.nl\/product\/tweedaagse-cursus-dermatologie-cytologie\/","url":"https:\/\/maxani.nl\/product\/tweedaagse-cursus-dermatologie-cytologie\/","name":"Tweedaagse cursus Dermatologie & Cytologie - Maxani Animal Healthcare BV","isPartOf":{"@id":"https:\/\/maxani.nl\/#website"},"primaryImageOfPage":{"@id":"https:\/\/maxani.nl\/product\/tweedaagse-cursus-dermatologie-cytologie\/#primaryimage"},"image":{"@id":"https:\/\/maxani.nl\/product\/tweedaagse-cursus-dermatologie-cytologie\/#primaryimage"},"thumbnailUrl":"https:\/\/maxani.nl\/wp-content\/uploads\/2025\/07\/Orange-Professional-Hiring-LinkedIn-Post-8.png","datePublished":"2025-07-14T09:33:41+00:00","dateModified":"2026-02-02T08:59:10+00:00","breadcrumb":{"@id":"https:\/\/maxani.nl\/product\/tweedaagse-cursus-dermatologie-cytologie\/#breadcrumb"},"inLanguage":"de","potentialAction":[{"@type":"ReadAction","target":["https:\/\/maxani.nl\/product\/tweedaagse-cursus-dermatologie-cytologie\/"]}]},{"@type":"ImageObject","inLanguage":"de","@id":"https:\/\/maxani.nl\/product\/tweedaagse-cursus-dermatologie-cytologie\/#primaryimage","url":"https:\/\/maxani.nl\/wp-content\/uploads\/2025\/07\/Orange-Professional-Hiring-LinkedIn-Post-8.png","contentUrl":"https:\/\/maxani.nl\/wp-content\/uploads\/2025\/07\/Orange-Professional-Hiring-LinkedIn-Post-8.png","width":1200,"height":1200},{"@type":"BreadcrumbList","@id":"https:\/\/maxani.nl\/product\/tweedaagse-cursus-dermatologie-cytologie\/#breadcrumb","itemListElement":[{"@type":"ListItem","position":1,"name":"Home","item":"https:\/\/maxani.nl\/"},{"@type":"ListItem","position":2,"name":"Webshop","item":"https:\/\/maxani.nl\/webshop\/"},{"@type":"ListItem","position":3,"name":"Tweedaagse cursus Dermatologie &#038; Cytologie"}]},{"@type":"WebSite","@id":"https:\/\/maxani.nl\/#website","url":"https:\/\/maxani.nl\/","name":"Maxani Animal Healthcare BV","description":"Ihr Partner in der Veterin\u00e4rdermatologie","potentialAction":[{"@type":"SearchAction","target":{"@type":"EntryPoint","urlTemplate":"https:\/\/maxani.nl\/?s={search_term_string}"},"query-input":{"@type":"PropertyValueSpecification","valueRequired":true,"valueName":"search_term_string"}}],"inLanguage":"de"}]}},"jetpack_sharing_enabled":true,"_links":{"self":[{"href":"https:\/\/maxani.nl\/de\/wp-json\/wp\/v2\/product\/17581","targetHints":{"allow":["GET"]}}],"collection":[{"href":"https:\/\/maxani.nl\/de\/wp-json\/wp\/v2\/product"}],"about":[{"href":"https:\/\/maxani.nl\/de\/wp-json\/wp\/v2\/types\/product"}],"wp:featuredmedia":[{"embeddable":true,"href":"https:\/\/maxani.nl\/de\/wp-json\/wp\/v2\/media\/18745"}],"wp:attachment":[{"href":"https:\/\/maxani.nl\/de\/wp-json\/wp\/v2\/media?parent=17581"}],"wp:term":[{"taxonomy":"product_brand","embeddable":true,"href":"https:\/\/maxani.nl\/de\/wp-json\/wp\/v2\/product_brand?post=17581"},{"taxonomy":"product_cat","embeddable":true,"href":"https:\/\/maxani.nl\/de\/wp-json\/wp\/v2\/product_cat?post=17581"},{"taxonomy":"product_tag","embeddable":true,"href":"https:\/\/maxani.nl\/de\/wp-json\/wp\/v2\/product_tag?post=17581"}],"curies":[{"name":"wp","href":"https:\/\/api.w.org\/{rel}","templated":true}]}}