{"id":163,"date":"2019-08-13T12:17:52","date_gmt":"2019-08-13T12:17:52","guid":{"rendered":"https:\/\/maandvandehuidverzorging.nl\/?post_type=product&#038;p=163"},"modified":"2026-03-04T12:09:03","modified_gmt":"2026-03-04T12:09:03","slug":"zure-oordruppels","status":"publish","type":"product","link":"https:\/\/maxani.nl\/de\/produkt\/zure-oordruppels\/","title":{"rendered":"Maxani Acetic Ear Drops (Saure Ohrentropfen)"},"content":{"rendered":"<p><strong>Indikationen<\/strong><\/p>\n<p>Akute und proliferative Otitis externa oder als Erhaltungspr\u00e4parat bei chronisch-rezidivierender Otitis externa und bei Hunden, die viel schwimmen.<\/p>\n<p><strong>Operation<\/strong><\/p>\n<p>Der Wirkstoff Essigs\u00e4ure senkt den pH-Wert im \u00e4u\u00dferen Geh\u00f6rgang und schafft so ein ung\u00fcnstiges Umfeld f\u00fcr unerw\u00fcnschte Mikroorganismen. Es ist ein geeignetes Pflegemittel, hilft schnell und sorgt f\u00fcr gesunde Ohren.<\/p>\n<p><strong>Verwenden Sie<\/strong><\/p>\n<p>Vor der Anwendung ist ein Tierarzt zu konsultieren und die vorgeschriebene Anwendung zu befolgen. Die \u00fcbliche Dosierung f\u00fcr ein gereiztes Ohr ist 1-3 mal t\u00e4glich 5-20 Tropfen, abh\u00e4ngig von der Gr\u00f6\u00dfe des Tieres, direkt in das zu behandelnde Ohr. In der Regel wird bei kleinen Hunden (10 kg) \u00bd Pipette (10- 20 Tropfen) pro Ohr verabreicht. Zur Pflege ist die \u00fcbliche Dosis 1-3 Mal pro Woche, und f\u00fcr Hunde, die sehr unter dem Schwimmen leiden, ist es empfehlenswert, vor oder nach dem Schwimmen zu behandeln.<\/p>\n<p>Stellen Sie sicher, dass die Ohrentropfen vor der Verabreichung Raumtemperatur haben, indem Sie beispielsweise die Flasche in der Hand erw\u00e4rmen. Nach der Verabreichung ist es wichtig, die Hand etwa 2 Minuten lang auf dem Ohr zu halten, damit sich die Tropfen gleichm\u00e4\u00dfig im Geh\u00f6rgang verteilen k\u00f6nnen. Das Sch\u00fctteln des Bechers ist danach kein Problem. Vermeiden Sie es, das Ohr zu massieren.<\/p>\n<span class=\"wppb-content-restriction-message\"><p data-opacity=\"0.5\">F\u00fcr weitere Informationen m\u00fcssen Sie eingeloggt sein<\/p>\n<\/span>","protected":false},"excerpt":{"rendered":"<p>Saure Ohrentropfen hemmen den Juckreiz und die Schwellung bei einer Ohrenentz\u00fcndung. Angesichts der Antibiotikaresistenz sind saure Ohrentropfen eine gute Alternative. Saure Ohrentropfen sind von Apothekern entwickelt worden. Die KNMvD-Leitlinie \"Otitis externa bei Hund und Katze\" (2015) beschreibt, dass insbesondere bei Hunden mit chronisch-rezidivierender proliferativer Otitis externa diese neue Behandlungsmethode in Betracht gezogen werden kann. Saure Ohrentropfen (mit und ohne Kortikosteroide) werden seit langem bei Menschen mit Otitis externa und bei Menschen, die viel schwimmen oder tauchen, auf humane Weise als Mittel der ersten Wahl eingesetzt und werden daher auch f\u00fcr Hunde empfohlen.<\/p>\n<p><strong>Tier<\/strong>: Hund und Katze<\/p>\n<p><strong>Inhalt<\/strong>: 10 ml, 20 ml<\/p>\n<span class=\"wppb-content-restriction-message\"><p data-opacity=\"0.5\">F\u00fcr weitere Informationen m\u00fcssen Sie eingeloggt sein<\/p>\n<\/span>\n<p>&nbsp;<\/p>","protected":false},"featured_media":11879,"template":"","meta":[],"product_brand":[],"product_cat":[15,29],"product_tag":[250,251,252,249,248],"class_list":{"0":"post-163","1":"product","2":"type-product","3":"status-publish","4":"has-post-thumbnail","6":"product_cat-alle-producten","7":"product_cat-maxani","8":"product_tag-250","9":"product_tag-251","10":"product_tag-acetic","11":"product_tag-oordruppels","12":"product_tag-zuur","14":"first","15":"instock","16":"taxable","17":"shipping-taxable","18":"product-type-variable"},"yoast_head":"<!-- This site is optimized with the Yoast SEO plugin v27.1.1 - https:\/\/yoast.com\/product\/yoast-seo-wordpress\/ -->\n<title>Maxani Acetic Ear Drops (Zure oordruppels) - Maxani Animal Healthcare BV<\/title>\n<meta name=\"robots\" content=\"index, follow, max-snippet:-1, max-image-preview:large, max-video-preview:-1\" \/>\n<link rel=\"canonical\" href=\"https:\/\/maxani.nl\/de\/produkt\/zure-oordruppels\/\" \/>\n<meta property=\"og:locale\" content=\"de_DE\" \/>\n<meta property=\"og:type\" content=\"article\" \/>\n<meta property=\"og:title\" content=\"Maxani Acetic Ear Drops (Zure oordruppels) - Maxani Animal Healthcare BV\" \/>\n<meta property=\"og:description\" content=\"Zure oordruppels remmen jeuk en zwelling bij een oorontsteking. Het gebruik van zure oordruppels is met oog op antibioticaresistentie een mooi alternatief. Zure oordruppels zijn ontwikkeld door apothekers. In de richtlijn \u2018Otitis externa bij de hond en kat\u2019 van het KNMvD (2015) staat beschreven dat men met name voor honden met chronische recidiverende proliferatieve otitis externa deze nieuwe manier van behandelen kan overwegen. Zure oordruppels (met en zonder corticostero\u00efden) worden sinds jaar en dag al humaan gebruikt als eerste keus bij mensen met otitis externa en bij mensen die veel zwemmen of duiken en worden zo ook voor honden geadviseerd.  Dier: Hond en kat  Inhoud: 10 ml, 20 ml    &nbsp;\" \/>\n<meta property=\"og:url\" content=\"https:\/\/maxani.nl\/de\/produkt\/zure-oordruppels\/\" \/>\n<meta property=\"og:site_name\" content=\"Maxani Animal Healthcare BV\" \/>\n<meta property=\"article:modified_time\" content=\"2026-03-04T12:09:03+00:00\" \/>\n<meta property=\"og:image\" content=\"https:\/\/maxani.nl\/wp-content\/uploads\/2023\/01\/Maxani-ear-drops-10-en-20ml.jpg\" \/>\n\t<meta property=\"og:image:width\" content=\"1080\" \/>\n\t<meta property=\"og:image:height\" content=\"1080\" \/>\n\t<meta property=\"og:image:type\" content=\"image\/jpeg\" \/>\n<meta name=\"twitter:card\" content=\"summary_large_image\" \/>\n<meta name=\"twitter:label1\" content=\"Gesch\u00e4tzte Lesezeit\" \/>\n\t<meta name=\"twitter:data1\" content=\"3\u00a0Minuten\" \/>\n<script type=\"application\/ld+json\" class=\"yoast-schema-graph\">{\"@context\":\"https:\/\/schema.org\",\"@graph\":[{\"@type\":\"WebPage\",\"@id\":\"https:\/\/maxani.nl\/product\/zure-oordruppels\/\",\"url\":\"https:\/\/maxani.nl\/product\/zure-oordruppels\/\",\"name\":\"Maxani Acetic Ear Drops (Zure oordruppels) - Maxani Animal Healthcare BV\",\"isPartOf\":{\"@id\":\"https:\/\/maxani.nl\/#website\"},\"primaryImageOfPage\":{\"@id\":\"https:\/\/maxani.nl\/product\/zure-oordruppels\/#primaryimage\"},\"image\":{\"@id\":\"https:\/\/maxani.nl\/product\/zure-oordruppels\/#primaryimage\"},\"thumbnailUrl\":\"https:\/\/maxani.nl\/wp-content\/uploads\/2023\/01\/Maxani-ear-drops-10-en-20ml.jpg\",\"datePublished\":\"2019-08-13T12:17:52+00:00\",\"dateModified\":\"2026-03-04T12:09:03+00:00\",\"breadcrumb\":{\"@id\":\"https:\/\/maxani.nl\/product\/zure-oordruppels\/#breadcrumb\"},\"inLanguage\":\"de\",\"potentialAction\":[{\"@type\":\"ReadAction\",\"target\":[\"https:\/\/maxani.nl\/product\/zure-oordruppels\/\"]}]},{\"@type\":\"ImageObject\",\"inLanguage\":\"de\",\"@id\":\"https:\/\/maxani.nl\/product\/zure-oordruppels\/#primaryimage\",\"url\":\"https:\/\/maxani.nl\/wp-content\/uploads\/2023\/01\/Maxani-ear-drops-10-en-20ml.jpg\",\"contentUrl\":\"https:\/\/maxani.nl\/wp-content\/uploads\/2023\/01\/Maxani-ear-drops-10-en-20ml.jpg\",\"width\":1080,\"height\":1080},{\"@type\":\"BreadcrumbList\",\"@id\":\"https:\/\/maxani.nl\/product\/zure-oordruppels\/#breadcrumb\",\"itemListElement\":[{\"@type\":\"ListItem\",\"position\":1,\"name\":\"Home\",\"item\":\"https:\/\/maxani.nl\/\"},{\"@type\":\"ListItem\",\"position\":2,\"name\":\"Webshop\",\"item\":\"https:\/\/maxani.nl\/webshop\/\"},{\"@type\":\"ListItem\",\"position\":3,\"name\":\"Maxani Acetic Ear Drops (Zure oordruppels)\"}]},{\"@type\":\"WebSite\",\"@id\":\"https:\/\/maxani.nl\/#website\",\"url\":\"https:\/\/maxani.nl\/\",\"name\":\"Maxani Animal Healthcare BV\",\"description\":\"Uw partner in veterinaire dermatologie\",\"potentialAction\":[{\"@type\":\"SearchAction\",\"target\":{\"@type\":\"EntryPoint\",\"urlTemplate\":\"https:\/\/maxani.nl\/?s={search_term_string}\"},\"query-input\":{\"@type\":\"PropertyValueSpecification\",\"valueRequired\":true,\"valueName\":\"search_term_string\"}}],\"inLanguage\":\"de\"}]}<\/script>\n<!-- \/ Yoast SEO plugin. -->","yoast_head_json":{"title":"Maxani Acetic Ear Drops (Zure oordruppels) - Maxani Animal Healthcare BV","robots":{"index":"index","follow":"follow","max-snippet":"max-snippet:-1","max-image-preview":"max-image-preview:large","max-video-preview":"max-video-preview:-1"},"canonical":"https:\/\/maxani.nl\/de\/produkt\/zure-oordruppels\/","og_locale":"de_DE","og_type":"article","og_title":"Maxani Acetic Ear Drops (Zure oordruppels) - Maxani Animal Healthcare BV","og_description":"Zure oordruppels remmen jeuk en zwelling bij een oorontsteking. Het gebruik van zure oordruppels is met oog op antibioticaresistentie een mooi alternatief. Zure oordruppels zijn ontwikkeld door apothekers. In de richtlijn \u2018Otitis externa bij de hond en kat\u2019 van het KNMvD (2015) staat beschreven dat men met name voor honden met chronische recidiverende proliferatieve otitis externa deze nieuwe manier van behandelen kan overwegen. Zure oordruppels (met en zonder corticostero\u00efden) worden sinds jaar en dag al humaan gebruikt als eerste keus bij mensen met otitis externa en bij mensen die veel zwemmen of duiken en worden zo ook voor honden geadviseerd.  Dier: Hond en kat  Inhoud: 10 ml, 20 ml    &nbsp;","og_url":"https:\/\/maxani.nl\/de\/produkt\/zure-oordruppels\/","og_site_name":"Maxani Animal Healthcare BV","article_modified_time":"2026-03-04T12:09:03+00:00","og_image":[{"width":1080,"height":1080,"url":"https:\/\/maxani.nl\/wp-content\/uploads\/2023\/01\/Maxani-ear-drops-10-en-20ml.jpg","type":"image\/jpeg"}],"twitter_card":"summary_large_image","twitter_misc":{"Gesch\u00e4tzte Lesezeit":"3\u00a0Minuten"},"schema":{"@context":"https:\/\/schema.org","@graph":[{"@type":"WebPage","@id":"https:\/\/maxani.nl\/product\/zure-oordruppels\/","url":"https:\/\/maxani.nl\/product\/zure-oordruppels\/","name":"Maxani Acetic Ear Drops (Zure oordruppels) - Maxani Animal Healthcare BV","isPartOf":{"@id":"https:\/\/maxani.nl\/#website"},"primaryImageOfPage":{"@id":"https:\/\/maxani.nl\/product\/zure-oordruppels\/#primaryimage"},"image":{"@id":"https:\/\/maxani.nl\/product\/zure-oordruppels\/#primaryimage"},"thumbnailUrl":"https:\/\/maxani.nl\/wp-content\/uploads\/2023\/01\/Maxani-ear-drops-10-en-20ml.jpg","datePublished":"2019-08-13T12:17:52+00:00","dateModified":"2026-03-04T12:09:03+00:00","breadcrumb":{"@id":"https:\/\/maxani.nl\/product\/zure-oordruppels\/#breadcrumb"},"inLanguage":"de","potentialAction":[{"@type":"ReadAction","target":["https:\/\/maxani.nl\/product\/zure-oordruppels\/"]}]},{"@type":"ImageObject","inLanguage":"de","@id":"https:\/\/maxani.nl\/product\/zure-oordruppels\/#primaryimage","url":"https:\/\/maxani.nl\/wp-content\/uploads\/2023\/01\/Maxani-ear-drops-10-en-20ml.jpg","contentUrl":"https:\/\/maxani.nl\/wp-content\/uploads\/2023\/01\/Maxani-ear-drops-10-en-20ml.jpg","width":1080,"height":1080},{"@type":"BreadcrumbList","@id":"https:\/\/maxani.nl\/product\/zure-oordruppels\/#breadcrumb","itemListElement":[{"@type":"ListItem","position":1,"name":"Home","item":"https:\/\/maxani.nl\/"},{"@type":"ListItem","position":2,"name":"Webshop","item":"https:\/\/maxani.nl\/webshop\/"},{"@type":"ListItem","position":3,"name":"Maxani Acetic Ear Drops (Zure oordruppels)"}]},{"@type":"WebSite","@id":"https:\/\/maxani.nl\/#website","url":"https:\/\/maxani.nl\/","name":"Maxani Animal Healthcare BV","description":"Ihr Partner in der Veterin\u00e4rdermatologie","potentialAction":[{"@type":"SearchAction","target":{"@type":"EntryPoint","urlTemplate":"https:\/\/maxani.nl\/?s={search_term_string}"},"query-input":{"@type":"PropertyValueSpecification","valueRequired":true,"valueName":"search_term_string"}}],"inLanguage":"de"}]}},"jetpack_sharing_enabled":true,"_links":{"self":[{"href":"https:\/\/maxani.nl\/de\/wp-json\/wp\/v2\/product\/163","targetHints":{"allow":["GET"]}}],"collection":[{"href":"https:\/\/maxani.nl\/de\/wp-json\/wp\/v2\/product"}],"about":[{"href":"https:\/\/maxani.nl\/de\/wp-json\/wp\/v2\/types\/product"}],"wp:featuredmedia":[{"embeddable":true,"href":"https:\/\/maxani.nl\/de\/wp-json\/wp\/v2\/media\/11879"}],"wp:attachment":[{"href":"https:\/\/maxani.nl\/de\/wp-json\/wp\/v2\/media?parent=163"}],"wp:term":[{"taxonomy":"product_brand","embeddable":true,"href":"https:\/\/maxani.nl\/de\/wp-json\/wp\/v2\/product_brand?post=163"},{"taxonomy":"product_cat","embeddable":true,"href":"https:\/\/maxani.nl\/de\/wp-json\/wp\/v2\/product_cat?post=163"},{"taxonomy":"product_tag","embeddable":true,"href":"https:\/\/maxani.nl\/de\/wp-json\/wp\/v2\/product_tag?post=163"}],"curies":[{"name":"wp","href":"https:\/\/api.w.org\/{rel}","templated":true}]}}