{"id":16241,"date":"2025-03-22T22:01:53","date_gmt":"2025-03-22T22:01:53","guid":{"rendered":"https:\/\/maxani.nl\/?post_type=product&#038;p=16241"},"modified":"2025-10-03T14:57:10","modified_gmt":"2025-10-03T14:57:10","slug":"dermcoat","status":"publish","type":"product","link":"https:\/\/maxani.nl\/de\/produkt\/dermcoat\/","title":{"rendered":"Maxani DermCoat"},"content":{"rendered":"<p>Bei Maxani arbeiten wir st\u00e4ndig an intelligenten L\u00f6sungen f\u00fcr wirksamere dermatologische Therapien. Unsere neueste Innovation: der DermCoat - ein therapeutischer Mantel, der es erm\u00f6glicht, Shampoo- und \u00d6lbehandlungen effektiver wirken zu lassen. Anders als ein saugf\u00e4higer Bademantel h\u00e4lt der DermCoat das Produkt auf der Haut und sorgt so f\u00fcr eine schnellere Heilung und mehr Komfort f\u00fcr Tier und Besitzer.<\/p>\n<p><strong>Warum beraten?<\/strong><\/p>\n<ul>\n<li>\n<div><strong>Maximale Wirksamkeit:<\/strong> Sorgt f\u00fcr einen l\u00e4ngeren Kontakt zwischen Haut und Produkt, damit die Wirkstoffe besser wirken k\u00f6nnen.<\/div>\n<\/li>\n<li>\n<div><strong>Wesentlich in der \u00d6ltherapie:<\/strong> Ideal beim Auftragen von feuchtigkeitsspendenden \u00d6len: verhindert Verunreinigungen aus der Umwelt und f\u00f6rdert die Aufnahme in die Haut.<\/div>\n<\/li>\n<li>\n<div><strong>Bessere Einhaltung der Vorschriften:<\/strong> Einfache Anwendung, klare Anweisungen und weniger Unordnung erleichtern es den Besitzern, die Behandlung korrekt durchzuf\u00fchren.<\/div>\n<\/li>\n<li>\n<div><strong>Professionelles Auftreten:<\/strong> Das gibt den Besitzern zus\u00e4tzliches Vertrauen in den verordneten Behandlungsplan.<\/div>\n<\/li>\n<\/ul>\n<p><strong>Vorteile f\u00fcr den Eigent\u00fcmer<\/strong><\/p>\n<ul>\n<li><strong> Benutzerfreundlich:<\/strong> Einfaches An- und Ausziehen, auch durch eine Person - keine nassen Handt\u00fccher und keine Unordnung mehr.<\/li>\n<li><strong>Eine saubere Umwelt:<\/strong> Shampoo oder \u00d6l bleiben auf der Haut des Tieres, nicht auf W\u00e4nden, M\u00f6beln, Boden oder Kleidung.<\/li>\n<li><strong>Shampoo bleibt auf der Haut<\/strong>Keine Angst mehr, dass der Hund das Shampoo aussch\u00fcttelt.<\/li>\n<\/ul>\n<p><strong>Vorteile f\u00fcr den Hund<\/strong><\/p>\n<ul>\n<li><strong> Komfort und Bewegungsfreiheit<\/strong>Keine kalten, nassen Handt\u00fccher oder klebrigen Badem\u00e4ntel - der Hund kann sich beim Einweichen frei bewegen.<\/li>\n<li><strong>Weniger Stress, schnellere Erholung<\/strong>Die bequeme Passform und die optimalen Behandlungsbedingungen tragen zu einem schnelleren und angenehmeren Genesungsprozess bei.<\/li>\n<\/ul>\n<p><strong>Wichtige Hinweise zur Verwendung <\/strong><\/p>\n<p>Lassen Sie das Tier bei hei\u00dfem Wetter nicht \u00fcber l\u00e4ngere Zeit mit der DermCoat herumlaufen. Aufgrund der isolierenden Wirkung besteht die Gefahr der \u00dcberhitzung. Verwenden Sie die DermCoat immer unter Aufsicht.<\/p>\n<p><strong>Einzelheiten zum Produkt<\/strong><\/p>\n<ul>\n<li>\n<div>Flexibel, leicht und bequem<\/div>\n<\/li>\n<li>Wiederverwendbar und waschbar bei 30\u00b0C (nicht im Trockner trocknen)<\/li>\n<li>Spezielle Innenbeschichtung h\u00e4lt Shampoo oder \u00d6l effektiv auf der Haut<\/li>\n<\/ul>\n<span class=\"wppb-content-restriction-message\"><p data-opacity=\"0.5\">F\u00fcr weitere Informationen m\u00fcssen Sie eingeloggt sein<\/p>\n<\/span>","protected":false},"excerpt":{"rendered":"<p>Der intelligente Mantel, der sowohl die Therapietreue als auch die Behandlungsergebnisse verbessert. Unsere neueste Innovation: der DermCoat - ein therapeutischer Mantel, der Shampoo- und \u00d6lbehandlungen besser wirken l\u00e4sst. Anders als ein saugf\u00e4higer Bademantel h\u00e4lt der DermCoat das Produkt auf der Haut und sorgt so f\u00fcr eine schnellere Heilung und mehr Komfort f\u00fcr Tier und Besitzer.<\/p>","protected":false},"featured_media":17223,"template":"","meta":[],"product_brand":[],"product_cat":[15,29,24,36,37,124],"product_tag":[],"class_list":{"0":"post-16241","1":"product","2":"type-product","3":"status-publish","4":"has-post-thumbnail","6":"product_cat-alle-producten","7":"product_cat-maxani","8":"product_cat-atopie","9":"product_cat-pyodermie","10":"product_cat-seborroe","11":"product_cat-therapietrouw","13":"first","14":"instock","15":"taxable","16":"shipping-taxable","17":"product-type-variable"},"yoast_head":"<!-- This site is optimized with the Yoast SEO plugin v27.1.1 - https:\/\/yoast.com\/product\/yoast-seo-wordpress\/ -->\n<title>Maxani DermCoat - Maxani Animal Healthcare BV<\/title>\n<meta name=\"robots\" content=\"index, follow, max-snippet:-1, max-image-preview:large, max-video-preview:-1\" \/>\n<link rel=\"canonical\" href=\"https:\/\/maxani.nl\/de\/produkt\/dermcoat\/\" \/>\n<meta property=\"og:locale\" content=\"de_DE\" \/>\n<meta property=\"og:type\" content=\"article\" \/>\n<meta property=\"og:title\" content=\"Maxani DermCoat - Maxani Animal Healthcare BV\" \/>\n<meta property=\"og:description\" content=\"De slimme jas die therapietrouw \u00e9n behandelresultaten verbetert. Onze nieuwste innovatie: de DermCoat \u2013 een therapeutische jas die shampoo- en oliebehandelingen beter laat inwerken. In tegenstelling tot een absorberende badjas houdt de DermCoat het product op de huid, voor snellere genezing en meer comfort voor dier \u00e9n eigenaar.\" \/>\n<meta property=\"og:url\" content=\"https:\/\/maxani.nl\/de\/produkt\/dermcoat\/\" \/>\n<meta property=\"og:site_name\" content=\"Maxani Animal Healthcare BV\" \/>\n<meta property=\"article:modified_time\" content=\"2025-10-03T14:57:10+00:00\" \/>\n<meta property=\"og:image\" content=\"https:\/\/maxani.nl\/wp-content\/uploads\/2025\/06\/Maxani_DermCoat.png\" \/>\n\t<meta property=\"og:image:width\" content=\"1080\" \/>\n\t<meta property=\"og:image:height\" content=\"1080\" \/>\n\t<meta property=\"og:image:type\" content=\"image\/png\" \/>\n<meta name=\"twitter:card\" content=\"summary_large_image\" \/>\n<meta name=\"twitter:label1\" content=\"Gesch\u00e4tzte Lesezeit\" \/>\n\t<meta name=\"twitter:data1\" content=\"2\u00a0Minuten\" \/>\n<script type=\"application\/ld+json\" class=\"yoast-schema-graph\">{\"@context\":\"https:\/\/schema.org\",\"@graph\":[{\"@type\":\"WebPage\",\"@id\":\"https:\/\/maxani.nl\/product\/dermcoat\/\",\"url\":\"https:\/\/maxani.nl\/product\/dermcoat\/\",\"name\":\"Maxani DermCoat - Maxani Animal Healthcare BV\",\"isPartOf\":{\"@id\":\"https:\/\/maxani.nl\/#website\"},\"primaryImageOfPage\":{\"@id\":\"https:\/\/maxani.nl\/product\/dermcoat\/#primaryimage\"},\"image\":{\"@id\":\"https:\/\/maxani.nl\/product\/dermcoat\/#primaryimage\"},\"thumbnailUrl\":\"https:\/\/maxani.nl\/wp-content\/uploads\/2025\/06\/Maxani_DermCoat.png\",\"datePublished\":\"2025-03-22T22:01:53+00:00\",\"dateModified\":\"2025-10-03T14:57:10+00:00\",\"breadcrumb\":{\"@id\":\"https:\/\/maxani.nl\/product\/dermcoat\/#breadcrumb\"},\"inLanguage\":\"de\",\"potentialAction\":[{\"@type\":\"ReadAction\",\"target\":[\"https:\/\/maxani.nl\/product\/dermcoat\/\"]}]},{\"@type\":\"ImageObject\",\"inLanguage\":\"de\",\"@id\":\"https:\/\/maxani.nl\/product\/dermcoat\/#primaryimage\",\"url\":\"https:\/\/maxani.nl\/wp-content\/uploads\/2025\/06\/Maxani_DermCoat.png\",\"contentUrl\":\"https:\/\/maxani.nl\/wp-content\/uploads\/2025\/06\/Maxani_DermCoat.png\",\"width\":1080,\"height\":1080},{\"@type\":\"BreadcrumbList\",\"@id\":\"https:\/\/maxani.nl\/product\/dermcoat\/#breadcrumb\",\"itemListElement\":[{\"@type\":\"ListItem\",\"position\":1,\"name\":\"Home\",\"item\":\"https:\/\/maxani.nl\/\"},{\"@type\":\"ListItem\",\"position\":2,\"name\":\"Webshop\",\"item\":\"https:\/\/maxani.nl\/webshop\/\"},{\"@type\":\"ListItem\",\"position\":3,\"name\":\"Maxani DermCoat\"}]},{\"@type\":\"WebSite\",\"@id\":\"https:\/\/maxani.nl\/#website\",\"url\":\"https:\/\/maxani.nl\/\",\"name\":\"Maxani Animal Healthcare BV\",\"description\":\"Uw partner in veterinaire dermatologie\",\"potentialAction\":[{\"@type\":\"SearchAction\",\"target\":{\"@type\":\"EntryPoint\",\"urlTemplate\":\"https:\/\/maxani.nl\/?s={search_term_string}\"},\"query-input\":{\"@type\":\"PropertyValueSpecification\",\"valueRequired\":true,\"valueName\":\"search_term_string\"}}],\"inLanguage\":\"de\"}]}<\/script>\n<!-- \/ Yoast SEO plugin. -->","yoast_head_json":{"title":"Maxani DermCoat - Maxani Animal Healthcare BV","robots":{"index":"index","follow":"follow","max-snippet":"max-snippet:-1","max-image-preview":"max-image-preview:large","max-video-preview":"max-video-preview:-1"},"canonical":"https:\/\/maxani.nl\/de\/produkt\/dermcoat\/","og_locale":"de_DE","og_type":"article","og_title":"Maxani DermCoat - Maxani Animal Healthcare BV","og_description":"De slimme jas die therapietrouw \u00e9n behandelresultaten verbetert. Onze nieuwste innovatie: de DermCoat \u2013 een therapeutische jas die shampoo- en oliebehandelingen beter laat inwerken. In tegenstelling tot een absorberende badjas houdt de DermCoat het product op de huid, voor snellere genezing en meer comfort voor dier \u00e9n eigenaar.","og_url":"https:\/\/maxani.nl\/de\/produkt\/dermcoat\/","og_site_name":"Maxani Animal Healthcare BV","article_modified_time":"2025-10-03T14:57:10+00:00","og_image":[{"width":1080,"height":1080,"url":"https:\/\/maxani.nl\/wp-content\/uploads\/2025\/06\/Maxani_DermCoat.png","type":"image\/png"}],"twitter_card":"summary_large_image","twitter_misc":{"Gesch\u00e4tzte Lesezeit":"2\u00a0Minuten"},"schema":{"@context":"https:\/\/schema.org","@graph":[{"@type":"WebPage","@id":"https:\/\/maxani.nl\/product\/dermcoat\/","url":"https:\/\/maxani.nl\/product\/dermcoat\/","name":"Maxani DermCoat - Maxani Animal Healthcare BV","isPartOf":{"@id":"https:\/\/maxani.nl\/#website"},"primaryImageOfPage":{"@id":"https:\/\/maxani.nl\/product\/dermcoat\/#primaryimage"},"image":{"@id":"https:\/\/maxani.nl\/product\/dermcoat\/#primaryimage"},"thumbnailUrl":"https:\/\/maxani.nl\/wp-content\/uploads\/2025\/06\/Maxani_DermCoat.png","datePublished":"2025-03-22T22:01:53+00:00","dateModified":"2025-10-03T14:57:10+00:00","breadcrumb":{"@id":"https:\/\/maxani.nl\/product\/dermcoat\/#breadcrumb"},"inLanguage":"de","potentialAction":[{"@type":"ReadAction","target":["https:\/\/maxani.nl\/product\/dermcoat\/"]}]},{"@type":"ImageObject","inLanguage":"de","@id":"https:\/\/maxani.nl\/product\/dermcoat\/#primaryimage","url":"https:\/\/maxani.nl\/wp-content\/uploads\/2025\/06\/Maxani_DermCoat.png","contentUrl":"https:\/\/maxani.nl\/wp-content\/uploads\/2025\/06\/Maxani_DermCoat.png","width":1080,"height":1080},{"@type":"BreadcrumbList","@id":"https:\/\/maxani.nl\/product\/dermcoat\/#breadcrumb","itemListElement":[{"@type":"ListItem","position":1,"name":"Home","item":"https:\/\/maxani.nl\/"},{"@type":"ListItem","position":2,"name":"Webshop","item":"https:\/\/maxani.nl\/webshop\/"},{"@type":"ListItem","position":3,"name":"Maxani DermCoat"}]},{"@type":"WebSite","@id":"https:\/\/maxani.nl\/#website","url":"https:\/\/maxani.nl\/","name":"Maxani Animal Healthcare BV","description":"Ihr Partner in der Veterin\u00e4rdermatologie","potentialAction":[{"@type":"SearchAction","target":{"@type":"EntryPoint","urlTemplate":"https:\/\/maxani.nl\/?s={search_term_string}"},"query-input":{"@type":"PropertyValueSpecification","valueRequired":true,"valueName":"search_term_string"}}],"inLanguage":"de"}]}},"jetpack_sharing_enabled":true,"_links":{"self":[{"href":"https:\/\/maxani.nl\/de\/wp-json\/wp\/v2\/product\/16241","targetHints":{"allow":["GET"]}}],"collection":[{"href":"https:\/\/maxani.nl\/de\/wp-json\/wp\/v2\/product"}],"about":[{"href":"https:\/\/maxani.nl\/de\/wp-json\/wp\/v2\/types\/product"}],"wp:featuredmedia":[{"embeddable":true,"href":"https:\/\/maxani.nl\/de\/wp-json\/wp\/v2\/media\/17223"}],"wp:attachment":[{"href":"https:\/\/maxani.nl\/de\/wp-json\/wp\/v2\/media?parent=16241"}],"wp:term":[{"taxonomy":"product_brand","embeddable":true,"href":"https:\/\/maxani.nl\/de\/wp-json\/wp\/v2\/product_brand?post=16241"},{"taxonomy":"product_cat","embeddable":true,"href":"https:\/\/maxani.nl\/de\/wp-json\/wp\/v2\/product_cat?post=16241"},{"taxonomy":"product_tag","embeddable":true,"href":"https:\/\/maxani.nl\/de\/wp-json\/wp\/v2\/product_tag?post=16241"}],"curies":[{"name":"wp","href":"https:\/\/api.w.org\/{rel}","templated":true}]}}