{"id":15179,"date":"2024-09-12T10:34:18","date_gmt":"2024-09-12T10:34:18","guid":{"rendered":"https:\/\/maxani.nl\/?post_type=product&#038;p=15179"},"modified":"2026-01-05T08:38:06","modified_gmt":"2026-01-05T08:38:06","slug":"maxani-skin-protect-cream-30-ml","status":"publish","type":"product","link":"https:\/\/maxani.nl\/de\/produkt\/maxani-skin-protect-cream-30-ml\/","title":{"rendered":"Maxani Skin Protect Creme 30 ml"},"content":{"rendered":"<p><strong>Protect Skin Creme<\/strong><br \/>\nSch\u00fctzende und pflegende Creme f\u00fcr gereizte und empfindliche Haut, z. B. im Augenbereich und auf den Schleimh\u00e4uten.<br \/>\nDie Protect Hautcreme legt eine d\u00fcnne, flexible Schutzschicht \u00fcber die ger\u00f6tete, empfindliche und gereizte Haut und hilft, sie zu sch\u00fctzen.<br \/>\ngegen \u00e4u\u00dfere Einfl\u00fcsse, insbesondere im Bereich der Augen und der Schleimh\u00e4ute.<br \/>\nDie Creme sch\u00fctzt die Haut auch vor Reizungen durch Urin, \u00fcbersch\u00fcssige Tr\u00e4nenfl\u00fcssigkeit, Schleim, F\u00e4kalien und Medikamentenr\u00fcckst\u00e4nde. Neben dem Schutz bietet diese Creme auch wichtige N\u00e4hrstoffe und Feuchtigkeit, die f\u00fcr die Erholung der Haut entscheidend sind.<\/p>\n<p><strong>Indikationen<\/strong><br \/>\nDie Creme kann auf alle Bereiche aufgetragen werden, die zus\u00e4tzliche Feuchtigkeit, Schutz und Pflege ben\u00f6tigen. Dank ihrer sehr milden und sicheren Formel ist die Creme sogar f\u00fcr die Anwendung in der N\u00e4he der Schleimh\u00e4ute geeignet.<br \/>\n- Reizung und R\u00f6tung der Haut um die Augen bei Pferd, Kaninchen, Hund und Katze.<br \/>\n- Urinver\u00e4tzungen oder durch Urin oder Kot verursachte Hautreizungen, wie z. B. am Bauch von R\u00fcden (auch Welpen), die durch anhaltenden Durchfall verursachte rote Haut, das Hinterteil von Kaninchen oder bei Inkontinenzproblemen, k\u00f6nnen mit dieser Creme wirksam gepflegt werden. Achten Sie jedoch darauf, dass keine Hautinfektion vorliegt, da diese zuerst behandelt werden muss. W\u00e4hrend der Behandlung der sekund\u00e4ren Hautinfektion kann die Creme als erg\u00e4nzende Pflege und danach zur weiteren Erholung der Haut verwendet werden.<br \/>\n- Nachsorge und zus\u00e4tzlicher Schutz empfindlicher, aber geschlossener Haut, z. B. nach Wunden, N\u00e4hten oder anderen Verletzungen.<br \/>\n- Hydratation und Reparatur von trockener und gesch\u00e4digter Haut.<br \/>\n- Schutz vor Reizstoffen wie Tr\u00e4nenfl\u00fcssigkeit, F\u00e4kalien, Urinschleim und Medikamentenr\u00fcckst\u00e4nden.<\/p>\n<p><strong>Operation<\/strong><br \/>\nDiese sorgf\u00e4ltig formulierten Inhaltsstoffe bilden zusammen eine Creme, die die Haut wirksam sch\u00fctzt, mit Feuchtigkeit versorgt und beruhigt und gleichzeitig hilft, gereizte und gesch\u00e4digte Haut zu reparieren. Die Schutzschicht, die die Creme auf der Haut bildet, stammt von einer nat\u00fcrlichen Version des Capryloylglycerin\/Sebacins\u00e4ure-Copolymers. Dieses Copolymer bildet einen d\u00fcnnen, flexiblen Film, der die Haut vor \u00e4u\u00dferen Einfl\u00fcssen wie Urin, F\u00e4kalien und Schleim sch\u00fctzt und gleichzeitig die Feuchtigkeit in der Haut h\u00e4lt. Dar\u00fcber hinaus kombiniert diese intensiv pflegende Creme drei spezielle, beruhigende Inhaltsstoffe f\u00fcr optimale Ergebnisse:<\/p>\n<p><strong>ALLGEMEINES<\/strong><br \/>\n- Helianthus Annuus Seed Oil (Sonnenblumen\u00f6l): Dieses \u00d6l ist reich an pflanzlichen Sterolen und Squalen, st\u00e4rkt die Barrierefunktion der Haut und bietet Schutz vor Sch\u00e4den durch freie Radikale.<br \/>\n- Hamamelis (auf Wasserbasis ohne Alkohol): Beruhigt die Haut und hat entz\u00fcndungshemmende und adstringierende Eigenschaften, die R\u00f6tungen und Reizungen reduzieren.<br \/>\n- Allantoin: Unterst\u00fctzt die Hautreparatur, f\u00f6rdert die Exfoliation und beruhigt die gereizte Haut. Es sch\u00fctzt vor Austrocknung, indem es Feuchtigkeit speichert, und f\u00f6rdert die Hydratation, die f\u00fcr eine gesunde Haut unerl\u00e4sslich ist. Seine beruhigende Wirkung reduziert Reizungen, R\u00f6tungen und Unbehagen. Die Formel enth\u00e4lt au\u00dferdem Honig, Sheabutter, Vitamin E und Jojoba\u00f6l, die f\u00fcr ihre feuchtigkeitsspendenden, n\u00e4hrenden und aufbauenden Eigenschaften bekannt sind und die Haut weich und geschmeidig machen:<br \/>\n- Honig: Er ist f\u00fcr seine antibakteriellen und feuchtigkeitsspendenden Eigenschaften bekannt, spendet der Haut Feuchtigkeit und f\u00f6rdert den Heilungsprozess gereizter und gesch\u00e4digter Haut.<br \/>\n- Simmondsia Chinensis (Jojoba) Seed Oil: Jojoba\u00f6l \u00e4hnelt in seiner Zusammensetzung den nat\u00fcrlichen \u00d6len der Haut und tr\u00e4gt dazu bei, die Haut mit Feuchtigkeit zu versorgen, zu n\u00e4hren und sie vor dem Austrocknen zu sch\u00fctzen.<br \/>\n- Butyrospermum Parkii (Shea) Butter: Sheabutter ist bekannt f\u00fcr ihre intensiv feuchtigkeitsspendenden und n\u00e4hrenden Eigenschaften. Sie macht die Haut weich, repariert sie und sch\u00fctzt sie vor Trockenheit und Reizungen.<br \/>\n- Squalan: Ein nat\u00fcrliches \u00d6l, das Feuchtigkeit spendet, die Hautbarriere st\u00e4rkt und vor Feuchtigkeitsverlust sch\u00fctzt.<br \/>\n- Tocopherylacetat (Vitamin E): Ein starkes Antioxidans, das die Haut vor freien Radikalen sch\u00fctzt und gleichzeitig die Heilung und Hydratation f\u00f6rdert.<br \/>\n- Panthenol (Provitamin B5): Beruhigt, heilt, spendet Feuchtigkeit und macht die Haut geschmeidig.<\/p>\n<p>Diese Inhaltsstoffe wirken synergetisch, um die Haut zu sch\u00fctzen, zu reparieren und intensiv zu pflegen.<\/p>\n<p><strong>Dosierung und Anwendung<\/strong><br \/>\nReinigen Sie die gereizte Haut gr\u00fcndlich und tupfen Sie sie trocken, bevor Sie die Creme auftragen. Tragen Sie die Creme 2-3 Mal t\u00e4glich auf die gereizte Haut auf, um sie optimal zu sch\u00fctzen und zu pflegen. Die Creme ist sicher in der Anwendung, auch bei Kontakt mit den Augen, und verursacht keine Reizungen.<\/p>\n<p><strong>Zusammensetzung<\/strong><br \/>\nAqua, Caprylic\/Capric Triglyceride, Mel (Honig), Glyceryl Stearate Citrate, Glycerin,<br \/>\nSimmondsia chinensis (Jojoba)-Samen\u00f6l, Diheptylsuccinat, Butyrospermum<br \/>\nparkii (shea) butter, cetearyl alcohol, glyceryl stearate, hamamelis virginiana<br \/>\n(Hamamelis) Wasser, Squalan, Allantoin, Capryloylglycerin\/Sebacin<br \/>\nS\u00e4ure-Copolymer, Tocopherylacetat (Vitamin E), Panthenol, Tocopherol, Xanthan<br \/>\ngum, Sonnenblumenkern\u00f6l (Helianthus annuus), Zitronens\u00e4ure, Kalium<br \/>\nSorbat, Natriumbenzoat, Benzylalkohol.<\/p>\n<span class=\"wppb-content-restriction-message\"><p data-opacity=\"0.5\">F\u00fcr weitere Informationen m\u00fcssen Sie eingeloggt sein<\/p>\n<\/span>","protected":false},"excerpt":{"rendered":"<p>Protect Skin Creme<br \/>\nSch\u00fctzende und pflegende Creme f\u00fcr gereizte und<br \/>\nempfindliche Haut, z. B. um die Augen und auf den Schleimh\u00e4uten.<br \/>\nProtect Hautcreme legt eine d\u00fcnne, flexible Schutzschicht auf<br \/>\nauf ger\u00f6teter, empfindlicher und gereizter Haut und hilft, sie zu sch\u00fctzen<br \/>\ngegen \u00e4u\u00dfere Einfl\u00fcsse, insbesondere im Bereich der Augen und der Schleimh\u00e4ute.<br \/>\nDie Creme sch\u00fctzt die Haut auch vor Irritationen, die durch Urin verursacht werden,<br \/>\n\u00fcbersch\u00fcssige Tr\u00e4nenfl\u00fcssigkeit, Schleim, F\u00e4kalien und Medikamentenr\u00fcckst\u00e4nde. Zus\u00e4tzlich zum Schutz<br \/>\nDiese Creme spendet au\u00dferdem wichtige N\u00e4hrstoffe und Feuchtigkeit,<br \/>\ndas f\u00fcr die Reparatur der Haut entscheidend ist.<\/p>\n<p>Empfohlener Verkaufspreis: 15,75 \u20ac.<\/p>","protected":false},"featured_media":15381,"template":"","meta":[],"product_brand":[],"product_cat":[15,29,41,63,35],"product_tag":[],"class_list":{"0":"post-15179","1":"product","2":"type-product","3":"status-publish","4":"has-post-thumbnail","6":"product_cat-alle-producten","7":"product_cat-maxani","8":"product_cat-wond-en-huidplooi","9":"product_cat-oog","10":"product_cat-regular","12":"first","13":"instock","14":"taxable","15":"shipping-taxable","16":"product-type-simple"},"yoast_head":"<!-- This site is optimized with the Yoast SEO plugin v27.1.1 - https:\/\/yoast.com\/product\/yoast-seo-wordpress\/ -->\n<title>Maxani Skin Protect cream 30 ml - Maxani Animal Healthcare BV<\/title>\n<meta name=\"robots\" content=\"index, follow, max-snippet:-1, max-image-preview:large, max-video-preview:-1\" \/>\n<link rel=\"canonical\" href=\"https:\/\/maxani.nl\/de\/produkt\/maxani-skin-protect-cream-30-ml\/\" \/>\n<meta property=\"og:locale\" content=\"de_DE\" \/>\n<meta property=\"og:type\" content=\"article\" \/>\n<meta property=\"og:title\" content=\"Maxani Skin Protect cream 30 ml - Maxani Animal Healthcare BV\" \/>\n<meta property=\"og:description\" content=\"Protect Skin cream Beschermende en verzorgende cr\u00e8me voor de ge\u00efrriteerde en kwetsbare huid, zoals rond de ogen en op de slijmvliezen. Protect skin cream legt een dunne, flexibele beschermende laag over de rode, kwetsbare en ge\u00efrriteerde huid, en helpt deze te beschermen tegen externe factoren, met name rond de ogen en slijmvliezen. De cr\u00e8me beschermt de huid ook tegen irritatie door urine, overtollig traanvocht, slijm, ontlasting en medicatieresten. Naast bescherming biedt deze cr\u00e8me ook essenti\u00eble voeding en hydratatie, wat cruciaal is voor het herstel van de huid.  Advies verkoopprijs: \u20ac15,75\" \/>\n<meta property=\"og:url\" content=\"https:\/\/maxani.nl\/de\/produkt\/maxani-skin-protect-cream-30-ml\/\" \/>\n<meta property=\"og:site_name\" content=\"Maxani Animal Healthcare BV\" \/>\n<meta property=\"article:modified_time\" content=\"2026-01-05T08:38:06+00:00\" \/>\n<meta property=\"og:image\" content=\"https:\/\/maxani.nl\/wp-content\/uploads\/2024\/09\/Maxani-protect-skin-cream-30-ml.jpg\" \/>\n\t<meta property=\"og:image:width\" content=\"1080\" \/>\n\t<meta property=\"og:image:height\" content=\"1080\" \/>\n\t<meta property=\"og:image:type\" content=\"image\/jpeg\" \/>\n<meta name=\"twitter:card\" content=\"summary_large_image\" \/>\n<meta name=\"twitter:label1\" content=\"Gesch\u00e4tzte Lesezeit\" \/>\n\t<meta name=\"twitter:data1\" content=\"5\u00a0Minuten\" \/>\n<script type=\"application\/ld+json\" class=\"yoast-schema-graph\">{\"@context\":\"https:\/\/schema.org\",\"@graph\":[{\"@type\":\"WebPage\",\"@id\":\"https:\/\/maxani.nl\/product\/maxani-skin-protect-cream-30-ml\/\",\"url\":\"https:\/\/maxani.nl\/product\/maxani-skin-protect-cream-30-ml\/\",\"name\":\"Maxani Skin Protect cream 30 ml - Maxani Animal Healthcare BV\",\"isPartOf\":{\"@id\":\"https:\/\/maxani.nl\/#website\"},\"primaryImageOfPage\":{\"@id\":\"https:\/\/maxani.nl\/product\/maxani-skin-protect-cream-30-ml\/#primaryimage\"},\"image\":{\"@id\":\"https:\/\/maxani.nl\/product\/maxani-skin-protect-cream-30-ml\/#primaryimage\"},\"thumbnailUrl\":\"https:\/\/maxani.nl\/wp-content\/uploads\/2024\/09\/Maxani-protect-skin-cream-30-ml.jpg\",\"datePublished\":\"2024-09-12T10:34:18+00:00\",\"dateModified\":\"2026-01-05T08:38:06+00:00\",\"breadcrumb\":{\"@id\":\"https:\/\/maxani.nl\/product\/maxani-skin-protect-cream-30-ml\/#breadcrumb\"},\"inLanguage\":\"de\",\"potentialAction\":[{\"@type\":\"ReadAction\",\"target\":[\"https:\/\/maxani.nl\/product\/maxani-skin-protect-cream-30-ml\/\"]}]},{\"@type\":\"ImageObject\",\"inLanguage\":\"de\",\"@id\":\"https:\/\/maxani.nl\/product\/maxani-skin-protect-cream-30-ml\/#primaryimage\",\"url\":\"https:\/\/maxani.nl\/wp-content\/uploads\/2024\/09\/Maxani-protect-skin-cream-30-ml.jpg\",\"contentUrl\":\"https:\/\/maxani.nl\/wp-content\/uploads\/2024\/09\/Maxani-protect-skin-cream-30-ml.jpg\",\"width\":1080,\"height\":1080},{\"@type\":\"BreadcrumbList\",\"@id\":\"https:\/\/maxani.nl\/product\/maxani-skin-protect-cream-30-ml\/#breadcrumb\",\"itemListElement\":[{\"@type\":\"ListItem\",\"position\":1,\"name\":\"Home\",\"item\":\"https:\/\/maxani.nl\/\"},{\"@type\":\"ListItem\",\"position\":2,\"name\":\"Webshop\",\"item\":\"https:\/\/maxani.nl\/webshop\/\"},{\"@type\":\"ListItem\",\"position\":3,\"name\":\"Maxani Skin Protect cream 30 ml\"}]},{\"@type\":\"WebSite\",\"@id\":\"https:\/\/maxani.nl\/#website\",\"url\":\"https:\/\/maxani.nl\/\",\"name\":\"Maxani Animal Healthcare BV\",\"description\":\"Uw partner in veterinaire dermatologie\",\"potentialAction\":[{\"@type\":\"SearchAction\",\"target\":{\"@type\":\"EntryPoint\",\"urlTemplate\":\"https:\/\/maxani.nl\/?s={search_term_string}\"},\"query-input\":{\"@type\":\"PropertyValueSpecification\",\"valueRequired\":true,\"valueName\":\"search_term_string\"}}],\"inLanguage\":\"de\"}]}<\/script>\n<!-- \/ Yoast SEO plugin. -->","yoast_head_json":{"title":"Maxani Skin Protect cream 30 ml - Maxani Animal Healthcare BV","robots":{"index":"index","follow":"follow","max-snippet":"max-snippet:-1","max-image-preview":"max-image-preview:large","max-video-preview":"max-video-preview:-1"},"canonical":"https:\/\/maxani.nl\/de\/produkt\/maxani-skin-protect-cream-30-ml\/","og_locale":"de_DE","og_type":"article","og_title":"Maxani Skin Protect cream 30 ml - Maxani Animal Healthcare BV","og_description":"Protect Skin cream Beschermende en verzorgende cr\u00e8me voor de ge\u00efrriteerde en kwetsbare huid, zoals rond de ogen en op de slijmvliezen. Protect skin cream legt een dunne, flexibele beschermende laag over de rode, kwetsbare en ge\u00efrriteerde huid, en helpt deze te beschermen tegen externe factoren, met name rond de ogen en slijmvliezen. De cr\u00e8me beschermt de huid ook tegen irritatie door urine, overtollig traanvocht, slijm, ontlasting en medicatieresten. Naast bescherming biedt deze cr\u00e8me ook essenti\u00eble voeding en hydratatie, wat cruciaal is voor het herstel van de huid.  Advies verkoopprijs: \u20ac15,75","og_url":"https:\/\/maxani.nl\/de\/produkt\/maxani-skin-protect-cream-30-ml\/","og_site_name":"Maxani Animal Healthcare BV","article_modified_time":"2026-01-05T08:38:06+00:00","og_image":[{"width":1080,"height":1080,"url":"https:\/\/maxani.nl\/wp-content\/uploads\/2024\/09\/Maxani-protect-skin-cream-30-ml.jpg","type":"image\/jpeg"}],"twitter_card":"summary_large_image","twitter_misc":{"Gesch\u00e4tzte Lesezeit":"5\u00a0Minuten"},"schema":{"@context":"https:\/\/schema.org","@graph":[{"@type":"WebPage","@id":"https:\/\/maxani.nl\/product\/maxani-skin-protect-cream-30-ml\/","url":"https:\/\/maxani.nl\/product\/maxani-skin-protect-cream-30-ml\/","name":"Maxani Skin Protect cream 30 ml - Maxani Animal Healthcare BV","isPartOf":{"@id":"https:\/\/maxani.nl\/#website"},"primaryImageOfPage":{"@id":"https:\/\/maxani.nl\/product\/maxani-skin-protect-cream-30-ml\/#primaryimage"},"image":{"@id":"https:\/\/maxani.nl\/product\/maxani-skin-protect-cream-30-ml\/#primaryimage"},"thumbnailUrl":"https:\/\/maxani.nl\/wp-content\/uploads\/2024\/09\/Maxani-protect-skin-cream-30-ml.jpg","datePublished":"2024-09-12T10:34:18+00:00","dateModified":"2026-01-05T08:38:06+00:00","breadcrumb":{"@id":"https:\/\/maxani.nl\/product\/maxani-skin-protect-cream-30-ml\/#breadcrumb"},"inLanguage":"de","potentialAction":[{"@type":"ReadAction","target":["https:\/\/maxani.nl\/product\/maxani-skin-protect-cream-30-ml\/"]}]},{"@type":"ImageObject","inLanguage":"de","@id":"https:\/\/maxani.nl\/product\/maxani-skin-protect-cream-30-ml\/#primaryimage","url":"https:\/\/maxani.nl\/wp-content\/uploads\/2024\/09\/Maxani-protect-skin-cream-30-ml.jpg","contentUrl":"https:\/\/maxani.nl\/wp-content\/uploads\/2024\/09\/Maxani-protect-skin-cream-30-ml.jpg","width":1080,"height":1080},{"@type":"BreadcrumbList","@id":"https:\/\/maxani.nl\/product\/maxani-skin-protect-cream-30-ml\/#breadcrumb","itemListElement":[{"@type":"ListItem","position":1,"name":"Home","item":"https:\/\/maxani.nl\/"},{"@type":"ListItem","position":2,"name":"Webshop","item":"https:\/\/maxani.nl\/webshop\/"},{"@type":"ListItem","position":3,"name":"Maxani Skin Protect cream 30 ml"}]},{"@type":"WebSite","@id":"https:\/\/maxani.nl\/#website","url":"https:\/\/maxani.nl\/","name":"Maxani Animal Healthcare BV","description":"Ihr Partner in der Veterin\u00e4rdermatologie","potentialAction":[{"@type":"SearchAction","target":{"@type":"EntryPoint","urlTemplate":"https:\/\/maxani.nl\/?s={search_term_string}"},"query-input":{"@type":"PropertyValueSpecification","valueRequired":true,"valueName":"search_term_string"}}],"inLanguage":"de"}]}},"jetpack_sharing_enabled":true,"_links":{"self":[{"href":"https:\/\/maxani.nl\/de\/wp-json\/wp\/v2\/product\/15179","targetHints":{"allow":["GET"]}}],"collection":[{"href":"https:\/\/maxani.nl\/de\/wp-json\/wp\/v2\/product"}],"about":[{"href":"https:\/\/maxani.nl\/de\/wp-json\/wp\/v2\/types\/product"}],"wp:featuredmedia":[{"embeddable":true,"href":"https:\/\/maxani.nl\/de\/wp-json\/wp\/v2\/media\/15381"}],"wp:attachment":[{"href":"https:\/\/maxani.nl\/de\/wp-json\/wp\/v2\/media?parent=15179"}],"wp:term":[{"taxonomy":"product_brand","embeddable":true,"href":"https:\/\/maxani.nl\/de\/wp-json\/wp\/v2\/product_brand?post=15179"},{"taxonomy":"product_cat","embeddable":true,"href":"https:\/\/maxani.nl\/de\/wp-json\/wp\/v2\/product_cat?post=15179"},{"taxonomy":"product_tag","embeddable":true,"href":"https:\/\/maxani.nl\/de\/wp-json\/wp\/v2\/product_tag?post=15179"}],"curies":[{"name":"wp","href":"https:\/\/api.w.org\/{rel}","templated":true}]}}