{"id":14953,"date":"2024-08-08T14:34:05","date_gmt":"2024-08-08T14:34:05","guid":{"rendered":"https:\/\/maxani.nl\/?post_type=product&#038;p=14953"},"modified":"2026-03-04T12:18:57","modified_gmt":"2026-03-04T12:18:57","slug":"hydracoat-coat-conditioner","status":"publish","type":"product","link":"https:\/\/maxani.nl\/de\/produkt\/hydracoat-coat-conditioner\/","title":{"rendered":"HydraCoat Fellkonditionierer"},"content":{"rendered":"<p><em>Leave-In-Fellsp\u00fclung f\u00fcr alle Felltypen, um das Fell tiefgehend mit Feuchtigkeit zu versorgen und zu n\u00e4hren.<\/em><\/p>\n<p>HydraCoat Fellpflege pflegt das Fell und die Haut, ohne sie auszusp\u00fclen. Dieser Leave-in-Conditioner verleiht dem Haar eine reichhaltige Textur und versorgt es mit viel Feuchtigkeit. Sie macht das Fell weich, weniger stumpf und besser k\u00e4mmbar. Ideal auch, um Verfilzungen zwischen dem Trimmen oder K\u00e4mmen zu verhindern.<\/p>\n<p>Die Pflegesp\u00fclung bildet eine einzigartige Schutzschicht und spendet tiefgehende Feuchtigkeit, so dass das Fell glatt, weich und gest\u00e4rkt bleibt. Er eignet sich besonders gut f\u00fcr alle Fellarten und wirkt besonders gut bei gestyltem Fell, lockigem Fell und Fleecefell. Dar\u00fcber hinaus enth\u00e4lt die Pflegesp\u00fclung keinen zus\u00e4tzlichen Duftstoff, so dass sie sich hervorragend f\u00fcr Katzen und andere Tierarten eignet, bei denen kein Parf\u00fcm erw\u00fcnscht ist.<\/p>\n<p>Das Spray hat eine antistatische Wirkung und erleichtert das K\u00e4mmen des Fells, wodurch es ideal f\u00fcr die Pflege von trockenem, d\u00fcnnem und stumpfem Fell ist. HydraCoat ist die ideale L\u00f6sung nach dem Trimmen f\u00fcr jeden Hundebesitzer und Haut- und Fellprofi, um Haut und Fell mit Brokkolisamen\u00f6l, Panthanol (Vitamin B5) und einem leistungsstarken Conditioner zu n\u00e4hren.<\/p>\n<p>HydraCoat ist f\u00fcr Tiere mit empfindlicher Haut geeignet und bietet die ultimative Pflege und den Schutz f\u00fcr ein gesundes und strahlendes Fell.<\/p>\n<p><strong><br \/>\nIndikationen<\/strong><\/p>\n<p><strong>Trockenes und stumpfes Fell<\/strong>HydraCoat spendet tiefgreifende Feuchtigkeit und N\u00e4hrstoffe und sorgt f\u00fcr ein gl\u00e4nzendes und gesund aussehendes Fell.<\/p>\n<p><strong>Verknotungen und Knoten<\/strong>Die Pflegesp\u00fclung macht das Fell geschmeidig und besser k\u00e4mmbar, wodurch Verfilzungen zwischen dem Trimmen oder K\u00e4mmen vermieden werden.<\/p>\n<p><strong>Empfindliche Haut<\/strong>HydraCoat ist dank seiner parf\u00fcmfreien und sanften Formel auch f\u00fcr Haustiere mit empfindlicher Haut oder Allergien geeignet.<\/p>\n<p><strong>Post-Grooming<\/strong>: Ideal f\u00fcr die Anwendung nach dem Trimmen, um das Fell zu n\u00e4hren, weich zu machen und ihm einen lang anhaltenden Glanz zu verleihen.<\/p>\n<p><strong>Antistatische Wirkung<\/strong>Reduziert statische Elektrizit\u00e4t, was besonders in trockenem, k\u00e4lterem Klima oder nach dem F\u00f6hnen des Fells n\u00fctzlich ist.<\/p>\n<p><strong>Alle Fellarten<\/strong>: Funktioniert hervorragend bei glattem, gelocktem und flauschigem Fell und ist somit ein vielseitiges Produkt f\u00fcr verschiedene Rassen und Fellarten.<\/p>\n<p><strong>Kr\u00e4ftigung des Fells<\/strong>: Inhaltsstoffe wie Panthenol und Brassicylvalinat-Esylat tragen zur St\u00e4rkung des Fells bei, reduzieren Haarbruch und verbessern die Haarstruktur.<\/p>\n<p><strong>Hydratation und Schutz<\/strong>Die einzigartige Schutzschicht, die der Conditioner bildet, hilft, Haut und Fell vor Umwelteinfl\u00fcssen und Austrocknung zu sch\u00fctzen.<\/p>\n<p><strong>Geeignet f\u00fcr verschiedene Tierarten<\/strong>Dank seiner parf\u00fcmfreien Formulierung ist das Produkt nicht nur f\u00fcr Hunde, sondern auch f\u00fcr Katzen und andere Haustiere geeignet, bei denen kein Parf\u00fcm erw\u00fcnscht ist.<\/p>\n<p>HydraCoat Leave-In Coat Conditioner bietet eine komplette Pflegel\u00f6sung f\u00fcr ein gesundes, gl\u00e4nzendes und leicht zu pflegendes Fell, geeignet f\u00fcr die t\u00e4gliche Anwendung oder wenn zus\u00e4tzliche Pflege erforderlich ist.<\/p>\n<p><strong>Operation<\/strong><\/p>\n<p>Diese sorgf\u00e4ltig ausgew\u00e4hlten Inhaltsstoffe machen HydraCoat Leave-In Coat Conditioner zu einer leistungsstarken, wirksamen und einfach anzuwendenden L\u00f6sung f\u00fcr die Pflege von Fell und Haut unserer Haustiere.<\/p>\n<p>Brokkolisamen\u00f6l ist der Hauptbestandteil der Pflegesp\u00fclung. Es enth\u00e4lt viele Antioxidantien und hat eine antibakterielle Wirkung. Das Brokkolisamen\u00f6l enth\u00e4lt Brassica-Alkohol, einen nat\u00fcrlichen Fettalkohol aus Raps, der das Fell weich macht und pflegt, ohne einen fettigen R\u00fcckstand zu hinterlassen.<\/p>\n<p>Brassicyl Valinate Esylate ist ein innovativer Inhaltsstoff, der das Fell sch\u00fctzt und st\u00e4rkt, so dass es widerstandsf\u00e4higer wird und weniger leicht bricht. Er tr\u00e4gt zur Textur und Geschmeidigkeit des Fells bei.<\/p>\n<p>Behentrimoniumchlorid und Cetrimoniumchlorid sind leistungsstarke Pflegestoffe, die das Fell entwirren und es geschmeidig und besser k\u00e4mmbar machen. Sie reduzieren die statische Aufladung und verbessern den Glanz.<\/p>\n<p>Panthenol (Provitamin B5) ist bekannt f\u00fcr seine feuchtigkeitsspendenden und lindernden Eigenschaften. Panthenol dringt tief in die Haarstruktur ein, um Feuchtigkeit zu binden, st\u00e4rkt das Fell und verbessert die Elastizit\u00e4t.<\/p>\n<p><strong>Dosierung und Anwendung <\/strong><\/p>\n<p>Einfach auf das nasse oder trockene Fell auftragen. Nicht aussp\u00fclen. Verringert die K\u00e4mmbarkeit sowohl bei nassem als auch bei trockenem Haar.<\/p>\n<p><strong>Zusammensetzung<\/strong><\/p>\n<p>Wasser, Brassica-Alkohol, Behentrimoniumchlorid, Brassicyl<\/p>\n<p>Valinat-Esylat, Panthenol, Cetrimoniumchlorid, Dipropylenglykol,<\/p>\n<p>Natriumhydroxid, Methylpropandiol, Caprylylglykol, Phenylpropanol.<\/p>\n<p>&nbsp;<\/p>\n<p>Empfohlener Verkaufspreis: 16,95 \u20ac (200ml), 65,90 \u20ac (1L)<\/p>\n<span class=\"wppb-content-restriction-message\"><p data-opacity=\"0.5\">F\u00fcr weitere Informationen m\u00fcssen Sie eingeloggt sein<\/p>\n<\/span>","protected":false},"excerpt":{"rendered":"<p>Fellsp\u00fclung Leave-In Fellsp\u00fclung wurde f\u00fcr alle Felltypen entwickelt, um das Fell tiefgehend mit Feuchtigkeit zu versorgen und zu n\u00e4hren. Dieser Leave-In-Conditioner pflegt das Fell und die Haut, ohne sie auszusp\u00fclen. Sie verleiht dem Haar eine reichhaltige Textur und spendet tiefgreifende Feuchtigkeit, so dass das Fell weich, weniger stumpf und besser k\u00e4mmbar wird. Ideal, um Verfilzungen zwischen dem Trimmen oder K\u00e4mmen zu verhindern.<\/p>\n<span class=\"wppb-content-restriction-message\"><p data-opacity=\"0.5\">F\u00fcr weitere Informationen m\u00fcssen Sie eingeloggt sein<\/p>\n<\/span>","protected":false},"featured_media":18942,"template":"","meta":[],"product_brand":[],"product_cat":[15,29,35],"product_tag":[38,270],"class_list":{"0":"post-14953","1":"product","2":"type-product","3":"status-publish","4":"has-post-thumbnail","6":"product_cat-alle-producten","7":"product_cat-maxani","8":"product_cat-regular","9":"product_tag-conditioner","10":"product_tag-hydraterend","12":"first","13":"instock","14":"taxable","15":"shipping-taxable","16":"product-type-variable"},"yoast_head":"<!-- This site is optimized with the Yoast SEO plugin v27.1.1 - https:\/\/yoast.com\/product\/yoast-seo-wordpress\/ -->\n<title>HydraCoat Coat conditioner - Maxani Animal Healthcare BV<\/title>\n<meta name=\"robots\" content=\"index, follow, max-snippet:-1, max-image-preview:large, max-video-preview:-1\" \/>\n<link rel=\"canonical\" href=\"https:\/\/maxani.nl\/de\/produkt\/hydracoat-coat-conditioner\/\" \/>\n<meta property=\"og:locale\" content=\"de_DE\" \/>\n<meta property=\"og:type\" content=\"article\" \/>\n<meta property=\"og:title\" content=\"HydraCoat Coat conditioner - Maxani Animal Healthcare BV\" \/>\n<meta property=\"og:description\" content=\"Coat conditioner Leave-In Vachtconditioner is ontworpen voor alle vachttypes om de vacht diep te hydrateren en te voeden. Deze leave-in conditioner verzorgt de vacht en huid zonder uitspoelen. Het geeft de haren een rijke textuur en voorziet ze van diepe hydratatie, waardoor de vacht zacht, minder dof en beter beheersbaar wordt. Ideaal om klitten te voorkomen tussen trim- of kambeurten door.\" \/>\n<meta property=\"og:url\" content=\"https:\/\/maxani.nl\/de\/produkt\/hydracoat-coat-conditioner\/\" \/>\n<meta property=\"og:site_name\" content=\"Maxani Animal Healthcare BV\" \/>\n<meta property=\"article:modified_time\" content=\"2026-03-04T12:18:57+00:00\" \/>\n<meta property=\"og:image\" content=\"https:\/\/maxani.nl\/wp-content\/uploads\/2024\/08\/Maxani-Hydracoat-1l-en-200-ml.jpg\" \/>\n\t<meta property=\"og:image:width\" content=\"1080\" \/>\n\t<meta property=\"og:image:height\" content=\"1080\" \/>\n\t<meta property=\"og:image:type\" content=\"image\/jpeg\" \/>\n<meta name=\"twitter:card\" content=\"summary_large_image\" \/>\n<meta name=\"twitter:label1\" content=\"Gesch\u00e4tzte Lesezeit\" \/>\n\t<meta name=\"twitter:data1\" content=\"5\u00a0Minuten\" \/>\n<script type=\"application\/ld+json\" class=\"yoast-schema-graph\">{\"@context\":\"https:\/\/schema.org\",\"@graph\":[{\"@type\":\"WebPage\",\"@id\":\"https:\/\/maxani.nl\/product\/hydracoat-coat-conditioner\/\",\"url\":\"https:\/\/maxani.nl\/product\/hydracoat-coat-conditioner\/\",\"name\":\"HydraCoat Coat conditioner - Maxani Animal Healthcare BV\",\"isPartOf\":{\"@id\":\"https:\/\/maxani.nl\/#website\"},\"primaryImageOfPage\":{\"@id\":\"https:\/\/maxani.nl\/product\/hydracoat-coat-conditioner\/#primaryimage\"},\"image\":{\"@id\":\"https:\/\/maxani.nl\/product\/hydracoat-coat-conditioner\/#primaryimage\"},\"thumbnailUrl\":\"https:\/\/maxani.nl\/wp-content\/uploads\/2024\/08\/Maxani-Hydracoat-1l-en-200-ml.jpg\",\"datePublished\":\"2024-08-08T14:34:05+00:00\",\"dateModified\":\"2026-03-04T12:18:57+00:00\",\"breadcrumb\":{\"@id\":\"https:\/\/maxani.nl\/product\/hydracoat-coat-conditioner\/#breadcrumb\"},\"inLanguage\":\"de\",\"potentialAction\":[{\"@type\":\"ReadAction\",\"target\":[\"https:\/\/maxani.nl\/product\/hydracoat-coat-conditioner\/\"]}]},{\"@type\":\"ImageObject\",\"inLanguage\":\"de\",\"@id\":\"https:\/\/maxani.nl\/product\/hydracoat-coat-conditioner\/#primaryimage\",\"url\":\"https:\/\/maxani.nl\/wp-content\/uploads\/2024\/08\/Maxani-Hydracoat-1l-en-200-ml.jpg\",\"contentUrl\":\"https:\/\/maxani.nl\/wp-content\/uploads\/2024\/08\/Maxani-Hydracoat-1l-en-200-ml.jpg\",\"width\":1080,\"height\":1080},{\"@type\":\"BreadcrumbList\",\"@id\":\"https:\/\/maxani.nl\/product\/hydracoat-coat-conditioner\/#breadcrumb\",\"itemListElement\":[{\"@type\":\"ListItem\",\"position\":1,\"name\":\"Home\",\"item\":\"https:\/\/maxani.nl\/\"},{\"@type\":\"ListItem\",\"position\":2,\"name\":\"Webshop\",\"item\":\"https:\/\/maxani.nl\/webshop\/\"},{\"@type\":\"ListItem\",\"position\":3,\"name\":\"HydraCoat Coat conditioner\"}]},{\"@type\":\"WebSite\",\"@id\":\"https:\/\/maxani.nl\/#website\",\"url\":\"https:\/\/maxani.nl\/\",\"name\":\"Maxani Animal Healthcare BV\",\"description\":\"Uw partner in veterinaire dermatologie\",\"potentialAction\":[{\"@type\":\"SearchAction\",\"target\":{\"@type\":\"EntryPoint\",\"urlTemplate\":\"https:\/\/maxani.nl\/?s={search_term_string}\"},\"query-input\":{\"@type\":\"PropertyValueSpecification\",\"valueRequired\":true,\"valueName\":\"search_term_string\"}}],\"inLanguage\":\"de\"}]}<\/script>\n<!-- \/ Yoast SEO plugin. -->","yoast_head_json":{"title":"HydraCoat Coat conditioner - Maxani Animal Healthcare BV","robots":{"index":"index","follow":"follow","max-snippet":"max-snippet:-1","max-image-preview":"max-image-preview:large","max-video-preview":"max-video-preview:-1"},"canonical":"https:\/\/maxani.nl\/de\/produkt\/hydracoat-coat-conditioner\/","og_locale":"de_DE","og_type":"article","og_title":"HydraCoat Coat conditioner - Maxani Animal Healthcare BV","og_description":"Coat conditioner Leave-In Vachtconditioner is ontworpen voor alle vachttypes om de vacht diep te hydrateren en te voeden. Deze leave-in conditioner verzorgt de vacht en huid zonder uitspoelen. Het geeft de haren een rijke textuur en voorziet ze van diepe hydratatie, waardoor de vacht zacht, minder dof en beter beheersbaar wordt. Ideaal om klitten te voorkomen tussen trim- of kambeurten door.","og_url":"https:\/\/maxani.nl\/de\/produkt\/hydracoat-coat-conditioner\/","og_site_name":"Maxani Animal Healthcare BV","article_modified_time":"2026-03-04T12:18:57+00:00","og_image":[{"width":1080,"height":1080,"url":"https:\/\/maxani.nl\/wp-content\/uploads\/2024\/08\/Maxani-Hydracoat-1l-en-200-ml.jpg","type":"image\/jpeg"}],"twitter_card":"summary_large_image","twitter_misc":{"Gesch\u00e4tzte Lesezeit":"5\u00a0Minuten"},"schema":{"@context":"https:\/\/schema.org","@graph":[{"@type":"WebPage","@id":"https:\/\/maxani.nl\/product\/hydracoat-coat-conditioner\/","url":"https:\/\/maxani.nl\/product\/hydracoat-coat-conditioner\/","name":"HydraCoat Coat conditioner - Maxani Animal Healthcare BV","isPartOf":{"@id":"https:\/\/maxani.nl\/#website"},"primaryImageOfPage":{"@id":"https:\/\/maxani.nl\/product\/hydracoat-coat-conditioner\/#primaryimage"},"image":{"@id":"https:\/\/maxani.nl\/product\/hydracoat-coat-conditioner\/#primaryimage"},"thumbnailUrl":"https:\/\/maxani.nl\/wp-content\/uploads\/2024\/08\/Maxani-Hydracoat-1l-en-200-ml.jpg","datePublished":"2024-08-08T14:34:05+00:00","dateModified":"2026-03-04T12:18:57+00:00","breadcrumb":{"@id":"https:\/\/maxani.nl\/product\/hydracoat-coat-conditioner\/#breadcrumb"},"inLanguage":"de","potentialAction":[{"@type":"ReadAction","target":["https:\/\/maxani.nl\/product\/hydracoat-coat-conditioner\/"]}]},{"@type":"ImageObject","inLanguage":"de","@id":"https:\/\/maxani.nl\/product\/hydracoat-coat-conditioner\/#primaryimage","url":"https:\/\/maxani.nl\/wp-content\/uploads\/2024\/08\/Maxani-Hydracoat-1l-en-200-ml.jpg","contentUrl":"https:\/\/maxani.nl\/wp-content\/uploads\/2024\/08\/Maxani-Hydracoat-1l-en-200-ml.jpg","width":1080,"height":1080},{"@type":"BreadcrumbList","@id":"https:\/\/maxani.nl\/product\/hydracoat-coat-conditioner\/#breadcrumb","itemListElement":[{"@type":"ListItem","position":1,"name":"Home","item":"https:\/\/maxani.nl\/"},{"@type":"ListItem","position":2,"name":"Webshop","item":"https:\/\/maxani.nl\/webshop\/"},{"@type":"ListItem","position":3,"name":"HydraCoat Coat conditioner"}]},{"@type":"WebSite","@id":"https:\/\/maxani.nl\/#website","url":"https:\/\/maxani.nl\/","name":"Maxani Animal Healthcare BV","description":"Ihr Partner in der Veterin\u00e4rdermatologie","potentialAction":[{"@type":"SearchAction","target":{"@type":"EntryPoint","urlTemplate":"https:\/\/maxani.nl\/?s={search_term_string}"},"query-input":{"@type":"PropertyValueSpecification","valueRequired":true,"valueName":"search_term_string"}}],"inLanguage":"de"}]}},"jetpack_sharing_enabled":true,"_links":{"self":[{"href":"https:\/\/maxani.nl\/de\/wp-json\/wp\/v2\/product\/14953","targetHints":{"allow":["GET"]}}],"collection":[{"href":"https:\/\/maxani.nl\/de\/wp-json\/wp\/v2\/product"}],"about":[{"href":"https:\/\/maxani.nl\/de\/wp-json\/wp\/v2\/types\/product"}],"wp:featuredmedia":[{"embeddable":true,"href":"https:\/\/maxani.nl\/de\/wp-json\/wp\/v2\/media\/18942"}],"wp:attachment":[{"href":"https:\/\/maxani.nl\/de\/wp-json\/wp\/v2\/media?parent=14953"}],"wp:term":[{"taxonomy":"product_brand","embeddable":true,"href":"https:\/\/maxani.nl\/de\/wp-json\/wp\/v2\/product_brand?post=14953"},{"taxonomy":"product_cat","embeddable":true,"href":"https:\/\/maxani.nl\/de\/wp-json\/wp\/v2\/product_cat?post=14953"},{"taxonomy":"product_tag","embeddable":true,"href":"https:\/\/maxani.nl\/de\/wp-json\/wp\/v2\/product_tag?post=14953"}],"curies":[{"name":"wp","href":"https:\/\/api.w.org\/{rel}","templated":true}]}}