{"id":147,"date":"2019-08-13T11:44:07","date_gmt":"2019-08-13T11:44:07","guid":{"rendered":"https:\/\/maandvandehuidverzorging.nl\/?post_type=product&#038;p=147"},"modified":"2026-01-05T09:04:39","modified_gmt":"2026-01-05T09:04:39","slug":"honey-o3-gel","status":"publish","type":"product","link":"https:\/\/maxani.nl\/de\/produkt\/honey-o3-gel\/","title":{"rendered":"Maxani Honig-O3-Gel"},"content":{"rendered":"<p><strong>Indikationen<\/strong><\/p>\n<p>Kontaminierte und infizierte Wunden.<\/p>\n<p><strong>Operation\u00a0<\/strong><\/p>\n<p>In Honey O3 Gel schafft Honig in Kombination mit Glycerin ein feuchtes Wundmilieu. In einem feuchten Wundmilieu werden das Wachstum und die Migration neuer Zellen angeregt und es wird sichergestellt, dass wichtige Proteine f\u00fcr den Wundverschluss dort bleiben, wo sie sein m\u00fcssen, um ihre Reparaturarbeit zu leisten. Au\u00dferdem kann sich in einem feuchten Wundmilieu kein Schorf bilden und die Wunde bleibt geschmeidig. Honig-O3-Gel kann die Wundheilung stark f\u00f6rdern, auch weil es abgestorbenes Gewebe besonders schnell aus der Wunde l\u00f6st und damit die Entz\u00fcndungsreaktion reduziert. Im reinen Honig sorgen der niedrige pH-Wert und der hohe Anteil an Glukoseoxidase f\u00fcr die starke antibakterielle Wirkung. Die Glukoseoxidase wird nach Kontakt mit der Haut\/Wunde in Glucons\u00e4ure und Wasserstoffperoxid (H2O2) umgewandelt. Glucons\u00e4ure schafft ein saures Milieu, das Bakterien und potenzielle Krankheitserreger nicht m\u00f6gen. Durch regelm\u00e4\u00dfiges Auftragen von neuem Honig auf die Wunde wird dieser Prozess immer wieder wiederholt. Die desinfizierende Wirkung wirkt tief in die Wunde hinein. Die Senkung des pH-Wertes sorgt f\u00fcr mehr Sauerstoff, der das Gewebewachstum f\u00f6rdert.<\/p>\n<p><strong>Verwenden Sie<\/strong><\/p>\n<p>Tragen Sie das Honey O3 Gel auf die betroffene Haut auf. Es ist wichtig, das Gel und einen eventuellen Verband alle 24 bis 48 Stunden zu wechseln. <a href=\"https:\/\/maandvandehuidverzorging.nl\/product\/cleanser-spray\/\">Maxani Reinigungsspray<\/a> kann verwendet werden, um Ablagerungen und Honigreste zu entfernen, so dass das Honiggel auf eine saubere Wunde aufgetragen werden kann.<\/p>\n<span class=\"wppb-content-restriction-message\"><p data-opacity=\"0.5\">F\u00fcr weitere Informationen m\u00fcssen Sie eingeloggt sein<\/p>\n<\/span>","protected":false},"excerpt":{"rendered":"<p>Ein Hauptbestandteil von Honig O3 Gel ist 45% reiner ozonisierter Bergwiesenhonig. Angesichts der zunehmenden Antibiotikaresistenz ist die Verwendung von Maxani Honey O3 Gel eine gute Alternative. Honig hat antibakterielle, entz\u00fcndungshemmende und gewebegranulationsf\u00f6rdernde Eigenschaften. Honig wirkt au\u00dferdem als Antioxidans und beseitigt freie Radikale. Es ist ein mildes und nat\u00fcrliches Produkt.<\/p>\n<p><strong>Tier<\/strong>: Alle Arten<\/p>\n<p><strong>Inhalt<\/strong>: 20g, 50g, 200g<\/p>\n<span class=\"wppb-shortcode-restriction-message\"> <\/span>","protected":false},"featured_media":11906,"template":"","meta":[],"product_brand":[],"product_cat":[15,29,41],"product_tag":[253,256,254,259,255,257,258,157,260,158,262,261,232],"class_list":{"0":"post-147","1":"product","2":"type-product","3":"status-publish","4":"has-post-thumbnail","6":"product_cat-alle-producten","7":"product_cat-maxani","8":"product_cat-wond-en-huidplooi","9":"product_tag-253","10":"product_tag-256","11":"product_tag-254","12":"product_tag-259","13":"product_tag-255","14":"product_tag-257","15":"product_tag-258","16":"product_tag-honey","17":"product_tag-honey-gel","18":"product_tag-honing","19":"product_tag-honing-zalf","20":"product_tag-honingzalf","21":"product_tag-wondverzorging","23":"first","24":"instock","25":"taxable","26":"shipping-taxable","27":"product-type-variable"},"yoast_head":"<!-- This site is optimized with the Yoast SEO plugin v27.1.1 - https:\/\/yoast.com\/product\/yoast-seo-wordpress\/ -->\n<title>Maxani Honey-O3 gel - Maxani Animal Healthcare BV<\/title>\n<meta name=\"robots\" content=\"index, follow, max-snippet:-1, max-image-preview:large, max-video-preview:-1\" \/>\n<link rel=\"canonical\" href=\"https:\/\/maxani.nl\/de\/produkt\/honey-o3-gel\/\" \/>\n<meta property=\"og:locale\" content=\"de_DE\" \/>\n<meta property=\"og:type\" content=\"article\" \/>\n<meta property=\"og:title\" content=\"Maxani Honey-O3 gel - Maxani Animal Healthcare BV\" \/>\n<meta property=\"og:description\" content=\"Een belangrijke stof in de Honey O3 Gel is 45% zuivere ge\u00f6zoneerde bergweide honing. Met oog op de toename van antibioticum resistentie is het gebruik van Maxani Honey O3 Gel een goed alternatief. Honing heeft antibacteri\u00eble, anti-inflammatoire en weefselgranulatie bevorderende eigenschappen. Honing werkt ook als antioxidant en haalt de vrije radicalen weg. Het is een mild en natuurlijk product.  Dier: Alle diersoorten  Inhoud: 20 g, 50 g, 200g\" \/>\n<meta property=\"og:url\" content=\"https:\/\/maxani.nl\/de\/produkt\/honey-o3-gel\/\" \/>\n<meta property=\"og:site_name\" content=\"Maxani Animal Healthcare BV\" \/>\n<meta property=\"article:modified_time\" content=\"2026-01-05T09:04:39+00:00\" \/>\n<meta property=\"og:image\" content=\"https:\/\/maxani.nl\/wp-content\/uploads\/2023\/01\/Maxani-honey-O3-combi.jpg\" \/>\n\t<meta property=\"og:image:width\" content=\"1080\" \/>\n\t<meta property=\"og:image:height\" content=\"1080\" \/>\n\t<meta property=\"og:image:type\" content=\"image\/jpeg\" \/>\n<meta name=\"twitter:card\" content=\"summary_large_image\" \/>\n<meta name=\"twitter:label1\" content=\"Gesch\u00e4tzte Lesezeit\" \/>\n\t<meta name=\"twitter:data1\" content=\"3\u00a0Minuten\" \/>\n<script type=\"application\/ld+json\" class=\"yoast-schema-graph\">{\"@context\":\"https:\/\/schema.org\",\"@graph\":[{\"@type\":\"WebPage\",\"@id\":\"https:\/\/maxani.nl\/product\/honey-o3-gel\/\",\"url\":\"https:\/\/maxani.nl\/product\/honey-o3-gel\/\",\"name\":\"Maxani Honey-O3 gel - Maxani Animal Healthcare BV\",\"isPartOf\":{\"@id\":\"https:\/\/maxani.nl\/#website\"},\"primaryImageOfPage\":{\"@id\":\"https:\/\/maxani.nl\/product\/honey-o3-gel\/#primaryimage\"},\"image\":{\"@id\":\"https:\/\/maxani.nl\/product\/honey-o3-gel\/#primaryimage\"},\"thumbnailUrl\":\"https:\/\/maxani.nl\/wp-content\/uploads\/2023\/01\/Maxani-honey-O3-combi.jpg\",\"datePublished\":\"2019-08-13T11:44:07+00:00\",\"dateModified\":\"2026-01-05T09:04:39+00:00\",\"breadcrumb\":{\"@id\":\"https:\/\/maxani.nl\/product\/honey-o3-gel\/#breadcrumb\"},\"inLanguage\":\"de\",\"potentialAction\":[{\"@type\":\"ReadAction\",\"target\":[\"https:\/\/maxani.nl\/product\/honey-o3-gel\/\"]}]},{\"@type\":\"ImageObject\",\"inLanguage\":\"de\",\"@id\":\"https:\/\/maxani.nl\/product\/honey-o3-gel\/#primaryimage\",\"url\":\"https:\/\/maxani.nl\/wp-content\/uploads\/2023\/01\/Maxani-honey-O3-combi.jpg\",\"contentUrl\":\"https:\/\/maxani.nl\/wp-content\/uploads\/2023\/01\/Maxani-honey-O3-combi.jpg\",\"width\":1080,\"height\":1080},{\"@type\":\"BreadcrumbList\",\"@id\":\"https:\/\/maxani.nl\/product\/honey-o3-gel\/#breadcrumb\",\"itemListElement\":[{\"@type\":\"ListItem\",\"position\":1,\"name\":\"Home\",\"item\":\"https:\/\/maxani.nl\/\"},{\"@type\":\"ListItem\",\"position\":2,\"name\":\"Webshop\",\"item\":\"https:\/\/maxani.nl\/webshop\/\"},{\"@type\":\"ListItem\",\"position\":3,\"name\":\"Maxani Honey-O3 gel\"}]},{\"@type\":\"WebSite\",\"@id\":\"https:\/\/maxani.nl\/#website\",\"url\":\"https:\/\/maxani.nl\/\",\"name\":\"Maxani Animal Healthcare BV\",\"description\":\"Uw partner in veterinaire dermatologie\",\"potentialAction\":[{\"@type\":\"SearchAction\",\"target\":{\"@type\":\"EntryPoint\",\"urlTemplate\":\"https:\/\/maxani.nl\/?s={search_term_string}\"},\"query-input\":{\"@type\":\"PropertyValueSpecification\",\"valueRequired\":true,\"valueName\":\"search_term_string\"}}],\"inLanguage\":\"de\"}]}<\/script>\n<!-- \/ Yoast SEO plugin. -->","yoast_head_json":{"title":"Maxani Honey-O3 gel - Maxani Animal Healthcare BV","robots":{"index":"index","follow":"follow","max-snippet":"max-snippet:-1","max-image-preview":"max-image-preview:large","max-video-preview":"max-video-preview:-1"},"canonical":"https:\/\/maxani.nl\/de\/produkt\/honey-o3-gel\/","og_locale":"de_DE","og_type":"article","og_title":"Maxani Honey-O3 gel - Maxani Animal Healthcare BV","og_description":"Een belangrijke stof in de Honey O3 Gel is 45% zuivere ge\u00f6zoneerde bergweide honing. Met oog op de toename van antibioticum resistentie is het gebruik van Maxani Honey O3 Gel een goed alternatief. Honing heeft antibacteri\u00eble, anti-inflammatoire en weefselgranulatie bevorderende eigenschappen. Honing werkt ook als antioxidant en haalt de vrije radicalen weg. Het is een mild en natuurlijk product.  Dier: Alle diersoorten  Inhoud: 20 g, 50 g, 200g","og_url":"https:\/\/maxani.nl\/de\/produkt\/honey-o3-gel\/","og_site_name":"Maxani Animal Healthcare BV","article_modified_time":"2026-01-05T09:04:39+00:00","og_image":[{"width":1080,"height":1080,"url":"https:\/\/maxani.nl\/wp-content\/uploads\/2023\/01\/Maxani-honey-O3-combi.jpg","type":"image\/jpeg"}],"twitter_card":"summary_large_image","twitter_misc":{"Gesch\u00e4tzte Lesezeit":"3\u00a0Minuten"},"schema":{"@context":"https:\/\/schema.org","@graph":[{"@type":"WebPage","@id":"https:\/\/maxani.nl\/product\/honey-o3-gel\/","url":"https:\/\/maxani.nl\/product\/honey-o3-gel\/","name":"Maxani Honey-O3 gel - Maxani Animal Healthcare BV","isPartOf":{"@id":"https:\/\/maxani.nl\/#website"},"primaryImageOfPage":{"@id":"https:\/\/maxani.nl\/product\/honey-o3-gel\/#primaryimage"},"image":{"@id":"https:\/\/maxani.nl\/product\/honey-o3-gel\/#primaryimage"},"thumbnailUrl":"https:\/\/maxani.nl\/wp-content\/uploads\/2023\/01\/Maxani-honey-O3-combi.jpg","datePublished":"2019-08-13T11:44:07+00:00","dateModified":"2026-01-05T09:04:39+00:00","breadcrumb":{"@id":"https:\/\/maxani.nl\/product\/honey-o3-gel\/#breadcrumb"},"inLanguage":"de","potentialAction":[{"@type":"ReadAction","target":["https:\/\/maxani.nl\/product\/honey-o3-gel\/"]}]},{"@type":"ImageObject","inLanguage":"de","@id":"https:\/\/maxani.nl\/product\/honey-o3-gel\/#primaryimage","url":"https:\/\/maxani.nl\/wp-content\/uploads\/2023\/01\/Maxani-honey-O3-combi.jpg","contentUrl":"https:\/\/maxani.nl\/wp-content\/uploads\/2023\/01\/Maxani-honey-O3-combi.jpg","width":1080,"height":1080},{"@type":"BreadcrumbList","@id":"https:\/\/maxani.nl\/product\/honey-o3-gel\/#breadcrumb","itemListElement":[{"@type":"ListItem","position":1,"name":"Home","item":"https:\/\/maxani.nl\/"},{"@type":"ListItem","position":2,"name":"Webshop","item":"https:\/\/maxani.nl\/webshop\/"},{"@type":"ListItem","position":3,"name":"Maxani Honey-O3 gel"}]},{"@type":"WebSite","@id":"https:\/\/maxani.nl\/#website","url":"https:\/\/maxani.nl\/","name":"Maxani Animal Healthcare BV","description":"Ihr Partner in der Veterin\u00e4rdermatologie","potentialAction":[{"@type":"SearchAction","target":{"@type":"EntryPoint","urlTemplate":"https:\/\/maxani.nl\/?s={search_term_string}"},"query-input":{"@type":"PropertyValueSpecification","valueRequired":true,"valueName":"search_term_string"}}],"inLanguage":"de"}]}},"jetpack_sharing_enabled":true,"_links":{"self":[{"href":"https:\/\/maxani.nl\/de\/wp-json\/wp\/v2\/product\/147","targetHints":{"allow":["GET"]}}],"collection":[{"href":"https:\/\/maxani.nl\/de\/wp-json\/wp\/v2\/product"}],"about":[{"href":"https:\/\/maxani.nl\/de\/wp-json\/wp\/v2\/types\/product"}],"wp:featuredmedia":[{"embeddable":true,"href":"https:\/\/maxani.nl\/de\/wp-json\/wp\/v2\/media\/11906"}],"wp:attachment":[{"href":"https:\/\/maxani.nl\/de\/wp-json\/wp\/v2\/media?parent=147"}],"wp:term":[{"taxonomy":"product_brand","embeddable":true,"href":"https:\/\/maxani.nl\/de\/wp-json\/wp\/v2\/product_brand?post=147"},{"taxonomy":"product_cat","embeddable":true,"href":"https:\/\/maxani.nl\/de\/wp-json\/wp\/v2\/product_cat?post=147"},{"taxonomy":"product_tag","embeddable":true,"href":"https:\/\/maxani.nl\/de\/wp-json\/wp\/v2\/product_tag?post=147"}],"curies":[{"name":"wp","href":"https:\/\/api.w.org\/{rel}","templated":true}]}}