{"id":14140,"date":"2024-04-03T05:07:59","date_gmt":"2024-04-03T05:07:59","guid":{"rendered":"https:\/\/maxani.nl\/?post_type=product&#038;p=14140"},"modified":"2025-09-01T14:36:24","modified_gmt":"2025-09-01T14:36:24","slug":"max-scope-plus-draadloze-digitale-video-otoscoop-endoscoop-voor-hond-en-kat","status":"publish","type":"product","link":"https:\/\/maxani.nl\/de\/produkt\/max-scope-plus-draadloze-digitale-video-otoscoop-endoscoop-voor-hond-en-kat\/","title":{"rendered":"MAX-Scope PLUS - Drahtloses Video-Otoskop und Endoskop f\u00fcr Hund und Katze"},"content":{"rendered":"<p>Das MAX-Scope PLUS ist ein kompaktes und kabelloses Untersuchungsger\u00e4t, das speziell f\u00fcr die tier\u00e4rztliche Praxis entwickelt wurde. Das Ger\u00e4t liefert klare Live-Bilder der Ohren, der Nase, des Rachens, der Mundh\u00f6hle und der Haut von Hunden und Katzen, die direkt auf dem integrierten Bildschirm sichtbar sind. Die Bilder k\u00f6nnen f\u00fcr die Dokumentation oder die Kommunikation mit den Besitzern einfach gespeichert werden.<\/p>\n<p>Das MAX-Scope PLUS verf\u00fcgt \u00fcber mehrere Kameralinsen und zwei externe Arbeitskan\u00e4le, mit denen Sie u.a. Fremdk\u00f6rper wie Grashaare aus Ohren oder Nasen entfernen k\u00f6nnen. Dank des Luer-Lock-Anschlusses kann auch das Sp\u00fclen der Ohren einfach und kontrolliert ohne zus\u00e4tzliches Werkzeug durchgef\u00fchrt werden.<\/p>\n<p>Sein kabelloses Design, die intuitive Bedienung und die breite Anwendbarkeit machen das MAX-Scope PLUS zu einer wertvollen Erg\u00e4nzung f\u00fcr die t\u00e4gliche Arbeit des Tierarztes. Es unterst\u00fctzt nicht nur die Diagnose, sondern erh\u00f6ht auch den Komfort f\u00fcr Tier und Besitzer.<\/p>\n<p><a href=\"https:\/\/www.youtube.com\/watch?v=hrpf7uqQBXA\" target=\"_blank\" rel=\"noopener\"><span style=\"text-decoration: underline;\">Demonstrationsvideo<\/span><\/a><\/p>\n<p>Die <strong>Max-Scope plus f\u00fcr Hunde und Katzen<\/strong> enth\u00e4lt diverses Zubeh\u00f6r:<\/p>\n<p><strong>F\u00fcr den Hund: (Optikdurchmesser 3,4mm)<\/strong><\/p>\n<ul>\n<li>Starre Kamera-Optik: 2 cm<\/li>\n<li>Starre Kamera-Optik 8 cm<\/li>\n<li>Starre Kamera-Optik16 cm<\/li>\n<li>Flexible Kamera-Optik: 17 cm<\/li>\n<li>Adapter Dermatologie f\u00fcr 2 cm Kamera-Optik<\/li>\n<li>Abdeckung f\u00fcr 2-cm-Kameraoptiken<\/li>\n<li>Adapter Ohrb\u00fcgel f\u00fcr 8 cm Kamera-Optik<\/li>\n<li>Arbeitskanal (gro\u00df), mit Luer-Lock-Anschluss f\u00fcr Ohrensp\u00fclung.<\/li>\n<li>Flexible Zange (2 mm gro\u00df)<\/li>\n<\/ul>\n<p><strong>F\u00fcr die Katze: (Optikdurchmesser 1,7 mm)<\/strong><\/p>\n<ul>\n<li>Kamera-Modul<\/li>\n<li>kleiner Arbeitskanal<\/li>\n<li>Flexible Zange (klein)<\/li>\n<li>Arbeitskanal zum Blick durch den Rachen in die Nasenh\u00f6hle<\/li>\n<\/ul>\n<p><strong>F\u00fcr das Kaninchen:<\/strong><\/p>\n<ul>\n<li>Zungenspatel<\/li>\n<\/ul>\n<span class=\"wppb-content-restriction-message\"><p data-opacity=\"0.5\">F\u00fcr weitere Informationen m\u00fcssen Sie eingeloggt sein<\/p>\n<\/span>\n<p>&nbsp;<\/p>","protected":false},"excerpt":{"rendered":"<p>Das MAX-Scope PLUS ist ein kompaktes und kabelloses Untersuchungsger\u00e4t, das speziell f\u00fcr die tier\u00e4rztliche Praxis entwickelt wurde. Das Ger\u00e4t liefert klare Live-Bilder der Ohren, der Nase, des Rachens, der Mundh\u00f6hle und der Haut von Hunden und Katzen, die direkt auf dem integrierten Bildschirm sichtbar sind. Die Bilder k\u00f6nnen f\u00fcr die Dokumentation oder die Kommunikation mit den Besitzern einfach gespeichert werden.<\/p>\n<span class=\"wppb-content-restriction-message\"><p data-opacity=\"0.5\">F\u00fcr weitere Informationen m\u00fcssen Sie eingeloggt sein<\/p>\n<\/span>","protected":false},"featured_media":14347,"template":"","meta":[],"product_brand":[],"product_cat":[15,29],"product_tag":[169,173,172,171,170],"class_list":{"0":"post-14140","1":"product","2":"type-product","3":"status-publish","4":"has-post-thumbnail","6":"product_cat-alle-producten","7":"product_cat-maxani","8":"product_tag-169","9":"product_tag-digitaal","10":"product_tag-endoscoop","11":"product_tag-otoscoop","12":"product_tag-scoop","14":"first","15":"instock","16":"taxable","17":"shipping-taxable","18":"product-type-simple"},"yoast_head":"<!-- This site is optimized with the Yoast SEO plugin v27.1.1 - https:\/\/yoast.com\/product\/yoast-seo-wordpress\/ -->\n<title>MAX-Scope PLUS \u2013 Draadloze video-otoscoop en endoscoop voor hond en kat - Maxani Animal Healthcare BV<\/title>\n<meta name=\"robots\" content=\"index, follow, max-snippet:-1, max-image-preview:large, max-video-preview:-1\" \/>\n<link rel=\"canonical\" href=\"https:\/\/maxani.nl\/de\/produkt\/max-scope-plus-draadloze-digitale-video-otoscoop-endoscoop-voor-hond-en-kat\/\" \/>\n<meta property=\"og:locale\" content=\"de_DE\" \/>\n<meta property=\"og:type\" content=\"article\" \/>\n<meta property=\"og:title\" content=\"MAX-Scope PLUS \u2013 Draadloze video-otoscoop en endoscoop voor hond en kat - Maxani Animal Healthcare BV\" \/>\n<meta property=\"og:description\" content=\"De MAX-Scope PLUS is een compact en draadloos onderzoeksinstrument, speciaal ontwikkeld voor de veterinaire praktijk. Het apparaat biedt heldere livebeelden van de oren, neus, keel, mondholte en huid van honden en katten, direct zichtbaar op het ingebouwde scherm. Beelden kunnen eenvoudig worden opgeslagen voor dossieropbouw of communicatie met eigenaren.\" \/>\n<meta property=\"og:url\" content=\"https:\/\/maxani.nl\/de\/produkt\/max-scope-plus-draadloze-digitale-video-otoscoop-endoscoop-voor-hond-en-kat\/\" \/>\n<meta property=\"og:site_name\" content=\"Maxani Animal Healthcare BV\" \/>\n<meta property=\"article:modified_time\" content=\"2025-09-01T14:36:24+00:00\" \/>\n<meta property=\"og:image\" content=\"https:\/\/maxani.nl\/wp-content\/uploads\/2024\/04\/Maxani-MAX-Scope-PLUS-3.jpg\" \/>\n\t<meta property=\"og:image:width\" content=\"1080\" \/>\n\t<meta property=\"og:image:height\" content=\"1080\" \/>\n\t<meta property=\"og:image:type\" content=\"image\/jpeg\" \/>\n<meta name=\"twitter:card\" content=\"summary_large_image\" \/>\n<meta name=\"twitter:label1\" content=\"Gesch\u00e4tzte Lesezeit\" \/>\n\t<meta name=\"twitter:data1\" content=\"3\u00a0Minuten\" \/>\n<script type=\"application\/ld+json\" class=\"yoast-schema-graph\">{\"@context\":\"https:\/\/schema.org\",\"@graph\":[{\"@type\":\"WebPage\",\"@id\":\"https:\/\/maxani.nl\/product\/max-scope-plus-draadloze-digitale-video-otoscoop-endoscoop-voor-hond-en-kat\/\",\"url\":\"https:\/\/maxani.nl\/product\/max-scope-plus-draadloze-digitale-video-otoscoop-endoscoop-voor-hond-en-kat\/\",\"name\":\"MAX-Scope PLUS \u2013 Draadloze video-otoscoop en endoscoop voor hond en kat - Maxani Animal Healthcare BV\",\"isPartOf\":{\"@id\":\"https:\/\/maxani.nl\/#website\"},\"primaryImageOfPage\":{\"@id\":\"https:\/\/maxani.nl\/product\/max-scope-plus-draadloze-digitale-video-otoscoop-endoscoop-voor-hond-en-kat\/#primaryimage\"},\"image\":{\"@id\":\"https:\/\/maxani.nl\/product\/max-scope-plus-draadloze-digitale-video-otoscoop-endoscoop-voor-hond-en-kat\/#primaryimage\"},\"thumbnailUrl\":\"https:\/\/maxani.nl\/wp-content\/uploads\/2024\/04\/Maxani-MAX-Scope-PLUS-3.jpg\",\"datePublished\":\"2024-04-03T05:07:59+00:00\",\"dateModified\":\"2025-09-01T14:36:24+00:00\",\"breadcrumb\":{\"@id\":\"https:\/\/maxani.nl\/product\/max-scope-plus-draadloze-digitale-video-otoscoop-endoscoop-voor-hond-en-kat\/#breadcrumb\"},\"inLanguage\":\"de\",\"potentialAction\":[{\"@type\":\"ReadAction\",\"target\":[\"https:\/\/maxani.nl\/product\/max-scope-plus-draadloze-digitale-video-otoscoop-endoscoop-voor-hond-en-kat\/\"]}]},{\"@type\":\"ImageObject\",\"inLanguage\":\"de\",\"@id\":\"https:\/\/maxani.nl\/product\/max-scope-plus-draadloze-digitale-video-otoscoop-endoscoop-voor-hond-en-kat\/#primaryimage\",\"url\":\"https:\/\/maxani.nl\/wp-content\/uploads\/2024\/04\/Maxani-MAX-Scope-PLUS-3.jpg\",\"contentUrl\":\"https:\/\/maxani.nl\/wp-content\/uploads\/2024\/04\/Maxani-MAX-Scope-PLUS-3.jpg\",\"width\":1080,\"height\":1080},{\"@type\":\"BreadcrumbList\",\"@id\":\"https:\/\/maxani.nl\/product\/max-scope-plus-draadloze-digitale-video-otoscoop-endoscoop-voor-hond-en-kat\/#breadcrumb\",\"itemListElement\":[{\"@type\":\"ListItem\",\"position\":1,\"name\":\"Home\",\"item\":\"https:\/\/maxani.nl\/\"},{\"@type\":\"ListItem\",\"position\":2,\"name\":\"Webshop\",\"item\":\"https:\/\/maxani.nl\/webshop\/\"},{\"@type\":\"ListItem\",\"position\":3,\"name\":\"MAX-Scope PLUS \u2013 Draadloze video-otoscoop en endoscoop voor hond en kat\"}]},{\"@type\":\"WebSite\",\"@id\":\"https:\/\/maxani.nl\/#website\",\"url\":\"https:\/\/maxani.nl\/\",\"name\":\"Maxani Animal Healthcare BV\",\"description\":\"Uw partner in veterinaire dermatologie\",\"potentialAction\":[{\"@type\":\"SearchAction\",\"target\":{\"@type\":\"EntryPoint\",\"urlTemplate\":\"https:\/\/maxani.nl\/?s={search_term_string}\"},\"query-input\":{\"@type\":\"PropertyValueSpecification\",\"valueRequired\":true,\"valueName\":\"search_term_string\"}}],\"inLanguage\":\"de\"}]}<\/script>\n<!-- \/ Yoast SEO plugin. -->","yoast_head_json":{"title":"MAX-Scope PLUS \u2013 Draadloze video-otoscoop en endoscoop voor hond en kat - Maxani Animal Healthcare BV","robots":{"index":"index","follow":"follow","max-snippet":"max-snippet:-1","max-image-preview":"max-image-preview:large","max-video-preview":"max-video-preview:-1"},"canonical":"https:\/\/maxani.nl\/de\/produkt\/max-scope-plus-draadloze-digitale-video-otoscoop-endoscoop-voor-hond-en-kat\/","og_locale":"de_DE","og_type":"article","og_title":"MAX-Scope PLUS \u2013 Draadloze video-otoscoop en endoscoop voor hond en kat - Maxani Animal Healthcare BV","og_description":"De MAX-Scope PLUS is een compact en draadloos onderzoeksinstrument, speciaal ontwikkeld voor de veterinaire praktijk. Het apparaat biedt heldere livebeelden van de oren, neus, keel, mondholte en huid van honden en katten, direct zichtbaar op het ingebouwde scherm. Beelden kunnen eenvoudig worden opgeslagen voor dossieropbouw of communicatie met eigenaren.","og_url":"https:\/\/maxani.nl\/de\/produkt\/max-scope-plus-draadloze-digitale-video-otoscoop-endoscoop-voor-hond-en-kat\/","og_site_name":"Maxani Animal Healthcare BV","article_modified_time":"2025-09-01T14:36:24+00:00","og_image":[{"width":1080,"height":1080,"url":"https:\/\/maxani.nl\/wp-content\/uploads\/2024\/04\/Maxani-MAX-Scope-PLUS-3.jpg","type":"image\/jpeg"}],"twitter_card":"summary_large_image","twitter_misc":{"Gesch\u00e4tzte Lesezeit":"3\u00a0Minuten"},"schema":{"@context":"https:\/\/schema.org","@graph":[{"@type":"WebPage","@id":"https:\/\/maxani.nl\/product\/max-scope-plus-draadloze-digitale-video-otoscoop-endoscoop-voor-hond-en-kat\/","url":"https:\/\/maxani.nl\/product\/max-scope-plus-draadloze-digitale-video-otoscoop-endoscoop-voor-hond-en-kat\/","name":"MAX-Scope PLUS \u2013 Draadloze video-otoscoop en endoscoop voor hond en kat - Maxani Animal Healthcare BV","isPartOf":{"@id":"https:\/\/maxani.nl\/#website"},"primaryImageOfPage":{"@id":"https:\/\/maxani.nl\/product\/max-scope-plus-draadloze-digitale-video-otoscoop-endoscoop-voor-hond-en-kat\/#primaryimage"},"image":{"@id":"https:\/\/maxani.nl\/product\/max-scope-plus-draadloze-digitale-video-otoscoop-endoscoop-voor-hond-en-kat\/#primaryimage"},"thumbnailUrl":"https:\/\/maxani.nl\/wp-content\/uploads\/2024\/04\/Maxani-MAX-Scope-PLUS-3.jpg","datePublished":"2024-04-03T05:07:59+00:00","dateModified":"2025-09-01T14:36:24+00:00","breadcrumb":{"@id":"https:\/\/maxani.nl\/product\/max-scope-plus-draadloze-digitale-video-otoscoop-endoscoop-voor-hond-en-kat\/#breadcrumb"},"inLanguage":"de","potentialAction":[{"@type":"ReadAction","target":["https:\/\/maxani.nl\/product\/max-scope-plus-draadloze-digitale-video-otoscoop-endoscoop-voor-hond-en-kat\/"]}]},{"@type":"ImageObject","inLanguage":"de","@id":"https:\/\/maxani.nl\/product\/max-scope-plus-draadloze-digitale-video-otoscoop-endoscoop-voor-hond-en-kat\/#primaryimage","url":"https:\/\/maxani.nl\/wp-content\/uploads\/2024\/04\/Maxani-MAX-Scope-PLUS-3.jpg","contentUrl":"https:\/\/maxani.nl\/wp-content\/uploads\/2024\/04\/Maxani-MAX-Scope-PLUS-3.jpg","width":1080,"height":1080},{"@type":"BreadcrumbList","@id":"https:\/\/maxani.nl\/product\/max-scope-plus-draadloze-digitale-video-otoscoop-endoscoop-voor-hond-en-kat\/#breadcrumb","itemListElement":[{"@type":"ListItem","position":1,"name":"Home","item":"https:\/\/maxani.nl\/"},{"@type":"ListItem","position":2,"name":"Webshop","item":"https:\/\/maxani.nl\/webshop\/"},{"@type":"ListItem","position":3,"name":"MAX-Scope PLUS \u2013 Draadloze video-otoscoop en endoscoop voor hond en kat"}]},{"@type":"WebSite","@id":"https:\/\/maxani.nl\/#website","url":"https:\/\/maxani.nl\/","name":"Maxani Animal Healthcare BV","description":"Ihr Partner in der Veterin\u00e4rdermatologie","potentialAction":[{"@type":"SearchAction","target":{"@type":"EntryPoint","urlTemplate":"https:\/\/maxani.nl\/?s={search_term_string}"},"query-input":{"@type":"PropertyValueSpecification","valueRequired":true,"valueName":"search_term_string"}}],"inLanguage":"de"}]}},"jetpack_sharing_enabled":true,"_links":{"self":[{"href":"https:\/\/maxani.nl\/de\/wp-json\/wp\/v2\/product\/14140","targetHints":{"allow":["GET"]}}],"collection":[{"href":"https:\/\/maxani.nl\/de\/wp-json\/wp\/v2\/product"}],"about":[{"href":"https:\/\/maxani.nl\/de\/wp-json\/wp\/v2\/types\/product"}],"wp:featuredmedia":[{"embeddable":true,"href":"https:\/\/maxani.nl\/de\/wp-json\/wp\/v2\/media\/14347"}],"wp:attachment":[{"href":"https:\/\/maxani.nl\/de\/wp-json\/wp\/v2\/media?parent=14140"}],"wp:term":[{"taxonomy":"product_brand","embeddable":true,"href":"https:\/\/maxani.nl\/de\/wp-json\/wp\/v2\/product_brand?post=14140"},{"taxonomy":"product_cat","embeddable":true,"href":"https:\/\/maxani.nl\/de\/wp-json\/wp\/v2\/product_cat?post=14140"},{"taxonomy":"product_tag","embeddable":true,"href":"https:\/\/maxani.nl\/de\/wp-json\/wp\/v2\/product_tag?post=14140"}],"curies":[{"name":"wp","href":"https:\/\/api.w.org\/{rel}","templated":true}]}}