{"id":140,"date":"2019-08-13T11:37:14","date_gmt":"2019-08-13T11:37:14","guid":{"rendered":"https:\/\/maandvandehuidverzorging.nl\/?post_type=product&#038;p=140"},"modified":"2026-03-09T12:47:20","modified_gmt":"2026-03-09T12:47:20","slug":"cleanser-spray","status":"publish","type":"product","link":"https:\/\/maxani.nl\/de\/produkt\/cleanser-spray\/","title":{"rendered":"Maxani Reinigungsspray"},"content":{"rendered":"<p><strong>Indikationen<\/strong><\/p>\n<p>Reinigung von gereizter oder entz\u00fcndeter Haut und Wunden, Unterst\u00fctzung bei pyotraumatischer Dermatitis, Hot Spots und Intertrigo.<\/p>\n<p><strong>Operation\u00a0<\/strong><\/p>\n<p>Der Cleanser Spray basiert auf physiologischem Wasser mit Polysorbat, Glycerin und Chlorhexidin. Das Chlorhexidin sorgt f\u00fcr eine milde antiseptische Wirkung, die Kontaminationen verhindert. Ablagerungen, Proteine und Fette werden gel\u00f6st und die umgebende Haut wird gepflegt und gesch\u00fctzt. So werden Schmutz und Mikroorganismen weggesp\u00fclt.<\/p>\n<p><strong>Verwenden Sie<\/strong><\/p>\n<p>Cleanser Spray reinigt und sp\u00fclt die betroffene Haut, entfernt Verunreinigungen und unterst\u00fctzt so die Regeneration der Haut. Die Kombination aus physiologischem Wasser, Glycerin, Chlorhexadin und milden Seifen l\u00f6st effektiv Proteine, Schmutz und Fette auf der betroffenen Haut, oder wie von Ihrem Tierarzt verordnet. Das Produkt sollte mindestens 5 bis 10 Minuten an der Luft trocknen, Absp\u00fclen ist nicht erforderlich.<\/p>\n<span class=\"wppb-content-restriction-message\"><p data-opacity=\"0.5\">F\u00fcr weitere Informationen m\u00fcssen Sie eingeloggt sein<\/p>\n<\/span>","protected":false},"excerpt":{"rendered":"<p>Das Reinigungsspray reinigt und sp\u00fclt die Haut bzw. die Wunde und unterst\u00fctzt so die Heilungsf\u00e4higkeit der Haut. Auch f\u00fcr empfindliche, trockene und ger\u00f6tete Haut geeignet. Das Cleanser-Spray brennt nicht und ist farb- und geruchlos. Die Tiere lecken nicht so leicht, wenn das Spray auf ihnen ist, da das Cleanser-Spray sehr bitter schmeckt. Mit der Verwendung des Cleanser-Sprays wird die Leitlinie, weniger Antibiotika zu verwenden, erf\u00fcllt.<\/p>\n<p><strong>Tier<\/strong>: Alle Arten<\/p>\n<p><strong>Inhalt<\/strong>: 150 ml, 250 ml<\/p>\n<p><strong>Vor\u00fcbergehend nicht auf Lager - 150 ml.<\/strong> Bestellungen werden automatisch in den R\u00fcckstand versetzt. Voraussichtliche Lieferung: <strong data-start=\"166\" data-end=\"194\">Ende M\u00e4rz\/Anfang April<\/strong>.<\/p>\n<span class=\"wppb-shortcode-restriction-message\"> <\/span>","protected":false},"featured_media":11869,"template":"","meta":[],"product_brand":[],"product_cat":[15,29,41],"product_tag":[44,263,266,45,46,47,265,264,232],"class_list":{"0":"post-140","1":"product","2":"type-product","3":"status-publish","4":"has-post-thumbnail","6":"product_cat-alle-producten","7":"product_cat-maxani","8":"product_cat-wond-en-huidplooi","9":"product_tag-44","10":"product_tag-263","11":"product_tag-chloorhexidine","12":"product_tag-cleanser","13":"product_tag-cleanser-spray","14":"product_tag-cleanserspray","15":"product_tag-schoonmaken","16":"product_tag-wond","17":"product_tag-wondverzorging","19":"first","20":"instock","21":"featured","22":"taxable","23":"shipping-taxable","24":"product-type-variable"},"yoast_head":"<!-- This site is optimized with the Yoast SEO plugin v27.1.1 - https:\/\/yoast.com\/product\/yoast-seo-wordpress\/ -->\n<title>Maxani Cleanser spray - Maxani Animal Healthcare BV<\/title>\n<meta name=\"description\" content=\"Cleanser spray\" \/>\n<meta name=\"robots\" content=\"index, follow, max-snippet:-1, max-image-preview:large, max-video-preview:-1\" \/>\n<link rel=\"canonical\" href=\"https:\/\/maxani.nl\/de\/produkt\/cleanser-spray\/\" \/>\n<meta property=\"og:locale\" content=\"de_DE\" \/>\n<meta property=\"og:type\" content=\"article\" \/>\n<meta property=\"og:title\" content=\"Maxani Cleanser spray - Maxani Animal Healthcare BV\" \/>\n<meta property=\"og:description\" content=\"Cleanser spray\" \/>\n<meta property=\"og:url\" content=\"https:\/\/maxani.nl\/de\/produkt\/cleanser-spray\/\" \/>\n<meta property=\"og:site_name\" content=\"Maxani Animal Healthcare BV\" \/>\n<meta property=\"article:modified_time\" content=\"2026-03-09T12:47:20+00:00\" \/>\n<meta property=\"og:image\" content=\"https:\/\/maxani.nl\/wp-content\/uploads\/2023\/01\/Maxani-cleanser-spray-150ml-en-250ml.jpg\" \/>\n\t<meta property=\"og:image:width\" content=\"1080\" \/>\n\t<meta property=\"og:image:height\" content=\"1080\" \/>\n\t<meta property=\"og:image:type\" content=\"image\/jpeg\" \/>\n<meta name=\"twitter:card\" content=\"summary_large_image\" \/>\n<meta name=\"twitter:label1\" content=\"Gesch\u00e4tzte Lesezeit\" \/>\n\t<meta name=\"twitter:data1\" content=\"2\u00a0Minuten\" \/>\n<script type=\"application\/ld+json\" class=\"yoast-schema-graph\">{\"@context\":\"https:\/\/schema.org\",\"@graph\":[{\"@type\":\"WebPage\",\"@id\":\"https:\/\/maxani.nl\/product\/cleanser-spray\/\",\"url\":\"https:\/\/maxani.nl\/product\/cleanser-spray\/\",\"name\":\"Maxani Cleanser spray - Maxani Animal Healthcare BV\",\"isPartOf\":{\"@id\":\"https:\/\/maxani.nl\/#website\"},\"primaryImageOfPage\":{\"@id\":\"https:\/\/maxani.nl\/product\/cleanser-spray\/#primaryimage\"},\"image\":{\"@id\":\"https:\/\/maxani.nl\/product\/cleanser-spray\/#primaryimage\"},\"thumbnailUrl\":\"https:\/\/maxani.nl\/wp-content\/uploads\/2023\/01\/Maxani-cleanser-spray-150ml-en-250ml.jpg\",\"datePublished\":\"2019-08-13T11:37:14+00:00\",\"dateModified\":\"2026-03-09T12:47:20+00:00\",\"description\":\"Cleanser spray\",\"breadcrumb\":{\"@id\":\"https:\/\/maxani.nl\/product\/cleanser-spray\/#breadcrumb\"},\"inLanguage\":\"de\",\"potentialAction\":[{\"@type\":\"ReadAction\",\"target\":[\"https:\/\/maxani.nl\/product\/cleanser-spray\/\"]}]},{\"@type\":\"ImageObject\",\"inLanguage\":\"de\",\"@id\":\"https:\/\/maxani.nl\/product\/cleanser-spray\/#primaryimage\",\"url\":\"https:\/\/maxani.nl\/wp-content\/uploads\/2023\/01\/Maxani-cleanser-spray-150ml-en-250ml.jpg\",\"contentUrl\":\"https:\/\/maxani.nl\/wp-content\/uploads\/2023\/01\/Maxani-cleanser-spray-150ml-en-250ml.jpg\",\"width\":1080,\"height\":1080},{\"@type\":\"BreadcrumbList\",\"@id\":\"https:\/\/maxani.nl\/product\/cleanser-spray\/#breadcrumb\",\"itemListElement\":[{\"@type\":\"ListItem\",\"position\":1,\"name\":\"Home\",\"item\":\"https:\/\/maxani.nl\/\"},{\"@type\":\"ListItem\",\"position\":2,\"name\":\"Webshop\",\"item\":\"https:\/\/maxani.nl\/webshop\/\"},{\"@type\":\"ListItem\",\"position\":3,\"name\":\"Maxani Cleanser spray\"}]},{\"@type\":\"WebSite\",\"@id\":\"https:\/\/maxani.nl\/#website\",\"url\":\"https:\/\/maxani.nl\/\",\"name\":\"Maxani Animal Healthcare BV\",\"description\":\"Uw partner in veterinaire dermatologie\",\"potentialAction\":[{\"@type\":\"SearchAction\",\"target\":{\"@type\":\"EntryPoint\",\"urlTemplate\":\"https:\/\/maxani.nl\/?s={search_term_string}\"},\"query-input\":{\"@type\":\"PropertyValueSpecification\",\"valueRequired\":true,\"valueName\":\"search_term_string\"}}],\"inLanguage\":\"de\"}]}<\/script>\n<!-- \/ Yoast SEO plugin. -->","yoast_head_json":{"title":"Maxani Cleanser spray - Maxani Animal Healthcare BV","description":"Reinigungsspray","robots":{"index":"index","follow":"follow","max-snippet":"max-snippet:-1","max-image-preview":"max-image-preview:large","max-video-preview":"max-video-preview:-1"},"canonical":"https:\/\/maxani.nl\/de\/produkt\/cleanser-spray\/","og_locale":"de_DE","og_type":"article","og_title":"Maxani Cleanser spray - Maxani Animal Healthcare BV","og_description":"Cleanser spray","og_url":"https:\/\/maxani.nl\/de\/produkt\/cleanser-spray\/","og_site_name":"Maxani Animal Healthcare BV","article_modified_time":"2026-03-09T12:47:20+00:00","og_image":[{"width":1080,"height":1080,"url":"https:\/\/maxani.nl\/wp-content\/uploads\/2023\/01\/Maxani-cleanser-spray-150ml-en-250ml.jpg","type":"image\/jpeg"}],"twitter_card":"summary_large_image","twitter_misc":{"Gesch\u00e4tzte Lesezeit":"2\u00a0Minuten"},"schema":{"@context":"https:\/\/schema.org","@graph":[{"@type":"WebPage","@id":"https:\/\/maxani.nl\/product\/cleanser-spray\/","url":"https:\/\/maxani.nl\/product\/cleanser-spray\/","name":"Maxani Cleanser spray - Maxani Animal Healthcare BV","isPartOf":{"@id":"https:\/\/maxani.nl\/#website"},"primaryImageOfPage":{"@id":"https:\/\/maxani.nl\/product\/cleanser-spray\/#primaryimage"},"image":{"@id":"https:\/\/maxani.nl\/product\/cleanser-spray\/#primaryimage"},"thumbnailUrl":"https:\/\/maxani.nl\/wp-content\/uploads\/2023\/01\/Maxani-cleanser-spray-150ml-en-250ml.jpg","datePublished":"2019-08-13T11:37:14+00:00","dateModified":"2026-03-09T12:47:20+00:00","description":"Reinigungsspray","breadcrumb":{"@id":"https:\/\/maxani.nl\/product\/cleanser-spray\/#breadcrumb"},"inLanguage":"de","potentialAction":[{"@type":"ReadAction","target":["https:\/\/maxani.nl\/product\/cleanser-spray\/"]}]},{"@type":"ImageObject","inLanguage":"de","@id":"https:\/\/maxani.nl\/product\/cleanser-spray\/#primaryimage","url":"https:\/\/maxani.nl\/wp-content\/uploads\/2023\/01\/Maxani-cleanser-spray-150ml-en-250ml.jpg","contentUrl":"https:\/\/maxani.nl\/wp-content\/uploads\/2023\/01\/Maxani-cleanser-spray-150ml-en-250ml.jpg","width":1080,"height":1080},{"@type":"BreadcrumbList","@id":"https:\/\/maxani.nl\/product\/cleanser-spray\/#breadcrumb","itemListElement":[{"@type":"ListItem","position":1,"name":"Home","item":"https:\/\/maxani.nl\/"},{"@type":"ListItem","position":2,"name":"Webshop","item":"https:\/\/maxani.nl\/webshop\/"},{"@type":"ListItem","position":3,"name":"Maxani Cleanser spray"}]},{"@type":"WebSite","@id":"https:\/\/maxani.nl\/#website","url":"https:\/\/maxani.nl\/","name":"Maxani Animal Healthcare BV","description":"Ihr Partner in der Veterin\u00e4rdermatologie","potentialAction":[{"@type":"SearchAction","target":{"@type":"EntryPoint","urlTemplate":"https:\/\/maxani.nl\/?s={search_term_string}"},"query-input":{"@type":"PropertyValueSpecification","valueRequired":true,"valueName":"search_term_string"}}],"inLanguage":"de"}]}},"jetpack_sharing_enabled":true,"_links":{"self":[{"href":"https:\/\/maxani.nl\/de\/wp-json\/wp\/v2\/product\/140","targetHints":{"allow":["GET"]}}],"collection":[{"href":"https:\/\/maxani.nl\/de\/wp-json\/wp\/v2\/product"}],"about":[{"href":"https:\/\/maxani.nl\/de\/wp-json\/wp\/v2\/types\/product"}],"wp:featuredmedia":[{"embeddable":true,"href":"https:\/\/maxani.nl\/de\/wp-json\/wp\/v2\/media\/11869"}],"wp:attachment":[{"href":"https:\/\/maxani.nl\/de\/wp-json\/wp\/v2\/media?parent=140"}],"wp:term":[{"taxonomy":"product_brand","embeddable":true,"href":"https:\/\/maxani.nl\/de\/wp-json\/wp\/v2\/product_brand?post=140"},{"taxonomy":"product_cat","embeddable":true,"href":"https:\/\/maxani.nl\/de\/wp-json\/wp\/v2\/product_cat?post=140"},{"taxonomy":"product_tag","embeddable":true,"href":"https:\/\/maxani.nl\/de\/wp-json\/wp\/v2\/product_tag?post=140"}],"curies":[{"name":"wp","href":"https:\/\/api.w.org\/{rel}","templated":true}]}}