{"id":139,"date":"2019-08-13T11:30:44","date_gmt":"2019-08-13T11:30:44","guid":{"rendered":"https:\/\/maandvandehuidverzorging.nl\/?post_type=product&#038;p=139"},"modified":"2026-01-05T08:18:34","modified_gmt":"2026-01-05T08:18:34","slug":"chloorhexidine-wipes-met-vitamine-e-en-aloe-vera","status":"publish","type":"product","link":"https:\/\/maxani.nl\/de\/produkt\/chloorhexidine-wipes-met-vitamine-e-en-aloe-vera\/","title":{"rendered":"Maxani Chlorhexidin-T\u00fccher"},"content":{"rendered":"<p><strong>Indikationen<\/strong><\/p>\n<p>Chlorhexidin-T\u00fccher k\u00f6nnen zur Reinigung gereizter oder leicht infizierter Haut verwendet werden. Sie werden auch bei allergischen Hunden mit sekund\u00e4ren Hautinfektionen und als Therapie bei oberfl\u00e4chlicher Pyodermie oder Hot Spots eingesetzt. Sie eignen sich als Pflegemittel f\u00fcr Hunde oder Katzen mit wiederkehrendem Lippenekzem oder Kinakne. Zur Reinigung des Genitalbereichs bei Hunden mit Harninkontinenz (zur Vorbeugung oder Behandlung von Harnbrennen) und f\u00fcr schwer zug\u00e4ngliche Bereiche wie Hautfalten (Nase, Ohren, Schwanz, Lefzen und die Haut um Vulva und Anus), Reinigung von Nagelbett, Zehenhaut und Ohrmuschel.<\/p>\n<p>Vorsicht! Nicht in der N\u00e4he der Augen oder auf offenen Wunden verwenden. Nicht geeignet als Desinfektionsmittel vor einer Operation.<\/p>\n<p><strong>Operation<\/strong><\/p>\n<p>Aloe vera und Vitamin E beruhigen die Haut und tragen zu ihrer Regenerationsf\u00e4higkeit bei. Vitamin E ist ein fettl\u00f6sliches Vitamin und sch\u00fctzt als Antioxidans die Zellen, Zellmembranen, den Blutkreislauf und das umliegende Gewebe. Vitamin E st\u00e4rkt und pflegt somit die Hautbarriere. Chlorhexidin wirkt gegen ein breites Spektrum unerw\u00fcnschter Mikroorganismen, senkt den pH-Wert der Haut und sch\u00e4digt die bakterielle Zellwand. Chlorhexidindigluconat hat eine antimikrobielle Wirkung gegen Bakterien und Pilze. Benzoes\u00e4ure hat eine antibakterielle Wirkung, reduziert den Talg und hat keratolytische und entz\u00fcndungshemmende Eigenschaften.<\/p>\n<p><strong>Verwenden Sie<\/strong><\/p>\n<p>Die H\u00e4ufigkeit der Anwendung der T\u00fccher h\u00e4ngt von der Erkrankung, der Schwere der Beschwerden und dem Zweck der Behandlung ab. Wir empfehlen die Reinigung mit den T\u00fcchern mindestens ein- bis zweimal t\u00e4glich bei einer Hautinfektion. Zur Pflege k\u00f6nnen die T\u00fccher mehrmals pro Woche verwendet werden.<\/p>\n<p>Maxani Chlorhexidin-T\u00fccher sind biologisch abbaubar.<\/p>\n<span class=\"wppb-content-restriction-message\"><p data-opacity=\"0.5\">F\u00fcr weitere Informationen m\u00fcssen Sie eingeloggt sein<\/p>\n<\/span>","protected":false},"excerpt":{"rendered":"<p><strong>Mit Vitamin E und Aloe vera.<br \/>\n<\/strong>Die hautfreundlichen, impr\u00e4gnierten Chlorhexidin-T\u00fccher sind einfach anzuwenden, unter anderem zur Reinigung und Pflege von Hautfalten. Die T\u00fccher sind alkoholfrei und der Zusatz von Vitamin E, Aloe Vera und Glycerin spendet der Haut Feuchtigkeit und pflegt sie. Dermatologisch getestet nach ISO 10993-10 und CSN EN 1276 auf Mikroorganismen: Pseudomonas aeruginosa, Staphylococus aureus, Enterococcus hirae, Escherichia coli. Die T\u00fccher sind stark und erm\u00f6glichen eine einfache Entfernung von Schmutz und Ablagerungen auch in schwer zug\u00e4nglichen Bereichen. Nachgewiesene Wirksamkeit gegen MRSA.<\/p>\n<p><strong>Tier<\/strong>: Alle Arten<\/p>\n<p><strong>Inhalt<\/strong>: 40 st.<\/p>","protected":false},"featured_media":13377,"template":"","meta":[],"product_brand":[],"product_cat":[15,29,41,36],"product_tag":[267,266,269,268,76],"class_list":{"0":"post-139","1":"product","2":"type-product","3":"status-publish","4":"has-post-thumbnail","6":"product_cat-alle-producten","7":"product_cat-maxani","8":"product_cat-wond-en-huidplooi","9":"product_cat-pyodermie","10":"product_tag-267","11":"product_tag-chloorhexidine","12":"product_tag-huidplooi","13":"product_tag-plooien","14":"product_tag-wipes","16":"first","17":"instock","18":"taxable","19":"shipping-taxable","20":"product-type-simple"},"yoast_head":"<!-- This site is optimized with the Yoast SEO plugin v27.1.1 - https:\/\/yoast.com\/product\/yoast-seo-wordpress\/ -->\n<title>Maxani Chloorhexidine wipes - Maxani Animal Healthcare BV<\/title>\n<meta name=\"robots\" content=\"index, follow, max-snippet:-1, max-image-preview:large, max-video-preview:-1\" \/>\n<link rel=\"canonical\" href=\"https:\/\/maxani.nl\/de\/produkt\/chloorhexidine-wipes-met-vitamine-e-en-aloe-vera\/\" \/>\n<meta property=\"og:locale\" content=\"de_DE\" \/>\n<meta property=\"og:type\" content=\"article\" \/>\n<meta property=\"og:title\" content=\"Maxani Chloorhexidine wipes - Maxani Animal Healthcare BV\" \/>\n<meta property=\"og:description\" content=\"Met vitamine e en alo\u00eb vera. De huidvriendelijke, ge\u00efmpregneerde Chloorhexidine wipes zijn gemakkelijk te gebruiken voor o.a. de reiniging en verzorging van huidplooien. De doekjes zijn alcoholvrij en door de toevoeging van vitamine E, Alo\u00eb vera en glycerine wordt de huid gehydrateerd en verzorgd. Dermatologisch getest volgens ISO 10993-10 en CSN EN 1276 op micro-organismen: pseudomonas aeruginosa, staphylococus aureus, enterococcus hirae, escherichia coli. De doekjes zijn sterk, waardoor vuil en debris gemakkelijk verwijderd worden, zelfs bij de moeilijk bereikbare plekken. Bewezen werkzaamheid tegen MRSA.  Dier: Alle diersoorten  Inhoud: 40 st.\" \/>\n<meta property=\"og:url\" content=\"https:\/\/maxani.nl\/de\/produkt\/chloorhexidine-wipes-met-vitamine-e-en-aloe-vera\/\" \/>\n<meta property=\"og:site_name\" content=\"Maxani Animal Healthcare BV\" \/>\n<meta property=\"article:modified_time\" content=\"2026-01-05T08:18:34+00:00\" \/>\n<meta property=\"og:image\" content=\"https:\/\/maxani.nl\/wp-content\/uploads\/2019\/08\/Maxani-chloorhexidine-wipes.jpg\" \/>\n\t<meta property=\"og:image:width\" content=\"1080\" \/>\n\t<meta property=\"og:image:height\" content=\"1080\" \/>\n\t<meta property=\"og:image:type\" content=\"image\/jpeg\" \/>\n<meta name=\"twitter:card\" content=\"summary_large_image\" \/>\n<meta name=\"twitter:label1\" content=\"Gesch\u00e4tzte Lesezeit\" \/>\n\t<meta name=\"twitter:data1\" content=\"3\u00a0Minuten\" \/>\n<script type=\"application\/ld+json\" class=\"yoast-schema-graph\">{\"@context\":\"https:\/\/schema.org\",\"@graph\":[{\"@type\":\"WebPage\",\"@id\":\"https:\/\/maxani.nl\/product\/chloorhexidine-wipes-met-vitamine-e-en-aloe-vera\/\",\"url\":\"https:\/\/maxani.nl\/product\/chloorhexidine-wipes-met-vitamine-e-en-aloe-vera\/\",\"name\":\"Maxani Chloorhexidine wipes - Maxani Animal Healthcare BV\",\"isPartOf\":{\"@id\":\"https:\/\/maxani.nl\/#website\"},\"primaryImageOfPage\":{\"@id\":\"https:\/\/maxani.nl\/product\/chloorhexidine-wipes-met-vitamine-e-en-aloe-vera\/#primaryimage\"},\"image\":{\"@id\":\"https:\/\/maxani.nl\/product\/chloorhexidine-wipes-met-vitamine-e-en-aloe-vera\/#primaryimage\"},\"thumbnailUrl\":\"https:\/\/maxani.nl\/wp-content\/uploads\/2019\/08\/Maxani-chloorhexidine-wipes.jpg\",\"datePublished\":\"2019-08-13T11:30:44+00:00\",\"dateModified\":\"2026-01-05T08:18:34+00:00\",\"breadcrumb\":{\"@id\":\"https:\/\/maxani.nl\/product\/chloorhexidine-wipes-met-vitamine-e-en-aloe-vera\/#breadcrumb\"},\"inLanguage\":\"de\",\"potentialAction\":[{\"@type\":\"ReadAction\",\"target\":[\"https:\/\/maxani.nl\/product\/chloorhexidine-wipes-met-vitamine-e-en-aloe-vera\/\"]}]},{\"@type\":\"ImageObject\",\"inLanguage\":\"de\",\"@id\":\"https:\/\/maxani.nl\/product\/chloorhexidine-wipes-met-vitamine-e-en-aloe-vera\/#primaryimage\",\"url\":\"https:\/\/maxani.nl\/wp-content\/uploads\/2019\/08\/Maxani-chloorhexidine-wipes.jpg\",\"contentUrl\":\"https:\/\/maxani.nl\/wp-content\/uploads\/2019\/08\/Maxani-chloorhexidine-wipes.jpg\",\"width\":1080,\"height\":1080},{\"@type\":\"BreadcrumbList\",\"@id\":\"https:\/\/maxani.nl\/product\/chloorhexidine-wipes-met-vitamine-e-en-aloe-vera\/#breadcrumb\",\"itemListElement\":[{\"@type\":\"ListItem\",\"position\":1,\"name\":\"Home\",\"item\":\"https:\/\/maxani.nl\/\"},{\"@type\":\"ListItem\",\"position\":2,\"name\":\"Webshop\",\"item\":\"https:\/\/maxani.nl\/webshop\/\"},{\"@type\":\"ListItem\",\"position\":3,\"name\":\"Maxani Chloorhexidine wipes\"}]},{\"@type\":\"WebSite\",\"@id\":\"https:\/\/maxani.nl\/#website\",\"url\":\"https:\/\/maxani.nl\/\",\"name\":\"Maxani Animal Healthcare BV\",\"description\":\"Uw partner in veterinaire dermatologie\",\"potentialAction\":[{\"@type\":\"SearchAction\",\"target\":{\"@type\":\"EntryPoint\",\"urlTemplate\":\"https:\/\/maxani.nl\/?s={search_term_string}\"},\"query-input\":{\"@type\":\"PropertyValueSpecification\",\"valueRequired\":true,\"valueName\":\"search_term_string\"}}],\"inLanguage\":\"de\"}]}<\/script>\n<!-- \/ Yoast SEO plugin. -->","yoast_head_json":{"title":"Maxani Chloorhexidine wipes - Maxani Animal Healthcare BV","robots":{"index":"index","follow":"follow","max-snippet":"max-snippet:-1","max-image-preview":"max-image-preview:large","max-video-preview":"max-video-preview:-1"},"canonical":"https:\/\/maxani.nl\/de\/produkt\/chloorhexidine-wipes-met-vitamine-e-en-aloe-vera\/","og_locale":"de_DE","og_type":"article","og_title":"Maxani Chloorhexidine wipes - Maxani Animal Healthcare BV","og_description":"Met vitamine e en alo\u00eb vera. De huidvriendelijke, ge\u00efmpregneerde Chloorhexidine wipes zijn gemakkelijk te gebruiken voor o.a. de reiniging en verzorging van huidplooien. De doekjes zijn alcoholvrij en door de toevoeging van vitamine E, Alo\u00eb vera en glycerine wordt de huid gehydrateerd en verzorgd. Dermatologisch getest volgens ISO 10993-10 en CSN EN 1276 op micro-organismen: pseudomonas aeruginosa, staphylococus aureus, enterococcus hirae, escherichia coli. De doekjes zijn sterk, waardoor vuil en debris gemakkelijk verwijderd worden, zelfs bij de moeilijk bereikbare plekken. Bewezen werkzaamheid tegen MRSA.  Dier: Alle diersoorten  Inhoud: 40 st.","og_url":"https:\/\/maxani.nl\/de\/produkt\/chloorhexidine-wipes-met-vitamine-e-en-aloe-vera\/","og_site_name":"Maxani Animal Healthcare BV","article_modified_time":"2026-01-05T08:18:34+00:00","og_image":[{"width":1080,"height":1080,"url":"https:\/\/maxani.nl\/wp-content\/uploads\/2019\/08\/Maxani-chloorhexidine-wipes.jpg","type":"image\/jpeg"}],"twitter_card":"summary_large_image","twitter_misc":{"Gesch\u00e4tzte Lesezeit":"3\u00a0Minuten"},"schema":{"@context":"https:\/\/schema.org","@graph":[{"@type":"WebPage","@id":"https:\/\/maxani.nl\/product\/chloorhexidine-wipes-met-vitamine-e-en-aloe-vera\/","url":"https:\/\/maxani.nl\/product\/chloorhexidine-wipes-met-vitamine-e-en-aloe-vera\/","name":"Maxani Chloorhexidine wipes - Maxani Animal Healthcare BV","isPartOf":{"@id":"https:\/\/maxani.nl\/#website"},"primaryImageOfPage":{"@id":"https:\/\/maxani.nl\/product\/chloorhexidine-wipes-met-vitamine-e-en-aloe-vera\/#primaryimage"},"image":{"@id":"https:\/\/maxani.nl\/product\/chloorhexidine-wipes-met-vitamine-e-en-aloe-vera\/#primaryimage"},"thumbnailUrl":"https:\/\/maxani.nl\/wp-content\/uploads\/2019\/08\/Maxani-chloorhexidine-wipes.jpg","datePublished":"2019-08-13T11:30:44+00:00","dateModified":"2026-01-05T08:18:34+00:00","breadcrumb":{"@id":"https:\/\/maxani.nl\/product\/chloorhexidine-wipes-met-vitamine-e-en-aloe-vera\/#breadcrumb"},"inLanguage":"de","potentialAction":[{"@type":"ReadAction","target":["https:\/\/maxani.nl\/product\/chloorhexidine-wipes-met-vitamine-e-en-aloe-vera\/"]}]},{"@type":"ImageObject","inLanguage":"de","@id":"https:\/\/maxani.nl\/product\/chloorhexidine-wipes-met-vitamine-e-en-aloe-vera\/#primaryimage","url":"https:\/\/maxani.nl\/wp-content\/uploads\/2019\/08\/Maxani-chloorhexidine-wipes.jpg","contentUrl":"https:\/\/maxani.nl\/wp-content\/uploads\/2019\/08\/Maxani-chloorhexidine-wipes.jpg","width":1080,"height":1080},{"@type":"BreadcrumbList","@id":"https:\/\/maxani.nl\/product\/chloorhexidine-wipes-met-vitamine-e-en-aloe-vera\/#breadcrumb","itemListElement":[{"@type":"ListItem","position":1,"name":"Home","item":"https:\/\/maxani.nl\/"},{"@type":"ListItem","position":2,"name":"Webshop","item":"https:\/\/maxani.nl\/webshop\/"},{"@type":"ListItem","position":3,"name":"Maxani Chloorhexidine wipes"}]},{"@type":"WebSite","@id":"https:\/\/maxani.nl\/#website","url":"https:\/\/maxani.nl\/","name":"Maxani Animal Healthcare BV","description":"Ihr Partner in der Veterin\u00e4rdermatologie","potentialAction":[{"@type":"SearchAction","target":{"@type":"EntryPoint","urlTemplate":"https:\/\/maxani.nl\/?s={search_term_string}"},"query-input":{"@type":"PropertyValueSpecification","valueRequired":true,"valueName":"search_term_string"}}],"inLanguage":"de"}]}},"jetpack_sharing_enabled":true,"_links":{"self":[{"href":"https:\/\/maxani.nl\/de\/wp-json\/wp\/v2\/product\/139","targetHints":{"allow":["GET"]}}],"collection":[{"href":"https:\/\/maxani.nl\/de\/wp-json\/wp\/v2\/product"}],"about":[{"href":"https:\/\/maxani.nl\/de\/wp-json\/wp\/v2\/types\/product"}],"wp:featuredmedia":[{"embeddable":true,"href":"https:\/\/maxani.nl\/de\/wp-json\/wp\/v2\/media\/13377"}],"wp:attachment":[{"href":"https:\/\/maxani.nl\/de\/wp-json\/wp\/v2\/media?parent=139"}],"wp:term":[{"taxonomy":"product_brand","embeddable":true,"href":"https:\/\/maxani.nl\/de\/wp-json\/wp\/v2\/product_brand?post=139"},{"taxonomy":"product_cat","embeddable":true,"href":"https:\/\/maxani.nl\/de\/wp-json\/wp\/v2\/product_cat?post=139"},{"taxonomy":"product_tag","embeddable":true,"href":"https:\/\/maxani.nl\/de\/wp-json\/wp\/v2\/product_tag?post=139"}],"curies":[{"name":"wp","href":"https:\/\/api.w.org\/{rel}","templated":true}]}}