{"id":135,"date":"2019-08-13T10:13:37","date_gmt":"2019-08-13T10:13:37","guid":{"rendered":"https:\/\/maandvandehuidverzorging.nl\/?post_type=product&#038;p=135"},"modified":"2026-02-16T12:10:26","modified_gmt":"2026-02-16T12:10:26","slug":"hydralac-huidconditioner","status":"publish","type":"product","link":"https:\/\/maxani.nl\/de\/produkt\/hydralac-huidconditioner\/","title":{"rendered":"Maxani Hydralac Hautpflegemittel"},"content":{"rendered":"<p><strong>Indikationen<\/strong><\/p>\n<p>Trockene Haut, atopische Haut und seborrhoische Haut. Auch geeignet f\u00fcr keratolytische St\u00f6rungen: prim\u00e4re Seborrhoe, Ichthyose, Sebaceous Adenitis. Oder als Pflegespray nach der Verwendung von austrocknenden (medizinischen) Shampoos, das Hydralac-Spray n\u00e4hrt, beruhigt und pflegt die Haut.<\/p>\n<p><strong>Operation<\/strong><\/p>\n<p>Hyalurons\u00e4ure st\u00e4rkt die Hautbarriere und speichert Feuchtigkeit, wodurch die Haut hydratisiert und gestrafft wird. Sie wirkt auch als Antioxidans, das die Haut beruhigt und sch\u00fctzt<br \/>\ngegen Sch\u00e4den durch freie Radikale. Harnstoff dringt tief in die Epidermis ein und hat eine keratolytische und feuchtigkeitsspendende Wirkung, die \u00fcberm\u00e4\u00dfige Hautschuppen beseitigt. Zinkgluconat hemmt und reguliert die Talgproduktion und ist daher ein wichtiger Inhaltsstoff f\u00fcr seborrhoische Haut. Zink ist auch wichtig f\u00fcr die Aufrechterhaltung des Gleichgewichts der Hautbarriere. Acidum<br \/>\nlacticum beugt Hyperkeratose vor und verleiht dem Hydralac-Spray zusammen mit Benzalkoniumchlorid eine leicht antiseptische Wirkung.<\/p>\n<p><strong>Verwenden Sie<\/strong><\/p>\n<p>Vor Gebrauch sch\u00fctteln. Hydralac Spray kann t\u00e4glich auf trockener und feuchter Haut angewendet werden.<\/p>\n<p><em><strong>Spr\u00fchverfahren<\/strong>:<\/em><\/p>\n<p>Schieben Sie das Haar mit der Hand oder einem Kamm zur Seite und spr\u00fchen Sie es gr\u00fcndlich auf die Haut. Massieren Sie es sanft ein und b\u00fcrsten oder k\u00e4mmen Sie es dann leicht durch. Lassen Sie das Tier trocknen, ohne das Hydralac abzusp\u00fclen oder zu f\u00f6hnen. Tupfen Sie es vorsichtig mit einem sauberen Handtuch trocken.<\/p>\n<p><em><strong>Rinse-off-Methode<\/strong>:<\/em><\/p>\n<p>Verwenden Sie das Hydralac als Nachsp\u00fclung nach dem Waschen mit einem medizinischen Shampoo. Verd\u00fcnnen Sie das Hydralac 1:10 mit lauwarmem Wasser. Gie\u00dfen Sie den verd\u00fcnnten Conditioner \u00fcber das Fell und massieren Sie ihn sanft ein. Lassen Sie das Tier trocknen, ohne das Hydralac abzusp\u00fclen oder abzuf\u00f6hnen. Ein vorsichtiges Abtupfen mit einem sauberen Handtuch reicht aus.<\/p>\n<span class=\"wppb-content-restriction-message\"><p data-opacity=\"0.5\">F\u00fcr weitere Informationen m\u00fcssen Sie eingeloggt sein<\/p>\n<\/span>","protected":false},"excerpt":{"rendered":"<p>Hydralac Skin Conditioner ist ein \u00f6lfreies Spray, das f\u00fcr eine geschmeidige, mit Feuchtigkeit versorgte Haut sorgt, ohne einen fettigen Film zu hinterlassen. Dieser n\u00e4hrende Hautconditioner dringt tief in die Epidermis ein. Die spezielle Formel ist nicht nur feuchtigkeitsspendend und pflegend, sondern entfernt auch Hautschuppen, reguliert den Talg und reduziert das Bakterienwachstum. Die Wirkstoffe verf\u00fcgen \u00fcber feuchtigkeitsspendende, antibakterielle und antimykotische Eigenschaften. Hydralac ist eine sinnvolle Erg\u00e4nzung zu dermatologischen Shampoobehandlungen und kann auch als Monotherapie verwendet werden. Hydralac Spray sollte nicht ausgesp\u00fclt oder in die N\u00e4he der Augen gespr\u00fcht werden.<\/p>\n<p><strong>Tier<\/strong>: Alle Arten<\/p>\n<p><strong>Inhalt<\/strong>: 200 ml oder 1L<\/p>\n<span class=\"wppb-shortcode-restriction-message\"> <\/span>","protected":false},"featured_media":11909,"template":"","meta":[],"product_brand":[],"product_cat":[15,29],"product_tag":[144,38,39],"class_list":{"0":"post-135","1":"product","2":"type-product","3":"status-publish","4":"has-post-thumbnail","6":"product_cat-alle-producten","7":"product_cat-maxani","8":"product_tag-144","9":"product_tag-conditioner","10":"product_tag-maxani-huidconditioner-hydralac","12":"first","13":"instock","14":"taxable","15":"shipping-taxable","16":"product-type-variable"},"yoast_head":"<!-- This site is optimized with the Yoast SEO plugin v27.1.1 - https:\/\/yoast.com\/product\/yoast-seo-wordpress\/ -->\n<title>Maxani Hydralac skin conditioner - Maxani Animal Healthcare BV<\/title>\n<meta name=\"robots\" content=\"index, follow, max-snippet:-1, max-image-preview:large, max-video-preview:-1\" \/>\n<link rel=\"canonical\" href=\"https:\/\/maxani.nl\/de\/produkt\/hydralac-huidconditioner\/\" \/>\n<meta property=\"og:locale\" content=\"de_DE\" \/>\n<meta property=\"og:type\" content=\"article\" \/>\n<meta property=\"og:title\" content=\"Maxani Hydralac skin conditioner - Maxani Animal Healthcare BV\" \/>\n<meta property=\"og:description\" content=\"Hydralac skinconditioner is een olievrije spray die zorgt voor een soepele, gehydrateerde huid zonder een vettige laag achter te laten. Deze voedende huidconditioner dringt tot diep in de opperhuid door. Naast het hydrateren en het voeden is de speciale formule samengesteld om schilfers te verwijderen, talg te reguleren en de bacteriegroei te verminderen. De werkzame stoffen bezitten hydraterende, antibacteri\u00eble, antimycotische eigenschappen. Hydralac vormt een zinvolle aanvulling op de behandeling met een dermatologische shampoo en is ook als monotherapie inzetbaar. De Hydralac spray mag niet worden uitgespoeld en niet in de buurt van ogen worden gesprayd.  Dier: Alle diersoorten  Inhoud: 200 ml of 1L\" \/>\n<meta property=\"og:url\" content=\"https:\/\/maxani.nl\/de\/produkt\/hydralac-huidconditioner\/\" \/>\n<meta property=\"og:site_name\" content=\"Maxani Animal Healthcare BV\" \/>\n<meta property=\"article:modified_time\" content=\"2026-02-16T12:10:26+00:00\" \/>\n<meta property=\"og:image\" content=\"https:\/\/maxani.nl\/wp-content\/uploads\/2023\/01\/Maxani-Hydralac-spray-200ml.jpg\" \/>\n\t<meta property=\"og:image:width\" content=\"1080\" \/>\n\t<meta property=\"og:image:height\" content=\"1080\" \/>\n\t<meta property=\"og:image:type\" content=\"image\/jpeg\" \/>\n<meta name=\"twitter:card\" content=\"summary_large_image\" \/>\n<meta name=\"twitter:label1\" content=\"Gesch\u00e4tzte Lesezeit\" \/>\n\t<meta name=\"twitter:data1\" content=\"3\u00a0Minuten\" \/>\n<script type=\"application\/ld+json\" class=\"yoast-schema-graph\">{\"@context\":\"https:\/\/schema.org\",\"@graph\":[{\"@type\":\"WebPage\",\"@id\":\"https:\/\/maxani.nl\/product\/hydralac-huidconditioner\/\",\"url\":\"https:\/\/maxani.nl\/product\/hydralac-huidconditioner\/\",\"name\":\"Maxani Hydralac skin conditioner - Maxani Animal Healthcare BV\",\"isPartOf\":{\"@id\":\"https:\/\/maxani.nl\/#website\"},\"primaryImageOfPage\":{\"@id\":\"https:\/\/maxani.nl\/product\/hydralac-huidconditioner\/#primaryimage\"},\"image\":{\"@id\":\"https:\/\/maxani.nl\/product\/hydralac-huidconditioner\/#primaryimage\"},\"thumbnailUrl\":\"https:\/\/maxani.nl\/wp-content\/uploads\/2023\/01\/Maxani-Hydralac-spray-200ml.jpg\",\"datePublished\":\"2019-08-13T10:13:37+00:00\",\"dateModified\":\"2026-02-16T12:10:26+00:00\",\"breadcrumb\":{\"@id\":\"https:\/\/maxani.nl\/product\/hydralac-huidconditioner\/#breadcrumb\"},\"inLanguage\":\"de\",\"potentialAction\":[{\"@type\":\"ReadAction\",\"target\":[\"https:\/\/maxani.nl\/product\/hydralac-huidconditioner\/\"]}]},{\"@type\":\"ImageObject\",\"inLanguage\":\"de\",\"@id\":\"https:\/\/maxani.nl\/product\/hydralac-huidconditioner\/#primaryimage\",\"url\":\"https:\/\/maxani.nl\/wp-content\/uploads\/2023\/01\/Maxani-Hydralac-spray-200ml.jpg\",\"contentUrl\":\"https:\/\/maxani.nl\/wp-content\/uploads\/2023\/01\/Maxani-Hydralac-spray-200ml.jpg\",\"width\":1080,\"height\":1080},{\"@type\":\"BreadcrumbList\",\"@id\":\"https:\/\/maxani.nl\/product\/hydralac-huidconditioner\/#breadcrumb\",\"itemListElement\":[{\"@type\":\"ListItem\",\"position\":1,\"name\":\"Home\",\"item\":\"https:\/\/maxani.nl\/\"},{\"@type\":\"ListItem\",\"position\":2,\"name\":\"Webshop\",\"item\":\"https:\/\/maxani.nl\/webshop\/\"},{\"@type\":\"ListItem\",\"position\":3,\"name\":\"Maxani Hydralac skin conditioner\"}]},{\"@type\":\"WebSite\",\"@id\":\"https:\/\/maxani.nl\/#website\",\"url\":\"https:\/\/maxani.nl\/\",\"name\":\"Maxani Animal Healthcare BV\",\"description\":\"Uw partner in veterinaire dermatologie\",\"potentialAction\":[{\"@type\":\"SearchAction\",\"target\":{\"@type\":\"EntryPoint\",\"urlTemplate\":\"https:\/\/maxani.nl\/?s={search_term_string}\"},\"query-input\":{\"@type\":\"PropertyValueSpecification\",\"valueRequired\":true,\"valueName\":\"search_term_string\"}}],\"inLanguage\":\"de\"}]}<\/script>\n<!-- \/ Yoast SEO plugin. -->","yoast_head_json":{"title":"Maxani Hydralac Hautpflegemittel - Maxani Animal Healthcare BV","robots":{"index":"index","follow":"follow","max-snippet":"max-snippet:-1","max-image-preview":"max-image-preview:large","max-video-preview":"max-video-preview:-1"},"canonical":"https:\/\/maxani.nl\/de\/produkt\/hydralac-huidconditioner\/","og_locale":"de_DE","og_type":"article","og_title":"Maxani Hydralac skin conditioner - Maxani Animal Healthcare BV","og_description":"Hydralac skinconditioner is een olievrije spray die zorgt voor een soepele, gehydrateerde huid zonder een vettige laag achter te laten. Deze voedende huidconditioner dringt tot diep in de opperhuid door. Naast het hydrateren en het voeden is de speciale formule samengesteld om schilfers te verwijderen, talg te reguleren en de bacteriegroei te verminderen. De werkzame stoffen bezitten hydraterende, antibacteri\u00eble, antimycotische eigenschappen. Hydralac vormt een zinvolle aanvulling op de behandeling met een dermatologische shampoo en is ook als monotherapie inzetbaar. De Hydralac spray mag niet worden uitgespoeld en niet in de buurt van ogen worden gesprayd.  Dier: Alle diersoorten  Inhoud: 200 ml of 1L","og_url":"https:\/\/maxani.nl\/de\/produkt\/hydralac-huidconditioner\/","og_site_name":"Maxani Animal Healthcare BV","article_modified_time":"2026-02-16T12:10:26+00:00","og_image":[{"width":1080,"height":1080,"url":"https:\/\/maxani.nl\/wp-content\/uploads\/2023\/01\/Maxani-Hydralac-spray-200ml.jpg","type":"image\/jpeg"}],"twitter_card":"summary_large_image","twitter_misc":{"Gesch\u00e4tzte Lesezeit":"3\u00a0Minuten"},"schema":{"@context":"https:\/\/schema.org","@graph":[{"@type":"WebPage","@id":"https:\/\/maxani.nl\/product\/hydralac-huidconditioner\/","url":"https:\/\/maxani.nl\/product\/hydralac-huidconditioner\/","name":"Maxani Hydralac Hautpflegemittel - Maxani Animal Healthcare BV","isPartOf":{"@id":"https:\/\/maxani.nl\/#website"},"primaryImageOfPage":{"@id":"https:\/\/maxani.nl\/product\/hydralac-huidconditioner\/#primaryimage"},"image":{"@id":"https:\/\/maxani.nl\/product\/hydralac-huidconditioner\/#primaryimage"},"thumbnailUrl":"https:\/\/maxani.nl\/wp-content\/uploads\/2023\/01\/Maxani-Hydralac-spray-200ml.jpg","datePublished":"2019-08-13T10:13:37+00:00","dateModified":"2026-02-16T12:10:26+00:00","breadcrumb":{"@id":"https:\/\/maxani.nl\/product\/hydralac-huidconditioner\/#breadcrumb"},"inLanguage":"de","potentialAction":[{"@type":"ReadAction","target":["https:\/\/maxani.nl\/product\/hydralac-huidconditioner\/"]}]},{"@type":"ImageObject","inLanguage":"de","@id":"https:\/\/maxani.nl\/product\/hydralac-huidconditioner\/#primaryimage","url":"https:\/\/maxani.nl\/wp-content\/uploads\/2023\/01\/Maxani-Hydralac-spray-200ml.jpg","contentUrl":"https:\/\/maxani.nl\/wp-content\/uploads\/2023\/01\/Maxani-Hydralac-spray-200ml.jpg","width":1080,"height":1080},{"@type":"BreadcrumbList","@id":"https:\/\/maxani.nl\/product\/hydralac-huidconditioner\/#breadcrumb","itemListElement":[{"@type":"ListItem","position":1,"name":"Home","item":"https:\/\/maxani.nl\/"},{"@type":"ListItem","position":2,"name":"Webshop","item":"https:\/\/maxani.nl\/webshop\/"},{"@type":"ListItem","position":3,"name":"Maxani Hydralac skin conditioner"}]},{"@type":"WebSite","@id":"https:\/\/maxani.nl\/#website","url":"https:\/\/maxani.nl\/","name":"Maxani Animal Healthcare BV","description":"Ihr Partner in der Veterin\u00e4rdermatologie","potentialAction":[{"@type":"SearchAction","target":{"@type":"EntryPoint","urlTemplate":"https:\/\/maxani.nl\/?s={search_term_string}"},"query-input":{"@type":"PropertyValueSpecification","valueRequired":true,"valueName":"search_term_string"}}],"inLanguage":"de"}]}},"jetpack_sharing_enabled":true,"_links":{"self":[{"href":"https:\/\/maxani.nl\/de\/wp-json\/wp\/v2\/product\/135","targetHints":{"allow":["GET"]}}],"collection":[{"href":"https:\/\/maxani.nl\/de\/wp-json\/wp\/v2\/product"}],"about":[{"href":"https:\/\/maxani.nl\/de\/wp-json\/wp\/v2\/types\/product"}],"wp:featuredmedia":[{"embeddable":true,"href":"https:\/\/maxani.nl\/de\/wp-json\/wp\/v2\/media\/11909"}],"wp:attachment":[{"href":"https:\/\/maxani.nl\/de\/wp-json\/wp\/v2\/media?parent=135"}],"wp:term":[{"taxonomy":"product_brand","embeddable":true,"href":"https:\/\/maxani.nl\/de\/wp-json\/wp\/v2\/product_brand?post=135"},{"taxonomy":"product_cat","embeddable":true,"href":"https:\/\/maxani.nl\/de\/wp-json\/wp\/v2\/product_cat?post=135"},{"taxonomy":"product_tag","embeddable":true,"href":"https:\/\/maxani.nl\/de\/wp-json\/wp\/v2\/product_tag?post=135"}],"curies":[{"name":"wp","href":"https:\/\/api.w.org\/{rel}","templated":true}]}}