{"id":134,"date":"2019-08-13T09:56:21","date_gmt":"2019-08-13T09:56:21","guid":{"rendered":"https:\/\/maandvandehuidverzorging.nl\/?post_type=product&#038;p=134"},"modified":"2025-05-30T18:04:16","modified_gmt":"2025-05-30T18:04:16","slug":"sebosilk-huidshampoo","status":"publish","type":"product","link":"https:\/\/maxani.nl\/de\/produkt\/sebosilk-huidshampoo\/","title":{"rendered":"Maxani SeboSilk Hautshampoo"},"content":{"rendered":"<p><strong>Indikationen<\/strong><\/p>\n<p>Tiere mit Seborrhoea oleosa, erh\u00f6hter Talgproduktion, Anomalien im Fellwechsel und\/oder unangenehmem Geruch. Auch sehr geeignet f\u00fcr Hunde, die extrem schmutzig sind und\/oder ein fettiges Fell haben.<\/p>\n<p><strong>Operation<\/strong><\/p>\n<p>Salbei, Zinkgluconat und Vitamin B6 regulieren die Talgproduktion, ohne die Haut auszutrocknen. Das Shampoo f\u00f6rdert die Bildung von gesunden Keratinozyten und entfernt Hautschuppen. Honig, Salicyls\u00e4ure und Milchs\u00e4ure gleichen die mikrobielle Hautflora aus und neutralisieren unangenehme Ger\u00fcche. SK-influx\u00ae, bestehend aus Fetts\u00e4uren, Ceramiden, Cholesterin und Phytosphingosin, stellt die Hautbarriere wieder her. Hyalurons\u00e4ure f\u00f6rdert die Elastizit\u00e4t und Feuchtigkeit der Haut.<\/p>\n<p><strong>Verwenden Sie<\/strong><\/p>\n<p>Je nach Zustand, Schwere der Beschwerden und Zweck der Behandlung ist die H\u00e4ufigkeit der Haarw\u00e4sche unterschiedlich. Wir empfehlen, mindestens 2 bis 3 Mal pro Woche zu shampoonieren, bis die klinischen Symptome verschwunden sind. SeboSilk Hautshampoo eignet sich f\u00fcr eine 2 bis 4 malige Anwendung pro Monat als Pflegeprodukt. Vor Gebrauch gut sch\u00fctteln. Das Tier sollte vorzugsweise 2 Mal pro Shampoonierung gewaschen werden. Das erste Mal zur Reinigung (Entfernung von Schmutz, Schuppen usw.), das zweite Mal zur Behandlung. Bei der zweiten W\u00e4sche lassen Sie das Shampoo 5-10 Minuten einwirken, um eine optimale Wirkung zu erzielen. Nicht verwenden, wenn das Tier empfindlich auf einen der Inhaltsstoffe reagiert.<\/p>\n<span class=\"wppb-content-restriction-message\"><p data-opacity=\"0.5\">F\u00fcr weitere Informationen m\u00fcssen Sie eingeloggt sein<\/p>\n<\/span>","protected":false},"excerpt":{"rendered":"<p>Das SeboSilk Hautshampoo wurde speziell f\u00fcr Tiere mit erh\u00f6hter Talgproduktion und\/oder Anomalien im Fellwechsel entwickelt. Zum Beispiel bei fettiger Seborrhoe ist eine gute<br \/>\nDie Reinigung ist wichtig, nat\u00fcrlich in Kombination mit der Wiederherstellung der Hautbarriere und des Feuchtigkeitshaushalts. SeboSilk Hautshampoo spendet Feuchtigkeit und pflegt die Haut intensiv. Durch den Zusatz eines Geruchsneutralisators neutralisiert es au\u00dferdem unangenehme Ger\u00fcche.<\/p>\n<p>Mit dem SeboSilk Hautshampoo k\u00f6nnen Tierarztpraxen ein oder zwei Waschanleitungen mit dem Praxislogo pro Shampoo kostenlos bestellen. So wird die Behandlung optimiert und der Kunde hat die Anwendungshinweise des Shampoos immer zur Hand.<\/p>\n<p><strong>Tier<\/strong>: Hund<\/p>\n<p><strong>Inhalt<\/strong>: 200 ml<\/p>\n<span class=\"wppb-shortcode-restriction-message\"> <\/span>","protected":false},"featured_media":11966,"template":"","meta":[],"product_brand":[],"product_cat":[15,29,37],"product_tag":[145,30,147,146],"class_list":{"0":"post-134","1":"product","2":"type-product","3":"status-publish","4":"has-post-thumbnail","6":"product_cat-alle-producten","7":"product_cat-maxani","8":"product_cat-seborroe","9":"product_tag-145","10":"product_tag-maxani-shampoo","11":"product_tag-seborroe","12":"product_tag-sebosilk","14":"first","15":"instock","16":"taxable","17":"shipping-taxable","18":"product-type-simple"},"yoast_head":"<!-- This site is optimized with the Yoast SEO plugin v27.1.1 - https:\/\/yoast.com\/product\/yoast-seo-wordpress\/ -->\n<title>Maxani SeboSilk skin shampoo - Maxani Animal Healthcare BV<\/title>\n<meta name=\"robots\" content=\"index, follow, max-snippet:-1, max-image-preview:large, max-video-preview:-1\" \/>\n<link rel=\"canonical\" href=\"https:\/\/maxani.nl\/de\/produkt\/sebosilk-huidshampoo\/\" \/>\n<meta property=\"og:locale\" content=\"de_DE\" \/>\n<meta property=\"og:type\" content=\"article\" \/>\n<meta property=\"og:title\" content=\"Maxani SeboSilk skin shampoo - Maxani Animal Healthcare BV\" \/>\n<meta property=\"og:description\" content=\"De SeboSilk skin shampoo is speciaal ontwikkeld voor dieren met een verhoogde talgproductie en\/of afwijkingen in het verhoorningsproces. Bijvoorbeeld bij vette seborroe is een goede reiniging van belang, uiteraard in combinatie met het herstellen van de huidbarri\u00e8re en vochtbalans. De SeboSilk skin shampoo hydrateert en verzorgt tot diep in de huid. Mede door de toevoeging van een geurneutralisator, neutraliseert het onaangename geuren.  Bij de SeboSilk skin shampoo kan de dierenartsenpraktijk gratis \u00e9\u00e9n of twee wasvoorschriften met het logo van de praktijk bestellen per shampoo. Op deze manier wordt de behandeling geoptimaliseerd en heeft de klant het gebruiksadvies van de shampoo altijd bij de hand.  Dier: Hond  Inhoud: 200 ml\" \/>\n<meta property=\"og:url\" content=\"https:\/\/maxani.nl\/de\/produkt\/sebosilk-huidshampoo\/\" \/>\n<meta property=\"og:site_name\" content=\"Maxani Animal Healthcare BV\" \/>\n<meta property=\"article:modified_time\" content=\"2025-05-30T18:04:16+00:00\" \/>\n<meta property=\"og:image\" content=\"https:\/\/maxani.nl\/wp-content\/uploads\/2023\/01\/Maxani-Sebosilk-shampoo-200ml.jpg\" \/>\n\t<meta property=\"og:image:width\" content=\"1080\" \/>\n\t<meta property=\"og:image:height\" content=\"1080\" \/>\n\t<meta property=\"og:image:type\" content=\"image\/jpeg\" \/>\n<meta name=\"twitter:card\" content=\"summary_large_image\" \/>\n<meta name=\"twitter:label1\" content=\"Gesch\u00e4tzte Lesezeit\" \/>\n\t<meta name=\"twitter:data1\" content=\"4\u00a0Minuten\" \/>\n<script type=\"application\/ld+json\" class=\"yoast-schema-graph\">{\"@context\":\"https:\/\/schema.org\",\"@graph\":[{\"@type\":\"WebPage\",\"@id\":\"https:\/\/maxani.nl\/product\/sebosilk-huidshampoo\/\",\"url\":\"https:\/\/maxani.nl\/product\/sebosilk-huidshampoo\/\",\"name\":\"Maxani SeboSilk skin shampoo - Maxani Animal Healthcare BV\",\"isPartOf\":{\"@id\":\"https:\/\/maxani.nl\/#website\"},\"primaryImageOfPage\":{\"@id\":\"https:\/\/maxani.nl\/product\/sebosilk-huidshampoo\/#primaryimage\"},\"image\":{\"@id\":\"https:\/\/maxani.nl\/product\/sebosilk-huidshampoo\/#primaryimage\"},\"thumbnailUrl\":\"https:\/\/maxani.nl\/wp-content\/uploads\/2023\/01\/Maxani-Sebosilk-shampoo-200ml.jpg\",\"datePublished\":\"2019-08-13T09:56:21+00:00\",\"dateModified\":\"2025-05-30T18:04:16+00:00\",\"breadcrumb\":{\"@id\":\"https:\/\/maxani.nl\/product\/sebosilk-huidshampoo\/#breadcrumb\"},\"inLanguage\":\"de\",\"potentialAction\":[{\"@type\":\"ReadAction\",\"target\":[\"https:\/\/maxani.nl\/product\/sebosilk-huidshampoo\/\"]}]},{\"@type\":\"ImageObject\",\"inLanguage\":\"de\",\"@id\":\"https:\/\/maxani.nl\/product\/sebosilk-huidshampoo\/#primaryimage\",\"url\":\"https:\/\/maxani.nl\/wp-content\/uploads\/2023\/01\/Maxani-Sebosilk-shampoo-200ml.jpg\",\"contentUrl\":\"https:\/\/maxani.nl\/wp-content\/uploads\/2023\/01\/Maxani-Sebosilk-shampoo-200ml.jpg\",\"width\":1080,\"height\":1080},{\"@type\":\"BreadcrumbList\",\"@id\":\"https:\/\/maxani.nl\/product\/sebosilk-huidshampoo\/#breadcrumb\",\"itemListElement\":[{\"@type\":\"ListItem\",\"position\":1,\"name\":\"Home\",\"item\":\"https:\/\/maxani.nl\/\"},{\"@type\":\"ListItem\",\"position\":2,\"name\":\"Webshop\",\"item\":\"https:\/\/maxani.nl\/webshop\/\"},{\"@type\":\"ListItem\",\"position\":3,\"name\":\"Maxani SeboSilk skin shampoo\"}]},{\"@type\":\"WebSite\",\"@id\":\"https:\/\/maxani.nl\/#website\",\"url\":\"https:\/\/maxani.nl\/\",\"name\":\"Maxani Animal Healthcare BV\",\"description\":\"Uw partner in veterinaire dermatologie\",\"potentialAction\":[{\"@type\":\"SearchAction\",\"target\":{\"@type\":\"EntryPoint\",\"urlTemplate\":\"https:\/\/maxani.nl\/?s={search_term_string}\"},\"query-input\":{\"@type\":\"PropertyValueSpecification\",\"valueRequired\":true,\"valueName\":\"search_term_string\"}}],\"inLanguage\":\"de\"}]}<\/script>\n<!-- \/ Yoast SEO plugin. -->","yoast_head_json":{"title":"Maxani SeboSilk skin shampoo - Maxani Animal Healthcare BV","robots":{"index":"index","follow":"follow","max-snippet":"max-snippet:-1","max-image-preview":"max-image-preview:large","max-video-preview":"max-video-preview:-1"},"canonical":"https:\/\/maxani.nl\/de\/produkt\/sebosilk-huidshampoo\/","og_locale":"de_DE","og_type":"article","og_title":"Maxani SeboSilk skin shampoo - Maxani Animal Healthcare BV","og_description":"De SeboSilk skin shampoo is speciaal ontwikkeld voor dieren met een verhoogde talgproductie en\/of afwijkingen in het verhoorningsproces. Bijvoorbeeld bij vette seborroe is een goede reiniging van belang, uiteraard in combinatie met het herstellen van de huidbarri\u00e8re en vochtbalans. De SeboSilk skin shampoo hydrateert en verzorgt tot diep in de huid. Mede door de toevoeging van een geurneutralisator, neutraliseert het onaangename geuren.  Bij de SeboSilk skin shampoo kan de dierenartsenpraktijk gratis \u00e9\u00e9n of twee wasvoorschriften met het logo van de praktijk bestellen per shampoo. Op deze manier wordt de behandeling geoptimaliseerd en heeft de klant het gebruiksadvies van de shampoo altijd bij de hand.  Dier: Hond  Inhoud: 200 ml","og_url":"https:\/\/maxani.nl\/de\/produkt\/sebosilk-huidshampoo\/","og_site_name":"Maxani Animal Healthcare BV","article_modified_time":"2025-05-30T18:04:16+00:00","og_image":[{"width":1080,"height":1080,"url":"https:\/\/maxani.nl\/wp-content\/uploads\/2023\/01\/Maxani-Sebosilk-shampoo-200ml.jpg","type":"image\/jpeg"}],"twitter_card":"summary_large_image","twitter_misc":{"Gesch\u00e4tzte Lesezeit":"4\u00a0Minuten"},"schema":{"@context":"https:\/\/schema.org","@graph":[{"@type":"WebPage","@id":"https:\/\/maxani.nl\/product\/sebosilk-huidshampoo\/","url":"https:\/\/maxani.nl\/product\/sebosilk-huidshampoo\/","name":"Maxani SeboSilk skin shampoo - Maxani Animal Healthcare BV","isPartOf":{"@id":"https:\/\/maxani.nl\/#website"},"primaryImageOfPage":{"@id":"https:\/\/maxani.nl\/product\/sebosilk-huidshampoo\/#primaryimage"},"image":{"@id":"https:\/\/maxani.nl\/product\/sebosilk-huidshampoo\/#primaryimage"},"thumbnailUrl":"https:\/\/maxani.nl\/wp-content\/uploads\/2023\/01\/Maxani-Sebosilk-shampoo-200ml.jpg","datePublished":"2019-08-13T09:56:21+00:00","dateModified":"2025-05-30T18:04:16+00:00","breadcrumb":{"@id":"https:\/\/maxani.nl\/product\/sebosilk-huidshampoo\/#breadcrumb"},"inLanguage":"de","potentialAction":[{"@type":"ReadAction","target":["https:\/\/maxani.nl\/product\/sebosilk-huidshampoo\/"]}]},{"@type":"ImageObject","inLanguage":"de","@id":"https:\/\/maxani.nl\/product\/sebosilk-huidshampoo\/#primaryimage","url":"https:\/\/maxani.nl\/wp-content\/uploads\/2023\/01\/Maxani-Sebosilk-shampoo-200ml.jpg","contentUrl":"https:\/\/maxani.nl\/wp-content\/uploads\/2023\/01\/Maxani-Sebosilk-shampoo-200ml.jpg","width":1080,"height":1080},{"@type":"BreadcrumbList","@id":"https:\/\/maxani.nl\/product\/sebosilk-huidshampoo\/#breadcrumb","itemListElement":[{"@type":"ListItem","position":1,"name":"Home","item":"https:\/\/maxani.nl\/"},{"@type":"ListItem","position":2,"name":"Webshop","item":"https:\/\/maxani.nl\/webshop\/"},{"@type":"ListItem","position":3,"name":"Maxani SeboSilk skin shampoo"}]},{"@type":"WebSite","@id":"https:\/\/maxani.nl\/#website","url":"https:\/\/maxani.nl\/","name":"Maxani Animal Healthcare BV","description":"Ihr Partner in der Veterin\u00e4rdermatologie","potentialAction":[{"@type":"SearchAction","target":{"@type":"EntryPoint","urlTemplate":"https:\/\/maxani.nl\/?s={search_term_string}"},"query-input":{"@type":"PropertyValueSpecification","valueRequired":true,"valueName":"search_term_string"}}],"inLanguage":"de"}]}},"jetpack_sharing_enabled":true,"_links":{"self":[{"href":"https:\/\/maxani.nl\/de\/wp-json\/wp\/v2\/product\/134","targetHints":{"allow":["GET"]}}],"collection":[{"href":"https:\/\/maxani.nl\/de\/wp-json\/wp\/v2\/product"}],"about":[{"href":"https:\/\/maxani.nl\/de\/wp-json\/wp\/v2\/types\/product"}],"wp:featuredmedia":[{"embeddable":true,"href":"https:\/\/maxani.nl\/de\/wp-json\/wp\/v2\/media\/11966"}],"wp:attachment":[{"href":"https:\/\/maxani.nl\/de\/wp-json\/wp\/v2\/media?parent=134"}],"wp:term":[{"taxonomy":"product_brand","embeddable":true,"href":"https:\/\/maxani.nl\/de\/wp-json\/wp\/v2\/product_brand?post=134"},{"taxonomy":"product_cat","embeddable":true,"href":"https:\/\/maxani.nl\/de\/wp-json\/wp\/v2\/product_cat?post=134"},{"taxonomy":"product_tag","embeddable":true,"href":"https:\/\/maxani.nl\/de\/wp-json\/wp\/v2\/product_tag?post=134"}],"curies":[{"name":"wp","href":"https:\/\/api.w.org\/{rel}","templated":true}]}}