{"id":130,"date":"2019-08-13T09:54:29","date_gmt":"2019-08-13T09:54:29","guid":{"rendered":"https:\/\/maandvandehuidverzorging.nl\/?post_type=product&#038;p=130"},"modified":"2025-08-20T12:50:21","modified_gmt":"2025-08-20T12:50:21","slug":"rescue-huidshampoo","status":"publish","type":"product","link":"https:\/\/maxani.nl\/de\/produkt\/rescue-huidshampoo\/","title":{"rendered":"Rettet die Haut Shampoo"},"content":{"rendered":"<p><strong>Indikationen<\/strong><\/p>\n<p>Rescue Hautshampoo wird bei infizierter, schmerzhafter, dicker, hei\u00dfer und\/oder roter Haut verwendet, die durch Bakterien, Hefen und\/oder Pilze verursacht wurde. Das Hautshampoo wurde von Veterin\u00e4rdermatologen zur Behandlung von Malassezia, Pyoderma, Intertrigo und anderen Hautinfektionen, Hot Spots und Hautirritationen entwickelt. Das Shampoo ist breit einsetzbar und wirkt auch bei atopischen Hunden unterst\u00fctzend, um wiederkehrende Hautinfektionen zu verhindern. Bei Pferden wird das Shampoo bei bakteriellem Mugging und sekund\u00e4ren Hautinfektionen eingesetzt, die Folgendes umfassen k\u00f6nnen<br \/>\nbei Schwanz- und M\u00e4hnenekzemen sowie bei anderen bakteriellen, Pilz- oder Hefeinfektionen auftreten. Rescue Skin Shampoo wird auch verwendet, um sekund\u00e4re Hautinfektionen zu verhindern.<\/p>\n<p><strong>Operation<\/strong><\/p>\n<p>Natriumhypochlorit t\u00f6tet viele Arten von Bakterien ab. Die Ceramide im Shampoo helfen, die Feuchtigkeitsbalance der Haut und die sch\u00fctzende Barrierefunktion wiederherzustellen.<br \/>\nRosmarin und Minze sind beruhigende Inhaltsstoffe. Menthol und Rosmarin werden f\u00fcr einen k\u00fchlenden Effekt hinzugef\u00fcgt. Rosmarin reduziert au\u00dferdem den Umsatz der Epidermis und tr\u00e4gt zu einer normalen Talgproduktion bei. SK-influx\u00ae, bestehend aus Fetts\u00e4uren, Ceramiden, Cholesterin und Phytosphingosin, stellt die Hautbarriere wieder her und hydratisiert die Haut. Hyalurons\u00e4ure f\u00f6rdert die Elastizit\u00e4t der Haut und den Feuchtigkeitshaushalt.<\/p>\n<p><strong>Verwenden Sie<\/strong><\/p>\n<p>Die H\u00e4ufigkeit der Shampoo-Behandlung h\u00e4ngt von der Erkrankung, der Schwere der Beschwerden und dem Zweck der Behandlung ab. Wir empfehlen, eine Hautinfektion mindestens 2 bis 3 Mal zu behandeln<br \/>\npro Woche, bis die klinischen Symptome verschwinden. Falls erforderlich, kann das Shampoo t\u00e4glich verwendet werden. Um wiederkehrende chronische Hautinfektionen, Beulen oder Hotspots zu vermeiden, wird empfohlen, das Shampoo mindestens einmal pro Woche zu verwenden. Vorzugsweise sollte das Tier 2 Mal pro Shampoonierung gewaschen werden. Das erste Mal f\u00fcr die Reinigungswirkung (Entfernen von Schmutz, Schuppen usw.), das zweite Mal f\u00fcr die Behandlung. Lassen Sie das Shampoo bei der zweiten W\u00e4sche mindestens 10 Minuten einwirken, um ein schnelles Ergebnis zu erzielen. Nicht verwenden, wenn das Tier (\u00fcber)empfindlich auf einen der Inhaltsstoffe reagiert.<\/p>\n<span class=\"wppb-content-restriction-message\"><p data-opacity=\"0.5\">F\u00fcr weitere Informationen m\u00fcssen Sie eingeloggt sein<\/p>\n<\/span>","protected":false},"excerpt":{"rendered":"<p>Entwickelt von Veterin\u00e4rdermatologen zur Behandlung und Vorbeugung von Hautinfektionen mit Bakterien, Pilzen und Hefen bei Hunden und Pferden. Ein intensiv reinigendes, aber sanftes Shampoo gegen Bakterien, Pilze und Hefen.<\/p>\n<p>Mit dem Rescue-Hautshampoo k\u00f6nnen Tierarztpraxen ein oder zwei Waschanleitungen mit dem Praxislogo pro Shampoo kostenlos bestellen. Auf diese Weise wird die Behandlung optimiert und der Kunde hat die Gebrauchsanweisung des Shampoos immer zur Hand.<\/p>\n<p><strong>Tier<\/strong>: Hund und Pferd<\/p>\n<p><strong>Inhalt<\/strong>: 200 ml<\/p>\n<span class=\"wppb-shortcode-restriction-message\"> <\/span>","protected":false},"featured_media":11962,"template":"","meta":[],"product_brand":[],"product_cat":[15,29,36],"product_tag":[148,30,150,149],"class_list":{"0":"post-130","1":"product","2":"type-product","3":"status-publish","4":"has-post-thumbnail","6":"product_cat-alle-producten","7":"product_cat-maxani","8":"product_cat-pyodermie","9":"product_tag-148","10":"product_tag-maxani-shampoo","11":"product_tag-pyodermie","12":"product_tag-rescue","14":"first","15":"instock","16":"taxable","17":"shipping-taxable","18":"product-type-simple"},"yoast_head":"<!-- This site is optimized with the Yoast SEO plugin v27.1.1 - https:\/\/yoast.com\/product\/yoast-seo-wordpress\/ -->\n<title>Rescue skin shampoo - Maxani Animal Healthcare BV<\/title>\n<meta name=\"robots\" content=\"index, follow, max-snippet:-1, max-image-preview:large, max-video-preview:-1\" \/>\n<link rel=\"canonical\" href=\"https:\/\/maxani.nl\/de\/produkt\/rescue-huidshampoo\/\" \/>\n<meta property=\"og:locale\" content=\"de_DE\" \/>\n<meta property=\"og:type\" content=\"article\" \/>\n<meta property=\"og:title\" content=\"Rescue skin shampoo - Maxani Animal Healthcare BV\" \/>\n<meta property=\"og:description\" content=\"Ontwikkeld door veterinaire dermatologen om huidinfecties met bacteri\u00ebn, schimmels en gisten bij honden en paarden te behandelen en te voorkomen. Een intensief reinigende, maar toch zachte shampoo tegen bacteri\u00ebn, schimmels en gisten.  Bij de Rescue skin shampoo kan de dierenartsenpraktijk gratis \u00e9\u00e9n of twee wasvoorschriften met het logo van de praktijk bestellen per shampoo. Op deze manier wordt de behandeling geoptimaliseerd en heeft de klant het gebruiksadvies van de shampoo altijd bij de hand.  Dier: Hond en paard  Inhoud: 200 ml\" \/>\n<meta property=\"og:url\" content=\"https:\/\/maxani.nl\/de\/produkt\/rescue-huidshampoo\/\" \/>\n<meta property=\"og:site_name\" content=\"Maxani Animal Healthcare BV\" \/>\n<meta property=\"article:modified_time\" content=\"2025-08-20T12:50:21+00:00\" \/>\n<meta property=\"og:image\" content=\"https:\/\/maxani.nl\/wp-content\/uploads\/2023\/01\/Maxani-Rescue-shampoo-200ml.jpg\" \/>\n\t<meta property=\"og:image:width\" content=\"1080\" \/>\n\t<meta property=\"og:image:height\" content=\"1080\" \/>\n\t<meta property=\"og:image:type\" content=\"image\/jpeg\" \/>\n<meta name=\"twitter:card\" content=\"summary_large_image\" \/>\n<meta name=\"twitter:label1\" content=\"Gesch\u00e4tzte Lesezeit\" \/>\n\t<meta name=\"twitter:data1\" content=\"3\u00a0Minuten\" \/>\n<script type=\"application\/ld+json\" class=\"yoast-schema-graph\">{\"@context\":\"https:\/\/schema.org\",\"@graph\":[{\"@type\":\"WebPage\",\"@id\":\"https:\/\/maxani.nl\/product\/rescue-huidshampoo\/\",\"url\":\"https:\/\/maxani.nl\/product\/rescue-huidshampoo\/\",\"name\":\"Rescue skin shampoo - Maxani Animal Healthcare BV\",\"isPartOf\":{\"@id\":\"https:\/\/maxani.nl\/#website\"},\"primaryImageOfPage\":{\"@id\":\"https:\/\/maxani.nl\/product\/rescue-huidshampoo\/#primaryimage\"},\"image\":{\"@id\":\"https:\/\/maxani.nl\/product\/rescue-huidshampoo\/#primaryimage\"},\"thumbnailUrl\":\"https:\/\/maxani.nl\/wp-content\/uploads\/2023\/01\/Maxani-Rescue-shampoo-200ml.jpg\",\"datePublished\":\"2019-08-13T09:54:29+00:00\",\"dateModified\":\"2025-08-20T12:50:21+00:00\",\"breadcrumb\":{\"@id\":\"https:\/\/maxani.nl\/product\/rescue-huidshampoo\/#breadcrumb\"},\"inLanguage\":\"de\",\"potentialAction\":[{\"@type\":\"ReadAction\",\"target\":[\"https:\/\/maxani.nl\/product\/rescue-huidshampoo\/\"]}]},{\"@type\":\"ImageObject\",\"inLanguage\":\"de\",\"@id\":\"https:\/\/maxani.nl\/product\/rescue-huidshampoo\/#primaryimage\",\"url\":\"https:\/\/maxani.nl\/wp-content\/uploads\/2023\/01\/Maxani-Rescue-shampoo-200ml.jpg\",\"contentUrl\":\"https:\/\/maxani.nl\/wp-content\/uploads\/2023\/01\/Maxani-Rescue-shampoo-200ml.jpg\",\"width\":1080,\"height\":1080},{\"@type\":\"BreadcrumbList\",\"@id\":\"https:\/\/maxani.nl\/product\/rescue-huidshampoo\/#breadcrumb\",\"itemListElement\":[{\"@type\":\"ListItem\",\"position\":1,\"name\":\"Home\",\"item\":\"https:\/\/maxani.nl\/\"},{\"@type\":\"ListItem\",\"position\":2,\"name\":\"Webshop\",\"item\":\"https:\/\/maxani.nl\/webshop\/\"},{\"@type\":\"ListItem\",\"position\":3,\"name\":\"Rescue skin shampoo\"}]},{\"@type\":\"WebSite\",\"@id\":\"https:\/\/maxani.nl\/#website\",\"url\":\"https:\/\/maxani.nl\/\",\"name\":\"Maxani Animal Healthcare BV\",\"description\":\"Uw partner in veterinaire dermatologie\",\"potentialAction\":[{\"@type\":\"SearchAction\",\"target\":{\"@type\":\"EntryPoint\",\"urlTemplate\":\"https:\/\/maxani.nl\/?s={search_term_string}\"},\"query-input\":{\"@type\":\"PropertyValueSpecification\",\"valueRequired\":true,\"valueName\":\"search_term_string\"}}],\"inLanguage\":\"de\"}]}<\/script>\n<!-- \/ Yoast SEO plugin. -->","yoast_head_json":{"title":"Rescue skin shampoo - Maxani Animal Healthcare BV","robots":{"index":"index","follow":"follow","max-snippet":"max-snippet:-1","max-image-preview":"max-image-preview:large","max-video-preview":"max-video-preview:-1"},"canonical":"https:\/\/maxani.nl\/de\/produkt\/rescue-huidshampoo\/","og_locale":"de_DE","og_type":"article","og_title":"Rescue skin shampoo - Maxani Animal Healthcare BV","og_description":"Ontwikkeld door veterinaire dermatologen om huidinfecties met bacteri\u00ebn, schimmels en gisten bij honden en paarden te behandelen en te voorkomen. Een intensief reinigende, maar toch zachte shampoo tegen bacteri\u00ebn, schimmels en gisten.  Bij de Rescue skin shampoo kan de dierenartsenpraktijk gratis \u00e9\u00e9n of twee wasvoorschriften met het logo van de praktijk bestellen per shampoo. Op deze manier wordt de behandeling geoptimaliseerd en heeft de klant het gebruiksadvies van de shampoo altijd bij de hand.  Dier: Hond en paard  Inhoud: 200 ml","og_url":"https:\/\/maxani.nl\/de\/produkt\/rescue-huidshampoo\/","og_site_name":"Maxani Animal Healthcare BV","article_modified_time":"2025-08-20T12:50:21+00:00","og_image":[{"width":1080,"height":1080,"url":"https:\/\/maxani.nl\/wp-content\/uploads\/2023\/01\/Maxani-Rescue-shampoo-200ml.jpg","type":"image\/jpeg"}],"twitter_card":"summary_large_image","twitter_misc":{"Gesch\u00e4tzte Lesezeit":"3\u00a0Minuten"},"schema":{"@context":"https:\/\/schema.org","@graph":[{"@type":"WebPage","@id":"https:\/\/maxani.nl\/product\/rescue-huidshampoo\/","url":"https:\/\/maxani.nl\/product\/rescue-huidshampoo\/","name":"Rescue skin shampoo - Maxani Animal Healthcare BV","isPartOf":{"@id":"https:\/\/maxani.nl\/#website"},"primaryImageOfPage":{"@id":"https:\/\/maxani.nl\/product\/rescue-huidshampoo\/#primaryimage"},"image":{"@id":"https:\/\/maxani.nl\/product\/rescue-huidshampoo\/#primaryimage"},"thumbnailUrl":"https:\/\/maxani.nl\/wp-content\/uploads\/2023\/01\/Maxani-Rescue-shampoo-200ml.jpg","datePublished":"2019-08-13T09:54:29+00:00","dateModified":"2025-08-20T12:50:21+00:00","breadcrumb":{"@id":"https:\/\/maxani.nl\/product\/rescue-huidshampoo\/#breadcrumb"},"inLanguage":"de","potentialAction":[{"@type":"ReadAction","target":["https:\/\/maxani.nl\/product\/rescue-huidshampoo\/"]}]},{"@type":"ImageObject","inLanguage":"de","@id":"https:\/\/maxani.nl\/product\/rescue-huidshampoo\/#primaryimage","url":"https:\/\/maxani.nl\/wp-content\/uploads\/2023\/01\/Maxani-Rescue-shampoo-200ml.jpg","contentUrl":"https:\/\/maxani.nl\/wp-content\/uploads\/2023\/01\/Maxani-Rescue-shampoo-200ml.jpg","width":1080,"height":1080},{"@type":"BreadcrumbList","@id":"https:\/\/maxani.nl\/product\/rescue-huidshampoo\/#breadcrumb","itemListElement":[{"@type":"ListItem","position":1,"name":"Home","item":"https:\/\/maxani.nl\/"},{"@type":"ListItem","position":2,"name":"Webshop","item":"https:\/\/maxani.nl\/webshop\/"},{"@type":"ListItem","position":3,"name":"Rescue skin shampoo"}]},{"@type":"WebSite","@id":"https:\/\/maxani.nl\/#website","url":"https:\/\/maxani.nl\/","name":"Maxani Animal Healthcare BV","description":"Ihr Partner in der Veterin\u00e4rdermatologie","potentialAction":[{"@type":"SearchAction","target":{"@type":"EntryPoint","urlTemplate":"https:\/\/maxani.nl\/?s={search_term_string}"},"query-input":{"@type":"PropertyValueSpecification","valueRequired":true,"valueName":"search_term_string"}}],"inLanguage":"de"}]}},"jetpack_sharing_enabled":true,"_links":{"self":[{"href":"https:\/\/maxani.nl\/de\/wp-json\/wp\/v2\/product\/130","targetHints":{"allow":["GET"]}}],"collection":[{"href":"https:\/\/maxani.nl\/de\/wp-json\/wp\/v2\/product"}],"about":[{"href":"https:\/\/maxani.nl\/de\/wp-json\/wp\/v2\/types\/product"}],"wp:featuredmedia":[{"embeddable":true,"href":"https:\/\/maxani.nl\/de\/wp-json\/wp\/v2\/media\/11962"}],"wp:attachment":[{"href":"https:\/\/maxani.nl\/de\/wp-json\/wp\/v2\/media?parent=130"}],"wp:term":[{"taxonomy":"product_brand","embeddable":true,"href":"https:\/\/maxani.nl\/de\/wp-json\/wp\/v2\/product_brand?post=130"},{"taxonomy":"product_cat","embeddable":true,"href":"https:\/\/maxani.nl\/de\/wp-json\/wp\/v2\/product_cat?post=130"},{"taxonomy":"product_tag","embeddable":true,"href":"https:\/\/maxani.nl\/de\/wp-json\/wp\/v2\/product_tag?post=130"}],"curies":[{"name":"wp","href":"https:\/\/api.w.org\/{rel}","templated":true}]}}