{"id":129,"date":"2019-08-13T09:51:28","date_gmt":"2019-08-13T09:51:28","guid":{"rendered":"https:\/\/maandvandehuidverzorging.nl\/?post_type=product&#038;p=129"},"modified":"2025-05-30T18:24:39","modified_gmt":"2025-05-30T18:24:39","slug":"regular-huidshampoo-met-conditioner","status":"publish","type":"product","link":"https:\/\/maxani.nl\/de\/produkt\/regular-huidshampoo-met-conditioner\/","title":{"rendered":"Maxani Regular Haut- und Fellshampoo"},"content":{"rendered":"<p><strong>Indikationen<\/strong><\/p>\n<p>T\u00e4gliches Waschmittel f\u00fcr normale bis trockene Haut und\/oder unangenehmen Geruch. Auch f\u00fcr Welpen und K\u00e4tzchen geeignet.<\/p>\n<p><strong>Operation<\/strong><\/p>\n<p>Neutralisiert unangenehmen Geruch, ohne Zusatz von Parf\u00fcm. Der Conditioner macht das gewaschene Fell leichter k\u00e4mmbar. SK-influx\u00ae, bestehend aus Fetts\u00e4uren, Ceramiden, Cholesterin und Phytosphingosin, st\u00e4rkt die Hautbarriere. Hyalurons\u00e4ure f\u00f6rdert die Elastizit\u00e4t und den Feuchtigkeitshaushalt der Haut. Kamille, Calendula und Honig pflegen die Haut.<\/p>\n<p><strong>Verwenden Sie<\/strong><\/p>\n<p>Je nach Bedarf f\u00fcr verschmutztes Fell oder als Pflegeshampoo f\u00fcr den Langzeitgebrauch verwenden. Nach Bedarf waschen. Um bessere Ergebnisse zu erzielen, das Shampoo 5 Minuten einwirken lassen und gut aussp\u00fclen. Das Shampoo wirkt am besten unverd\u00fcnnt, kann aber bis zu 1:5 mit lauwarmem Wasser verd\u00fcnnt werden.<\/p>\n<span class=\"wppb-content-restriction-message\"><p data-opacity=\"0.5\">F\u00fcr weitere Informationen m\u00fcssen Sie eingeloggt sein<\/p>\n<\/span>","protected":false},"excerpt":{"rendered":"<p>Mit seiner nat\u00fcrlichen, milden und reinigenden Zusammensetzung ist das Haut- und Fellshampoo Regular f\u00fcr die regelm\u00e4\u00dfige Reinigung von normaler und trockener Haut geeignet. Das Regular Shampoo pflegt und sch\u00fctzt die Haut und verleiht dem Fell einen gesunden Glanz. Das Shampoo enth\u00e4lt pflegende und sch\u00fctzende Inhaltsstoffe wie Kamille, Calendula und Honig. Es neutralisiert unangenehme Ger\u00fcche. Durch den Zusatz von Conditioner l\u00e4sst sich das Fell leichter durchk\u00e4mmen.<\/p>\n<p>Mit dem Haut- und Fellshampoo Regular k\u00f6nnen Tierarztpraxen ein oder zwei Waschanleitungen mit dem Praxislogo pro Shampoo kostenlos bestellen. So wird die Behandlung optimiert und der Kunde hat die Anwendungshinweise des Shampoos immer zur Hand.<\/p>\n<p><strong>Tier<\/strong>: Hund und Katze<\/p>\n<p><strong>Inhalt<\/strong>: 200 ml<\/p>\n<span class=\"wppb-shortcode-restriction-message\"> <\/span>","protected":false},"featured_media":11955,"template":"","meta":[],"product_brand":[],"product_cat":[15,29,35],"product_tag":[151,153,155,30,154,75,152],"class_list":{"0":"post-129","1":"product","2":"type-product","3":"status-publish","4":"has-post-thumbnail","6":"product_cat-alle-producten","7":"product_cat-maxani","8":"product_cat-regular","9":"product_tag-151","10":"product_tag-basis","11":"product_tag-kitten","12":"product_tag-maxani-shampoo","13":"product_tag-puppy","14":"product_tag-regular","15":"product_tag-regulier","17":"first","18":"instock","19":"taxable","20":"shipping-taxable","21":"product-type-simple"},"yoast_head":"<!-- This site is optimized with the Yoast SEO plugin v27.1.1 - https:\/\/yoast.com\/product\/yoast-seo-wordpress\/ -->\n<title>Maxani Regular skin and coat shampoo - Maxani Animal Healthcare BV %<\/title>\n<meta name=\"robots\" content=\"index, follow, max-snippet:-1, max-image-preview:large, max-video-preview:-1\" \/>\n<link rel=\"canonical\" href=\"https:\/\/maxani.nl\/de\/produkt\/regular-huidshampoo-met-conditioner\/\" \/>\n<meta property=\"og:locale\" content=\"de_DE\" \/>\n<meta property=\"og:type\" content=\"article\" \/>\n<meta property=\"og:title\" content=\"Maxani Regular skin and coat shampoo - Maxani Animal Healthcare BV %\" \/>\n<meta property=\"og:description\" content=\"Door de natuurlijke, milde en reinigende samenstelling is de Regular skin and coat shampoo geschikt voor het regelmatig wassen van de normale en droge huid. De Regular shampoo verzorgt en beschermt de huid en geeft de vacht een gezonde glans. De shampoo bevat voedende en beschermende ingredi\u00ebnten, zoals kamille, calendula en honing. Het neutraliseert onaangename geuren. De toevoeging van conditioner maakt de vacht makkelijker door te kammen.  Bij de Regular skin and coat shampoo kan de dierenartsenpraktijk gratis \u00e9\u00e9n of twee wasvoorschriften met het logo van de praktijk bestellen per shampoo. Op deze manier wordt de behandeling geoptimaliseerd en heeft de klant het gebruiksadvies van de shampoo altijd bij de hand.  Dier: Hond en kat  Inhoud: 200 ml\" \/>\n<meta property=\"og:url\" content=\"https:\/\/maxani.nl\/de\/produkt\/regular-huidshampoo-met-conditioner\/\" \/>\n<meta property=\"og:site_name\" content=\"Maxani Animal Healthcare BV\" \/>\n<meta property=\"article:modified_time\" content=\"2025-05-30T18:24:39+00:00\" \/>\n<meta property=\"og:image\" content=\"https:\/\/maxani.nl\/wp-content\/uploads\/2023\/01\/Maxani-Regular-shampoo-200ml.jpg\" \/>\n\t<meta property=\"og:image:width\" content=\"1080\" \/>\n\t<meta property=\"og:image:height\" content=\"1080\" \/>\n\t<meta property=\"og:image:type\" content=\"image\/jpeg\" \/>\n<meta name=\"twitter:card\" content=\"summary_large_image\" \/>\n<meta name=\"twitter:label1\" content=\"Gesch\u00e4tzte Lesezeit\" \/>\n\t<meta name=\"twitter:data1\" content=\"3\u00a0Minuten\" \/>\n<script type=\"application\/ld+json\" class=\"yoast-schema-graph\">{\"@context\":\"https:\/\/schema.org\",\"@graph\":[{\"@type\":\"WebPage\",\"@id\":\"https:\/\/maxani.nl\/product\/regular-huidshampoo-met-conditioner\/\",\"url\":\"https:\/\/maxani.nl\/product\/regular-huidshampoo-met-conditioner\/\",\"name\":\"Maxani Regular skin and coat shampoo - Maxani Animal Healthcare BV %\",\"isPartOf\":{\"@id\":\"https:\/\/maxani.nl\/#website\"},\"primaryImageOfPage\":{\"@id\":\"https:\/\/maxani.nl\/product\/regular-huidshampoo-met-conditioner\/#primaryimage\"},\"image\":{\"@id\":\"https:\/\/maxani.nl\/product\/regular-huidshampoo-met-conditioner\/#primaryimage\"},\"thumbnailUrl\":\"https:\/\/maxani.nl\/wp-content\/uploads\/2023\/01\/Maxani-Regular-shampoo-200ml.jpg\",\"datePublished\":\"2019-08-13T09:51:28+00:00\",\"dateModified\":\"2025-05-30T18:24:39+00:00\",\"breadcrumb\":{\"@id\":\"https:\/\/maxani.nl\/product\/regular-huidshampoo-met-conditioner\/#breadcrumb\"},\"inLanguage\":\"de\",\"potentialAction\":[{\"@type\":\"ReadAction\",\"target\":[\"https:\/\/maxani.nl\/product\/regular-huidshampoo-met-conditioner\/\"]}]},{\"@type\":\"ImageObject\",\"inLanguage\":\"de\",\"@id\":\"https:\/\/maxani.nl\/product\/regular-huidshampoo-met-conditioner\/#primaryimage\",\"url\":\"https:\/\/maxani.nl\/wp-content\/uploads\/2023\/01\/Maxani-Regular-shampoo-200ml.jpg\",\"contentUrl\":\"https:\/\/maxani.nl\/wp-content\/uploads\/2023\/01\/Maxani-Regular-shampoo-200ml.jpg\",\"width\":1080,\"height\":1080},{\"@type\":\"BreadcrumbList\",\"@id\":\"https:\/\/maxani.nl\/product\/regular-huidshampoo-met-conditioner\/#breadcrumb\",\"itemListElement\":[{\"@type\":\"ListItem\",\"position\":1,\"name\":\"Home\",\"item\":\"https:\/\/maxani.nl\/\"},{\"@type\":\"ListItem\",\"position\":2,\"name\":\"Webshop\",\"item\":\"https:\/\/maxani.nl\/webshop\/\"},{\"@type\":\"ListItem\",\"position\":3,\"name\":\"Maxani Regular skin and coat shampoo\"}]},{\"@type\":\"WebSite\",\"@id\":\"https:\/\/maxani.nl\/#website\",\"url\":\"https:\/\/maxani.nl\/\",\"name\":\"Maxani Animal Healthcare BV\",\"description\":\"Uw partner in veterinaire dermatologie\",\"potentialAction\":[{\"@type\":\"SearchAction\",\"target\":{\"@type\":\"EntryPoint\",\"urlTemplate\":\"https:\/\/maxani.nl\/?s={search_term_string}\"},\"query-input\":{\"@type\":\"PropertyValueSpecification\",\"valueRequired\":true,\"valueName\":\"search_term_string\"}}],\"inLanguage\":\"de\"}]}<\/script>\n<!-- \/ Yoast SEO plugin. -->","yoast_head_json":{"title":"Maxani Regular skin and coat shampoo - Maxani Animal Healthcare BV %","robots":{"index":"index","follow":"follow","max-snippet":"max-snippet:-1","max-image-preview":"max-image-preview:large","max-video-preview":"max-video-preview:-1"},"canonical":"https:\/\/maxani.nl\/de\/produkt\/regular-huidshampoo-met-conditioner\/","og_locale":"de_DE","og_type":"article","og_title":"Maxani Regular skin and coat shampoo - Maxani Animal Healthcare BV %","og_description":"Door de natuurlijke, milde en reinigende samenstelling is de Regular skin and coat shampoo geschikt voor het regelmatig wassen van de normale en droge huid. De Regular shampoo verzorgt en beschermt de huid en geeft de vacht een gezonde glans. De shampoo bevat voedende en beschermende ingredi\u00ebnten, zoals kamille, calendula en honing. Het neutraliseert onaangename geuren. De toevoeging van conditioner maakt de vacht makkelijker door te kammen.  Bij de Regular skin and coat shampoo kan de dierenartsenpraktijk gratis \u00e9\u00e9n of twee wasvoorschriften met het logo van de praktijk bestellen per shampoo. Op deze manier wordt de behandeling geoptimaliseerd en heeft de klant het gebruiksadvies van de shampoo altijd bij de hand.  Dier: Hond en kat  Inhoud: 200 ml","og_url":"https:\/\/maxani.nl\/de\/produkt\/regular-huidshampoo-met-conditioner\/","og_site_name":"Maxani Animal Healthcare BV","article_modified_time":"2025-05-30T18:24:39+00:00","og_image":[{"width":1080,"height":1080,"url":"https:\/\/maxani.nl\/wp-content\/uploads\/2023\/01\/Maxani-Regular-shampoo-200ml.jpg","type":"image\/jpeg"}],"twitter_card":"summary_large_image","twitter_misc":{"Gesch\u00e4tzte Lesezeit":"3\u00a0Minuten"},"schema":{"@context":"https:\/\/schema.org","@graph":[{"@type":"WebPage","@id":"https:\/\/maxani.nl\/product\/regular-huidshampoo-met-conditioner\/","url":"https:\/\/maxani.nl\/product\/regular-huidshampoo-met-conditioner\/","name":"Maxani Regular skin and coat shampoo - Maxani Animal Healthcare BV %","isPartOf":{"@id":"https:\/\/maxani.nl\/#website"},"primaryImageOfPage":{"@id":"https:\/\/maxani.nl\/product\/regular-huidshampoo-met-conditioner\/#primaryimage"},"image":{"@id":"https:\/\/maxani.nl\/product\/regular-huidshampoo-met-conditioner\/#primaryimage"},"thumbnailUrl":"https:\/\/maxani.nl\/wp-content\/uploads\/2023\/01\/Maxani-Regular-shampoo-200ml.jpg","datePublished":"2019-08-13T09:51:28+00:00","dateModified":"2025-05-30T18:24:39+00:00","breadcrumb":{"@id":"https:\/\/maxani.nl\/product\/regular-huidshampoo-met-conditioner\/#breadcrumb"},"inLanguage":"de","potentialAction":[{"@type":"ReadAction","target":["https:\/\/maxani.nl\/product\/regular-huidshampoo-met-conditioner\/"]}]},{"@type":"ImageObject","inLanguage":"de","@id":"https:\/\/maxani.nl\/product\/regular-huidshampoo-met-conditioner\/#primaryimage","url":"https:\/\/maxani.nl\/wp-content\/uploads\/2023\/01\/Maxani-Regular-shampoo-200ml.jpg","contentUrl":"https:\/\/maxani.nl\/wp-content\/uploads\/2023\/01\/Maxani-Regular-shampoo-200ml.jpg","width":1080,"height":1080},{"@type":"BreadcrumbList","@id":"https:\/\/maxani.nl\/product\/regular-huidshampoo-met-conditioner\/#breadcrumb","itemListElement":[{"@type":"ListItem","position":1,"name":"Home","item":"https:\/\/maxani.nl\/"},{"@type":"ListItem","position":2,"name":"Webshop","item":"https:\/\/maxani.nl\/webshop\/"},{"@type":"ListItem","position":3,"name":"Maxani Regular skin and coat shampoo"}]},{"@type":"WebSite","@id":"https:\/\/maxani.nl\/#website","url":"https:\/\/maxani.nl\/","name":"Maxani Animal Healthcare BV","description":"Ihr Partner in der Veterin\u00e4rdermatologie","potentialAction":[{"@type":"SearchAction","target":{"@type":"EntryPoint","urlTemplate":"https:\/\/maxani.nl\/?s={search_term_string}"},"query-input":{"@type":"PropertyValueSpecification","valueRequired":true,"valueName":"search_term_string"}}],"inLanguage":"de"}]}},"jetpack_sharing_enabled":true,"_links":{"self":[{"href":"https:\/\/maxani.nl\/de\/wp-json\/wp\/v2\/product\/129","targetHints":{"allow":["GET"]}}],"collection":[{"href":"https:\/\/maxani.nl\/de\/wp-json\/wp\/v2\/product"}],"about":[{"href":"https:\/\/maxani.nl\/de\/wp-json\/wp\/v2\/types\/product"}],"wp:featuredmedia":[{"embeddable":true,"href":"https:\/\/maxani.nl\/de\/wp-json\/wp\/v2\/media\/11955"}],"wp:attachment":[{"href":"https:\/\/maxani.nl\/de\/wp-json\/wp\/v2\/media?parent=129"}],"wp:term":[{"taxonomy":"product_brand","embeddable":true,"href":"https:\/\/maxani.nl\/de\/wp-json\/wp\/v2\/product_brand?post=129"},{"taxonomy":"product_cat","embeddable":true,"href":"https:\/\/maxani.nl\/de\/wp-json\/wp\/v2\/product_cat?post=129"},{"taxonomy":"product_tag","embeddable":true,"href":"https:\/\/maxani.nl\/de\/wp-json\/wp\/v2\/product_tag?post=129"}],"curies":[{"name":"wp","href":"https:\/\/api.w.org\/{rel}","templated":true}]}}