{"id":120,"date":"2019-08-13T09:48:40","date_gmt":"2019-08-13T09:48:40","guid":{"rendered":"https:\/\/maandvandehuidverzorging.nl\/?post_type=product&#038;p=120"},"modified":"2025-05-30T18:00:59","modified_gmt":"2025-05-30T18:00:59","slug":"honey-complex-huidshampoo","status":"publish","type":"product","link":"https:\/\/maxani.nl\/de\/produkt\/honey-complex-huidshampoo\/","title":{"rendered":"Maxani Honig-Komplex-Hautshampoo"},"content":{"rendered":"<p><strong>Indikationen<\/strong><\/p>\n<p>Hunde und Pferde mit trockener bis extrem trockener Haut.<\/p>\n<p><strong>Operation<\/strong><\/p>\n<p>Honig und Propolis haben antibakterielle und entz\u00fcndungshemmende Eigenschaften. Dar\u00fcber hinaus f\u00f6rdern Honig und Propolis das Gewebewachstum in der Hautbarriere. Bienenpollen k\u00f6nnen durch Hemmung von Histamin allergische Symptome lindern, das Hautgewebe stimulieren und vor Austrocknung sch\u00fctzen. Aloe vera hat feuchtigkeitsspendende und lindernde Eigenschaften. Sie regeneriert die Epithelzellen und macht die Epidermis geschmeidig. Die Esterverbindungen des Jojoba\u00f6ls k\u00f6nnen in das Stratum corneum (Hornschicht) der Haut eindringen. Zusammen mit interzellul\u00e4ren Lipiden k\u00f6nnen sie den Feuchtigkeitsverlust, den so genannten transepidermalen Feuchtigkeitsverlust, verringern. Jojoba\u00f6l hat die Wirkung eines Emollientes, das der Haut mehr Geschmeidigkeit und Elastizit\u00e4t verleiht. Au\u00dferdem hat es eine heilende Wirkung auf gesch\u00e4digte Haut. Calendula hat antibakterielle und antimykotische Eigenschaften und wirkt entz\u00fcndungshemmend. Dar\u00fcber hinaus beruhigt und pflegt die Ringelblume die Haut und unterst\u00fctzt so die Genesung der betroffenen Haut. Eine Shampoo-Therapie mit diesem Shampoo pflegt und sch\u00fctzt die Haut.<\/p>\n<p><strong>Verwenden Sie<\/strong><\/p>\n<p>Je nach Zustand, Schwere der Beschwerden und Zweck der Behandlung ist die H\u00e4ufigkeit des Shampoonierens unterschiedlich. Bei extrem trockener Haut empfehlen wir, mindestens 2 bis 3 Mal zu shampoonieren<br \/>\neinmal pro Woche waschen, bis die klinischen Symptome verschwinden. Das Honigkomplex-Hautshampoo hat pflegende und beruhigende Eigenschaften und ist ideal geeignet, um einmal pro Woche als Kur verwendet zu werden.<br \/>\nPflegemittel. Vor Gebrauch gut sch\u00fctteln. Das Tier vorzugsweise 2 Mal pro Shampoonierung waschen. Das erste Mal f\u00fcr einen Reinigungseffekt (Entfernen von Schmutz, Flocken usw.), das zweite Mal f\u00fcr die Behandlung. Bei der zweiten W\u00e4sche lassen Sie das Shampoo 5-10 Minuten einwirken, um eine optimale Wirkung zu erzielen. Nicht verwenden, wenn das Tier empfindlich auf einen der Inhaltsstoffe reagiert.<\/p>\n<span class=\"wppb-content-restriction-message\"><p data-opacity=\"0.5\">F\u00fcr weitere Informationen m\u00fcssen Sie eingeloggt sein<\/p>\n<\/span>","protected":false},"excerpt":{"rendered":"<p>Ein sanftes und pflegendes Hautshampoo f\u00fcr trockene bis sehr trockene Haut. Zu verwenden bei trockener Seborrhoe und Ichtyosis oder zusammen mit einem medizinischen Shampoo f\u00fcr schwere<br \/>\nHautbeschwerden. Die Inhaltsstoffe Jojoba und Aloe Vera sorgen f\u00fcr die pflegende und sanfte Natur des Shampoos. Zum Honig und Propolis, eine entz\u00fcndungshemmende<br \/>\nWirkung zugeschrieben. Eine sanfte, effektive Haut Shampoo, das wenig Entfettung tut.<\/p>\n<p>Mit dem Honey complex Hautshampoo k\u00f6nnen Tierarztpraxen ein oder zwei Waschanleitungen mit dem Praxislogo pro Shampoo kostenlos bestellen. So wird die Behandlung optimiert und der Kunde hat die Anwendungshinweise des Shampoos immer zur Hand.<\/p>\n<p><strong>Tier<\/strong>: Hund und Pferd<\/p>\n<p><strong>Inhalt<\/strong>: 200 ml<\/p>\n<span class=\"wppb-shortcode-restriction-message\"> <\/span>","protected":false},"featured_media":11898,"template":"","meta":[],"product_brand":[],"product_cat":[15,29,37],"product_tag":[156,162,159,160,157,158,161,30],"class_list":{"0":"post-120","1":"product","2":"type-product","3":"status-publish","4":"has-post-thumbnail","6":"product_cat-alle-producten","7":"product_cat-maxani","8":"product_cat-seborroe","9":"product_tag-156","10":"product_tag-alopecia","11":"product_tag-complex","12":"product_tag-droog","13":"product_tag-honey","14":"product_tag-honing","15":"product_tag-ichtyosis","16":"product_tag-maxani-shampoo","18":"first","19":"instock","20":"taxable","21":"shipping-taxable","22":"product-type-simple"},"yoast_head":"<!-- This site is optimized with the Yoast SEO plugin v27.1.1 - https:\/\/yoast.com\/product\/yoast-seo-wordpress\/ -->\n<title>Maxani Honey Complex skin shampoo - Maxani Animal Healthcare BV<\/title>\n<meta name=\"robots\" content=\"index, follow, max-snippet:-1, max-image-preview:large, max-video-preview:-1\" \/>\n<link rel=\"canonical\" href=\"https:\/\/maxani.nl\/de\/produkt\/honey-complex-huidshampoo\/\" \/>\n<meta property=\"og:locale\" content=\"de_DE\" \/>\n<meta property=\"og:type\" content=\"article\" \/>\n<meta property=\"og:title\" content=\"Maxani Honey Complex skin shampoo - Maxani Animal Healthcare BV\" \/>\n<meta property=\"og:description\" content=\"Een zachte en verzorgende huidshampoo voor droge tot zeer droge huid. In te zetten bij droge seborroe en Ichtyosis of samen met een medicinale shampoo bij ernstige huidklachten. De ingredi\u00ebnten jojoba en Alo\u00eb vera zorgen voor het voedende en zachte karakter van de shampoo. Aan de honing en propolis wordt een ontstekingsremmende werking toegeschreven. Een zachte, effectieve huidshampoo die weinig ontvet.  Bij de Honing complex skin shampoo kan de dierenartsenpraktijk gratis \u00e9\u00e9n of twee wasvoorschriften met het logo van de praktijk bestellen per shampoo. Op deze manier wordt de behandeling geoptimaliseerd en heeft de klant het gebruiksadvies van de shampoo altijd bij de hand.  Dier: Hond en paard  Inhoud: 200 ml\" \/>\n<meta property=\"og:url\" content=\"https:\/\/maxani.nl\/de\/produkt\/honey-complex-huidshampoo\/\" \/>\n<meta property=\"og:site_name\" content=\"Maxani Animal Healthcare BV\" \/>\n<meta property=\"article:modified_time\" content=\"2025-05-30T18:00:59+00:00\" \/>\n<meta property=\"og:image\" content=\"https:\/\/maxani.nl\/wp-content\/uploads\/2023\/01\/Maxani-Honey-complex-shampoo-200ml.jpg\" \/>\n\t<meta property=\"og:image:width\" content=\"1080\" \/>\n\t<meta property=\"og:image:height\" content=\"1080\" \/>\n\t<meta property=\"og:image:type\" content=\"image\/jpeg\" \/>\n<meta name=\"twitter:card\" content=\"summary_large_image\" \/>\n<meta name=\"twitter:label1\" content=\"Gesch\u00e4tzte Lesezeit\" \/>\n\t<meta name=\"twitter:data1\" content=\"4\u00a0Minuten\" \/>\n<script type=\"application\/ld+json\" class=\"yoast-schema-graph\">{\"@context\":\"https:\/\/schema.org\",\"@graph\":[{\"@type\":\"WebPage\",\"@id\":\"https:\/\/maxani.nl\/product\/honey-complex-huidshampoo\/\",\"url\":\"https:\/\/maxani.nl\/product\/honey-complex-huidshampoo\/\",\"name\":\"Maxani Honey Complex skin shampoo - Maxani Animal Healthcare BV\",\"isPartOf\":{\"@id\":\"https:\/\/maxani.nl\/#website\"},\"primaryImageOfPage\":{\"@id\":\"https:\/\/maxani.nl\/product\/honey-complex-huidshampoo\/#primaryimage\"},\"image\":{\"@id\":\"https:\/\/maxani.nl\/product\/honey-complex-huidshampoo\/#primaryimage\"},\"thumbnailUrl\":\"https:\/\/maxani.nl\/wp-content\/uploads\/2023\/01\/Maxani-Honey-complex-shampoo-200ml.jpg\",\"datePublished\":\"2019-08-13T09:48:40+00:00\",\"dateModified\":\"2025-05-30T18:00:59+00:00\",\"breadcrumb\":{\"@id\":\"https:\/\/maxani.nl\/product\/honey-complex-huidshampoo\/#breadcrumb\"},\"inLanguage\":\"de\",\"potentialAction\":[{\"@type\":\"ReadAction\",\"target\":[\"https:\/\/maxani.nl\/product\/honey-complex-huidshampoo\/\"]}]},{\"@type\":\"ImageObject\",\"inLanguage\":\"de\",\"@id\":\"https:\/\/maxani.nl\/product\/honey-complex-huidshampoo\/#primaryimage\",\"url\":\"https:\/\/maxani.nl\/wp-content\/uploads\/2023\/01\/Maxani-Honey-complex-shampoo-200ml.jpg\",\"contentUrl\":\"https:\/\/maxani.nl\/wp-content\/uploads\/2023\/01\/Maxani-Honey-complex-shampoo-200ml.jpg\",\"width\":1080,\"height\":1080},{\"@type\":\"BreadcrumbList\",\"@id\":\"https:\/\/maxani.nl\/product\/honey-complex-huidshampoo\/#breadcrumb\",\"itemListElement\":[{\"@type\":\"ListItem\",\"position\":1,\"name\":\"Home\",\"item\":\"https:\/\/maxani.nl\/\"},{\"@type\":\"ListItem\",\"position\":2,\"name\":\"Webshop\",\"item\":\"https:\/\/maxani.nl\/webshop\/\"},{\"@type\":\"ListItem\",\"position\":3,\"name\":\"Maxani Honey Complex skin shampoo\"}]},{\"@type\":\"WebSite\",\"@id\":\"https:\/\/maxani.nl\/#website\",\"url\":\"https:\/\/maxani.nl\/\",\"name\":\"Maxani Animal Healthcare BV\",\"description\":\"Uw partner in veterinaire dermatologie\",\"potentialAction\":[{\"@type\":\"SearchAction\",\"target\":{\"@type\":\"EntryPoint\",\"urlTemplate\":\"https:\/\/maxani.nl\/?s={search_term_string}\"},\"query-input\":{\"@type\":\"PropertyValueSpecification\",\"valueRequired\":true,\"valueName\":\"search_term_string\"}}],\"inLanguage\":\"de\"}]}<\/script>\n<!-- \/ Yoast SEO plugin. -->","yoast_head_json":{"title":"Maxani Honey Complex skin shampoo - Maxani Animal Healthcare BV","robots":{"index":"index","follow":"follow","max-snippet":"max-snippet:-1","max-image-preview":"max-image-preview:large","max-video-preview":"max-video-preview:-1"},"canonical":"https:\/\/maxani.nl\/de\/produkt\/honey-complex-huidshampoo\/","og_locale":"de_DE","og_type":"article","og_title":"Maxani Honey Complex skin shampoo - Maxani Animal Healthcare BV","og_description":"Een zachte en verzorgende huidshampoo voor droge tot zeer droge huid. In te zetten bij droge seborroe en Ichtyosis of samen met een medicinale shampoo bij ernstige huidklachten. De ingredi\u00ebnten jojoba en Alo\u00eb vera zorgen voor het voedende en zachte karakter van de shampoo. Aan de honing en propolis wordt een ontstekingsremmende werking toegeschreven. Een zachte, effectieve huidshampoo die weinig ontvet.  Bij de Honing complex skin shampoo kan de dierenartsenpraktijk gratis \u00e9\u00e9n of twee wasvoorschriften met het logo van de praktijk bestellen per shampoo. Op deze manier wordt de behandeling geoptimaliseerd en heeft de klant het gebruiksadvies van de shampoo altijd bij de hand.  Dier: Hond en paard  Inhoud: 200 ml","og_url":"https:\/\/maxani.nl\/de\/produkt\/honey-complex-huidshampoo\/","og_site_name":"Maxani Animal Healthcare BV","article_modified_time":"2025-05-30T18:00:59+00:00","og_image":[{"width":1080,"height":1080,"url":"https:\/\/maxani.nl\/wp-content\/uploads\/2023\/01\/Maxani-Honey-complex-shampoo-200ml.jpg","type":"image\/jpeg"}],"twitter_card":"summary_large_image","twitter_misc":{"Gesch\u00e4tzte Lesezeit":"4\u00a0Minuten"},"schema":{"@context":"https:\/\/schema.org","@graph":[{"@type":"WebPage","@id":"https:\/\/maxani.nl\/product\/honey-complex-huidshampoo\/","url":"https:\/\/maxani.nl\/product\/honey-complex-huidshampoo\/","name":"Maxani Honey Complex skin shampoo - Maxani Animal Healthcare BV","isPartOf":{"@id":"https:\/\/maxani.nl\/#website"},"primaryImageOfPage":{"@id":"https:\/\/maxani.nl\/product\/honey-complex-huidshampoo\/#primaryimage"},"image":{"@id":"https:\/\/maxani.nl\/product\/honey-complex-huidshampoo\/#primaryimage"},"thumbnailUrl":"https:\/\/maxani.nl\/wp-content\/uploads\/2023\/01\/Maxani-Honey-complex-shampoo-200ml.jpg","datePublished":"2019-08-13T09:48:40+00:00","dateModified":"2025-05-30T18:00:59+00:00","breadcrumb":{"@id":"https:\/\/maxani.nl\/product\/honey-complex-huidshampoo\/#breadcrumb"},"inLanguage":"de","potentialAction":[{"@type":"ReadAction","target":["https:\/\/maxani.nl\/product\/honey-complex-huidshampoo\/"]}]},{"@type":"ImageObject","inLanguage":"de","@id":"https:\/\/maxani.nl\/product\/honey-complex-huidshampoo\/#primaryimage","url":"https:\/\/maxani.nl\/wp-content\/uploads\/2023\/01\/Maxani-Honey-complex-shampoo-200ml.jpg","contentUrl":"https:\/\/maxani.nl\/wp-content\/uploads\/2023\/01\/Maxani-Honey-complex-shampoo-200ml.jpg","width":1080,"height":1080},{"@type":"BreadcrumbList","@id":"https:\/\/maxani.nl\/product\/honey-complex-huidshampoo\/#breadcrumb","itemListElement":[{"@type":"ListItem","position":1,"name":"Home","item":"https:\/\/maxani.nl\/"},{"@type":"ListItem","position":2,"name":"Webshop","item":"https:\/\/maxani.nl\/webshop\/"},{"@type":"ListItem","position":3,"name":"Maxani Honey Complex skin shampoo"}]},{"@type":"WebSite","@id":"https:\/\/maxani.nl\/#website","url":"https:\/\/maxani.nl\/","name":"Maxani Animal Healthcare BV","description":"Ihr Partner in der Veterin\u00e4rdermatologie","potentialAction":[{"@type":"SearchAction","target":{"@type":"EntryPoint","urlTemplate":"https:\/\/maxani.nl\/?s={search_term_string}"},"query-input":{"@type":"PropertyValueSpecification","valueRequired":true,"valueName":"search_term_string"}}],"inLanguage":"de"}]}},"jetpack_sharing_enabled":true,"_links":{"self":[{"href":"https:\/\/maxani.nl\/de\/wp-json\/wp\/v2\/product\/120","targetHints":{"allow":["GET"]}}],"collection":[{"href":"https:\/\/maxani.nl\/de\/wp-json\/wp\/v2\/product"}],"about":[{"href":"https:\/\/maxani.nl\/de\/wp-json\/wp\/v2\/types\/product"}],"wp:featuredmedia":[{"embeddable":true,"href":"https:\/\/maxani.nl\/de\/wp-json\/wp\/v2\/media\/11898"}],"wp:attachment":[{"href":"https:\/\/maxani.nl\/de\/wp-json\/wp\/v2\/media?parent=120"}],"wp:term":[{"taxonomy":"product_brand","embeddable":true,"href":"https:\/\/maxani.nl\/de\/wp-json\/wp\/v2\/product_brand?post=120"},{"taxonomy":"product_cat","embeddable":true,"href":"https:\/\/maxani.nl\/de\/wp-json\/wp\/v2\/product_cat?post=120"},{"taxonomy":"product_tag","embeddable":true,"href":"https:\/\/maxani.nl\/de\/wp-json\/wp\/v2\/product_tag?post=120"}],"curies":[{"name":"wp","href":"https:\/\/api.w.org\/{rel}","templated":true}]}}