{"id":116,"date":"2019-08-13T09:17:51","date_gmt":"2019-08-13T09:17:51","guid":{"rendered":"https:\/\/maandvandehuidverzorging.nl\/?post_type=product&#038;p=116"},"modified":"2025-05-30T17:50:32","modified_gmt":"2025-05-30T17:50:32","slug":"atopoat-huidshampoo","status":"publish","type":"product","link":"https:\/\/maxani.nl\/de\/produkt\/atopoat-huidshampoo\/","title":{"rendered":"AtopOat Hautshampoo"},"content":{"rendered":"<p><strong>Indikationen<\/strong><\/p>\n<p>Ger\u00f6tete, schuppige und gereizte Haut. Neurodermitis und andere allergisch bedingte Hauterkrankungen ohne Sekund\u00e4rinfektionen. Auch f\u00fcr trockene bis sehr trockene Haut geeignet.<\/p>\n<p><strong>Operation<\/strong><\/p>\n<p>Haferflocken, Allantoin, Calendula, Kamille und Honig beruhigen juckende Haut. Zinkpyrithion sorgt f\u00fcr eine gute Hautflora. SK-influx\u00ae, bestehend aus Fetts\u00e4uren, Ceramiden, Cholesterin und Phytosphingosin, stellt die Hautbarriere wieder her. Hyalurons\u00e4ure f\u00f6rdert die Elastizit\u00e4t und Feuchtigkeit der Haut. Enth\u00e4lt kein Parf\u00fcm.<\/p>\n<p><strong>Verwenden Sie<\/strong><\/p>\n<p>Die Anwendung h\u00e4ngt von der Erkrankung, der Schwere der Beschwerden und dem Zweck der Behandlung ab. Mindestens 2 Wochen lang 2-3 Mal pro Woche waschen. Falls erforderlich, t\u00e4glich. Zur Pflege 2 bis 4 Mal pro Monat waschen. Lassen Sie das Shampoo 5-10 Minuten einwirken, um bessere Ergebnisse zu erzielen. 2 Mal pro Waschgang waschen. F\u00fcr eine reinigende Wirkung beim ersten Mal 1:10 verd\u00fcnnen und beim zweiten Mal wenig bis maximal 1:5 verd\u00fcnnen oder unverd\u00fcnnt verwenden.<\/p>\n<span class=\"wppb-content-restriction-message\"><p data-opacity=\"0.5\">F\u00fcr weitere Informationen m\u00fcssen Sie eingeloggt sein<\/p>\n<\/span>","protected":false},"excerpt":{"rendered":"<p>AtopOat Hautshampoo spendet Feuchtigkeit und pflegt die Haut bis in die Tiefe. Durch die Anreicherung mit Haferflocken, Allantoin, Calendula, Kamille und Honig ist es besonders f\u00fcr Tiere mit trockener, gereizter und\/oder allergischer Haut geeignet... Dank seiner einzigartigen Zusammensetzung wirkt das Shampoo juckreizstillend, unterst\u00fctzt das mikrobielle Gleichgewicht der Hautflora und stellt die Hautbarriere und den Feuchtigkeitshaushalt wieder her. Damit ist es ideal als Pflegeshampoo f\u00fcr Hunde mit atopischer Dermatitis geeignet.<\/p>\n<p>Mit dem AtopOat-Hautshampoo k\u00f6nnen Tierarztpraxen ein oder zwei Waschanleitungen mit dem Praxislogo pro Shampoo kostenlos bestellen. Auf diese Weise wird die Behandlung optimiert und der Kunde hat die Gebrauchsanweisung des Shampoos immer zur Hand.<\/p>\n<p><strong>Tier<\/strong>: Hund, Katze, Kaninchen und Nagetier<\/p>\n<p><strong>Inhalt<\/strong>: 200 ml &amp; 500 ml<\/p>\n<span class=\"wppb-shortcode-restriction-message\"> <\/span>","protected":false},"featured_media":11862,"template":"","meta":[],"product_brand":[],"product_cat":[15,29,24],"product_tag":[163,164,167,165,166,168,30],"class_list":{"0":"post-116","1":"product","2":"type-product","3":"status-publish","4":"has-post-thumbnail","6":"product_cat-alle-producten","7":"product_cat-maxani","8":"product_cat-atopie","9":"product_tag-163","10":"product_tag-164","11":"product_tag-allergie","12":"product_tag-atopoat","13":"product_tag-haver","14":"product_tag-kalmerend","15":"product_tag-maxani-shampoo","17":"first","18":"instock","19":"taxable","20":"shipping-taxable","21":"product-type-variable"},"yoast_head":"<!-- This site is optimized with the Yoast SEO plugin v27.1.1 - https:\/\/yoast.com\/product\/yoast-seo-wordpress\/ -->\n<title>AtopOat skin shampoo - Maxani Animal Healthcare BV<\/title>\n<meta name=\"robots\" content=\"index, follow, max-snippet:-1, max-image-preview:large, max-video-preview:-1\" \/>\n<link rel=\"canonical\" href=\"https:\/\/maxani.nl\/de\/produkt\/atopoat-huidshampoo\/\" \/>\n<meta property=\"og:locale\" content=\"de_DE\" \/>\n<meta property=\"og:type\" content=\"article\" \/>\n<meta property=\"og:title\" content=\"AtopOat skin shampoo - Maxani Animal Healthcare BV\" \/>\n<meta property=\"og:description\" content=\"De AtopOat skin shampoo hydrateert en verzorgt tot diep in de huid. Het is zeer geschikt voor dieren met een droge, ge\u00efrriteerde en\/of allergische huid door de verrijking van havermout, allanto\u00efne, calendula, kamille en honing.. Dankzij de unieke samenstelling is de shampoo jeukstillend, ondersteunt het de microbi\u00eble balans van de huidflora en herstelt het de huidbarri\u00e8re en vochtbalans. Hierdoor is het uitermate geschikt als onderhoudsshampoo voor honden met atopische dermatitis.  Bij de AtopOat skin shampoo kan de dierenartsenpraktijk gratis \u00e9\u00e9n of twee wasvoorschriften met het logo van de praktijk bestellen per shampoo. Op deze manier wordt de behandeling geoptimaliseerd en heeft de klant het gebruiksadvies van de shampoo altijd bij de hand.  Dier: Hond, kat, konijn en knaagdier  Inhoud: 200 ml &amp; 500 ml\" \/>\n<meta property=\"og:url\" content=\"https:\/\/maxani.nl\/de\/produkt\/atopoat-huidshampoo\/\" \/>\n<meta property=\"og:site_name\" content=\"Maxani Animal Healthcare BV\" \/>\n<meta property=\"article:modified_time\" content=\"2025-05-30T17:50:32+00:00\" \/>\n<meta property=\"og:image\" content=\"https:\/\/maxani.nl\/wp-content\/uploads\/2023\/01\/Maxani-AtopOat-shampoo-combi-200ml-en-500ml.jpg\" \/>\n\t<meta property=\"og:image:width\" content=\"1080\" \/>\n\t<meta property=\"og:image:height\" content=\"1080\" \/>\n\t<meta property=\"og:image:type\" content=\"image\/jpeg\" \/>\n<meta name=\"twitter:card\" content=\"summary_large_image\" \/>\n<meta name=\"twitter:label1\" content=\"Gesch\u00e4tzte Lesezeit\" \/>\n\t<meta name=\"twitter:data1\" content=\"3\u00a0Minuten\" \/>\n<script type=\"application\/ld+json\" class=\"yoast-schema-graph\">{\"@context\":\"https:\/\/schema.org\",\"@graph\":[{\"@type\":\"WebPage\",\"@id\":\"https:\/\/maxani.nl\/product\/atopoat-huidshampoo\/\",\"url\":\"https:\/\/maxani.nl\/product\/atopoat-huidshampoo\/\",\"name\":\"AtopOat skin shampoo - Maxani Animal Healthcare BV\",\"isPartOf\":{\"@id\":\"https:\/\/maxani.nl\/#website\"},\"primaryImageOfPage\":{\"@id\":\"https:\/\/maxani.nl\/product\/atopoat-huidshampoo\/#primaryimage\"},\"image\":{\"@id\":\"https:\/\/maxani.nl\/product\/atopoat-huidshampoo\/#primaryimage\"},\"thumbnailUrl\":\"https:\/\/maxani.nl\/wp-content\/uploads\/2023\/01\/Maxani-AtopOat-shampoo-combi-200ml-en-500ml.jpg\",\"datePublished\":\"2019-08-13T09:17:51+00:00\",\"dateModified\":\"2025-05-30T17:50:32+00:00\",\"breadcrumb\":{\"@id\":\"https:\/\/maxani.nl\/product\/atopoat-huidshampoo\/#breadcrumb\"},\"inLanguage\":\"de\",\"potentialAction\":[{\"@type\":\"ReadAction\",\"target\":[\"https:\/\/maxani.nl\/product\/atopoat-huidshampoo\/\"]}]},{\"@type\":\"ImageObject\",\"inLanguage\":\"de\",\"@id\":\"https:\/\/maxani.nl\/product\/atopoat-huidshampoo\/#primaryimage\",\"url\":\"https:\/\/maxani.nl\/wp-content\/uploads\/2023\/01\/Maxani-AtopOat-shampoo-combi-200ml-en-500ml.jpg\",\"contentUrl\":\"https:\/\/maxani.nl\/wp-content\/uploads\/2023\/01\/Maxani-AtopOat-shampoo-combi-200ml-en-500ml.jpg\",\"width\":1080,\"height\":1080},{\"@type\":\"BreadcrumbList\",\"@id\":\"https:\/\/maxani.nl\/product\/atopoat-huidshampoo\/#breadcrumb\",\"itemListElement\":[{\"@type\":\"ListItem\",\"position\":1,\"name\":\"Home\",\"item\":\"https:\/\/maxani.nl\/\"},{\"@type\":\"ListItem\",\"position\":2,\"name\":\"Webshop\",\"item\":\"https:\/\/maxani.nl\/webshop\/\"},{\"@type\":\"ListItem\",\"position\":3,\"name\":\"AtopOat skin shampoo\"}]},{\"@type\":\"WebSite\",\"@id\":\"https:\/\/maxani.nl\/#website\",\"url\":\"https:\/\/maxani.nl\/\",\"name\":\"Maxani Animal Healthcare BV\",\"description\":\"Uw partner in veterinaire dermatologie\",\"potentialAction\":[{\"@type\":\"SearchAction\",\"target\":{\"@type\":\"EntryPoint\",\"urlTemplate\":\"https:\/\/maxani.nl\/?s={search_term_string}\"},\"query-input\":{\"@type\":\"PropertyValueSpecification\",\"valueRequired\":true,\"valueName\":\"search_term_string\"}}],\"inLanguage\":\"de\"}]}<\/script>\n<!-- \/ Yoast SEO plugin. -->","yoast_head_json":{"title":"AtopOat skin shampoo - Maxani Animal Healthcare BV","robots":{"index":"index","follow":"follow","max-snippet":"max-snippet:-1","max-image-preview":"max-image-preview:large","max-video-preview":"max-video-preview:-1"},"canonical":"https:\/\/maxani.nl\/de\/produkt\/atopoat-huidshampoo\/","og_locale":"de_DE","og_type":"article","og_title":"AtopOat skin shampoo - Maxani Animal Healthcare BV","og_description":"De AtopOat skin shampoo hydrateert en verzorgt tot diep in de huid. Het is zeer geschikt voor dieren met een droge, ge\u00efrriteerde en\/of allergische huid door de verrijking van havermout, allanto\u00efne, calendula, kamille en honing.. Dankzij de unieke samenstelling is de shampoo jeukstillend, ondersteunt het de microbi\u00eble balans van de huidflora en herstelt het de huidbarri\u00e8re en vochtbalans. Hierdoor is het uitermate geschikt als onderhoudsshampoo voor honden met atopische dermatitis.  Bij de AtopOat skin shampoo kan de dierenartsenpraktijk gratis \u00e9\u00e9n of twee wasvoorschriften met het logo van de praktijk bestellen per shampoo. Op deze manier wordt de behandeling geoptimaliseerd en heeft de klant het gebruiksadvies van de shampoo altijd bij de hand.  Dier: Hond, kat, konijn en knaagdier  Inhoud: 200 ml &amp; 500 ml","og_url":"https:\/\/maxani.nl\/de\/produkt\/atopoat-huidshampoo\/","og_site_name":"Maxani Animal Healthcare BV","article_modified_time":"2025-05-30T17:50:32+00:00","og_image":[{"width":1080,"height":1080,"url":"https:\/\/maxani.nl\/wp-content\/uploads\/2023\/01\/Maxani-AtopOat-shampoo-combi-200ml-en-500ml.jpg","type":"image\/jpeg"}],"twitter_card":"summary_large_image","twitter_misc":{"Gesch\u00e4tzte Lesezeit":"3\u00a0Minuten"},"schema":{"@context":"https:\/\/schema.org","@graph":[{"@type":"WebPage","@id":"https:\/\/maxani.nl\/product\/atopoat-huidshampoo\/","url":"https:\/\/maxani.nl\/product\/atopoat-huidshampoo\/","name":"AtopOat skin shampoo - Maxani Animal Healthcare BV","isPartOf":{"@id":"https:\/\/maxani.nl\/#website"},"primaryImageOfPage":{"@id":"https:\/\/maxani.nl\/product\/atopoat-huidshampoo\/#primaryimage"},"image":{"@id":"https:\/\/maxani.nl\/product\/atopoat-huidshampoo\/#primaryimage"},"thumbnailUrl":"https:\/\/maxani.nl\/wp-content\/uploads\/2023\/01\/Maxani-AtopOat-shampoo-combi-200ml-en-500ml.jpg","datePublished":"2019-08-13T09:17:51+00:00","dateModified":"2025-05-30T17:50:32+00:00","breadcrumb":{"@id":"https:\/\/maxani.nl\/product\/atopoat-huidshampoo\/#breadcrumb"},"inLanguage":"de","potentialAction":[{"@type":"ReadAction","target":["https:\/\/maxani.nl\/product\/atopoat-huidshampoo\/"]}]},{"@type":"ImageObject","inLanguage":"de","@id":"https:\/\/maxani.nl\/product\/atopoat-huidshampoo\/#primaryimage","url":"https:\/\/maxani.nl\/wp-content\/uploads\/2023\/01\/Maxani-AtopOat-shampoo-combi-200ml-en-500ml.jpg","contentUrl":"https:\/\/maxani.nl\/wp-content\/uploads\/2023\/01\/Maxani-AtopOat-shampoo-combi-200ml-en-500ml.jpg","width":1080,"height":1080},{"@type":"BreadcrumbList","@id":"https:\/\/maxani.nl\/product\/atopoat-huidshampoo\/#breadcrumb","itemListElement":[{"@type":"ListItem","position":1,"name":"Home","item":"https:\/\/maxani.nl\/"},{"@type":"ListItem","position":2,"name":"Webshop","item":"https:\/\/maxani.nl\/webshop\/"},{"@type":"ListItem","position":3,"name":"AtopOat skin shampoo"}]},{"@type":"WebSite","@id":"https:\/\/maxani.nl\/#website","url":"https:\/\/maxani.nl\/","name":"Maxani Animal Healthcare BV","description":"Ihr Partner in der Veterin\u00e4rdermatologie","potentialAction":[{"@type":"SearchAction","target":{"@type":"EntryPoint","urlTemplate":"https:\/\/maxani.nl\/?s={search_term_string}"},"query-input":{"@type":"PropertyValueSpecification","valueRequired":true,"valueName":"search_term_string"}}],"inLanguage":"de"}]}},"jetpack_sharing_enabled":true,"_links":{"self":[{"href":"https:\/\/maxani.nl\/de\/wp-json\/wp\/v2\/product\/116","targetHints":{"allow":["GET"]}}],"collection":[{"href":"https:\/\/maxani.nl\/de\/wp-json\/wp\/v2\/product"}],"about":[{"href":"https:\/\/maxani.nl\/de\/wp-json\/wp\/v2\/types\/product"}],"wp:featuredmedia":[{"embeddable":true,"href":"https:\/\/maxani.nl\/de\/wp-json\/wp\/v2\/media\/11862"}],"wp:attachment":[{"href":"https:\/\/maxani.nl\/de\/wp-json\/wp\/v2\/media?parent=116"}],"wp:term":[{"taxonomy":"product_brand","embeddable":true,"href":"https:\/\/maxani.nl\/de\/wp-json\/wp\/v2\/product_brand?post=116"},{"taxonomy":"product_cat","embeddable":true,"href":"https:\/\/maxani.nl\/de\/wp-json\/wp\/v2\/product_cat?post=116"},{"taxonomy":"product_tag","embeddable":true,"href":"https:\/\/maxani.nl\/de\/wp-json\/wp\/v2\/product_tag?post=116"}],"curies":[{"name":"wp","href":"https:\/\/api.w.org\/{rel}","templated":true}]}}