{"id":11293,"date":"2023-01-30T14:24:28","date_gmt":"2023-01-30T14:24:28","guid":{"rendered":"https:\/\/maxani.nl\/?post_type=product&#038;p=11293"},"modified":"2024-08-07T12:17:25","modified_gmt":"2024-08-07T12:17:25","slug":"therapiebox-atopie","status":"publish","type":"product","link":"https:\/\/maxani.nl\/de\/produkt\/therapiebox-atopie\/","title":{"rendered":"Therapiebox Atopie"},"content":{"rendered":"<p>Die Therapy Box Atopy macht die Therapie f\u00fcr Ihre Kunden einfach und \u00fcbersichtlich.<\/p>\n<p><strong>Die Therapiebox<\/strong>:<br \/>\n- Erleichtert den Informationstransfer in der Klinik<br \/>\n- Spart Zeit in der Klinik<br \/>\n- Hilft bei der Verdeutlichung der Anweisungen f\u00fcr den Tierhalter<br \/>\n- Erh\u00f6ht die Compliance<br \/>\n- H\u00e4lt die Produkte zusammen<\/p>\n<p><strong>Enth\u00e4lt<\/strong>:<br \/>\n<a href=\"https:\/\/maxani.nl\/de\/produkt\/atopoat-huidshampoo\/\">1 x Maxani AtopOat Hautshampoo 200 ml<\/a><br \/>\n<a href=\"https:\/\/maxani.nl\/de\/produkt\/atopoat-mousse\/\">1 x Maxani AtopOat Mousse 150 ml<\/a><br \/>\n<a href=\"https:\/\/maxani.nl\/de\/produkt\/atopoat-cream\/\">1 x Maxani AtopOat Creme 30 ml<\/a><br \/>\n<a href=\"https:\/\/maxani.nl\/de\/produkt\/maxani-mengfles\/\">1 x Mischflasche<\/a><br \/>\n1 x Brosch\u00fcre<\/p>\n<p>Die Produkte dieser AtopOat-Linie sind speziell f\u00fcr Tiere mit atopieempfindlicher, gereizter, ger\u00f6teter und\/oder trockener Haut geeignet. Alle Produkte enthalten kein Parf\u00fcm oder andere Duftstoffe, die Irritationen verursachen k\u00f6nnen. Mit dieser Linie wird die Haut zus\u00e4tzlich beruhigt, gesch\u00fctzt und der Juckreiz gelindert.<\/p>","protected":false},"excerpt":{"rendered":"<p>Die Therapie-Box Atopie: macht die Therapie f\u00fcr Ihre Kunden einfach und \u00fcbersichtlich!<\/p>\n<p>Die Produkte dieser AtopOat-Linie sind speziell f\u00fcr Tiere mit atopieempfindlicher, gereizter, ger\u00f6teter und\/oder trockener Haut geeignet. Alle Produkte enthalten kein Parf\u00fcm oder andere Duftstoffe, die Irritationen verursachen k\u00f6nnen. Mit dieser Linie wird die Haut zus\u00e4tzlich beruhigt, gesch\u00fctzt und der Juckreiz gelindert.<\/p>\n<span class=\"wppb-shortcode-restriction-message\"> <\/span>","protected":false},"featured_media":11984,"template":"","meta":[],"product_brand":[],"product_cat":[15,29,24],"product_tag":[],"class_list":{"0":"post-11293","1":"product","2":"type-product","3":"status-publish","4":"has-post-thumbnail","6":"product_cat-alle-producten","7":"product_cat-maxani","8":"product_cat-atopie","10":"first","11":"instock","12":"taxable","13":"shipping-taxable","14":"product-type-simple"},"yoast_head":"<!-- This site is optimized with the Yoast SEO plugin v27.1.1 - https:\/\/yoast.com\/product\/yoast-seo-wordpress\/ -->\n<title>Therapiebox Atopie - Maxani Animal Healthcare BV<\/title>\n<meta name=\"robots\" content=\"index, follow, max-snippet:-1, max-image-preview:large, max-video-preview:-1\" \/>\n<link rel=\"canonical\" href=\"https:\/\/maxani.nl\/de\/produkt\/therapiebox-atopie\/\" \/>\n<meta property=\"og:locale\" content=\"de_DE\" \/>\n<meta property=\"og:type\" content=\"article\" \/>\n<meta property=\"og:title\" content=\"Therapiebox Atopie - Maxani Animal Healthcare BV\" \/>\n<meta property=\"og:description\" content=\"De Therapiebox Atopie: maakt de therapie makkelijk en overzichtelijk voor uw klanten!  De producten in deze AtopOat-lijn zijn speciaal voor dieren met een atopie-gevoelige, geprikkelde, rode en\/of droge huid. Alle producten bevatten geen parfum of andere geurstoffen die irritatie kunnen veroorzaken. Met deze lijn wordt de huid extra gekalmeerd, beschermd en de jeuk verlicht.\" \/>\n<meta property=\"og:url\" content=\"https:\/\/maxani.nl\/de\/produkt\/therapiebox-atopie\/\" \/>\n<meta property=\"og:site_name\" content=\"Maxani Animal Healthcare BV\" \/>\n<meta property=\"article:modified_time\" content=\"2024-08-07T12:17:25+00:00\" \/>\n<meta property=\"og:image\" content=\"https:\/\/maxani.nl\/wp-content\/uploads\/2023\/01\/Maxani-therapiebox-Atopie-flesjes-staand.jpg\" \/>\n\t<meta property=\"og:image:width\" content=\"1080\" \/>\n\t<meta property=\"og:image:height\" content=\"1080\" \/>\n\t<meta property=\"og:image:type\" content=\"image\/jpeg\" \/>\n<meta name=\"twitter:card\" content=\"summary_large_image\" \/>\n<meta name=\"twitter:label1\" content=\"Gesch\u00e4tzte Lesezeit\" \/>\n\t<meta name=\"twitter:data1\" content=\"1\u00a0Minute\" \/>\n<script type=\"application\/ld+json\" class=\"yoast-schema-graph\">{\"@context\":\"https:\/\/schema.org\",\"@graph\":[{\"@type\":\"WebPage\",\"@id\":\"https:\/\/maxani.nl\/product\/therapiebox-atopie\/\",\"url\":\"https:\/\/maxani.nl\/product\/therapiebox-atopie\/\",\"name\":\"Therapiebox Atopie - Maxani Animal Healthcare BV\",\"isPartOf\":{\"@id\":\"https:\/\/maxani.nl\/#website\"},\"primaryImageOfPage\":{\"@id\":\"https:\/\/maxani.nl\/product\/therapiebox-atopie\/#primaryimage\"},\"image\":{\"@id\":\"https:\/\/maxani.nl\/product\/therapiebox-atopie\/#primaryimage\"},\"thumbnailUrl\":\"https:\/\/maxani.nl\/wp-content\/uploads\/2023\/01\/Maxani-therapiebox-Atopie-flesjes-staand.jpg\",\"datePublished\":\"2023-01-30T14:24:28+00:00\",\"dateModified\":\"2024-08-07T12:17:25+00:00\",\"breadcrumb\":{\"@id\":\"https:\/\/maxani.nl\/product\/therapiebox-atopie\/#breadcrumb\"},\"inLanguage\":\"de\",\"potentialAction\":[{\"@type\":\"ReadAction\",\"target\":[\"https:\/\/maxani.nl\/product\/therapiebox-atopie\/\"]}]},{\"@type\":\"ImageObject\",\"inLanguage\":\"de\",\"@id\":\"https:\/\/maxani.nl\/product\/therapiebox-atopie\/#primaryimage\",\"url\":\"https:\/\/maxani.nl\/wp-content\/uploads\/2023\/01\/Maxani-therapiebox-Atopie-flesjes-staand.jpg\",\"contentUrl\":\"https:\/\/maxani.nl\/wp-content\/uploads\/2023\/01\/Maxani-therapiebox-Atopie-flesjes-staand.jpg\",\"width\":1080,\"height\":1080},{\"@type\":\"BreadcrumbList\",\"@id\":\"https:\/\/maxani.nl\/product\/therapiebox-atopie\/#breadcrumb\",\"itemListElement\":[{\"@type\":\"ListItem\",\"position\":1,\"name\":\"Home\",\"item\":\"https:\/\/maxani.nl\/\"},{\"@type\":\"ListItem\",\"position\":2,\"name\":\"Webshop\",\"item\":\"https:\/\/maxani.nl\/webshop\/\"},{\"@type\":\"ListItem\",\"position\":3,\"name\":\"Therapiebox Atopie\"}]},{\"@type\":\"WebSite\",\"@id\":\"https:\/\/maxani.nl\/#website\",\"url\":\"https:\/\/maxani.nl\/\",\"name\":\"Maxani Animal Healthcare BV\",\"description\":\"Uw partner in veterinaire dermatologie\",\"potentialAction\":[{\"@type\":\"SearchAction\",\"target\":{\"@type\":\"EntryPoint\",\"urlTemplate\":\"https:\/\/maxani.nl\/?s={search_term_string}\"},\"query-input\":{\"@type\":\"PropertyValueSpecification\",\"valueRequired\":true,\"valueName\":\"search_term_string\"}}],\"inLanguage\":\"de\"}]}<\/script>\n<!-- \/ Yoast SEO plugin. -->","yoast_head_json":{"title":"Therapiebox Atopie - Maxani Animal Healthcare BV","robots":{"index":"index","follow":"follow","max-snippet":"max-snippet:-1","max-image-preview":"max-image-preview:large","max-video-preview":"max-video-preview:-1"},"canonical":"https:\/\/maxani.nl\/de\/produkt\/therapiebox-atopie\/","og_locale":"de_DE","og_type":"article","og_title":"Therapiebox Atopie - Maxani Animal Healthcare BV","og_description":"De Therapiebox Atopie: maakt de therapie makkelijk en overzichtelijk voor uw klanten!  De producten in deze AtopOat-lijn zijn speciaal voor dieren met een atopie-gevoelige, geprikkelde, rode en\/of droge huid. Alle producten bevatten geen parfum of andere geurstoffen die irritatie kunnen veroorzaken. Met deze lijn wordt de huid extra gekalmeerd, beschermd en de jeuk verlicht.","og_url":"https:\/\/maxani.nl\/de\/produkt\/therapiebox-atopie\/","og_site_name":"Maxani Animal Healthcare BV","article_modified_time":"2024-08-07T12:17:25+00:00","og_image":[{"width":1080,"height":1080,"url":"https:\/\/maxani.nl\/wp-content\/uploads\/2023\/01\/Maxani-therapiebox-Atopie-flesjes-staand.jpg","type":"image\/jpeg"}],"twitter_card":"summary_large_image","twitter_misc":{"Gesch\u00e4tzte Lesezeit":"1\u00a0Minute"},"schema":{"@context":"https:\/\/schema.org","@graph":[{"@type":"WebPage","@id":"https:\/\/maxani.nl\/product\/therapiebox-atopie\/","url":"https:\/\/maxani.nl\/product\/therapiebox-atopie\/","name":"Therapiebox Atopie - Maxani Animal Healthcare BV","isPartOf":{"@id":"https:\/\/maxani.nl\/#website"},"primaryImageOfPage":{"@id":"https:\/\/maxani.nl\/product\/therapiebox-atopie\/#primaryimage"},"image":{"@id":"https:\/\/maxani.nl\/product\/therapiebox-atopie\/#primaryimage"},"thumbnailUrl":"https:\/\/maxani.nl\/wp-content\/uploads\/2023\/01\/Maxani-therapiebox-Atopie-flesjes-staand.jpg","datePublished":"2023-01-30T14:24:28+00:00","dateModified":"2024-08-07T12:17:25+00:00","breadcrumb":{"@id":"https:\/\/maxani.nl\/product\/therapiebox-atopie\/#breadcrumb"},"inLanguage":"de","potentialAction":[{"@type":"ReadAction","target":["https:\/\/maxani.nl\/product\/therapiebox-atopie\/"]}]},{"@type":"ImageObject","inLanguage":"de","@id":"https:\/\/maxani.nl\/product\/therapiebox-atopie\/#primaryimage","url":"https:\/\/maxani.nl\/wp-content\/uploads\/2023\/01\/Maxani-therapiebox-Atopie-flesjes-staand.jpg","contentUrl":"https:\/\/maxani.nl\/wp-content\/uploads\/2023\/01\/Maxani-therapiebox-Atopie-flesjes-staand.jpg","width":1080,"height":1080},{"@type":"BreadcrumbList","@id":"https:\/\/maxani.nl\/product\/therapiebox-atopie\/#breadcrumb","itemListElement":[{"@type":"ListItem","position":1,"name":"Home","item":"https:\/\/maxani.nl\/"},{"@type":"ListItem","position":2,"name":"Webshop","item":"https:\/\/maxani.nl\/webshop\/"},{"@type":"ListItem","position":3,"name":"Therapiebox Atopie"}]},{"@type":"WebSite","@id":"https:\/\/maxani.nl\/#website","url":"https:\/\/maxani.nl\/","name":"Maxani Animal Healthcare BV","description":"Ihr Partner in der Veterin\u00e4rdermatologie","potentialAction":[{"@type":"SearchAction","target":{"@type":"EntryPoint","urlTemplate":"https:\/\/maxani.nl\/?s={search_term_string}"},"query-input":{"@type":"PropertyValueSpecification","valueRequired":true,"valueName":"search_term_string"}}],"inLanguage":"de"}]}},"jetpack_sharing_enabled":true,"_links":{"self":[{"href":"https:\/\/maxani.nl\/de\/wp-json\/wp\/v2\/product\/11293","targetHints":{"allow":["GET"]}}],"collection":[{"href":"https:\/\/maxani.nl\/de\/wp-json\/wp\/v2\/product"}],"about":[{"href":"https:\/\/maxani.nl\/de\/wp-json\/wp\/v2\/types\/product"}],"wp:featuredmedia":[{"embeddable":true,"href":"https:\/\/maxani.nl\/de\/wp-json\/wp\/v2\/media\/11984"}],"wp:attachment":[{"href":"https:\/\/maxani.nl\/de\/wp-json\/wp\/v2\/media?parent=11293"}],"wp:term":[{"taxonomy":"product_brand","embeddable":true,"href":"https:\/\/maxani.nl\/de\/wp-json\/wp\/v2\/product_brand?post=11293"},{"taxonomy":"product_cat","embeddable":true,"href":"https:\/\/maxani.nl\/de\/wp-json\/wp\/v2\/product_cat?post=11293"},{"taxonomy":"product_tag","embeddable":true,"href":"https:\/\/maxani.nl\/de\/wp-json\/wp\/v2\/product_tag?post=11293"}],"curies":[{"name":"wp","href":"https:\/\/api.w.org\/{rel}","templated":true}]}}