{"id":11004,"date":"2022-11-25T12:07:52","date_gmt":"2022-11-25T12:07:52","guid":{"rendered":"https:\/\/maxani.nl\/?post_type=product&#038;p=11004"},"modified":"2026-01-05T08:36:39","modified_gmt":"2026-01-05T08:36:39","slug":"maxani-regular-mousse-zonder-geur","status":"publish","type":"product","link":"https:\/\/maxani.nl\/de\/produkt\/maxani-regular-mousse-zonder-geur\/","title":{"rendered":"Maxani Regular Mousse ohne Duft"},"content":{"rendered":"<p>Regelm\u00e4\u00dfiges Mousse reinigt schmutziges und stinkendes Fell effektiv und ohne Wasser. Sinodor\u00ae \u00fcberdeckt keine \u00fcblen Ger\u00fcche, sondern beseitigt sie kraftvoll. Die Mousse ist als t\u00e4gliche Pflege f\u00fcr schuppige, fettige und\/oder trockene Haut geeignet. Reguliert die Talgproduktion und die Neubildung von Hautzellen. Hydratisiert und sch\u00fctzt die Haut mit Hyalurons\u00e4ure, Provitamin B5 und Ceramiden. Sehr gut geeignet f\u00fcr Tiere, die schwer zu waschen sind.<\/p>\n<p>Anwendung: Die Mousse in die Handfl\u00e4che pumpen und in das Fell einmassieren. Das Fell mit Schaum tr\u00e4nken, so dass er die Haut erreicht. Nicht aussp\u00fclen, sondern mit einem Handtuch trocken tupfen oder an der Luft trocknen lassen.<\/p>\n<span class=\"wppb-content-restriction-message\"><p data-opacity=\"0.5\">F\u00fcr weitere Informationen m\u00fcssen Sie eingeloggt sein<\/p>\n<\/span>","protected":false},"excerpt":{"rendered":"<p>Regelm\u00e4\u00dfiges Mousse reinigt schmutziges und stinkendes Fell effektiv und ohne Wasser. Sinodor\u00ae \u00fcberdeckt keine \u00fcblen Ger\u00fcche, sondern beseitigt sie kraftvoll. Die Mousse ist als t\u00e4gliche Pflege f\u00fcr schuppige, fettige und\/oder trockene Haut geeignet. Reguliert die Talgproduktion und die Neubildung von Hautzellen. Hydratisiert und sch\u00fctzt die Haut mit Hyalurons\u00e4ure, Provitamin B5 und Ceramiden. Sehr gut geeignet f\u00fcr Tiere, die schwer zu waschen sind.<\/p>\n<span class=\"wppb-shortcode-restriction-message\"> <\/span>","protected":false},"featured_media":11953,"template":"","meta":[],"product_brand":[],"product_cat":[15,29,35],"product_tag":[174,175,155,80,154,75],"class_list":{"0":"post-11004","1":"product","2":"type-product","3":"status-publish","4":"has-post-thumbnail","6":"product_cat-alle-producten","7":"product_cat-maxani","8":"product_cat-regular","9":"product_tag-174","10":"product_tag-droogshampoo","11":"product_tag-kitten","12":"product_tag-mousse","13":"product_tag-puppy","14":"product_tag-regular","16":"first","17":"instock","18":"taxable","19":"shipping-taxable","20":"product-type-simple"},"yoast_head":"<!-- This site is optimized with the Yoast SEO plugin v27.1.1 - https:\/\/yoast.com\/product\/yoast-seo-wordpress\/ -->\n<title>Maxani Regular mousse no fragrance - Maxani Animal Healthcare BV<\/title>\n<meta name=\"robots\" content=\"index, follow, max-snippet:-1, max-image-preview:large, max-video-preview:-1\" \/>\n<link rel=\"canonical\" href=\"https:\/\/maxani.nl\/de\/produkt\/maxani-regular-mousse-zonder-geur\/\" \/>\n<meta property=\"og:locale\" content=\"de_DE\" \/>\n<meta property=\"og:type\" content=\"article\" \/>\n<meta property=\"og:title\" content=\"Maxani Regular mousse no fragrance - Maxani Animal Healthcare BV\" \/>\n<meta property=\"og:description\" content=\"Regular mousse reinigt effectief de vieze en stinkende vacht zonder water. Sinodor\u00ae maskeert vieze geuren niet, maar verwijdert deze krachtig. De mousse is geschikt als dagelijkse verzorging van schilferige, vette en\/of droge huid. Reguleert de talgproductie en de aanmaak van nieuwe huidcellen. Hydrateert en beschermt de huid met behulp van hyaluronzuur, pro-vitamine B5 en ceramiden. Zeer geschikt voor dieren die moeilijk te wassen zijn.\" \/>\n<meta property=\"og:url\" content=\"https:\/\/maxani.nl\/de\/produkt\/maxani-regular-mousse-zonder-geur\/\" \/>\n<meta property=\"og:site_name\" content=\"Maxani Animal Healthcare BV\" \/>\n<meta property=\"article:modified_time\" content=\"2026-01-05T08:36:39+00:00\" \/>\n<meta property=\"og:image\" content=\"https:\/\/maxani.nl\/wp-content\/uploads\/2023\/01\/Maxani-Regular-mousse-no-fragrance-150ml.jpg\" \/>\n\t<meta property=\"og:image:width\" content=\"1080\" \/>\n\t<meta property=\"og:image:height\" content=\"1080\" \/>\n\t<meta property=\"og:image:type\" content=\"image\/jpeg\" \/>\n<meta name=\"twitter:card\" content=\"summary_large_image\" \/>\n<meta name=\"twitter:label1\" content=\"Gesch\u00e4tzte Lesezeit\" \/>\n\t<meta name=\"twitter:data1\" content=\"2\u00a0Minuten\" \/>\n<script type=\"application\/ld+json\" class=\"yoast-schema-graph\">{\"@context\":\"https:\/\/schema.org\",\"@graph\":[{\"@type\":\"WebPage\",\"@id\":\"https:\/\/maxani.nl\/product\/maxani-regular-mousse-zonder-geur\/\",\"url\":\"https:\/\/maxani.nl\/product\/maxani-regular-mousse-zonder-geur\/\",\"name\":\"Maxani Regular mousse no fragrance - Maxani Animal Healthcare BV\",\"isPartOf\":{\"@id\":\"https:\/\/maxani.nl\/#website\"},\"primaryImageOfPage\":{\"@id\":\"https:\/\/maxani.nl\/product\/maxani-regular-mousse-zonder-geur\/#primaryimage\"},\"image\":{\"@id\":\"https:\/\/maxani.nl\/product\/maxani-regular-mousse-zonder-geur\/#primaryimage\"},\"thumbnailUrl\":\"https:\/\/maxani.nl\/wp-content\/uploads\/2023\/01\/Maxani-Regular-mousse-no-fragrance-150ml.jpg\",\"datePublished\":\"2022-11-25T12:07:52+00:00\",\"dateModified\":\"2026-01-05T08:36:39+00:00\",\"breadcrumb\":{\"@id\":\"https:\/\/maxani.nl\/product\/maxani-regular-mousse-zonder-geur\/#breadcrumb\"},\"inLanguage\":\"de\",\"potentialAction\":[{\"@type\":\"ReadAction\",\"target\":[\"https:\/\/maxani.nl\/product\/maxani-regular-mousse-zonder-geur\/\"]}]},{\"@type\":\"ImageObject\",\"inLanguage\":\"de\",\"@id\":\"https:\/\/maxani.nl\/product\/maxani-regular-mousse-zonder-geur\/#primaryimage\",\"url\":\"https:\/\/maxani.nl\/wp-content\/uploads\/2023\/01\/Maxani-Regular-mousse-no-fragrance-150ml.jpg\",\"contentUrl\":\"https:\/\/maxani.nl\/wp-content\/uploads\/2023\/01\/Maxani-Regular-mousse-no-fragrance-150ml.jpg\",\"width\":1080,\"height\":1080},{\"@type\":\"BreadcrumbList\",\"@id\":\"https:\/\/maxani.nl\/product\/maxani-regular-mousse-zonder-geur\/#breadcrumb\",\"itemListElement\":[{\"@type\":\"ListItem\",\"position\":1,\"name\":\"Home\",\"item\":\"https:\/\/maxani.nl\/\"},{\"@type\":\"ListItem\",\"position\":2,\"name\":\"Webshop\",\"item\":\"https:\/\/maxani.nl\/webshop\/\"},{\"@type\":\"ListItem\",\"position\":3,\"name\":\"Maxani Regular mousse no fragrance\"}]},{\"@type\":\"WebSite\",\"@id\":\"https:\/\/maxani.nl\/#website\",\"url\":\"https:\/\/maxani.nl\/\",\"name\":\"Maxani Animal Healthcare BV\",\"description\":\"Uw partner in veterinaire dermatologie\",\"potentialAction\":[{\"@type\":\"SearchAction\",\"target\":{\"@type\":\"EntryPoint\",\"urlTemplate\":\"https:\/\/maxani.nl\/?s={search_term_string}\"},\"query-input\":{\"@type\":\"PropertyValueSpecification\",\"valueRequired\":true,\"valueName\":\"search_term_string\"}}],\"inLanguage\":\"de\"}]}<\/script>\n<!-- \/ Yoast SEO plugin. -->","yoast_head_json":{"title":"Maxani Regular mousse no fragrance - Maxani Animal Healthcare BV","robots":{"index":"index","follow":"follow","max-snippet":"max-snippet:-1","max-image-preview":"max-image-preview:large","max-video-preview":"max-video-preview:-1"},"canonical":"https:\/\/maxani.nl\/de\/produkt\/maxani-regular-mousse-zonder-geur\/","og_locale":"de_DE","og_type":"article","og_title":"Maxani Regular mousse no fragrance - Maxani Animal Healthcare BV","og_description":"Regular mousse reinigt effectief de vieze en stinkende vacht zonder water. Sinodor\u00ae maskeert vieze geuren niet, maar verwijdert deze krachtig. De mousse is geschikt als dagelijkse verzorging van schilferige, vette en\/of droge huid. Reguleert de talgproductie en de aanmaak van nieuwe huidcellen. Hydrateert en beschermt de huid met behulp van hyaluronzuur, pro-vitamine B5 en ceramiden. Zeer geschikt voor dieren die moeilijk te wassen zijn.","og_url":"https:\/\/maxani.nl\/de\/produkt\/maxani-regular-mousse-zonder-geur\/","og_site_name":"Maxani Animal Healthcare BV","article_modified_time":"2026-01-05T08:36:39+00:00","og_image":[{"width":1080,"height":1080,"url":"https:\/\/maxani.nl\/wp-content\/uploads\/2023\/01\/Maxani-Regular-mousse-no-fragrance-150ml.jpg","type":"image\/jpeg"}],"twitter_card":"summary_large_image","twitter_misc":{"Gesch\u00e4tzte Lesezeit":"2\u00a0Minuten"},"schema":{"@context":"https:\/\/schema.org","@graph":[{"@type":"WebPage","@id":"https:\/\/maxani.nl\/product\/maxani-regular-mousse-zonder-geur\/","url":"https:\/\/maxani.nl\/product\/maxani-regular-mousse-zonder-geur\/","name":"Maxani Regular mousse no fragrance - Maxani Animal Healthcare BV","isPartOf":{"@id":"https:\/\/maxani.nl\/#website"},"primaryImageOfPage":{"@id":"https:\/\/maxani.nl\/product\/maxani-regular-mousse-zonder-geur\/#primaryimage"},"image":{"@id":"https:\/\/maxani.nl\/product\/maxani-regular-mousse-zonder-geur\/#primaryimage"},"thumbnailUrl":"https:\/\/maxani.nl\/wp-content\/uploads\/2023\/01\/Maxani-Regular-mousse-no-fragrance-150ml.jpg","datePublished":"2022-11-25T12:07:52+00:00","dateModified":"2026-01-05T08:36:39+00:00","breadcrumb":{"@id":"https:\/\/maxani.nl\/product\/maxani-regular-mousse-zonder-geur\/#breadcrumb"},"inLanguage":"de","potentialAction":[{"@type":"ReadAction","target":["https:\/\/maxani.nl\/product\/maxani-regular-mousse-zonder-geur\/"]}]},{"@type":"ImageObject","inLanguage":"de","@id":"https:\/\/maxani.nl\/product\/maxani-regular-mousse-zonder-geur\/#primaryimage","url":"https:\/\/maxani.nl\/wp-content\/uploads\/2023\/01\/Maxani-Regular-mousse-no-fragrance-150ml.jpg","contentUrl":"https:\/\/maxani.nl\/wp-content\/uploads\/2023\/01\/Maxani-Regular-mousse-no-fragrance-150ml.jpg","width":1080,"height":1080},{"@type":"BreadcrumbList","@id":"https:\/\/maxani.nl\/product\/maxani-regular-mousse-zonder-geur\/#breadcrumb","itemListElement":[{"@type":"ListItem","position":1,"name":"Home","item":"https:\/\/maxani.nl\/"},{"@type":"ListItem","position":2,"name":"Webshop","item":"https:\/\/maxani.nl\/webshop\/"},{"@type":"ListItem","position":3,"name":"Maxani Regular mousse no fragrance"}]},{"@type":"WebSite","@id":"https:\/\/maxani.nl\/#website","url":"https:\/\/maxani.nl\/","name":"Maxani Animal Healthcare BV","description":"Ihr Partner in der Veterin\u00e4rdermatologie","potentialAction":[{"@type":"SearchAction","target":{"@type":"EntryPoint","urlTemplate":"https:\/\/maxani.nl\/?s={search_term_string}"},"query-input":{"@type":"PropertyValueSpecification","valueRequired":true,"valueName":"search_term_string"}}],"inLanguage":"de"}]}},"jetpack_sharing_enabled":true,"_links":{"self":[{"href":"https:\/\/maxani.nl\/de\/wp-json\/wp\/v2\/product\/11004","targetHints":{"allow":["GET"]}}],"collection":[{"href":"https:\/\/maxani.nl\/de\/wp-json\/wp\/v2\/product"}],"about":[{"href":"https:\/\/maxani.nl\/de\/wp-json\/wp\/v2\/types\/product"}],"wp:featuredmedia":[{"embeddable":true,"href":"https:\/\/maxani.nl\/de\/wp-json\/wp\/v2\/media\/11953"}],"wp:attachment":[{"href":"https:\/\/maxani.nl\/de\/wp-json\/wp\/v2\/media?parent=11004"}],"wp:term":[{"taxonomy":"product_brand","embeddable":true,"href":"https:\/\/maxani.nl\/de\/wp-json\/wp\/v2\/product_brand?post=11004"},{"taxonomy":"product_cat","embeddable":true,"href":"https:\/\/maxani.nl\/de\/wp-json\/wp\/v2\/product_cat?post=11004"},{"taxonomy":"product_tag","embeddable":true,"href":"https:\/\/maxani.nl\/de\/wp-json\/wp\/v2\/product_tag?post=11004"}],"curies":[{"name":"wp","href":"https:\/\/api.w.org\/{rel}","templated":true}]}}