{"id":10256,"date":"2022-06-16T20:41:07","date_gmt":"2022-06-16T20:41:07","guid":{"rendered":"https:\/\/maxani.nl\/?post_type=product&#038;p=10256"},"modified":"2026-03-30T07:27:09","modified_gmt":"2026-03-30T07:27:09","slug":"atopoat-cream","status":"publish","type":"product","link":"https:\/\/maxani.nl\/de\/produkt\/atopoat-cream\/","title":{"rendered":"AtopOat-Creme"},"content":{"rendered":"<p>Steroidfreie, lindernde und weichmachende Creme f\u00fcr allergisch empfindliche, ger\u00f6tete, trockene und\/oder gereizte Haut. Die reichhaltige Zusammensetzung aus Haferflocken-Extrakt, Jojoba\u00f6l, Vitamin E, Hyalurons\u00e4ure, Ceramiden und Phytosphingosin beruhigt, befeuchtet und pflegt die Haut bis in die Tiefe. Enth\u00e4lt kein Parf\u00fcm.<\/p>\n<p>Anwendung: zweimal t\u00e4glich auftragen.<\/p>\n<span class=\"wppb-content-restriction-message\"><p data-opacity=\"0.5\">F\u00fcr weitere Informationen m\u00fcssen Sie eingeloggt sein<\/p>\n<\/span>","protected":false},"excerpt":{"rendered":"<p>Steroidfreie, lindernde und weichmachende Creme f\u00fcr allergisch empfindliche, ger\u00f6tete, trockene und\/oder gereizte Haut. Die reichhaltige Zusammensetzung aus Haferflocken-Extrakt, Jojoba\u00f6l, Vitamin E, Hyalurons\u00e4ure, Ceramiden und Phytosphingosin beruhigt, befeuchtet und pflegt die Haut bis in die Tiefe. Enth\u00e4lt kein Parf\u00fcm.<\/p>\n<p>Anwendung: zweimal t\u00e4glich auftragen.<\/p>\n<p>Empfohlener Verkaufspreis 30ml \u20ac14.95 und 100ml \u20ac34.60<\/p>","protected":false},"featured_media":19069,"template":"","meta":[],"product_brand":[],"product_cat":[15,29,24],"product_tag":[187,186,167,165,188,166,178,189],"class_list":{"0":"post-10256","1":"product","2":"type-product","3":"status-publish","4":"has-post-thumbnail","6":"product_cat-alle-producten","7":"product_cat-maxani","8":"product_cat-atopie","9":"product_tag-187","10":"product_tag-186","11":"product_tag-allergie","12":"product_tag-atopoat","13":"product_tag-creme","14":"product_tag-haver","15":"product_tag-havermout","16":"product_tag-jeuk","18":"first","19":"instock","20":"taxable","21":"shipping-taxable","22":"product-type-variable"},"yoast_head":"<!-- This site is optimized with the Yoast SEO plugin v27.1.1 - https:\/\/yoast.com\/product\/yoast-seo-wordpress\/ -->\n<title>AtopOat cream - Maxani Animal Healthcare BV<\/title>\n<meta name=\"robots\" content=\"index, follow, max-snippet:-1, max-image-preview:large, max-video-preview:-1\" \/>\n<link rel=\"canonical\" href=\"https:\/\/maxani.nl\/de\/produkt\/atopoat-cream\/\" \/>\n<meta property=\"og:locale\" content=\"de_DE\" \/>\n<meta property=\"og:type\" content=\"article\" \/>\n<meta property=\"og:title\" content=\"AtopOat cream - Maxani Animal Healthcare BV\" \/>\n<meta property=\"og:description\" content=\"Stero\u00efde vrije, kalmerende en verzachtende cr\u00e8me voor allergie-gevoelige, rode, droge en\/of geprikkelde huid. De rijke samenstelling van havermout extract, jojoba olie, vitamine E, hyaluronzuur, ceramiden en phytosphingosine kalmeert, hydrateert en voedt tot diep in de huid. Bevat geen parfum.  Gebruik: tweemaal daags aanbrengen.  Advies verkoopprijs 30 ml \u20ac14,95 en 100ml \u20ac34,60\" \/>\n<meta property=\"og:url\" content=\"https:\/\/maxani.nl\/de\/produkt\/atopoat-cream\/\" \/>\n<meta property=\"og:site_name\" content=\"Maxani Animal Healthcare BV\" \/>\n<meta property=\"article:modified_time\" content=\"2026-03-30T07:27:09+00:00\" \/>\n<meta property=\"og:image\" content=\"https:\/\/maxani.nl\/wp-content\/uploads\/2022\/06\/Maxani-192130192100-AtopOat-cream-30-en-100-kopie.png\" \/>\n\t<meta property=\"og:image:width\" content=\"1080\" \/>\n\t<meta property=\"og:image:height\" content=\"1080\" \/>\n\t<meta property=\"og:image:type\" content=\"image\/png\" \/>\n<meta name=\"twitter:card\" content=\"summary_large_image\" \/>\n<meta name=\"twitter:label1\" content=\"Gesch\u00e4tzte Lesezeit\" \/>\n\t<meta name=\"twitter:data1\" content=\"2\u00a0Minuten\" \/>\n<script type=\"application\/ld+json\" class=\"yoast-schema-graph\">{\"@context\":\"https:\/\/schema.org\",\"@graph\":[{\"@type\":\"WebPage\",\"@id\":\"https:\/\/maxani.nl\/product\/atopoat-cream\/\",\"url\":\"https:\/\/maxani.nl\/product\/atopoat-cream\/\",\"name\":\"AtopOat cream - Maxani Animal Healthcare BV\",\"isPartOf\":{\"@id\":\"https:\/\/maxani.nl\/#website\"},\"primaryImageOfPage\":{\"@id\":\"https:\/\/maxani.nl\/product\/atopoat-cream\/#primaryimage\"},\"image\":{\"@id\":\"https:\/\/maxani.nl\/product\/atopoat-cream\/#primaryimage\"},\"thumbnailUrl\":\"https:\/\/maxani.nl\/wp-content\/uploads\/2022\/06\/Maxani-192130192100-AtopOat-cream-30-en-100-kopie.png\",\"datePublished\":\"2022-06-16T20:41:07+00:00\",\"dateModified\":\"2026-03-30T07:27:09+00:00\",\"breadcrumb\":{\"@id\":\"https:\/\/maxani.nl\/product\/atopoat-cream\/#breadcrumb\"},\"inLanguage\":\"de\",\"potentialAction\":[{\"@type\":\"ReadAction\",\"target\":[\"https:\/\/maxani.nl\/product\/atopoat-cream\/\"]}]},{\"@type\":\"ImageObject\",\"inLanguage\":\"de\",\"@id\":\"https:\/\/maxani.nl\/product\/atopoat-cream\/#primaryimage\",\"url\":\"https:\/\/maxani.nl\/wp-content\/uploads\/2022\/06\/Maxani-192130192100-AtopOat-cream-30-en-100-kopie.png\",\"contentUrl\":\"https:\/\/maxani.nl\/wp-content\/uploads\/2022\/06\/Maxani-192130192100-AtopOat-cream-30-en-100-kopie.png\",\"width\":1080,\"height\":1080},{\"@type\":\"BreadcrumbList\",\"@id\":\"https:\/\/maxani.nl\/product\/atopoat-cream\/#breadcrumb\",\"itemListElement\":[{\"@type\":\"ListItem\",\"position\":1,\"name\":\"Home\",\"item\":\"https:\/\/maxani.nl\/\"},{\"@type\":\"ListItem\",\"position\":2,\"name\":\"Webshop\",\"item\":\"https:\/\/maxani.nl\/webshop\/\"},{\"@type\":\"ListItem\",\"position\":3,\"name\":\"AtopOat cream\"}]},{\"@type\":\"WebSite\",\"@id\":\"https:\/\/maxani.nl\/#website\",\"url\":\"https:\/\/maxani.nl\/\",\"name\":\"Maxani Animal Healthcare BV\",\"description\":\"Uw partner in veterinaire dermatologie\",\"potentialAction\":[{\"@type\":\"SearchAction\",\"target\":{\"@type\":\"EntryPoint\",\"urlTemplate\":\"https:\/\/maxani.nl\/?s={search_term_string}\"},\"query-input\":{\"@type\":\"PropertyValueSpecification\",\"valueRequired\":true,\"valueName\":\"search_term_string\"}}],\"inLanguage\":\"de\"}]}<\/script>\n<!-- \/ Yoast SEO plugin. -->","yoast_head_json":{"title":"AtopOat cream - Maxani Animal Healthcare BV","robots":{"index":"index","follow":"follow","max-snippet":"max-snippet:-1","max-image-preview":"max-image-preview:large","max-video-preview":"max-video-preview:-1"},"canonical":"https:\/\/maxani.nl\/de\/produkt\/atopoat-cream\/","og_locale":"de_DE","og_type":"article","og_title":"AtopOat cream - Maxani Animal Healthcare BV","og_description":"Stero\u00efde vrije, kalmerende en verzachtende cr\u00e8me voor allergie-gevoelige, rode, droge en\/of geprikkelde huid. De rijke samenstelling van havermout extract, jojoba olie, vitamine E, hyaluronzuur, ceramiden en phytosphingosine kalmeert, hydrateert en voedt tot diep in de huid. Bevat geen parfum.  Gebruik: tweemaal daags aanbrengen.  Advies verkoopprijs 30 ml \u20ac14,95 en 100ml \u20ac34,60","og_url":"https:\/\/maxani.nl\/de\/produkt\/atopoat-cream\/","og_site_name":"Maxani Animal Healthcare BV","article_modified_time":"2026-03-30T07:27:09+00:00","og_image":[{"width":1080,"height":1080,"url":"https:\/\/maxani.nl\/wp-content\/uploads\/2022\/06\/Maxani-192130192100-AtopOat-cream-30-en-100-kopie.png","type":"image\/png"}],"twitter_card":"summary_large_image","twitter_misc":{"Gesch\u00e4tzte Lesezeit":"2\u00a0Minuten"},"schema":{"@context":"https:\/\/schema.org","@graph":[{"@type":"WebPage","@id":"https:\/\/maxani.nl\/product\/atopoat-cream\/","url":"https:\/\/maxani.nl\/product\/atopoat-cream\/","name":"AtopOat cream - Maxani Animal Healthcare BV","isPartOf":{"@id":"https:\/\/maxani.nl\/#website"},"primaryImageOfPage":{"@id":"https:\/\/maxani.nl\/product\/atopoat-cream\/#primaryimage"},"image":{"@id":"https:\/\/maxani.nl\/product\/atopoat-cream\/#primaryimage"},"thumbnailUrl":"https:\/\/maxani.nl\/wp-content\/uploads\/2022\/06\/Maxani-192130192100-AtopOat-cream-30-en-100-kopie.png","datePublished":"2022-06-16T20:41:07+00:00","dateModified":"2026-03-30T07:27:09+00:00","breadcrumb":{"@id":"https:\/\/maxani.nl\/product\/atopoat-cream\/#breadcrumb"},"inLanguage":"de","potentialAction":[{"@type":"ReadAction","target":["https:\/\/maxani.nl\/product\/atopoat-cream\/"]}]},{"@type":"ImageObject","inLanguage":"de","@id":"https:\/\/maxani.nl\/product\/atopoat-cream\/#primaryimage","url":"https:\/\/maxani.nl\/wp-content\/uploads\/2022\/06\/Maxani-192130192100-AtopOat-cream-30-en-100-kopie.png","contentUrl":"https:\/\/maxani.nl\/wp-content\/uploads\/2022\/06\/Maxani-192130192100-AtopOat-cream-30-en-100-kopie.png","width":1080,"height":1080},{"@type":"BreadcrumbList","@id":"https:\/\/maxani.nl\/product\/atopoat-cream\/#breadcrumb","itemListElement":[{"@type":"ListItem","position":1,"name":"Home","item":"https:\/\/maxani.nl\/"},{"@type":"ListItem","position":2,"name":"Webshop","item":"https:\/\/maxani.nl\/webshop\/"},{"@type":"ListItem","position":3,"name":"AtopOat cream"}]},{"@type":"WebSite","@id":"https:\/\/maxani.nl\/#website","url":"https:\/\/maxani.nl\/","name":"Maxani Animal Healthcare BV","description":"Ihr Partner in der Veterin\u00e4rdermatologie","potentialAction":[{"@type":"SearchAction","target":{"@type":"EntryPoint","urlTemplate":"https:\/\/maxani.nl\/?s={search_term_string}"},"query-input":{"@type":"PropertyValueSpecification","valueRequired":true,"valueName":"search_term_string"}}],"inLanguage":"de"}]}},"jetpack_sharing_enabled":true,"_links":{"self":[{"href":"https:\/\/maxani.nl\/de\/wp-json\/wp\/v2\/product\/10256","targetHints":{"allow":["GET"]}}],"collection":[{"href":"https:\/\/maxani.nl\/de\/wp-json\/wp\/v2\/product"}],"about":[{"href":"https:\/\/maxani.nl\/de\/wp-json\/wp\/v2\/types\/product"}],"wp:featuredmedia":[{"embeddable":true,"href":"https:\/\/maxani.nl\/de\/wp-json\/wp\/v2\/media\/19069"}],"wp:attachment":[{"href":"https:\/\/maxani.nl\/de\/wp-json\/wp\/v2\/media?parent=10256"}],"wp:term":[{"taxonomy":"product_brand","embeddable":true,"href":"https:\/\/maxani.nl\/de\/wp-json\/wp\/v2\/product_brand?post=10256"},{"taxonomy":"product_cat","embeddable":true,"href":"https:\/\/maxani.nl\/de\/wp-json\/wp\/v2\/product_cat?post=10256"},{"taxonomy":"product_tag","embeddable":true,"href":"https:\/\/maxani.nl\/de\/wp-json\/wp\/v2\/product_tag?post=10256"}],"curies":[{"name":"wp","href":"https:\/\/api.w.org\/{rel}","templated":true}]}}