{"id":15849,"date":"2025-01-05T11:36:52","date_gmt":"2025-01-05T11:36:52","guid":{"rendered":"https:\/\/maxani.nl\/?page_id=15849"},"modified":"2025-05-29T11:11:42","modified_gmt":"2025-05-29T11:11:42","slug":"cookies-gebruik","status":"publish","type":"page","link":"https:\/\/maxani.nl\/de\/cookies-gebruik\/","title":{"rendered":"Verwendung von Cookies"},"content":{"rendered":"<section class=\"section\" id=\"section_1100981896\">\n\t\t<div class=\"section-bg fill\" >\n\t\t\t\t\t\t\t\t\t\n\t\t\t\n\t<div class=\"is-border\"\n\t\tstyle=\"border-color:rgb(235, 235, 235);border-width:1px 0px 0px 0px;\">\n\t<\/div>\n\n\t\t<\/div>\n\n\t\t\n\n\t\t<div class=\"section-content relative\">\n\t\t\t\n\n<div class=\"row\"  id=\"row-986432158\">\n\n\n\t<div id=\"col-239871831\" class=\"col medium-8 small-12 large-8\"  >\n\t\t\t\t<div class=\"col-inner\"  >\n\t\t\t\n\t\t\t\n\n\t<div id=\"text-2808166650\" class=\"text\">\n\t\t\n\n<h2>Cookie-Politik<\/h2>\n\t\t\n<style>\n#text-2808166650 {\n  font-size: 1.4rem;\n}\n<\/style>\n\t<\/div>\n\t\n<h1><strong style=\"font-size: 14.4px;\">Was ist ein Keks?<\/strong><\/h1>\n<div class=\"ck-text\">\n<p>Wir verwenden Cookies auf dieser Website. Ein Cookie ist eine einfache kleine Datei, die mit den Seiten dieser Website verschickt und von Ihrem Browser auf der Festplatte Ihres Computers gespeichert wird. Die darin gespeicherten Informationen k\u00f6nnen bei Ihrem n\u00e4chsten Besuch an unsere Server zur\u00fcckgeschickt werden.<\/p>\n<h4><strong>Verwendung von Sitzungscookies<\/strong><\/h4>\n<p>Ein Session-Cookie erm\u00f6glicht es uns zu sehen, welche Teile der Website Sie bei diesem Besuch angesehen haben. Dies erm\u00f6glicht es uns, unseren Service so weit wie m\u00f6glich an das Surfverhalten unserer Besucher anzupassen. Diese Cookies werden automatisch gel\u00f6scht, sobald Sie Ihren Webbrowser schlie\u00dfen.<\/p>\n<h4><strong>Google Analytics<\/strong><\/h4>\n<p>Auf unserer Website wird im Rahmen des \"Analytics\"-Dienstes ein Cookie von dem amerikanischen Unternehmen Google gesetzt. Wir nutzen diesen Dienst, um zu verfolgen und Berichte dar\u00fcber zu erhalten, wie Besucher die Website nutzen. Google kann diese Informationen an Dritte weitergeben, wenn Google dazu gesetzlich verpflichtet ist oder soweit Dritte die Informationen im Auftrag von Google verarbeiten. Hierauf haben wir keinen Einfluss. Wir haben Google nicht gestattet, die erhaltenen Analysedaten f\u00fcr andere Google-Dienste zu nutzen.<\/p>\n<p>Die von Google gesammelten Informationen werden so weit wie m\u00f6glich anonymisiert. Ihre IP-Adresse wird ausdr\u00fccklich nicht erfasst. Die Informationen werden an Google \u00fcbermittelt und von Google auf Servern in den Vereinigten Staaten gespeichert. Google erkl\u00e4rt, dass es sich an die Grunds\u00e4tze des Privacy Shield h\u00e4lt und dem Privacy Shield-Programm des US-Handelsministeriums angeschlossen ist. Dies bedeutet, dass ein angemessenes Schutzniveau f\u00fcr die Verarbeitung personenbezogener Daten gew\u00e4hrleistet ist.<\/p>\n<p>Unsere Website enth\u00e4lt Schaltfl\u00e4chen zum Bewerben (\"Gef\u00e4llt mir\") oder Teilen (\"Tweeten\") von Webseiten in sozialen Netzwerken wie Facebook und Twitter. Diese Schaltfl\u00e4chen funktionieren mit Hilfe von Code-St\u00fccken, die von Facebook bzw. Twitter stammen. Mit Hilfe dieses Codes werden Cookies gesetzt. Hierauf haben wir keinen Einfluss. Bitte lesen Sie die Datenschutzerkl\u00e4rungen von Facebook bzw. Twitter (die sich regelm\u00e4\u00dfig \u00e4ndern k\u00f6nnen), um zu erfahren, was sie mit Ihren (personenbezogenen) Daten machen, die sie \u00fcber diese Cookies verarbeiten.<\/p>\n<p>Die gesammelten Informationen werden so weit wie m\u00f6glich anonymisiert. Die Daten werden an Twitter, Facebook, Google+ und LinkedIn \u00fcbertragen und auf Servern in den Vereinigten Staaten gespeichert. LinkedIn, Twitter, Facebook und Google+ erkl\u00e4ren, dass sie sich an die Grunds\u00e4tze des Privacy Shield halten und Mitglieder des Privacy-Shield-Programms des US-Handelsministeriums sind. Dies impliziert ein angemessenes Schutzniveau f\u00fcr die Verarbeitung aller personenbezogenen Daten.<\/p>\n<h4><strong>Recht auf Zugang und Berichtigung oder L\u00f6schung Ihrer Daten<\/strong><\/h4>\n<p>Sie haben das Recht, Zugang zu Ihren Daten und deren Berichtigung oder L\u00f6schung zu verlangen. Siehe dazu unsere Kontaktseite. Um Missbrauch vorzubeugen, k\u00f6nnen wir Sie um eine angemessene Identifizierung bitten. Wenn es um den Zugang zu personenbezogenen Daten geht, die mit einem Cookie verkn\u00fcpft sind, m\u00fcssen Sie eine Kopie des fraglichen Cookies \u00fcbermitteln. Dies k\u00f6nnen Sie in den Einstellungen Ihres Browsers nachlesen.<\/p>\n<h4><strong>Aktivieren, Deaktivieren und L\u00f6schen von Cookies<\/strong><\/h4>\n<p>Weitere Informationen zum Aktivieren, Deaktivieren und L\u00f6schen von Cookies finden Sie in der Anleitung und\/oder \u00fcber die Hilfefunktion Ihres Browsers.<\/p>\n<h4><strong>Entfernung von Tracking-Cookies von Drittanbietern<\/strong><\/h4>\n<p>Einige Tracking-Cookies werden von Drittanbietern gesetzt, die Ihnen unter anderem Werbung auf unserer Website anzeigen. Sie k\u00f6nnen diese Cookies zentral \u00fcber Ihre Online-Entscheidungen l\u00f6schen, damit sie nicht wieder auf einer Website eines Dritten platziert werden.<\/p>\n<h4><strong>Mehr Informationen \u00fcber Cookies?<\/strong><\/h4>\n<p>Weitere Informationen \u00fcber Cookies finden Sie auf den folgenden Websites:<\/p>\n<p>Cookies und Sie:\u00a0<a href=\"https:\/\/www.cookiesandyou.com\/\">https:\/\/www.cookiesandyou.com<\/a><br \/>Ihre Online-Wahlm\u00f6glichkeiten:\u00a0<a href=\"http:\/\/www.youronlinechoices.eu\/\">http:\/\/www.youronlinechoices.eu<\/a><\/p>\n<\/div>\n\n\t\t<\/div>\n\t\t\t\t\t<\/div>\n\n\t\n\n<\/div>\n\n\t\t<\/div>\n\n\t\t\n<style>\n#section_1100981896 {\n  padding-top: 60px;\n  padding-bottom: 60px;\n  min-height: 300px;\n}\n<\/style>\n\t<\/section>","protected":false},"excerpt":{"rendered":"","protected":false},"author":1,"featured_media":0,"parent":0,"menu_order":0,"comment_status":"closed","ping_status":"closed","template":"page-blank.php","meta":{"footnotes":""},"class_list":["post-15849","page","type-page","status-publish","hentry"],"yoast_head":"<!-- This site is optimized with the Yoast SEO plugin v27.1.1 - https:\/\/yoast.com\/product\/yoast-seo-wordpress\/ -->\n<title>Cookies gebruik - Maxani Animal Healthcare BV<\/title>\n<meta name=\"robots\" content=\"index, follow, max-snippet:-1, max-image-preview:large, max-video-preview:-1\" \/>\n<link rel=\"canonical\" href=\"https:\/\/maxani.nl\/de\/cookies-gebruik\/\" \/>\n<meta property=\"og:locale\" content=\"de_DE\" \/>\n<meta property=\"og:type\" content=\"article\" \/>\n<meta property=\"og:title\" content=\"Cookies gebruik - Maxani Animal Healthcare BV\" \/>\n<meta property=\"og:url\" content=\"https:\/\/maxani.nl\/de\/cookies-gebruik\/\" \/>\n<meta property=\"og:site_name\" content=\"Maxani Animal Healthcare BV\" \/>\n<meta property=\"article:modified_time\" content=\"2025-05-29T11:11:42+00:00\" \/>\n<meta name=\"twitter:card\" content=\"summary_large_image\" \/>\n<script type=\"application\/ld+json\" class=\"yoast-schema-graph\">{\"@context\":\"https:\/\/schema.org\",\"@graph\":[{\"@type\":\"WebPage\",\"@id\":\"https:\/\/maxani.nl\/cookies-gebruik\/\",\"url\":\"https:\/\/maxani.nl\/cookies-gebruik\/\",\"name\":\"Cookies gebruik - Maxani Animal Healthcare BV\",\"isPartOf\":{\"@id\":\"https:\/\/maxani.nl\/#website\"},\"datePublished\":\"2025-01-05T11:36:52+00:00\",\"dateModified\":\"2025-05-29T11:11:42+00:00\",\"breadcrumb\":{\"@id\":\"https:\/\/maxani.nl\/cookies-gebruik\/#breadcrumb\"},\"inLanguage\":\"de\",\"potentialAction\":[{\"@type\":\"ReadAction\",\"target\":[\"https:\/\/maxani.nl\/cookies-gebruik\/\"]}]},{\"@type\":\"BreadcrumbList\",\"@id\":\"https:\/\/maxani.nl\/cookies-gebruik\/#breadcrumb\",\"itemListElement\":[{\"@type\":\"ListItem\",\"position\":1,\"name\":\"Home\",\"item\":\"https:\/\/maxani.nl\/\"},{\"@type\":\"ListItem\",\"position\":2,\"name\":\"Cookies gebruik\"}]},{\"@type\":\"WebSite\",\"@id\":\"https:\/\/maxani.nl\/#website\",\"url\":\"https:\/\/maxani.nl\/\",\"name\":\"Maxani Animal Healthcare BV\",\"description\":\"Uw partner in veterinaire dermatologie\",\"potentialAction\":[{\"@type\":\"SearchAction\",\"target\":{\"@type\":\"EntryPoint\",\"urlTemplate\":\"https:\/\/maxani.nl\/?s={search_term_string}\"},\"query-input\":{\"@type\":\"PropertyValueSpecification\",\"valueRequired\":true,\"valueName\":\"search_term_string\"}}],\"inLanguage\":\"de\"}]}<\/script>\n<!-- \/ Yoast SEO plugin. -->","yoast_head_json":{"title":"Cookies gebruik - Maxani Animal Healthcare BV","robots":{"index":"index","follow":"follow","max-snippet":"max-snippet:-1","max-image-preview":"max-image-preview:large","max-video-preview":"max-video-preview:-1"},"canonical":"https:\/\/maxani.nl\/de\/cookies-gebruik\/","og_locale":"de_DE","og_type":"article","og_title":"Cookies gebruik - Maxani Animal Healthcare BV","og_url":"https:\/\/maxani.nl\/de\/cookies-gebruik\/","og_site_name":"Maxani Animal Healthcare BV","article_modified_time":"2025-05-29T11:11:42+00:00","twitter_card":"summary_large_image","schema":{"@context":"https:\/\/schema.org","@graph":[{"@type":"WebPage","@id":"https:\/\/maxani.nl\/cookies-gebruik\/","url":"https:\/\/maxani.nl\/cookies-gebruik\/","name":"Cookies gebruik - Maxani Animal Healthcare BV","isPartOf":{"@id":"https:\/\/maxani.nl\/#website"},"datePublished":"2025-01-05T11:36:52+00:00","dateModified":"2025-05-29T11:11:42+00:00","breadcrumb":{"@id":"https:\/\/maxani.nl\/cookies-gebruik\/#breadcrumb"},"inLanguage":"de","potentialAction":[{"@type":"ReadAction","target":["https:\/\/maxani.nl\/cookies-gebruik\/"]}]},{"@type":"BreadcrumbList","@id":"https:\/\/maxani.nl\/cookies-gebruik\/#breadcrumb","itemListElement":[{"@type":"ListItem","position":1,"name":"Home","item":"https:\/\/maxani.nl\/"},{"@type":"ListItem","position":2,"name":"Cookies gebruik"}]},{"@type":"WebSite","@id":"https:\/\/maxani.nl\/#website","url":"https:\/\/maxani.nl\/","name":"Maxani Animal Healthcare BV","description":"Ihr Partner in der Veterin\u00e4rdermatologie","potentialAction":[{"@type":"SearchAction","target":{"@type":"EntryPoint","urlTemplate":"https:\/\/maxani.nl\/?s={search_term_string}"},"query-input":{"@type":"PropertyValueSpecification","valueRequired":true,"valueName":"search_term_string"}}],"inLanguage":"de"}]}},"jetpack_sharing_enabled":true,"_links":{"self":[{"href":"https:\/\/maxani.nl\/de\/wp-json\/wp\/v2\/pages\/15849","targetHints":{"allow":["GET"]}}],"collection":[{"href":"https:\/\/maxani.nl\/de\/wp-json\/wp\/v2\/pages"}],"about":[{"href":"https:\/\/maxani.nl\/de\/wp-json\/wp\/v2\/types\/page"}],"author":[{"embeddable":true,"href":"https:\/\/maxani.nl\/de\/wp-json\/wp\/v2\/users\/1"}],"replies":[{"embeddable":true,"href":"https:\/\/maxani.nl\/de\/wp-json\/wp\/v2\/comments?post=15849"}],"version-history":[{"count":3,"href":"https:\/\/maxani.nl\/de\/wp-json\/wp\/v2\/pages\/15849\/revisions"}],"predecessor-version":[{"id":17189,"href":"https:\/\/maxani.nl\/de\/wp-json\/wp\/v2\/pages\/15849\/revisions\/17189"}],"wp:attachment":[{"href":"https:\/\/maxani.nl\/de\/wp-json\/wp\/v2\/media?parent=15849"}],"curies":[{"name":"wp","href":"https:\/\/api.w.org\/{rel}","templated":true}]}}