{"id":13462,"date":"2023-11-22T19:14:37","date_gmt":"2023-11-22T19:14:37","guid":{"rendered":"https:\/\/maxani.nl\/?page_id=13462"},"modified":"2024-03-04T17:09:29","modified_gmt":"2024-03-04T17:09:29","slug":"pyomaxbrush","status":"publish","type":"page","link":"https:\/\/maxani.nl\/de\/pyomaxbrush\/","title":{"rendered":"Pyomax-B\u00fcrstenprospekt"},"content":{"rendered":"<section class=\"section\" id=\"section_875153788\">\n\t\t<div class=\"section-bg fill\" >\n\t\t\t<img loading=\"lazy\" decoding=\"async\" width=\"1718\" height=\"2560\" src=\"https:\/\/maxani.nl\/wp-content\/uploads\/2023\/07\/Achtergrond-voor-website-Maxani2-scaled.jpg\" class=\"bg attachment-original size-original\" alt=\"\" \/>\t\t\t\t\t\t\n\t\t\t\n\t<div class=\"is-border\"\n\t\tstyle=\"border-color:rgb(235, 235, 235);border-width:1px 0px 0px 0px;\">\n\t<\/div>\n\n\t\t<\/div>\n\n\t\t\n\n\t\t<div class=\"section-content relative\">\n\t\t\t\n\n<div class=\"row\"  id=\"row-1606200437\">\n\n\n\t<div id=\"col-1711893204\" class=\"col medium-8 small-12 large-8\"  >\n\t\t\t\t<div class=\"col-inner\"  >\n\t\t\t\n\t\t\t\n\n<h2><span lang=\"NL\">B\u00fcrste PyoMax<\/span><\/h2>\n<h3>ZUSAMMENFASSUNG<\/h3>\n<p>Enth\u00e4lt: Haferflocken-Extrakt und Allantoin.<\/p>\n<h3>ANWENDUNG<\/h3>\n<p>Pyo Brush PyoMax ist f\u00fcr die Reinigung und Pflege von N\u00e4geln, Nagelhaut und der Haut zwischen den Zehen konzipiert. Es hilft bei der Wiederherstellung einer ausgewogenen Hautflora. Speziell f\u00fcr den Einsatz bei gest\u00f6rter Hautflora formuliert, ist dieses Produkt f\u00fcr empfindliche, rote\/braune, stinkende und\/oder fettige Haut geeignet.<\/p>\n<h3>BEITR\u00c4GE<\/h3>\n<p>Keine bekannt.<\/p>\n<h3>KONTRAINDIKATIONEN<\/h3>\n<p>Verwenden Sie Pyo Brush PyoMax nicht, wenn eine bekannte \u00dcberempfindlichkeit gegen einen der Inhaltsstoffe besteht. Eine \u00dcberempfindlichkeit kann zu Hautreizungen f\u00fchren.<\/p>\n<h3><span style=\"font-size: 20.16px; color: #333333;\">ART UND WEISE DER VERABREICHUNG<\/span><\/h3>\n<p>F\u00fcr optimale Ergebnisse wird empfohlen, Pyo Brush PyoMax einmal morgens und einmal abends aufzutragen.<\/p>\n<p>Tragen Sie eine kleine Menge des Produkts auf die betroffene Haut auf und massieren Sie es sanft ein.<\/p>\n<p>Konzentrieren Sie sich besonders auf die Bereiche mit N\u00e4geln, Nagelhaut und zwischen den Zehen.<\/p>\n<p>Lassen Sie das Produkt einziehen und sp\u00fclen Sie es nicht ab.<\/p>\n<h3>LAGERUNG UND HALTBARKEIT<\/h3>\n<p>Bei Raumtemperatur (15-25 \u00baC) aufbewahren, um eine Haltbarkeit von 3 Jahren ab Produktionsdatum zu gew\u00e4hrleisten.<\/p>\n<p>Nach dem \u00d6ffnen 3 Monate haltbar.<\/p>\n<p>Au\u00dferhalb der Sicht und Reichweite von Kindern aufbewahren.<\/p>\n<h3>VERPACKUNG<\/h3>\n<p>12 ml Fl\u00e4schchen<\/p>\n<h3>VERTRIEBSSTELLE<\/h3>\n<p>Maxani Animal Healthcare B.V.<br \/>Lark Avenue 14-b<br \/>3704 GR Zeist<br \/>Niederlande<\/p>\n<p>\u00a0<\/p>\n<p>\u00a0<\/p>\n<h3>ZUSAMMENSETZUNG<\/h3>\n<p>Enth\u00e4lt: Haferflocken-Extrakt und Allantoin<\/p>\n<h3>ANWENDUNG<\/h3>\n<p>Pyo Brush PyoMax ist f\u00fcr die Reinigung und Pflege von N\u00e4geln, Nagelhaut und der Haut zwischen den Zehen konzipiert. Es tr\u00e4gt zur Wiederherstellung einer ausgewogenen Hautflora bei. Dieses Produkt wurde speziell f\u00fcr die Verwendung bei einer gest\u00f6rten Hautflora entwickelt und ist f\u00fcr empfindliche, rote\/braune, \u00fcbelriechende und\/oder fettige Haut geeignet.<\/p>\n<h3>UNERW\u00dcNSCHTE REAKTIONEN<\/h3>\n<p>Keine bekannt.<\/p>\n<h3>KONTRAINDIKATIONEN<\/h3>\n<p>Verwenden Sie Pyo Brush PyoMax nicht, wenn eine bekannte \u00dcberempfindlichkeit gegen einen der Bestandteile besteht. \u00dcberempfindlichkeit kann zu Hautreizungen f\u00fchren.<\/p>\n<h3>METHODE UND WEG DER VERABREICHUNG<\/h3>\n<p>F\u00fcr optimale Ergebnisse wird empfohlen, Pyo Brush PyoMax einmal morgens und einmal abends aufzutragen.<\/p>\n<p>Tragen Sie eine kleine Menge des Produkts auf die betroffene Haut auf und massieren Sie es sanft ein.<\/p>\n<p>Konzentrieren Sie sich auf die Bereiche mit N\u00e4geln, Nagelhaut und zwischen den Zehen.<\/p>\n<p>Lassen Sie das Produkt einziehen und sp\u00fclen Sie es nicht ab.<\/p>\n<h3>HALTBARKEITSDAUER UND LAGERBEDINGUNGEN<\/h3>\n<p>Bei Raumtemperatur (15-25\u00b0C) aufbewahren und ab Herstellungsdatum 3 Jahre haltbar.<\/p>\n<p>Unter 25 \u00baC aufbewahren und ab Herstellungsdatum 12 Monate haltbar. Haltbarkeitsdauer nach dem \u00d6ffnen: 3 Monate.<\/p>\n<p>Au\u00dferhalb der Sicht und Reichweite von Kindern aufbewahren.<\/p>\n<h3>PAKET<\/h3>\n<p>12 ml Fl\u00e4schchen<\/p>\n<h3>VERTRIEBSSTELLE<\/h3>\n<p>Maxani Animal Healthcare B.V.<br \/>Lark Avenue 14-b<br \/>3704 GR Zeist<br \/>Niederlande<\/p>\n<p>\u00a0<\/p>\n\n\t\t<\/div>\n\t\t\t\t\t<\/div>\n\n\t\n\n\t<div id=\"col-139684825\" class=\"col medium-4 small-12 large-4\"  >\n\t\t\t\t<div class=\"col-inner\"  >\n\t\t\t\n\t\t\t\n\n\t<div class=\"img has-hover x md-x lg-x y md-y lg-y\" id=\"image_871095088\">\n\t\t\t\t\t\t\t\t<div class=\"img-inner dark\" >\n\t\t\t<img loading=\"lazy\" decoding=\"async\" width=\"566\" height=\"800\" src=\"https:\/\/maxani.nl\/wp-content\/uploads\/2023\/07\/Maxani-Pyomax-brush-klein-566x800.png\" class=\"attachment-large size-large\" alt=\"\" srcset=\"https:\/\/maxani.nl\/wp-content\/uploads\/2023\/07\/Maxani-Pyomax-brush-klein-566x800.png 566w, https:\/\/maxani.nl\/wp-content\/uploads\/2023\/07\/Maxani-Pyomax-brush-klein-283x400.png 283w, https:\/\/maxani.nl\/wp-content\/uploads\/2023\/07\/Maxani-Pyomax-brush-klein-768x1086.png 768w, https:\/\/maxani.nl\/wp-content\/uploads\/2023\/07\/Maxani-Pyomax-brush-klein-510x721.png 510w, https:\/\/maxani.nl\/wp-content\/uploads\/2023\/07\/Maxani-Pyomax-brush-klein.png 930w\" sizes=\"auto, (max-width: 566px) 100vw, 566px\" \/>\t\t\t\t\t\t\n\t\t\t\t\t<\/div>\n\t\t\t\t\t\t\t\t\n<style>\n#image_871095088 {\n  width: 100%;\n}\n<\/style>\n\t<\/div>\n\t\n\n\n\t\t<\/div>\n\t\t\t\t\t<\/div>\n\n\t\n\n<\/div>\n\n\t\t<\/div>\n\n\t\t\n<style>\n#section_875153788 {\n  padding-top: 60px;\n  padding-bottom: 60px;\n  min-height: 300px;\n}\n<\/style>\n\t<\/section>","protected":false},"excerpt":{"rendered":"","protected":false},"author":1,"featured_media":0,"parent":0,"menu_order":0,"comment_status":"closed","ping_status":"closed","template":"page-blank.php","meta":{"footnotes":""},"class_list":["post-13462","page","type-page","status-publish","hentry"],"yoast_head":"<!-- This site is optimized with the Yoast SEO plugin v27.1.1 - https:\/\/yoast.com\/product\/yoast-seo-wordpress\/ -->\n<title>Bijsluiter Zure oordruppels - Maxani Animal Healthcare BV<\/title>\n<meta name=\"description\" content=\"Zure oordruppels worden gebruikt bij honden en katten. Azijnzuur maakt het milieu in de externe gehoorgang zuurder.\" \/>\n<meta name=\"robots\" content=\"index, follow, max-snippet:-1, max-image-preview:large, max-video-preview:-1\" \/>\n<link rel=\"canonical\" href=\"https:\/\/maxani.nl\/de\/pyomaxbrush\/\" \/>\n<meta property=\"og:locale\" content=\"de_DE\" \/>\n<meta property=\"og:type\" content=\"article\" \/>\n<meta property=\"og:title\" content=\"Bijsluiter Zure oordruppels - Maxani Animal Healthcare BV\" \/>\n<meta property=\"og:description\" content=\"Zure oordruppels worden gebruikt bij honden en katten. Azijnzuur maakt het milieu in de externe gehoorgang zuurder.\" \/>\n<meta property=\"og:url\" content=\"https:\/\/maxani.nl\/de\/pyomaxbrush\/\" \/>\n<meta property=\"og:site_name\" content=\"Maxani Animal Healthcare BV\" \/>\n<meta property=\"article:modified_time\" content=\"2024-03-04T17:09:29+00:00\" \/>\n<meta name=\"twitter:card\" content=\"summary_large_image\" \/>\n<meta name=\"twitter:label1\" content=\"Gesch\u00e4tzte Lesezeit\" \/>\n\t<meta name=\"twitter:data1\" content=\"3\u00a0Minuten\" \/>\n<script type=\"application\/ld+json\" class=\"yoast-schema-graph\">{\"@context\":\"https:\/\/schema.org\",\"@graph\":[{\"@type\":\"WebPage\",\"@id\":\"https:\/\/maxani.nl\/pyomaxbrush\/\",\"url\":\"https:\/\/maxani.nl\/pyomaxbrush\/\",\"name\":\"Bijsluiter Zure oordruppels - Maxani Animal Healthcare BV\",\"isPartOf\":{\"@id\":\"https:\/\/maxani.nl\/#website\"},\"datePublished\":\"2023-11-22T19:14:37+00:00\",\"dateModified\":\"2024-03-04T17:09:29+00:00\",\"description\":\"Zure oordruppels worden gebruikt bij honden en katten. Azijnzuur maakt het milieu in de externe gehoorgang zuurder.\",\"breadcrumb\":{\"@id\":\"https:\/\/maxani.nl\/pyomaxbrush\/#breadcrumb\"},\"inLanguage\":\"de\",\"potentialAction\":[{\"@type\":\"ReadAction\",\"target\":[\"https:\/\/maxani.nl\/pyomaxbrush\/\"]}]},{\"@type\":\"BreadcrumbList\",\"@id\":\"https:\/\/maxani.nl\/pyomaxbrush\/#breadcrumb\",\"itemListElement\":[{\"@type\":\"ListItem\",\"position\":1,\"name\":\"Home\",\"item\":\"https:\/\/maxani.nl\/\"},{\"@type\":\"ListItem\",\"position\":2,\"name\":\"Pyomax brush bijsluiter\"}]},{\"@type\":\"WebSite\",\"@id\":\"https:\/\/maxani.nl\/#website\",\"url\":\"https:\/\/maxani.nl\/\",\"name\":\"Maxani Animal Healthcare BV\",\"description\":\"Uw partner in veterinaire dermatologie\",\"potentialAction\":[{\"@type\":\"SearchAction\",\"target\":{\"@type\":\"EntryPoint\",\"urlTemplate\":\"https:\/\/maxani.nl\/?s={search_term_string}\"},\"query-input\":{\"@type\":\"PropertyValueSpecification\",\"valueRequired\":true,\"valueName\":\"search_term_string\"}}],\"inLanguage\":\"de\"}]}<\/script>\n<!-- \/ Yoast SEO plugin. -->","yoast_head_json":{"title":"Beipackzettel Saure Ohrentropfen - Maxani Animal Healthcare BV","description":"Ihre Ohrentropfen werden bei Hunden und Katzen verwendet. Essigs\u00e4ure macht die Umgebung im \u00e4u\u00dferen Geh\u00f6rgang saurer.","robots":{"index":"index","follow":"follow","max-snippet":"max-snippet:-1","max-image-preview":"max-image-preview:large","max-video-preview":"max-video-preview:-1"},"canonical":"https:\/\/maxani.nl\/de\/pyomaxbrush\/","og_locale":"de_DE","og_type":"article","og_title":"Bijsluiter Zure oordruppels - Maxani Animal Healthcare BV","og_description":"Zure oordruppels worden gebruikt bij honden en katten. Azijnzuur maakt het milieu in de externe gehoorgang zuurder.","og_url":"https:\/\/maxani.nl\/de\/pyomaxbrush\/","og_site_name":"Maxani Animal Healthcare BV","article_modified_time":"2024-03-04T17:09:29+00:00","twitter_card":"summary_large_image","twitter_misc":{"Gesch\u00e4tzte Lesezeit":"3\u00a0Minuten"},"schema":{"@context":"https:\/\/schema.org","@graph":[{"@type":"WebPage","@id":"https:\/\/maxani.nl\/pyomaxbrush\/","url":"https:\/\/maxani.nl\/pyomaxbrush\/","name":"Beipackzettel Saure Ohrentropfen - Maxani Animal Healthcare BV","isPartOf":{"@id":"https:\/\/maxani.nl\/#website"},"datePublished":"2023-11-22T19:14:37+00:00","dateModified":"2024-03-04T17:09:29+00:00","description":"Ihre Ohrentropfen werden bei Hunden und Katzen verwendet. Essigs\u00e4ure macht die Umgebung im \u00e4u\u00dferen Geh\u00f6rgang saurer.","breadcrumb":{"@id":"https:\/\/maxani.nl\/pyomaxbrush\/#breadcrumb"},"inLanguage":"de","potentialAction":[{"@type":"ReadAction","target":["https:\/\/maxani.nl\/pyomaxbrush\/"]}]},{"@type":"BreadcrumbList","@id":"https:\/\/maxani.nl\/pyomaxbrush\/#breadcrumb","itemListElement":[{"@type":"ListItem","position":1,"name":"Home","item":"https:\/\/maxani.nl\/"},{"@type":"ListItem","position":2,"name":"Pyomax brush bijsluiter"}]},{"@type":"WebSite","@id":"https:\/\/maxani.nl\/#website","url":"https:\/\/maxani.nl\/","name":"Maxani Animal Healthcare BV","description":"Ihr Partner in der Veterin\u00e4rdermatologie","potentialAction":[{"@type":"SearchAction","target":{"@type":"EntryPoint","urlTemplate":"https:\/\/maxani.nl\/?s={search_term_string}"},"query-input":{"@type":"PropertyValueSpecification","valueRequired":true,"valueName":"search_term_string"}}],"inLanguage":"de"}]}},"jetpack_sharing_enabled":true,"_links":{"self":[{"href":"https:\/\/maxani.nl\/de\/wp-json\/wp\/v2\/pages\/13462","targetHints":{"allow":["GET"]}}],"collection":[{"href":"https:\/\/maxani.nl\/de\/wp-json\/wp\/v2\/pages"}],"about":[{"href":"https:\/\/maxani.nl\/de\/wp-json\/wp\/v2\/types\/page"}],"author":[{"embeddable":true,"href":"https:\/\/maxani.nl\/de\/wp-json\/wp\/v2\/users\/1"}],"replies":[{"embeddable":true,"href":"https:\/\/maxani.nl\/de\/wp-json\/wp\/v2\/comments?post=13462"}],"version-history":[{"count":4,"href":"https:\/\/maxani.nl\/de\/wp-json\/wp\/v2\/pages\/13462\/revisions"}],"predecessor-version":[{"id":13982,"href":"https:\/\/maxani.nl\/de\/wp-json\/wp\/v2\/pages\/13462\/revisions\/13982"}],"wp:attachment":[{"href":"https:\/\/maxani.nl\/de\/wp-json\/wp\/v2\/media?parent=13462"}],"curies":[{"name":"wp","href":"https:\/\/api.w.org\/{rel}","templated":true}]}}