{"id":13196,"date":"2023-10-16T13:29:11","date_gmt":"2023-10-16T13:29:11","guid":{"rendered":"https:\/\/maxani.nl\/?page_id=13196"},"modified":"2023-10-17T12:51:39","modified_gmt":"2023-10-17T12:51:39","slug":"jeuk-bij-katten","status":"publish","type":"page","link":"https:\/\/maxani.nl\/de\/jeuk-bij-katten\/","title":{"rendered":"Juckreiz bei Katzen"},"content":{"rendered":"<section class=\"section\" id=\"section_1847578889\">\n\t\t<div class=\"section-bg fill\" >\n\t\t\t<img loading=\"lazy\" decoding=\"async\" width=\"1718\" height=\"2560\" src=\"https:\/\/maxani.nl\/wp-content\/uploads\/2023\/07\/Achtergrond-voor-website-Maxani2-scaled.jpg\" class=\"bg attachment-original size-original\" alt=\"\" \/>\t\t\t\t\t\t\n\t\t\t\n\t<div class=\"is-border\"\n\t\tstyle=\"border-color:rgb(235, 235, 235);border-width:1px 0px 0px 0px;\">\n\t<\/div>\n\n\t\t<\/div>\n\n\t\t\n\n\t\t<div class=\"section-content relative\">\n\t\t\t\n\n<div class=\"row\"  id=\"row-506148340\">\n\n\n\t<div id=\"col-1193080383\" class=\"col medium-8 small-12 large-8\"  >\n\t\t\t\t<div class=\"col-inner\"  >\n\t\t\t\n\t\t\t\n\n\t<div id=\"gap-31046729\" class=\"gap-element clearfix\" style=\"display:block; height:auto;\">\n\t\t\n<style>\n#gap-31046729 {\n  padding-top: 15px;\n}\n<\/style>\n\t<\/div>\n\t\n\n\t<div id=\"text-820445643\" class=\"text\">\n\t\t\n\n<h1>Meine Katze hat Juckreiz: Was ist zu tun?<\/h1>\n\t\t\n<style>\n#text-820445643 {\n  font-size: 1.3rem;\n}\n<\/style>\n\t<\/div>\n\t\n<p>Juckreiz ist ein h\u00e4ufiges Problem bei Katzen, das jedoch verschiedene Ursachen haben kann. Wenn sich Ihre Katze st\u00e4ndig kratzt, kann dies zu weiteren Sch\u00e4den an der Haut f\u00fchren. Es ist wichtig, diesen Juckreiz zu behandeln und die zugrunde liegende Ursache zu beheben, damit Ihre Katze die Haut nicht weiter durch Kratzen sch\u00e4digt.<\/p>\n<h2>Ursachen f\u00fcr Juckreiz<\/h2>\n<p>Der Juckreiz bei Ihrer Katze kann verschiedene Ursachen haben. Dazu k\u00f6nnen Allergien, Parasiten oder eine Hauterkrankung geh\u00f6ren. Manchmal ist es schwierig, die genaue Ursache f\u00fcr den Juckreiz zu bestimmen. Haben Sie Zweifel an der Ursache? Dann sollten Sie einen Tierarzt aufsuchen.<\/p>\n<h3>Allergien<\/h3>\n<p><strong><u>Umweltallergien (Atopie)<br \/><\/u><\/strong>Atopie (atopische Dermatitis) wird durch eine \u00dcberempfindlichkeitsreaktion auf Allergene wie Pollen von Bl\u00fctenpflanzen und\/oder Hausstaubmilben verursacht. Atopie ist eine h\u00e4ufige Form der Allergie bei Katzen und kann vererbbar und rassespezifisch sein. Das bedeutet, dass bestimmte Rassen anf\u00e4lliger f\u00fcr die Entwicklung einer Atopie sind als andere.<\/p>\n<p><strong>Die Symptome:<\/strong><\/p>\n<ul>\n<li>Juckreiz an: Pfoten, Kopf, Achselh\u00f6hlen und Leisten<\/li>\n<li>Ger\u00f6tete und gereizte Haut<\/li>\n<\/ul>\n<p><strong>Was ist bei Atopie zu tun?<\/strong><\/p>\n<ul>\n<li>Unterst\u00fctzung der Hautbarriere<\/li>\n<li>Vermeiden von Allergenen<\/li>\n<li>Waschen mit einem speziellen Shampoo f\u00fcr allergische Tiere (<a href=\"https:\/\/maxani.nl\/de\/productinformatie\/#AtopOat192125\"><span style=\"text-decoration: underline;\">AtopOat Skin Shampoo<\/span><\/a> und\/oder <span style=\"text-decoration: underline;\"><a href=\"https:\/\/maxani.nl\/de\/productinformatie\/#atopoatmousse\">Mousse<\/a><\/span>)<\/li>\n<\/ul>\n<p>\u00a0<\/p>\n<p><strong><u>Hat meine Katze eine Flohallergie?<br \/><\/u><\/strong>Bei einer Flohallergie handelt es sich um eine allergische Reaktion auf den Speichel von Fl\u00f6hen. Wenn Fl\u00f6he bei\u00dfen und sich vom Blut Ihrer Katze ern\u00e4hren, hinterlassen sie Speichel auf der Haut. Bei Katzen mit dieser Allergie kann schon ein einziger Flohbiss Juckreiz und Hautreizungen verursachen.<\/p>\n<p><strong>Die Symptome:<\/strong><\/p>\n<ul>\n<li>\u00dcberm\u00e4\u00dfiges Kratzen und Bei\u00dfen, insbesondere am Schwanzansatz, am R\u00fccken und an den Hinterbeinen.<\/li>\n<li>Hautausschlag und rote Beulen.<\/li>\n<li>Haarausfall und Hautreizungen.<\/li>\n<li>Hotspots (pl\u00f6tzliche, schmerzhafte Entz\u00fcndungen der Haut).<\/li>\n<\/ul>\n<p>\u00a0<\/p>\n<p><strong><u>Hat meine Katze eine Futtermittelallergie?<br \/><\/u><\/strong>Eine Nahrungsmittelallergie bei Katzen tritt auf, wenn der K\u00f6rper Ihrer Katze auf bestimmte N\u00e4hrstoffe in der Nahrung reagiert, die sie frisst. Dazu geh\u00f6rt, dass die meisten Katzen auf bestimmte Proteine wie Huhn und Rindfleisch reagieren. Dies kann zu einer Reihe von allergischen Symptomen f\u00fchren, die von Juckreiz und Hautproblemen bis hin zu Erbrechen und Durchfall reichen.<\/p>\n<p><strong>Die Symptome:<\/strong><\/p>\n<ul>\n<li>Juckreiz: Kratzen, Bei\u00dfen und Belecken der Haut, insbesondere im Gesicht, an den Ohren, Beinen und am Bauch.<\/li>\n<li>Hautreizung: Rote, gereizte Haut, Hautausschlag und Haarausfall.<\/li>\n<li>Gastrointestinale Probleme: Erbrechen, Durchfall, Bl\u00e4hungen und Unterleibsschmerzen.<\/li>\n<\/ul>\n<p><strong>Was ist bei einer m\u00f6glichen Lebensmittelallergie zu tun?<\/strong><\/p>\n<ul>\n<li>Zusammengesetzte Di\u00e4t (Eliminationsdi\u00e4t): In Absprache mit einem Tierarzt oder Spezialisten durchf\u00fchren<\/li>\n<li>Lebensmittel, bei denen die Proteinquelle teilweise abgebaut wurde<\/li>\n<li>Lebensmittel mit einzigartigen Proteinquellen oder solche, bei denen der N\u00e4hrstoff in der Ern\u00e4hrung nicht vorkommt<\/li>\n<\/ul>\n\n\t\t<\/div>\n\t\t\t\t\t<\/div>\n\n\t\n\n\t<div id=\"col-858874350\" class=\"col medium-4 small-12 large-4\"  >\n\t\t\t\t<div class=\"col-inner\"  >\n\t\t\t\n\t\t\t\n\n\t<div class=\"img has-hover x md-x lg-x y md-y lg-y\" id=\"image_646136461\">\n\t\t\t\t\t\t\t\t<div class=\"img-inner dark\" >\n\t\t\t<img loading=\"lazy\" decoding=\"async\" width=\"600\" height=\"599\" src=\"https:\/\/maxani.nl\/wp-content\/uploads\/2023\/10\/kat-met-jeuk.png\" class=\"attachment-large size-large\" alt=\"jeuk bij katten\" srcset=\"https:\/\/maxani.nl\/wp-content\/uploads\/2023\/10\/kat-met-jeuk.png 600w, https:\/\/maxani.nl\/wp-content\/uploads\/2023\/10\/kat-met-jeuk-401x400.png 401w, https:\/\/maxani.nl\/wp-content\/uploads\/2023\/10\/kat-met-jeuk-280x280.png 280w, https:\/\/maxani.nl\/wp-content\/uploads\/2023\/10\/kat-met-jeuk-247x247.png 247w, https:\/\/maxani.nl\/wp-content\/uploads\/2023\/10\/kat-met-jeuk-510x509.png 510w, https:\/\/maxani.nl\/wp-content\/uploads\/2023\/10\/kat-met-jeuk-100x100.png 100w\" sizes=\"auto, (max-width: 600px) 100vw, 600px\" \/>\t\t\t\t\t\t\n\t\t\t\t\t<\/div>\n\t\t\t\t\t\t\t\t\n<style>\n#image_646136461 {\n  width: 100%;\n}\n<\/style>\n\t<\/div>\n\t\n\n\t<div class=\"img has-hover x md-x lg-x y md-y lg-y\" id=\"image_1763854773\">\n\t\t\t\t\t\t\t\t<div class=\"img-inner dark\" >\n\t\t\t<img loading=\"lazy\" decoding=\"async\" width=\"800\" height=\"800\" src=\"https:\/\/maxani.nl\/wp-content\/uploads\/2023\/07\/Maxani-AtopOat-shampoo-200-ml-800x800.png\" class=\"attachment-large size-large\" alt=\"\" srcset=\"https:\/\/maxani.nl\/wp-content\/uploads\/2023\/07\/Maxani-AtopOat-shampoo-200-ml-800x800.png 800w, https:\/\/maxani.nl\/wp-content\/uploads\/2023\/07\/Maxani-AtopOat-shampoo-200-ml-400x400.png 400w, https:\/\/maxani.nl\/wp-content\/uploads\/2023\/07\/Maxani-AtopOat-shampoo-200-ml-280x280.png 280w, https:\/\/maxani.nl\/wp-content\/uploads\/2023\/07\/Maxani-AtopOat-shampoo-200-ml-768x768.png 768w, https:\/\/maxani.nl\/wp-content\/uploads\/2023\/07\/Maxani-AtopOat-shampoo-200-ml-247x247.png 247w, https:\/\/maxani.nl\/wp-content\/uploads\/2023\/07\/Maxani-AtopOat-shampoo-200-ml-510x510.png 510w, https:\/\/maxani.nl\/wp-content\/uploads\/2023\/07\/Maxani-AtopOat-shampoo-200-ml-100x100.png 100w, https:\/\/maxani.nl\/wp-content\/uploads\/2023\/07\/Maxani-AtopOat-shampoo-200-ml.png 1080w\" sizes=\"auto, (max-width: 800px) 100vw, 800px\" \/>\t\t\t\t\t\t\n\t\t\t\t\t<\/div>\n\t\t\t\t\t\t\t\t\n<style>\n#image_1763854773 {\n  width: 100%;\n}\n<\/style>\n\t<\/div>\n\t\n\n\t<div class=\"img has-hover x md-x lg-x y md-y lg-y\" id=\"image_1342880263\">\n\t\t\t\t\t\t\t\t<div class=\"img-inner dark\" >\n\t\t\t<img loading=\"lazy\" decoding=\"async\" width=\"800\" height=\"800\" src=\"https:\/\/maxani.nl\/wp-content\/uploads\/2023\/07\/Maxani-AtopOat-mousse-800x800.png\" class=\"attachment-large size-large\" alt=\"\" srcset=\"https:\/\/maxani.nl\/wp-content\/uploads\/2023\/07\/Maxani-AtopOat-mousse-800x800.png 800w, https:\/\/maxani.nl\/wp-content\/uploads\/2023\/07\/Maxani-AtopOat-mousse-400x400.png 400w, https:\/\/maxani.nl\/wp-content\/uploads\/2023\/07\/Maxani-AtopOat-mousse-280x280.png 280w, https:\/\/maxani.nl\/wp-content\/uploads\/2023\/07\/Maxani-AtopOat-mousse-768x768.png 768w, https:\/\/maxani.nl\/wp-content\/uploads\/2023\/07\/Maxani-AtopOat-mousse-247x247.png 247w, https:\/\/maxani.nl\/wp-content\/uploads\/2023\/07\/Maxani-AtopOat-mousse-510x510.png 510w, https:\/\/maxani.nl\/wp-content\/uploads\/2023\/07\/Maxani-AtopOat-mousse-100x100.png 100w, https:\/\/maxani.nl\/wp-content\/uploads\/2023\/07\/Maxani-AtopOat-mousse.png 1080w\" sizes=\"auto, (max-width: 800px) 100vw, 800px\" \/>\t\t\t\t\t\t\n\t\t\t\t\t<\/div>\n\t\t\t\t\t\t\t\t\n<style>\n#image_1342880263 {\n  width: 100%;\n}\n<\/style>\n\t<\/div>\n\t\n\n\n\t\t<\/div>\n\t\t\t\t\t<\/div>\n\n\t\n\n<\/div>\n<div class=\"row\"  id=\"row-172539752\">\n\n\n\t<div id=\"col-444503626\" class=\"col medium-8 small-12 large-8\"  >\n\t\t\t\t<div class=\"col-inner\"  >\n\t\t\t\n\t\t\t\n\n<h3>Parasiten<\/h3>\n<p>Parasiten, die bei Katzen Juckreiz verursachen k\u00f6nnen, sind:<\/p>\n<p><strong><u>Fl\u00f6he<br \/><\/u><\/strong>Diese winzigen Parasiten ern\u00e4hren sich vom Blut Ihrer Katze und hinterlassen einen irritierenden Speichel.<\/p>\n<p><strong>Was ist bei Flohbefall zu tun? <br \/><\/strong>Fl\u00f6he auf Ihrer Katze lassen sich leicht mit einem Flohkamm aufsp\u00fcren. Konzentrieren Sie sich besonders auf die Bereiche um den Schwanzansatz und den Hals, wo sich Fl\u00f6he h\u00e4ufig verstecken. Achten Sie auf kleine schwarze Punkte, die am Kamm oder am Fell Ihrer Katze haften bleiben und die Flohkot sein k\u00f6nnten. Sobald Sie Fl\u00f6he entdeckt haben, sollten Sie Ihre Katze mit einem Flohmittel behandeln, um die Parasiten wirksam zu bek\u00e4mpfen.<\/p>\n<p><strong><u>H\u00e4kchen<br \/><\/u><\/strong>Zecken saugen Blut und k\u00f6nnen b\u00f6se Krankheiten \u00fcbertragen. Die Stelle, an der die Zecke zusticht, kann aufgrund der Reizung jucken.<\/p>\n<p><strong>Was tun bei Zeckenbefall? <br \/><\/strong>Behandeln Sie den Zeckenbiss, indem Sie ihn vorsichtig entfernen. Reinigen Sie dann die Bissstelle mit einem milden Desinfektionsmittel und behandeln Sie eventuelle Wunden mit einem <span style=\"text-decoration: underline;\"><a href=\"https:\/\/maxani.nl\/de\/productinformatie\/#Honinggel823000\">Honig-O3-Gel<\/a><\/span> um Irritationen zu vermeiden.<\/p>\n<p><span style=\"text-decoration: underline;\"><strong>Milben<br \/><\/strong><\/span>Die Milben krabbeln \u00fcber den K\u00f6rper und ern\u00e4hren sich von Gewebe, Fl\u00fcssigkeiten oder Hautschuppen.<\/p>\n<p><strong><em>Verschiedene Arten von Milben:<\/em><\/strong><\/p>\n<ul>\n<li><strong>Demodex Canis<\/strong>Diese Milben k\u00f6nnen Hautreizungen verursachen, k\u00f6nnen aber auch ohne Juckreiz auftreten.<\/li>\n<li><strong>Kr\u00e4tzemilbe (Sarcoptions scabiei):<\/strong> diese Milbe verursacht starken Juckreiz und ist auch f\u00fcr den Menschen hoch ansteckend<\/li>\n<li><strong>Kleidermilbe (Cheyletiella spp.):<\/strong> Diese Milbe befindet sich im Fell und kann R\u00f6tungen, Juckreiz und Haarausfall verursachen.<\/li>\n<li><strong>Herbstmilbe (Neotrombicula<\/strong> <strong>Autumnalis):<\/strong> Diese Milben halten sich bevorzugt in der N\u00e4he des Afters, zwischen den Zehen, in den Ohren oder unter dem Bauch auf.<\/li>\n<li><strong>Ohrmilben (Otodectes)<\/strong>Milben, die sich im Geh\u00f6rgang der Katze festsetzen und dort Reizungen und Juckreiz verursachen.<\/li>\n<\/ul>\n<p><strong>Was kann man gegen Milben tun?<br \/><\/strong>Haben Sie den Verdacht, dass Ihre Katze von Milben befallen ist? Wenden Sie sich an Ihren Tierarzt, um eine genaue Diagnose und eine gezielte Behandlung zu erhalten.<\/p>\n<h4>&nbsp;<\/h4>\n<h4>Andere Ursachen f\u00fcr Juckreiz:<\/h4>\n<p><strong><u>Hefen (Malassezia)<br \/><\/u><\/strong>Malassezia ist immer auf der Haut vorhanden. Wenn die Hautflora gest\u00f6rt ist, k\u00f6nnen sich Malassezien auf der Haut ansiedeln, was mit starkem Juckreiz und Reizungen einhergeht.<\/p>\n<p><strong>Was ist bei Malassezia zu tun?<br \/><\/strong>Das Wichtigste ist, die Ursache zu beseitigen. Und waschen Sie die Katze mit einem speziellen Shampoo (Pyomax Skin Shampoo)<\/p>\n<p><strong><u>Bakterielle Infektionen<br \/><\/u><\/strong>Bakterielle Infektionen zeigen sich durch R\u00f6tung, Schwellung, Juckreiz und manchmal auch Eiterbildung. Ein Tierarzt kann die Infektion diagnostizieren und eine Behandlung verschreiben, die oft aus Hautpflegeprodukten wie Chlorhexidin-T\u00fcchern, PyoMax Skin Shampoo und\/oder Mousse und\/oder Brush von Maxani besteht.<\/p>\n<p><strong><u>Hotspot<br \/><\/u><\/strong>Ein Fleck, der durch h\u00e4ufiges Kratzen entsteht. Es handelt sich um eine rote, feuchte und gereizte Stelle, an der sich Ihre Katze h\u00e4ufig kratzt. Durch das Kratzen wird die Stelle immer schlimmer. Ein Hotspot kann viele Ursachen haben, z. B. eine Futtermittelallergie, Milben oder eine Verfilzung des Fells.<\/p>\n<p><strong>Was man an einem Hotspot tun kann:<br \/><\/strong>Um Hotspots vorzubeugen, ist es wichtig, die zugrunde liegenden Ursachen, wie die oben genannten Juckreizursachen, zu behandeln. Wenn Ihre Katze einen Hotspot entwickelt, sollten Sie sofort Ihren Tierarzt aufsuchen und die Stelle sauber halten und das Kratzen und Belecken vermeiden, um weitere Reizungen zu vermeiden.<\/p>\n\n\t\t<\/div>\n\t\t\t\t\t<\/div>\n\n\t\n\n\t<div id=\"col-2099837148\" class=\"col medium-4 small-12 large-4\"  >\n\t\t\t\t<div class=\"col-inner\"  >\n\t\t\t\n\t\t\t\n\n\t<div class=\"img has-hover x md-x lg-x y md-y lg-y\" id=\"image_1891531784\">\n\t\t\t\t\t\t\t\t<div class=\"img-inner dark\" >\n\t\t\t<img loading=\"lazy\" decoding=\"async\" width=\"800\" height=\"800\" src=\"https:\/\/maxani.nl\/wp-content\/uploads\/2023\/07\/Maxani-Honey-O3-gel-50-ml-1-800x800.png\" class=\"attachment-large size-large\" alt=\"\" srcset=\"https:\/\/maxani.nl\/wp-content\/uploads\/2023\/07\/Maxani-Honey-O3-gel-50-ml-1-800x800.png 800w, https:\/\/maxani.nl\/wp-content\/uploads\/2023\/07\/Maxani-Honey-O3-gel-50-ml-1-400x400.png 400w, https:\/\/maxani.nl\/wp-content\/uploads\/2023\/07\/Maxani-Honey-O3-gel-50-ml-1-280x280.png 280w, https:\/\/maxani.nl\/wp-content\/uploads\/2023\/07\/Maxani-Honey-O3-gel-50-ml-1-768x768.png 768w, https:\/\/maxani.nl\/wp-content\/uploads\/2023\/07\/Maxani-Honey-O3-gel-50-ml-1-247x247.png 247w, https:\/\/maxani.nl\/wp-content\/uploads\/2023\/07\/Maxani-Honey-O3-gel-50-ml-1-510x510.png 510w, https:\/\/maxani.nl\/wp-content\/uploads\/2023\/07\/Maxani-Honey-O3-gel-50-ml-1-100x100.png 100w, https:\/\/maxani.nl\/wp-content\/uploads\/2023\/07\/Maxani-Honey-O3-gel-50-ml-1.png 1080w\" sizes=\"auto, (max-width: 800px) 100vw, 800px\" \/>\t\t\t\t\t\t\n\t\t\t\t\t<\/div>\n\t\t\t\t\t\t\t\t\n<style>\n#image_1891531784 {\n  width: 100%;\n}\n<\/style>\n\t<\/div>\n\t\n\n\n\t\t<\/div>\n\t\t\t\t\t<\/div>\n\n\t\n\n<\/div>\n\n\t\t<\/div>\n\n\t\t\n<style>\n#section_1847578889 {\n  padding-top: 60px;\n  padding-bottom: 60px;\n  min-height: 300px;\n}\n<\/style>\n\t<\/section>","protected":false},"excerpt":{"rendered":"","protected":false},"author":1,"featured_media":13198,"parent":0,"menu_order":0,"comment_status":"closed","ping_status":"closed","template":"page-blank.php","meta":{"footnotes":""},"class_list":["post-13196","page","type-page","status-publish","has-post-thumbnail","hentry"],"yoast_head":"<!-- This site is optimized with the Yoast SEO plugin v27.1.1 - https:\/\/yoast.com\/product\/yoast-seo-wordpress\/ -->\n<title>Jeuk bij katten - Maxani Animal Healthcare BV<\/title>\n<meta name=\"description\" content=\"Jeuk is een veelvoorkomend probleem bij katten, maar het kan verschillende oorzaken hebben. Zie hier de mogelijke oorzaken\" \/>\n<meta name=\"robots\" content=\"index, follow, max-snippet:-1, max-image-preview:large, max-video-preview:-1\" \/>\n<link rel=\"canonical\" href=\"https:\/\/maxani.nl\/de\/jeuk-bij-katten\/\" \/>\n<meta property=\"og:locale\" content=\"de_DE\" \/>\n<meta property=\"og:type\" content=\"article\" \/>\n<meta property=\"og:title\" content=\"Jeuk bij katten - Maxani Animal Healthcare BV\" \/>\n<meta property=\"og:description\" content=\"Jeuk is een veelvoorkomend probleem bij katten, maar het kan verschillende oorzaken hebben. Zie hier de mogelijke oorzaken\" \/>\n<meta property=\"og:url\" content=\"https:\/\/maxani.nl\/de\/jeuk-bij-katten\/\" \/>\n<meta property=\"og:site_name\" content=\"Maxani Animal Healthcare BV\" \/>\n<meta property=\"article:modified_time\" content=\"2023-10-17T12:51:39+00:00\" \/>\n<meta property=\"og:image\" content=\"https:\/\/maxani.nl\/wp-content\/uploads\/2023\/10\/kat-met-jeuk.png\" \/>\n\t<meta property=\"og:image:width\" content=\"600\" \/>\n\t<meta property=\"og:image:height\" content=\"599\" \/>\n\t<meta property=\"og:image:type\" content=\"image\/png\" \/>\n<meta name=\"twitter:card\" content=\"summary_large_image\" \/>\n<meta name=\"twitter:label1\" content=\"Gesch\u00e4tzte Lesezeit\" \/>\n\t<meta name=\"twitter:data1\" content=\"5\u00a0Minuten\" \/>\n<script type=\"application\/ld+json\" class=\"yoast-schema-graph\">{\"@context\":\"https:\/\/schema.org\",\"@graph\":[{\"@type\":\"WebPage\",\"@id\":\"https:\/\/maxani.nl\/jeuk-bij-katten\/\",\"url\":\"https:\/\/maxani.nl\/jeuk-bij-katten\/\",\"name\":\"Jeuk bij katten - Maxani Animal Healthcare BV\",\"isPartOf\":{\"@id\":\"https:\/\/maxani.nl\/#website\"},\"primaryImageOfPage\":{\"@id\":\"https:\/\/maxani.nl\/jeuk-bij-katten\/#primaryimage\"},\"image\":{\"@id\":\"https:\/\/maxani.nl\/jeuk-bij-katten\/#primaryimage\"},\"thumbnailUrl\":\"https:\/\/maxani.nl\/wp-content\/uploads\/2023\/10\/kat-met-jeuk.png\",\"datePublished\":\"2023-10-16T13:29:11+00:00\",\"dateModified\":\"2023-10-17T12:51:39+00:00\",\"description\":\"Jeuk is een veelvoorkomend probleem bij katten, maar het kan verschillende oorzaken hebben. Zie hier de mogelijke oorzaken\",\"breadcrumb\":{\"@id\":\"https:\/\/maxani.nl\/jeuk-bij-katten\/#breadcrumb\"},\"inLanguage\":\"de\",\"potentialAction\":[{\"@type\":\"ReadAction\",\"target\":[\"https:\/\/maxani.nl\/jeuk-bij-katten\/\"]}]},{\"@type\":\"ImageObject\",\"inLanguage\":\"de\",\"@id\":\"https:\/\/maxani.nl\/jeuk-bij-katten\/#primaryimage\",\"url\":\"https:\/\/maxani.nl\/wp-content\/uploads\/2023\/10\/kat-met-jeuk.png\",\"contentUrl\":\"https:\/\/maxani.nl\/wp-content\/uploads\/2023\/10\/kat-met-jeuk.png\",\"width\":600,\"height\":599,\"caption\":\"jeuk bij katten\"},{\"@type\":\"BreadcrumbList\",\"@id\":\"https:\/\/maxani.nl\/jeuk-bij-katten\/#breadcrumb\",\"itemListElement\":[{\"@type\":\"ListItem\",\"position\":1,\"name\":\"Home\",\"item\":\"https:\/\/maxani.nl\/\"},{\"@type\":\"ListItem\",\"position\":2,\"name\":\"Jeuk bij katten\"}]},{\"@type\":\"WebSite\",\"@id\":\"https:\/\/maxani.nl\/#website\",\"url\":\"https:\/\/maxani.nl\/\",\"name\":\"Maxani Animal Healthcare BV\",\"description\":\"Uw partner in veterinaire dermatologie\",\"potentialAction\":[{\"@type\":\"SearchAction\",\"target\":{\"@type\":\"EntryPoint\",\"urlTemplate\":\"https:\/\/maxani.nl\/?s={search_term_string}\"},\"query-input\":{\"@type\":\"PropertyValueSpecification\",\"valueRequired\":true,\"valueName\":\"search_term_string\"}}],\"inLanguage\":\"de\"}]}<\/script>\n<!-- \/ Yoast SEO plugin. -->","yoast_head_json":{"title":"Jeuk bij katten - Maxani Animal Healthcare BV","description":"Jeuk is een veelvoorkomend probleem bij katten, maar het kan verschillende oorzaken hebben. Zie hier de mogelijke oorzaken","robots":{"index":"index","follow":"follow","max-snippet":"max-snippet:-1","max-image-preview":"max-image-preview:large","max-video-preview":"max-video-preview:-1"},"canonical":"https:\/\/maxani.nl\/de\/jeuk-bij-katten\/","og_locale":"de_DE","og_type":"article","og_title":"Jeuk bij katten - Maxani Animal Healthcare BV","og_description":"Jeuk is een veelvoorkomend probleem bij katten, maar het kan verschillende oorzaken hebben. Zie hier de mogelijke oorzaken","og_url":"https:\/\/maxani.nl\/de\/jeuk-bij-katten\/","og_site_name":"Maxani Animal Healthcare BV","article_modified_time":"2023-10-17T12:51:39+00:00","og_image":[{"width":600,"height":599,"url":"https:\/\/maxani.nl\/wp-content\/uploads\/2023\/10\/kat-met-jeuk.png","type":"image\/png"}],"twitter_card":"summary_large_image","twitter_misc":{"Gesch\u00e4tzte Lesezeit":"5\u00a0Minuten"},"schema":{"@context":"https:\/\/schema.org","@graph":[{"@type":"WebPage","@id":"https:\/\/maxani.nl\/jeuk-bij-katten\/","url":"https:\/\/maxani.nl\/jeuk-bij-katten\/","name":"Jeuk bij katten - Maxani Animal Healthcare BV","isPartOf":{"@id":"https:\/\/maxani.nl\/#website"},"primaryImageOfPage":{"@id":"https:\/\/maxani.nl\/jeuk-bij-katten\/#primaryimage"},"image":{"@id":"https:\/\/maxani.nl\/jeuk-bij-katten\/#primaryimage"},"thumbnailUrl":"https:\/\/maxani.nl\/wp-content\/uploads\/2023\/10\/kat-met-jeuk.png","datePublished":"2023-10-16T13:29:11+00:00","dateModified":"2023-10-17T12:51:39+00:00","description":"Jeuk is een veelvoorkomend probleem bij katten, maar het kan verschillende oorzaken hebben. Zie hier de mogelijke oorzaken","breadcrumb":{"@id":"https:\/\/maxani.nl\/jeuk-bij-katten\/#breadcrumb"},"inLanguage":"de","potentialAction":[{"@type":"ReadAction","target":["https:\/\/maxani.nl\/jeuk-bij-katten\/"]}]},{"@type":"ImageObject","inLanguage":"de","@id":"https:\/\/maxani.nl\/jeuk-bij-katten\/#primaryimage","url":"https:\/\/maxani.nl\/wp-content\/uploads\/2023\/10\/kat-met-jeuk.png","contentUrl":"https:\/\/maxani.nl\/wp-content\/uploads\/2023\/10\/kat-met-jeuk.png","width":600,"height":599,"caption":"jeuk bij katten"},{"@type":"BreadcrumbList","@id":"https:\/\/maxani.nl\/jeuk-bij-katten\/#breadcrumb","itemListElement":[{"@type":"ListItem","position":1,"name":"Home","item":"https:\/\/maxani.nl\/"},{"@type":"ListItem","position":2,"name":"Jeuk bij katten"}]},{"@type":"WebSite","@id":"https:\/\/maxani.nl\/#website","url":"https:\/\/maxani.nl\/","name":"Maxani Animal Healthcare BV","description":"Ihr Partner in der Veterin\u00e4rdermatologie","potentialAction":[{"@type":"SearchAction","target":{"@type":"EntryPoint","urlTemplate":"https:\/\/maxani.nl\/?s={search_term_string}"},"query-input":{"@type":"PropertyValueSpecification","valueRequired":true,"valueName":"search_term_string"}}],"inLanguage":"de"}]}},"jetpack_sharing_enabled":true,"_links":{"self":[{"href":"https:\/\/maxani.nl\/de\/wp-json\/wp\/v2\/pages\/13196","targetHints":{"allow":["GET"]}}],"collection":[{"href":"https:\/\/maxani.nl\/de\/wp-json\/wp\/v2\/pages"}],"about":[{"href":"https:\/\/maxani.nl\/de\/wp-json\/wp\/v2\/types\/page"}],"author":[{"embeddable":true,"href":"https:\/\/maxani.nl\/de\/wp-json\/wp\/v2\/users\/1"}],"replies":[{"embeddable":true,"href":"https:\/\/maxani.nl\/de\/wp-json\/wp\/v2\/comments?post=13196"}],"version-history":[{"count":6,"href":"https:\/\/maxani.nl\/de\/wp-json\/wp\/v2\/pages\/13196\/revisions"}],"predecessor-version":[{"id":13217,"href":"https:\/\/maxani.nl\/de\/wp-json\/wp\/v2\/pages\/13196\/revisions\/13217"}],"wp:featuredmedia":[{"embeddable":true,"href":"https:\/\/maxani.nl\/de\/wp-json\/wp\/v2\/media\/13198"}],"wp:attachment":[{"href":"https:\/\/maxani.nl\/de\/wp-json\/wp\/v2\/media?parent=13196"}],"curies":[{"name":"wp","href":"https:\/\/api.w.org\/{rel}","templated":true}]}}