{"id":12564,"date":"2023-07-16T12:32:25","date_gmt":"2023-07-16T12:32:25","guid":{"rendered":"https:\/\/maxani.nl\/?page_id=12564"},"modified":"2023-07-16T13:19:07","modified_gmt":"2023-07-16T13:19:07","slug":"pootjes","status":"publish","type":"page","link":"https:\/\/maxani.nl\/de\/pootjes\/","title":{"rendered":"Pootjes"},"content":{"rendered":"<section class=\"section\" id=\"section_940179270\">\n\t\t<div class=\"section-bg fill\" >\n\t\t\t<img loading=\"lazy\" decoding=\"async\" width=\"1718\" height=\"2560\" src=\"https:\/\/maxani.nl\/wp-content\/uploads\/2023\/07\/Achtergrond-voor-website-Maxani2-scaled.jpg\" class=\"bg attachment-original size-original\" alt=\"\" \/>\t\t\t\t\t\t\n\t\t\t\n\t<div class=\"is-border\"\n\t\tstyle=\"border-color:rgb(235, 235, 235);border-width:1px 0px 0px 0px;\">\n\t<\/div>\n\n\t\t<\/div>\n\n\t\t\n\n\t\t<div class=\"section-content relative\">\n\t\t\t\n\n<div class=\"row\"  id=\"row-743935\">\n\n\n\t<div id=\"col-1150690731\" class=\"col medium-6 small-12 large-6\"  >\n\t\t\t\t<div class=\"col-inner\"  >\n\t\t\t\n\t\t\t\n\n<div class=\"pp-heading  pp-center\">\n<div class=\"pp-heading  pp-center\">\n<h1 class=\"heading-title\"><span class=\"title-text pp-primary-title\">Footbruiser B\u00e4lle<\/span><\/h1>\n<\/div>\n<div class=\"pp-sub-heading\">\n<p>Fu\u00dfspraykugeln k\u00f6nnen als reinigendes Fu\u00dfbad zur Reinigung der betroffenen Haut an den Pfoten oder Fu\u00dfsohlen verwendet werden. Zum Beispiel bei leichten Zwischenzehenentz\u00fcndungen, einer entz\u00fcndeten Nagelhaut, eingerissenen oder abgebrochenen N\u00e4geln und leichten Reizungen der Sohlen und Pfoten. Bei Entz\u00fcndungen, z.B. durch Grashaare, k\u00f6nnen die Brauseb\u00e4lle durch Einweichen und Reinigen der Pfote zus\u00e4tzlich zu den Medikamenten helfen. Die pflegenden Foot Bruis Kugeln sind ein hervorragender Ersatz f\u00fcr Soda- oder Biotex-B\u00e4der. Die einzigartige Kombination aus Reinigung, Pflege und Feuchtigkeitszufuhr tr\u00e4gt zu einer erfolgreichen Genesung bei.<\/p>\n<div class=\"pp-heading  pp-left\">\n<p class=\"heading-title\"><span class=\"title-text pp-primary-title\"><strong>Betrieb:<\/strong> <\/span>Kamille und Ringelblume haben eine entz\u00fcndungshemmende, pflegende und beruhigende Wirkung. Die reinigende Wirkung des Salzes aus dem Toten Meer lindert Hautreizungen und -ausschl\u00e4ge. Das Salz regt auch die Blutzirkulation an, so dass mehr N\u00e4hrstoffe und Sauerstoff von der Haut aufgenommen werden k\u00f6nnen. Das Natriumbicarbonat baut Proteine ab, w\u00e4scht Bakterien ab und verhindert, dass sich neue Bakterien festsetzen k\u00f6nnen. Vitamin E ist ein Antioxidans, das die Hautbarriere st\u00e4rkt und vor Hautsch\u00e4den sch\u00fctzt. Die Feuchtigkeitsbalance der Haut wird durch den Zusatz von Sojabohnen\u00f6l aufrechterhalten.<\/p>\n<\/div>\n<div class=\"pp-sub-heading\">\n<div class=\"fl-col fl-node-5daece82de943 fl-col-small\" data-node=\"5daece82de943\">\n<div class=\"fl-col-content fl-node-content\">\n<div class=\"fl-module fl-module-pp-heading fl-node-5daecc507c1b2\" data-node=\"5daecc507c1b2\">\n<div class=\"fl-module-content fl-node-content\">\n<div class=\"pp-heading-content\">\n<div class=\"pp-heading  pp-left\">\n<p class=\"heading-title\"><span class=\"title-text pp-primary-title\"><strong>Verwendung:<\/strong> <\/span>L\u00f6sen Sie 1 Kugel in 1 bis 2 Liter lauwarmem Wasser auf. Weichen Sie die Pfote ein- bis zweimal t\u00e4glich 5 bis 10 Minuten in dem Bad ein. Anschlie\u00dfend die Pfote mit einem sauberen Handtuch trocken tupfen. Die Foot Bruising Balls k\u00f6nnen so oft und so lange wie n\u00f6tig verwendet werden.\u00a0<\/p>\n<\/div>\n<\/div>\n<\/div>\n<\/div>\n<\/div>\n<\/div>\n<div class=\"fl-col fl-node-5daeceb36fb02\" data-node=\"5daeceb36fb02\">\n<div class=\"fl-col-content fl-node-content\">\n<div class=\"fl-module fl-module-pp-heading fl-node-5daeceb36fa6b\" data-node=\"5daeceb36fa6b\">\n<div class=\"fl-module-content fl-node-content\">\n<div class=\"pp-heading-content\">\n<div class=\"pp-heading  pp-left\">\n<h3 class=\"heading-title\"><span class=\"title-text pp-primary-title\">Vitamin E<\/span><\/h3>\n<\/div>\n<div class=\"pp-sub-heading\">\n<p>Vitamin E ist in mehreren Maxani-Produkten enthalten, weil es eine wichtige Rolle beim Schutz der Haut vor \u00e4u\u00dferen Einfl\u00fcssen spielt. Vitamin E kann vom K\u00f6rper nicht selbst hergestellt werden und ist daher ein wichtiger Zusatz in den Produkten. Vitamin E ist ein Antioxidans und sch\u00fctzt wie Vitamin C und Vitamin B2 den K\u00f6rper vor freien Radikalen. Freie Radikale sind aggressive Substanzen, die Gewebe und Zellen sch\u00e4digen k\u00f6nnen. Sie k\u00f6nnen durch sch\u00e4dliche \u00e4u\u00dfere Einfl\u00fcsse entstehen. Ein \u00dcberma\u00df an freien Radikalen im K\u00f6rper kann dazu f\u00fchren, dass alle m\u00f6glichen K\u00f6rperprozesse gest\u00f6rt werden. Vitamin E tr\u00e4gt zu einer starken Hautbarriere bei, so dass die Pfoten nach der Behandlung mit den Foot Bruising Balls weniger anf\u00e4llig sind.\u00a0<\/p>\n<\/div>\n<\/div>\n<\/div>\n<\/div>\n<\/div>\n<\/div>\n<\/div>\n<\/div>\n<\/div>\n\n\t\t<\/div>\n\t\t\t\t\t<\/div>\n\n\t\n\n\t<div id=\"col-174852698\" class=\"col medium-1 small-12 large-1\"  >\n\t\t\t\t<div class=\"col-inner\"  >\n\t\t\t\n\t\t\t\n\n\n\t\t<\/div>\n\t\t\t\t\t<\/div>\n\n\t\n\n\t<div id=\"col-340731335\" class=\"col medium-5 small-12 large-5\"  >\n\t\t\t\t<div class=\"col-inner\"  >\n\t\t\t\n\t\t\t\n\n\t<div class=\"img has-hover x md-x lg-x y md-y lg-y\" id=\"image_2065121544\">\n\t\t\t\t\t\t\t\t<div class=\"img-inner dark\" >\n\t\t\t<img loading=\"lazy\" decoding=\"async\" width=\"800\" height=\"800\" src=\"https:\/\/maxani.nl\/wp-content\/uploads\/2023\/07\/Maxani-voetbruisballetjes-800x800.png\" class=\"attachment-large size-large\" alt=\"\" srcset=\"https:\/\/maxani.nl\/wp-content\/uploads\/2023\/07\/Maxani-voetbruisballetjes-800x800.png 800w, https:\/\/maxani.nl\/wp-content\/uploads\/2023\/07\/Maxani-voetbruisballetjes-400x400.png 400w, https:\/\/maxani.nl\/wp-content\/uploads\/2023\/07\/Maxani-voetbruisballetjes-280x280.png 280w, https:\/\/maxani.nl\/wp-content\/uploads\/2023\/07\/Maxani-voetbruisballetjes-768x768.png 768w, https:\/\/maxani.nl\/wp-content\/uploads\/2023\/07\/Maxani-voetbruisballetjes-247x247.png 247w, https:\/\/maxani.nl\/wp-content\/uploads\/2023\/07\/Maxani-voetbruisballetjes-510x510.png 510w, https:\/\/maxani.nl\/wp-content\/uploads\/2023\/07\/Maxani-voetbruisballetjes-100x100.png 100w, https:\/\/maxani.nl\/wp-content\/uploads\/2023\/07\/Maxani-voetbruisballetjes.png 1080w\" sizes=\"auto, (max-width: 800px) 100vw, 800px\" \/>\t\t\t\t\t\t\n\t\t\t\t\t<\/div>\n\t\t\t\t\t\t\t\t\n<style>\n#image_2065121544 {\n  width: 100%;\n}\n<\/style>\n\t<\/div>\n\t\n\n\n\t\t<\/div>\n\t\t\t\t\t<\/div>\n\n\t\n\n<\/div>\n\n\t\t<\/div>\n\n\t\t\n<style>\n#section_940179270 {\n  padding-top: 60px;\n  padding-bottom: 60px;\n  min-height: 300px;\n}\n<\/style>\n\t<\/section>","protected":false},"excerpt":{"rendered":"","protected":false},"author":1,"featured_media":0,"parent":0,"menu_order":0,"comment_status":"closed","ping_status":"closed","template":"page-blank.php","meta":{"footnotes":""},"class_list":["post-12564","page","type-page","status-publish","hentry"],"yoast_head":"<!-- This site is optimized with the Yoast SEO plugin v27.1.1 - https:\/\/yoast.com\/product\/yoast-seo-wordpress\/ -->\n<title>Pootjes - Maxani Animal Healthcare BV<\/title>\n<meta name=\"robots\" content=\"index, follow, max-snippet:-1, max-image-preview:large, max-video-preview:-1\" \/>\n<link rel=\"canonical\" href=\"https:\/\/maxani.nl\/de\/pootjes\/\" \/>\n<meta property=\"og:locale\" content=\"de_DE\" \/>\n<meta property=\"og:type\" content=\"article\" \/>\n<meta property=\"og:title\" content=\"Pootjes - Maxani Animal Healthcare BV\" \/>\n<meta property=\"og:url\" content=\"https:\/\/maxani.nl\/de\/pootjes\/\" \/>\n<meta property=\"og:site_name\" content=\"Maxani Animal Healthcare BV\" \/>\n<meta property=\"article:modified_time\" content=\"2023-07-16T13:19:07+00:00\" \/>\n<meta name=\"twitter:card\" content=\"summary_large_image\" \/>\n<script type=\"application\/ld+json\" class=\"yoast-schema-graph\">{\"@context\":\"https:\/\/schema.org\",\"@graph\":[{\"@type\":\"WebPage\",\"@id\":\"https:\/\/maxani.nl\/pootjes\/\",\"url\":\"https:\/\/maxani.nl\/pootjes\/\",\"name\":\"Pootjes - Maxani Animal Healthcare BV\",\"isPartOf\":{\"@id\":\"https:\/\/maxani.nl\/#website\"},\"datePublished\":\"2023-07-16T12:32:25+00:00\",\"dateModified\":\"2023-07-16T13:19:07+00:00\",\"breadcrumb\":{\"@id\":\"https:\/\/maxani.nl\/pootjes\/#breadcrumb\"},\"inLanguage\":\"de\",\"potentialAction\":[{\"@type\":\"ReadAction\",\"target\":[\"https:\/\/maxani.nl\/pootjes\/\"]}]},{\"@type\":\"BreadcrumbList\",\"@id\":\"https:\/\/maxani.nl\/pootjes\/#breadcrumb\",\"itemListElement\":[{\"@type\":\"ListItem\",\"position\":1,\"name\":\"Home\",\"item\":\"https:\/\/maxani.nl\/\"},{\"@type\":\"ListItem\",\"position\":2,\"name\":\"Pootjes\"}]},{\"@type\":\"WebSite\",\"@id\":\"https:\/\/maxani.nl\/#website\",\"url\":\"https:\/\/maxani.nl\/\",\"name\":\"Maxani Animal Healthcare BV\",\"description\":\"Uw partner in veterinaire dermatologie\",\"potentialAction\":[{\"@type\":\"SearchAction\",\"target\":{\"@type\":\"EntryPoint\",\"urlTemplate\":\"https:\/\/maxani.nl\/?s={search_term_string}\"},\"query-input\":{\"@type\":\"PropertyValueSpecification\",\"valueRequired\":true,\"valueName\":\"search_term_string\"}}],\"inLanguage\":\"de\"}]}<\/script>\n<!-- \/ Yoast SEO plugin. -->","yoast_head_json":{"title":"Pootjes - Maxani Animal Healthcare BV","robots":{"index":"index","follow":"follow","max-snippet":"max-snippet:-1","max-image-preview":"max-image-preview:large","max-video-preview":"max-video-preview:-1"},"canonical":"https:\/\/maxani.nl\/de\/pootjes\/","og_locale":"de_DE","og_type":"article","og_title":"Pootjes - Maxani Animal Healthcare BV","og_url":"https:\/\/maxani.nl\/de\/pootjes\/","og_site_name":"Maxani Animal Healthcare BV","article_modified_time":"2023-07-16T13:19:07+00:00","twitter_card":"summary_large_image","schema":{"@context":"https:\/\/schema.org","@graph":[{"@type":"WebPage","@id":"https:\/\/maxani.nl\/pootjes\/","url":"https:\/\/maxani.nl\/pootjes\/","name":"Pootjes - Maxani Animal Healthcare BV","isPartOf":{"@id":"https:\/\/maxani.nl\/#website"},"datePublished":"2023-07-16T12:32:25+00:00","dateModified":"2023-07-16T13:19:07+00:00","breadcrumb":{"@id":"https:\/\/maxani.nl\/pootjes\/#breadcrumb"},"inLanguage":"de","potentialAction":[{"@type":"ReadAction","target":["https:\/\/maxani.nl\/pootjes\/"]}]},{"@type":"BreadcrumbList","@id":"https:\/\/maxani.nl\/pootjes\/#breadcrumb","itemListElement":[{"@type":"ListItem","position":1,"name":"Home","item":"https:\/\/maxani.nl\/"},{"@type":"ListItem","position":2,"name":"Pootjes"}]},{"@type":"WebSite","@id":"https:\/\/maxani.nl\/#website","url":"https:\/\/maxani.nl\/","name":"Maxani Animal Healthcare BV","description":"Ihr Partner in der Veterin\u00e4rdermatologie","potentialAction":[{"@type":"SearchAction","target":{"@type":"EntryPoint","urlTemplate":"https:\/\/maxani.nl\/?s={search_term_string}"},"query-input":{"@type":"PropertyValueSpecification","valueRequired":true,"valueName":"search_term_string"}}],"inLanguage":"de"}]}},"jetpack_sharing_enabled":true,"_links":{"self":[{"href":"https:\/\/maxani.nl\/de\/wp-json\/wp\/v2\/pages\/12564","targetHints":{"allow":["GET"]}}],"collection":[{"href":"https:\/\/maxani.nl\/de\/wp-json\/wp\/v2\/pages"}],"about":[{"href":"https:\/\/maxani.nl\/de\/wp-json\/wp\/v2\/types\/page"}],"author":[{"embeddable":true,"href":"https:\/\/maxani.nl\/de\/wp-json\/wp\/v2\/users\/1"}],"replies":[{"embeddable":true,"href":"https:\/\/maxani.nl\/de\/wp-json\/wp\/v2\/comments?post=12564"}],"version-history":[{"count":2,"href":"https:\/\/maxani.nl\/de\/wp-json\/wp\/v2\/pages\/12564\/revisions"}],"predecessor-version":[{"id":12594,"href":"https:\/\/maxani.nl\/de\/wp-json\/wp\/v2\/pages\/12564\/revisions\/12594"}],"wp:attachment":[{"href":"https:\/\/maxani.nl\/de\/wp-json\/wp\/v2\/media?parent=12564"}],"curies":[{"name":"wp","href":"https:\/\/api.w.org\/{rel}","templated":true}]}}