{"id":12562,"date":"2023-07-16T12:31:11","date_gmt":"2023-07-16T12:31:11","guid":{"rendered":"https:\/\/maxani.nl\/?page_id=12562"},"modified":"2023-07-16T13:16:58","modified_gmt":"2023-07-16T13:16:58","slug":"ogen","status":"publish","type":"page","link":"https:\/\/maxani.nl\/de\/ogen\/","title":{"rendered":"Ogen"},"content":{"rendered":"<section class=\"section\" id=\"section_530761388\">\n\t\t<div class=\"section-bg fill\" >\n\t\t\t<img loading=\"lazy\" decoding=\"async\" width=\"1718\" height=\"2560\" src=\"https:\/\/maxani.nl\/wp-content\/uploads\/2023\/07\/Achtergrond-voor-website-Maxani2-scaled.jpg\" class=\"bg attachment-original size-original\" alt=\"\" \/>\t\t\t\t\t\t\n\t\t\t\n\t<div class=\"is-border\"\n\t\tstyle=\"border-color:rgb(235, 235, 235);border-width:1px 0px 0px 0px;\">\n\t<\/div>\n\n\t\t<\/div>\n\n\t\t\n\n\t\t<div class=\"section-content relative\">\n\t\t\t\n\n<div class=\"row\"  id=\"row-184059588\">\n\n\n\t<div id=\"col-631696756\" class=\"col medium-6 small-12 large-6\"  >\n\t\t\t\t<div class=\"col-inner\"  >\n\t\t\t\n\t\t\t\n\n<div class=\"pp-heading  pp-center\">\n<div class=\"pp-heading  pp-left\">\n<h2 class=\"heading-title\"><span class=\"title-text pp-primary-title\">Teardrop<\/span><\/h2>\n<\/div>\n<div class=\"pp-sub-heading\">\n<p>Maxani Tearstreak ist ein 100% Naturprodukt, das den Tr\u00e4nenkanal von Hunden, Katzen und Kaninchen reinigt. Es wurde speziell entwickelt, um Tr\u00e4nenstreifen und Verf\u00e4rbungen des Fells um die Augen zu reduzieren und hilft, einen verstopften Tr\u00e4nenkanal zu beheben. Manchmal kann der Tr\u00e4nenkanal verformt sein, so dass sich darin Schmutz ansammelt. Das Mittel eignet sich daher ideal f\u00fcr Tiere mit kurzer Schnauze und Katzen mit Nieserkrankheit, die unter chronischen Tr\u00e4nenstreifen leiden. Das Erg\u00e4nzungsmittel hilft, die Widerstandskraft des Tieres zu unterst\u00fctzen. Die Wirkungsweise des Mittels ist auf dem Etikett pro Gewichtsklasse angegeben<\/p>\n<p><strong>Verwendung: <\/strong>Die Fl\u00fcssigkeit kann \u00fcber die Nahrung oder direkt in den Mund verabreicht werden. Ein Messbecher ist im Lieferumfang enthalten.<\/p>\n<p>Hunde bis zu 10 kg \/ Katzen: 5 ml pro Tag<br \/>Hund 10-25 kg: 10 ml pro Tag<br \/>Hund &gt;25 kg: 15 ml pro Tag<\/p>\n<p>In den ersten 14 Tagen t\u00e4glich verabreichen, dann 1 Monat lang 3x pro Woche, dann 1 Monat lang 2x pro Woche und schlie\u00dflich den letzten Monat lang 1x pro Woche. Die Kur dauert also insgesamt 3,5 Monate.<br \/>Das Produkt sollte erst nach einer 90-t\u00e4gigen Pause wieder verwendet werden. Danach kann die vorgeschriebene Behandlung erneut durchgef\u00fchrt werden.<\/p>\n<\/div>\n<\/div>\n\n\t\t<\/div>\n\t\t\t\t\t<\/div>\n\n\t\n\n\t<div id=\"col-1843040450\" class=\"col medium-1 small-12 large-1\"  >\n\t\t\t\t<div class=\"col-inner\"  >\n\t\t\t\n\t\t\t\n\n\n\t\t<\/div>\n\t\t\t\t\t<\/div>\n\n\t\n\n\t<div id=\"col-170042990\" class=\"col medium-5 small-12 large-5\"  >\n\t\t\t\t<div class=\"col-inner\"  >\n\t\t\t\n\t\t\t\n\n\t<div class=\"img has-hover x md-x lg-x y md-y lg-y\" id=\"image_1435582298\">\n\t\t\t\t\t\t\t\t<div class=\"img-inner dark\" >\n\t\t\t<img loading=\"lazy\" decoding=\"async\" width=\"800\" height=\"800\" src=\"https:\/\/maxani.nl\/wp-content\/uploads\/2023\/07\/Maxani-Traanstreep-250-ml-800x800.png\" class=\"attachment-large size-large\" alt=\"\" srcset=\"https:\/\/maxani.nl\/wp-content\/uploads\/2023\/07\/Maxani-Traanstreep-250-ml-800x800.png 800w, https:\/\/maxani.nl\/wp-content\/uploads\/2023\/07\/Maxani-Traanstreep-250-ml-400x400.png 400w, https:\/\/maxani.nl\/wp-content\/uploads\/2023\/07\/Maxani-Traanstreep-250-ml-280x280.png 280w, https:\/\/maxani.nl\/wp-content\/uploads\/2023\/07\/Maxani-Traanstreep-250-ml-768x768.png 768w, https:\/\/maxani.nl\/wp-content\/uploads\/2023\/07\/Maxani-Traanstreep-250-ml-247x247.png 247w, https:\/\/maxani.nl\/wp-content\/uploads\/2023\/07\/Maxani-Traanstreep-250-ml-510x510.png 510w, https:\/\/maxani.nl\/wp-content\/uploads\/2023\/07\/Maxani-Traanstreep-250-ml-100x100.png 100w, https:\/\/maxani.nl\/wp-content\/uploads\/2023\/07\/Maxani-Traanstreep-250-ml.png 1080w\" sizes=\"auto, (max-width: 800px) 100vw, 800px\" \/>\t\t\t\t\t\t\n\t\t\t\t\t<\/div>\n\t\t\t\t\t\t\t\t\n<style>\n#image_1435582298 {\n  width: 100%;\n}\n<\/style>\n\t<\/div>\n\t\n\n\n\t\t<\/div>\n\t\t\t\t\t<\/div>\n\n\t\n\n<\/div>\n\n\t\t<\/div>\n\n\t\t\n<style>\n#section_530761388 {\n  padding-top: 60px;\n  padding-bottom: 60px;\n  min-height: 300px;\n}\n<\/style>\n\t<\/section>","protected":false},"excerpt":{"rendered":"","protected":false},"author":1,"featured_media":0,"parent":0,"menu_order":0,"comment_status":"closed","ping_status":"closed","template":"page-blank.php","meta":{"footnotes":""},"class_list":["post-12562","page","type-page","status-publish","hentry"],"yoast_head":"<!-- This site is optimized with the Yoast SEO plugin v27.1.1 - https:\/\/yoast.com\/product\/yoast-seo-wordpress\/ -->\n<title>Ogen - Maxani Animal Healthcare BV<\/title>\n<meta name=\"robots\" content=\"index, follow, max-snippet:-1, max-image-preview:large, max-video-preview:-1\" \/>\n<link rel=\"canonical\" href=\"https:\/\/maxani.nl\/de\/ogen\/\" \/>\n<meta property=\"og:locale\" content=\"de_DE\" \/>\n<meta property=\"og:type\" content=\"article\" \/>\n<meta property=\"og:title\" content=\"Ogen - Maxani Animal Healthcare BV\" \/>\n<meta property=\"og:url\" content=\"https:\/\/maxani.nl\/de\/ogen\/\" \/>\n<meta property=\"og:site_name\" content=\"Maxani Animal Healthcare BV\" \/>\n<meta property=\"article:modified_time\" content=\"2023-07-16T13:16:58+00:00\" \/>\n<meta name=\"twitter:card\" content=\"summary_large_image\" \/>\n<script type=\"application\/ld+json\" class=\"yoast-schema-graph\">{\"@context\":\"https:\/\/schema.org\",\"@graph\":[{\"@type\":\"WebPage\",\"@id\":\"https:\/\/maxani.nl\/ogen\/\",\"url\":\"https:\/\/maxani.nl\/ogen\/\",\"name\":\"Ogen - Maxani Animal Healthcare BV\",\"isPartOf\":{\"@id\":\"https:\/\/maxani.nl\/#website\"},\"datePublished\":\"2023-07-16T12:31:11+00:00\",\"dateModified\":\"2023-07-16T13:16:58+00:00\",\"breadcrumb\":{\"@id\":\"https:\/\/maxani.nl\/ogen\/#breadcrumb\"},\"inLanguage\":\"de\",\"potentialAction\":[{\"@type\":\"ReadAction\",\"target\":[\"https:\/\/maxani.nl\/ogen\/\"]}]},{\"@type\":\"BreadcrumbList\",\"@id\":\"https:\/\/maxani.nl\/ogen\/#breadcrumb\",\"itemListElement\":[{\"@type\":\"ListItem\",\"position\":1,\"name\":\"Home\",\"item\":\"https:\/\/maxani.nl\/\"},{\"@type\":\"ListItem\",\"position\":2,\"name\":\"Ogen\"}]},{\"@type\":\"WebSite\",\"@id\":\"https:\/\/maxani.nl\/#website\",\"url\":\"https:\/\/maxani.nl\/\",\"name\":\"Maxani Animal Healthcare BV\",\"description\":\"Uw partner in veterinaire dermatologie\",\"potentialAction\":[{\"@type\":\"SearchAction\",\"target\":{\"@type\":\"EntryPoint\",\"urlTemplate\":\"https:\/\/maxani.nl\/?s={search_term_string}\"},\"query-input\":{\"@type\":\"PropertyValueSpecification\",\"valueRequired\":true,\"valueName\":\"search_term_string\"}}],\"inLanguage\":\"de\"}]}<\/script>\n<!-- \/ Yoast SEO plugin. -->","yoast_head_json":{"title":"Ogen - Maxani Animal Healthcare BV","robots":{"index":"index","follow":"follow","max-snippet":"max-snippet:-1","max-image-preview":"max-image-preview:large","max-video-preview":"max-video-preview:-1"},"canonical":"https:\/\/maxani.nl\/de\/ogen\/","og_locale":"de_DE","og_type":"article","og_title":"Ogen - Maxani Animal Healthcare BV","og_url":"https:\/\/maxani.nl\/de\/ogen\/","og_site_name":"Maxani Animal Healthcare BV","article_modified_time":"2023-07-16T13:16:58+00:00","twitter_card":"summary_large_image","schema":{"@context":"https:\/\/schema.org","@graph":[{"@type":"WebPage","@id":"https:\/\/maxani.nl\/ogen\/","url":"https:\/\/maxani.nl\/ogen\/","name":"Ogen - Maxani Animal Healthcare BV","isPartOf":{"@id":"https:\/\/maxani.nl\/#website"},"datePublished":"2023-07-16T12:31:11+00:00","dateModified":"2023-07-16T13:16:58+00:00","breadcrumb":{"@id":"https:\/\/maxani.nl\/ogen\/#breadcrumb"},"inLanguage":"de","potentialAction":[{"@type":"ReadAction","target":["https:\/\/maxani.nl\/ogen\/"]}]},{"@type":"BreadcrumbList","@id":"https:\/\/maxani.nl\/ogen\/#breadcrumb","itemListElement":[{"@type":"ListItem","position":1,"name":"Home","item":"https:\/\/maxani.nl\/"},{"@type":"ListItem","position":2,"name":"Ogen"}]},{"@type":"WebSite","@id":"https:\/\/maxani.nl\/#website","url":"https:\/\/maxani.nl\/","name":"Maxani Animal Healthcare BV","description":"Ihr Partner in der Veterin\u00e4rdermatologie","potentialAction":[{"@type":"SearchAction","target":{"@type":"EntryPoint","urlTemplate":"https:\/\/maxani.nl\/?s={search_term_string}"},"query-input":{"@type":"PropertyValueSpecification","valueRequired":true,"valueName":"search_term_string"}}],"inLanguage":"de"}]}},"jetpack_sharing_enabled":true,"_links":{"self":[{"href":"https:\/\/maxani.nl\/de\/wp-json\/wp\/v2\/pages\/12562","targetHints":{"allow":["GET"]}}],"collection":[{"href":"https:\/\/maxani.nl\/de\/wp-json\/wp\/v2\/pages"}],"about":[{"href":"https:\/\/maxani.nl\/de\/wp-json\/wp\/v2\/types\/page"}],"author":[{"embeddable":true,"href":"https:\/\/maxani.nl\/de\/wp-json\/wp\/v2\/users\/1"}],"replies":[{"embeddable":true,"href":"https:\/\/maxani.nl\/de\/wp-json\/wp\/v2\/comments?post=12562"}],"version-history":[{"count":2,"href":"https:\/\/maxani.nl\/de\/wp-json\/wp\/v2\/pages\/12562\/revisions"}],"predecessor-version":[{"id":12593,"href":"https:\/\/maxani.nl\/de\/wp-json\/wp\/v2\/pages\/12562\/revisions\/12593"}],"wp:attachment":[{"href":"https:\/\/maxani.nl\/de\/wp-json\/wp\/v2\/media?parent=12562"}],"curies":[{"name":"wp","href":"https:\/\/api.w.org\/{rel}","templated":true}]}}