{"id":12558,"date":"2023-07-16T12:30:29","date_gmt":"2023-07-16T12:30:29","guid":{"rendered":"https:\/\/maxani.nl\/?page_id=12558"},"modified":"2023-07-16T13:10:52","modified_gmt":"2023-07-16T13:10:52","slug":"wond-en-huidplooi","status":"publish","type":"page","link":"https:\/\/maxani.nl\/de\/wond-en-huidplooi\/","title":{"rendered":"Wunde und Hautfalte"},"content":{"rendered":"<section class=\"section\" id=\"section_329667366\">\n\t\t<div class=\"section-bg fill\" >\n\t\t\t<img loading=\"lazy\" decoding=\"async\" width=\"1718\" height=\"2560\" src=\"https:\/\/maxani.nl\/wp-content\/uploads\/2023\/07\/Achtergrond-voor-website-Maxani2-scaled.jpg\" class=\"bg attachment-original size-original\" alt=\"\" \/>\t\t\t\t\t\t\n\t\t\t\n\t<div class=\"is-border\"\n\t\tstyle=\"border-color:rgb(235, 235, 235);border-width:1px 0px 0px 0px;\">\n\t<\/div>\n\n\t\t<\/div>\n\n\t\t\n\n\t\t<div class=\"section-content relative\">\n\t\t\t\n\n<div class=\"row\"  id=\"row-644484810\">\n\n\n\t<div id=\"col-62320803\" class=\"col medium-6 small-12 large-6\"  >\n\t\t\t\t<div class=\"col-inner\"  >\n\t\t\t\n\t\t\t\n\n<div class=\"pp-heading  pp-center\">\n<h1 class=\"heading-title\"><span class=\"title-text pp-primary-title\">Wunde und Hautfalte<\/span><\/h1>\n<\/div>\n<div class=\"pp-sub-heading\">\n<p>Die Wund- und Hautfaltenpflegeserie von Maxani besteht aus reinigenden, antibakteriellen und beruhigenden Produkten. Alle Produkte sind mit Glycerin angereichert, einer Substanz, die Feuchtigkeit spendet und ein feuchtes Wundmilieu schafft, was zu einer schnelleren Heilung f\u00fchrt. Die Heilung in einer feuchten Umgebung stimuliert die Proliferation von Fibroblasten, die die Elemente der neuen extrazellul\u00e4ren Matrix der Haut (Kollagen und Fasern) bilden, um die Wundheilung zu erm\u00f6glichen.\u00a0<\/p>\n<\/div>\n\n\t\t<\/div>\n\t\t\t\t\t<\/div>\n\n\t\n\n\t<div id=\"col-903586654\" class=\"col medium-6 small-12 large-6\"  >\n\t\t\t\t<div class=\"col-inner\"  >\n\t\t\t\n\t\t\t\n\n\n\t\t<\/div>\n\t\t\t\t\t<\/div>\n\n\t\n\n<\/div>\n<div class=\"text-center\"><div class=\"is-divider divider clearfix\" style=\"max-width:1100px;height:2px;\"><\/div><\/div>\n\n\t<div id=\"gap-654502236\" class=\"gap-element clearfix\" style=\"display:block; height:auto;\">\n\t\t\n<style>\n#gap-654502236 {\n  padding-top: 20px;\n}\n<\/style>\n\t<\/div>\n\t\n\n<div class=\"row\"  id=\"row-23339167\">\n\n\n\t<div id=\"col-1985236500\" class=\"col medium-6 small-12 large-6\"  >\n\t\t\t\t<div class=\"col-inner\"  >\n\t\t\t\n\t\t\t\n\n<div class=\"pp-heading  pp-center\">\n<div class=\"pp-heading  pp-left\">\n<h2 class=\"heading-title\"><span class=\"title-text pp-primary-title\">Chlorhexidin-T\u00fccher<\/span><\/h2>\n<\/div>\n<div class=\"pp-sub-heading\">\n<p>Chlorhexidin-T\u00fccher sind f\u00fcr die Reinigung und Pflege von schwer zug\u00e4nglichen Stellen, wie z. B. Hautfalten, konzipiert. Die T\u00fccher sind alkoholfrei und der Zusatz von Vitamin E, Aloe Vera und Glycerin spendet der Haut Feuchtigkeit und pflegt sie.<\/p>\n<p><strong>Verwenden Sie<\/strong>Anwendung: Die Anwendung h\u00e4ngt vom Zustand, der Schwere der Beschwerden und dem Zweck der Behandlung ab. Wir empfehlen die Reinigung mit den T\u00fcchern mindestens ein- bis zweimal t\u00e4glich im Falle einer Hautinfektion. Zur Pflege k\u00f6nnen die T\u00fccher mehrmals pro Woche verwendet werden. Reiben Sie die T\u00fccher vorsichtig in die Hautfalten ein. Ein Absp\u00fclen ist nicht erforderlich, die Haut trocknet von selbst.\u00a0<\/p>\n<p><strong>Besondere Merkmale<\/strong>: Aloe vera und Vitamin E beruhigen die Haut und tragen zu ihrer Regenerationsf\u00e4higkeit bei. Chlorhexidin wirkt gegen ein breites Spektrum von unerw\u00fcnschten Mikroorganismen. Benzoes\u00e4ure hat eine antibakterielle Wirkung, reduziert den Talg und hat keratolytische und entz\u00fcndungshemmende Eigenschaften.<\/p>\n<\/div>\n<\/div>\n\n\t\t<\/div>\n\t\t\t\t\t<\/div>\n\n\t\n\n\t<div id=\"col-2087997717\" class=\"col medium-1 small-12 large-1\"  >\n\t\t\t\t<div class=\"col-inner\"  >\n\t\t\t\n\t\t\t\n\n\n\t\t<\/div>\n\t\t\t\t\t<\/div>\n\n\t\n\n\t<div id=\"col-359369302\" class=\"col medium-5 small-12 large-5\"  >\n\t\t\t\t<div class=\"col-inner\"  >\n\t\t\t\n\t\t\t\n\n\t<div class=\"img has-hover x md-x lg-x y md-y lg-y\" id=\"image_1427178429\">\n\t\t\t\t\t\t\t\t<div class=\"img-inner dark\" >\n\t\t\t<img loading=\"lazy\" decoding=\"async\" width=\"800\" height=\"800\" src=\"https:\/\/maxani.nl\/wp-content\/uploads\/2023\/07\/Maxani-chloorhexidine-wipes-800x800.png\" class=\"attachment-large size-large\" alt=\"\" srcset=\"https:\/\/maxani.nl\/wp-content\/uploads\/2023\/07\/Maxani-chloorhexidine-wipes-800x800.png 800w, https:\/\/maxani.nl\/wp-content\/uploads\/2023\/07\/Maxani-chloorhexidine-wipes-400x400.png 400w, https:\/\/maxani.nl\/wp-content\/uploads\/2023\/07\/Maxani-chloorhexidine-wipes-280x280.png 280w, https:\/\/maxani.nl\/wp-content\/uploads\/2023\/07\/Maxani-chloorhexidine-wipes-768x768.png 768w, https:\/\/maxani.nl\/wp-content\/uploads\/2023\/07\/Maxani-chloorhexidine-wipes-247x247.png 247w, https:\/\/maxani.nl\/wp-content\/uploads\/2023\/07\/Maxani-chloorhexidine-wipes-510x510.png 510w, https:\/\/maxani.nl\/wp-content\/uploads\/2023\/07\/Maxani-chloorhexidine-wipes-100x100.png 100w, https:\/\/maxani.nl\/wp-content\/uploads\/2023\/07\/Maxani-chloorhexidine-wipes.png 1080w\" sizes=\"auto, (max-width: 800px) 100vw, 800px\" \/>\t\t\t\t\t\t\n\t\t\t\t\t<\/div>\n\t\t\t\t\t\t\t\t\n<style>\n#image_1427178429 {\n  width: 100%;\n}\n<\/style>\n\t<\/div>\n\t\n\n\n\t\t<\/div>\n\t\t\t\t\t<\/div>\n\n\t\n\n<\/div>\n<div class=\"text-center\"><div class=\"is-divider divider clearfix\" style=\"max-width:1100px;height:2px;\"><\/div><\/div>\n\n\t<div id=\"gap-1664930083\" class=\"gap-element clearfix\" style=\"display:block; height:auto;\">\n\t\t\n<style>\n#gap-1664930083 {\n  padding-top: 20px;\n}\n<\/style>\n\t<\/div>\n\t\n\n<div class=\"row\"  id=\"row-1068957154\">\n\n\n\t<div id=\"col-970885418\" class=\"col medium-6 small-12 large-6\"  >\n\t\t\t\t<div class=\"col-inner\"  >\n\t\t\t\n\t\t\t\n\n<div class=\"pp-heading  pp-center\">\n<div class=\"pp-heading  pp-left\">\n<div class=\"pp-heading  pp-left\">\n<h2 class=\"heading-title\"><span class=\"title-text pp-primary-title\">Reinigungsspray<\/span><\/h2>\n<\/div>\n<div class=\"pp-sub-heading\">\n<p>Das Cleanser-Spray reinigt und sp\u00fclt die Haut bzw. Wunde und unterst\u00fctzt so die Heilungsf\u00e4higkeit der Haut. Schlacken, Proteine und Fette werden gel\u00f6st und die umgebende Haut wird gepflegt und gesch\u00fctzt. Dabei werden Schmutz und Mikroorganismen weggesp\u00fclt.<\/p>\n<p><strong>Verwenden Sie<\/strong>Reinigungsspray 2 bis 3 Mal t\u00e4glich auf die zu reinigenden Stellen spr\u00fchen, dann 5 Minuten warten und bei Bedarf Maxani Honiggel gegen empfindliche und\/oder gereizte Haut oder zur zus\u00e4tzlichen Wundheilung bei leichtem Juckreiz auftragen. Nur zur \u00e4u\u00dferlichen Anwendung.<\/p>\n<p><strong>Besondere Merkmale<\/strong>: Chlorhexidin ist ein Bisbiguanid mit antimikrobieller Wirkung gegen bestimmte Arten von Bakterien und Pilzen. Es senkt den S\u00e4uregehalt und sch\u00e4digt die Zellwand dieser Mikroorganismen. Chlorhexidin hat auch eine milde antiseptische Wirkung, die eine Kontamination verhindert. Das Spray l\u00f6st Ablagerungen, Proteine und Fette auf und pflegt die umgebende Haut.\u00a0<\/p>\n<\/div>\n<\/div>\n<\/div>\n\n\t\t<\/div>\n\t\t\t\t\t<\/div>\n\n\t\n\n\t<div id=\"col-102292338\" class=\"col medium-1 small-12 large-1\"  >\n\t\t\t\t<div class=\"col-inner\"  >\n\t\t\t\n\t\t\t\n\n\n\t\t<\/div>\n\t\t\t\t\t<\/div>\n\n\t\n\n\t<div id=\"col-1535397498\" class=\"col medium-5 small-12 large-5\"  >\n\t\t\t\t<div class=\"col-inner\"  >\n\t\t\t\n\t\t\t\n\n\t<div class=\"img has-hover x md-x lg-x y md-y lg-y\" id=\"image_1648895070\">\n\t\t\t\t\t\t\t\t<div class=\"img-inner dark\" >\n\t\t\t<img loading=\"lazy\" decoding=\"async\" width=\"800\" height=\"800\" src=\"https:\/\/maxani.nl\/wp-content\/uploads\/2023\/07\/Maxani-cleanser-spray-250-ml-800x800.png\" class=\"attachment-large size-large\" alt=\"\" srcset=\"https:\/\/maxani.nl\/wp-content\/uploads\/2023\/07\/Maxani-cleanser-spray-250-ml-800x800.png 800w, https:\/\/maxani.nl\/wp-content\/uploads\/2023\/07\/Maxani-cleanser-spray-250-ml-400x400.png 400w, https:\/\/maxani.nl\/wp-content\/uploads\/2023\/07\/Maxani-cleanser-spray-250-ml-280x280.png 280w, https:\/\/maxani.nl\/wp-content\/uploads\/2023\/07\/Maxani-cleanser-spray-250-ml-768x768.png 768w, https:\/\/maxani.nl\/wp-content\/uploads\/2023\/07\/Maxani-cleanser-spray-250-ml-247x247.png 247w, https:\/\/maxani.nl\/wp-content\/uploads\/2023\/07\/Maxani-cleanser-spray-250-ml-510x510.png 510w, https:\/\/maxani.nl\/wp-content\/uploads\/2023\/07\/Maxani-cleanser-spray-250-ml-100x100.png 100w, https:\/\/maxani.nl\/wp-content\/uploads\/2023\/07\/Maxani-cleanser-spray-250-ml.png 1080w\" sizes=\"auto, (max-width: 800px) 100vw, 800px\" \/>\t\t\t\t\t\t\n\t\t\t\t\t<\/div>\n\t\t\t\t\t\t\t\t\n<style>\n#image_1648895070 {\n  width: 100%;\n}\n<\/style>\n\t<\/div>\n\t\n\n\n\t\t<\/div>\n\t\t\t\t\t<\/div>\n\n\t\n\n<\/div>\n<div class=\"text-center\"><div class=\"is-divider divider clearfix\" style=\"max-width:1100px;height:2px;\"><\/div><\/div>\n\n\t<div id=\"gap-996721489\" class=\"gap-element clearfix\" style=\"display:block; height:auto;\">\n\t\t\n<style>\n#gap-996721489 {\n  padding-top: 20px;\n}\n<\/style>\n\t<\/div>\n\t\n\n<div class=\"row\"  id=\"row-1415366751\">\n\n\n\t<div id=\"col-1935682990\" class=\"col medium-6 small-12 large-6\"  >\n\t\t\t\t<div class=\"col-inner\"  >\n\t\t\t\n\t\t\t\n\n<div class=\"pp-heading  pp-center\">\n<div class=\"pp-heading  pp-left\">\n<div class=\"pp-heading  pp-left\">\n<div class=\"pp-heading  pp-left\">\n<h2 class=\"heading-title\"><span class=\"title-text pp-primary-title\">Honig-Gel<\/span><\/h2>\n<\/div>\n<div class=\"pp-sub-heading\">\n<p>Honig Gel enth\u00e4lt 45% reinen Honig und hat antibakterielle und beruhigende Eigenschaften. Es wird verwendet, um besch\u00e4digte oder raue Haut zu behandeln. Honig-Gel ist ein Naturprodukt und unterst\u00fctzt die Heilungsf\u00e4higkeit der Haut.<\/p>\n<p><strong>Verwenden Sie<\/strong>: Ein- bis zweimal t\u00e4glich eine d\u00fcnne Schicht auf die betroffene Haut auftragen und bei Bedarf mit einem Verband abdecken. Das Gel haftet sowohl auf trockenen als auch auf feuchten Wunden gut. Wenn ein Verband verwendet wird, sollten das Honig-Gel und der Verband alle 24 bis 48 Stunden gewechselt werden. Das Reinigungsspray eignet sich zum Entfernen von R\u00fcckst\u00e4nden des Honiggels.<\/p>\n<p><strong>Besondere Merkmale<\/strong>Der reine ozonisierte Bergwiesenhonig 45% hat antibakterielle, entz\u00fcndungshemmende und gewebegranulationsf\u00f6rdernde Eigenschaften. Der Honig enth\u00e4lt das Enzym Glukoseoxidase. Sobald es mit Feuchtigkeit in Ber\u00fchrung kommt, wandelt es Glukose in Wasserstoffperoxid und Glucons\u00e4ure um. Wasserstoffperoxid ist f\u00fcr Bakterien t\u00f6dlich. Glucons\u00e4ure schafft ein saures Milieu, das Bakterien und potenzielle Krankheitserreger nicht m\u00f6gen. Honig wirkt au\u00dferdem als Antioxidans und beseitigt freie Radikale. Honig in Kombination mit Glycerin schafft ein feuchtes Wundmilieu, das das Wachstum und die Migration neuer Zellen anregt. Ein feuchtes Wundmilieu verhindert auch die Bildung von Schorf und h\u00e4lt die Wunde geschmeidig.\u00a0<\/p>\n<\/div>\n<\/div>\n<\/div>\n<\/div>\n\n\t\t<\/div>\n\t\t\t\t\t<\/div>\n\n\t\n\n\t<div id=\"col-1203931132\" class=\"col medium-1 small-12 large-1\"  >\n\t\t\t\t<div class=\"col-inner\"  >\n\t\t\t\n\t\t\t\n\n\n\t\t<\/div>\n\t\t\t\t\t<\/div>\n\n\t\n\n\t<div id=\"col-1767332993\" class=\"col medium-5 small-12 large-5\"  >\n\t\t\t\t<div class=\"col-inner\"  >\n\t\t\t\n\t\t\t\n\n\t<div class=\"img has-hover x md-x lg-x y md-y lg-y\" id=\"image_903754934\">\n\t\t\t\t\t\t\t\t<div class=\"img-inner dark\" >\n\t\t\t<img loading=\"lazy\" decoding=\"async\" width=\"800\" height=\"800\" src=\"https:\/\/maxani.nl\/wp-content\/uploads\/2023\/07\/Maxani-Honey-O3-gel-50-ml-1-800x800.png\" class=\"attachment-large size-large\" alt=\"\" srcset=\"https:\/\/maxani.nl\/wp-content\/uploads\/2023\/07\/Maxani-Honey-O3-gel-50-ml-1-800x800.png 800w, https:\/\/maxani.nl\/wp-content\/uploads\/2023\/07\/Maxani-Honey-O3-gel-50-ml-1-400x400.png 400w, https:\/\/maxani.nl\/wp-content\/uploads\/2023\/07\/Maxani-Honey-O3-gel-50-ml-1-280x280.png 280w, https:\/\/maxani.nl\/wp-content\/uploads\/2023\/07\/Maxani-Honey-O3-gel-50-ml-1-768x768.png 768w, https:\/\/maxani.nl\/wp-content\/uploads\/2023\/07\/Maxani-Honey-O3-gel-50-ml-1-247x247.png 247w, https:\/\/maxani.nl\/wp-content\/uploads\/2023\/07\/Maxani-Honey-O3-gel-50-ml-1-510x510.png 510w, https:\/\/maxani.nl\/wp-content\/uploads\/2023\/07\/Maxani-Honey-O3-gel-50-ml-1-100x100.png 100w, https:\/\/maxani.nl\/wp-content\/uploads\/2023\/07\/Maxani-Honey-O3-gel-50-ml-1.png 1080w\" sizes=\"auto, (max-width: 800px) 100vw, 800px\" \/>\t\t\t\t\t\t\n\t\t\t\t\t<\/div>\n\t\t\t\t\t\t\t\t\n<style>\n#image_903754934 {\n  width: 100%;\n}\n<\/style>\n\t<\/div>\n\t\n\n\n\t\t<\/div>\n\t\t\t\t\t<\/div>\n\n\t\n\n<\/div>\n\n\t\t<\/div>\n\n\t\t\n<style>\n#section_329667366 {\n  padding-top: 60px;\n  padding-bottom: 60px;\n  min-height: 300px;\n}\n<\/style>\n\t<\/section>","protected":false},"excerpt":{"rendered":"","protected":false},"author":1,"featured_media":0,"parent":0,"menu_order":0,"comment_status":"closed","ping_status":"closed","template":"page-blank.php","meta":{"footnotes":""},"class_list":["post-12558","page","type-page","status-publish","hentry"],"yoast_head":"<!-- This site is optimized with the Yoast SEO plugin v27.1.1 - https:\/\/yoast.com\/product\/yoast-seo-wordpress\/ -->\n<title>Wond en huidplooi - Maxani Animal Healthcare BV<\/title>\n<meta name=\"robots\" content=\"index, follow, max-snippet:-1, max-image-preview:large, max-video-preview:-1\" \/>\n<link rel=\"canonical\" href=\"https:\/\/maxani.nl\/de\/wond-en-huidplooi\/\" \/>\n<meta property=\"og:locale\" content=\"de_DE\" \/>\n<meta property=\"og:type\" content=\"article\" \/>\n<meta property=\"og:title\" content=\"Wond en huidplooi - Maxani Animal Healthcare BV\" \/>\n<meta property=\"og:url\" content=\"https:\/\/maxani.nl\/de\/wond-en-huidplooi\/\" \/>\n<meta property=\"og:site_name\" content=\"Maxani Animal Healthcare BV\" \/>\n<meta property=\"article:modified_time\" content=\"2023-07-16T13:10:52+00:00\" \/>\n<meta name=\"twitter:card\" content=\"summary_large_image\" \/>\n<script type=\"application\/ld+json\" class=\"yoast-schema-graph\">{\"@context\":\"https:\/\/schema.org\",\"@graph\":[{\"@type\":\"WebPage\",\"@id\":\"https:\/\/maxani.nl\/wond-en-huidplooi\/\",\"url\":\"https:\/\/maxani.nl\/wond-en-huidplooi\/\",\"name\":\"Wond en huidplooi - Maxani Animal Healthcare BV\",\"isPartOf\":{\"@id\":\"https:\/\/maxani.nl\/#website\"},\"datePublished\":\"2023-07-16T12:30:29+00:00\",\"dateModified\":\"2023-07-16T13:10:52+00:00\",\"breadcrumb\":{\"@id\":\"https:\/\/maxani.nl\/wond-en-huidplooi\/#breadcrumb\"},\"inLanguage\":\"de\",\"potentialAction\":[{\"@type\":\"ReadAction\",\"target\":[\"https:\/\/maxani.nl\/wond-en-huidplooi\/\"]}]},{\"@type\":\"BreadcrumbList\",\"@id\":\"https:\/\/maxani.nl\/wond-en-huidplooi\/#breadcrumb\",\"itemListElement\":[{\"@type\":\"ListItem\",\"position\":1,\"name\":\"Home\",\"item\":\"https:\/\/maxani.nl\/\"},{\"@type\":\"ListItem\",\"position\":2,\"name\":\"Wond en huidplooi\"}]},{\"@type\":\"WebSite\",\"@id\":\"https:\/\/maxani.nl\/#website\",\"url\":\"https:\/\/maxani.nl\/\",\"name\":\"Maxani Animal Healthcare BV\",\"description\":\"Uw partner in veterinaire dermatologie\",\"potentialAction\":[{\"@type\":\"SearchAction\",\"target\":{\"@type\":\"EntryPoint\",\"urlTemplate\":\"https:\/\/maxani.nl\/?s={search_term_string}\"},\"query-input\":{\"@type\":\"PropertyValueSpecification\",\"valueRequired\":true,\"valueName\":\"search_term_string\"}}],\"inLanguage\":\"de\"}]}<\/script>\n<!-- \/ Yoast SEO plugin. -->","yoast_head_json":{"title":"Wond en huidplooi - Maxani Animal Healthcare BV","robots":{"index":"index","follow":"follow","max-snippet":"max-snippet:-1","max-image-preview":"max-image-preview:large","max-video-preview":"max-video-preview:-1"},"canonical":"https:\/\/maxani.nl\/de\/wond-en-huidplooi\/","og_locale":"de_DE","og_type":"article","og_title":"Wond en huidplooi - Maxani Animal Healthcare BV","og_url":"https:\/\/maxani.nl\/de\/wond-en-huidplooi\/","og_site_name":"Maxani Animal Healthcare BV","article_modified_time":"2023-07-16T13:10:52+00:00","twitter_card":"summary_large_image","schema":{"@context":"https:\/\/schema.org","@graph":[{"@type":"WebPage","@id":"https:\/\/maxani.nl\/wond-en-huidplooi\/","url":"https:\/\/maxani.nl\/wond-en-huidplooi\/","name":"Wond en huidplooi - Maxani Animal Healthcare BV","isPartOf":{"@id":"https:\/\/maxani.nl\/#website"},"datePublished":"2023-07-16T12:30:29+00:00","dateModified":"2023-07-16T13:10:52+00:00","breadcrumb":{"@id":"https:\/\/maxani.nl\/wond-en-huidplooi\/#breadcrumb"},"inLanguage":"de","potentialAction":[{"@type":"ReadAction","target":["https:\/\/maxani.nl\/wond-en-huidplooi\/"]}]},{"@type":"BreadcrumbList","@id":"https:\/\/maxani.nl\/wond-en-huidplooi\/#breadcrumb","itemListElement":[{"@type":"ListItem","position":1,"name":"Home","item":"https:\/\/maxani.nl\/"},{"@type":"ListItem","position":2,"name":"Wond en huidplooi"}]},{"@type":"WebSite","@id":"https:\/\/maxani.nl\/#website","url":"https:\/\/maxani.nl\/","name":"Maxani Animal Healthcare BV","description":"Ihr Partner in der Veterin\u00e4rdermatologie","potentialAction":[{"@type":"SearchAction","target":{"@type":"EntryPoint","urlTemplate":"https:\/\/maxani.nl\/?s={search_term_string}"},"query-input":{"@type":"PropertyValueSpecification","valueRequired":true,"valueName":"search_term_string"}}],"inLanguage":"de"}]}},"jetpack_sharing_enabled":true,"_links":{"self":[{"href":"https:\/\/maxani.nl\/de\/wp-json\/wp\/v2\/pages\/12558","targetHints":{"allow":["GET"]}}],"collection":[{"href":"https:\/\/maxani.nl\/de\/wp-json\/wp\/v2\/pages"}],"about":[{"href":"https:\/\/maxani.nl\/de\/wp-json\/wp\/v2\/types\/page"}],"author":[{"embeddable":true,"href":"https:\/\/maxani.nl\/de\/wp-json\/wp\/v2\/users\/1"}],"replies":[{"embeddable":true,"href":"https:\/\/maxani.nl\/de\/wp-json\/wp\/v2\/comments?post=12558"}],"version-history":[{"count":3,"href":"https:\/\/maxani.nl\/de\/wp-json\/wp\/v2\/pages\/12558\/revisions"}],"predecessor-version":[{"id":12589,"href":"https:\/\/maxani.nl\/de\/wp-json\/wp\/v2\/pages\/12558\/revisions\/12589"}],"wp:attachment":[{"href":"https:\/\/maxani.nl\/de\/wp-json\/wp\/v2\/media?parent=12558"}],"curies":[{"name":"wp","href":"https:\/\/api.w.org\/{rel}","templated":true}]}}