{"id":11811,"date":"2023-07-07T17:32:57","date_gmt":"2023-07-07T17:32:57","guid":{"rendered":"https:\/\/maxani.nl\/?page_id=11811"},"modified":"2023-07-13T18:18:32","modified_gmt":"2023-07-13T18:18:32","slug":"wasinstructie","status":"publish","type":"page","link":"https:\/\/maxani.nl\/de\/wasinstructie\/","title":{"rendered":"Waschanleitung"},"content":{"rendered":"<section class=\"section\" id=\"section_1734332593\">\n\t\t<div class=\"section-bg fill\" >\n\t\t\t<img loading=\"lazy\" decoding=\"async\" width=\"1718\" height=\"2560\" src=\"https:\/\/maxani.nl\/wp-content\/uploads\/2023\/07\/Achtergrond-voor-website-Maxani2-scaled.jpg\" class=\"bg attachment-original size-original\" alt=\"\" \/>\t\t\t\t\t\t\n\t\t\t\n\t<div class=\"is-border\"\n\t\tstyle=\"border-color:rgb(235, 235, 235);border-width:1px 0px 0px 0px;\">\n\t<\/div>\n\n\t\t<\/div>\n\n\t\t\n\n\t\t<div class=\"section-content relative\">\n\t\t\t\n\n<div class=\"row\"  id=\"row-1631714576\">\n\n\n\t<div id=\"col-1404643998\" class=\"col medium-8 small-12 large-8\"  >\n\t\t\t\t<div class=\"col-inner\"  >\n\t\t\t\n\t\t\t\n\n<div class=\"fl-col-group fl-node-5ee8dd3b1aa43\" data-node=\"5ee8dd3b1aa43\">\n<div class=\"fl-col fl-node-5ee8dd3b1aa97\" data-node=\"5ee8dd3b1aa97\">\n<div class=\"fl-col-content fl-node-content\">\n<div class=\"fl-module fl-module-heading fl-node-5ee8dd3b1aa10\" data-node=\"5ee8dd3b1aa10\">\n<div class=\"fl-module-content fl-node-content\">\n<h1 class=\"fl-heading\"><span class=\"fl-heading-text\">Waschanleitung<\/span><\/h1>\n<\/div>\n<\/div>\n<\/div>\n<\/div>\n<\/div>\n<div class=\"fl-col-group fl-node-5ee8d35d753f2\" data-node=\"5ee8d35d753f2\">\n<div class=\"fl-col fl-node-5ee8d35d7544c\" data-node=\"5ee8d35d7544c\">\n<div class=\"fl-col-content fl-node-content\">\n<div class=\"fl-module fl-module-heading fl-node-5ee8d35d7473c\" data-node=\"5ee8d35d7473c\">\n<div class=\"fl-module-content fl-node-content\">\n<h3 class=\"fl-heading\"><span class=\"fl-heading-text\">Wie wasche ich richtig?<\/span><\/h3>\n<\/div>\n<\/div>\n<div class=\"fl-module fl-module-rich-text fl-node-5ee8d3ee5c685\" data-node=\"5ee8d3ee5c685\">\n<div class=\"fl-module-content fl-node-content\">\n<div class=\"fl-rich-text\">\n<p>Ein Hautshampoo hat sowohl reinigende als auch therapeutische Eigenschaften. Das Hautshampoo sollte zweimal verwendet werden, um optimale Ergebnisse zu erzielen. Das erste Mal f\u00fcr den Reinigungseffekt zu Beginn einer Behandlung oder wenn das Haustier stark verschmutzt ist. Das zweite Mal unmittelbar danach mit einer 10-min\u00fctigen Einwirkzeit, um die Hautbarriere wiederherzustellen, die Haut mit Feuchtigkeit zu versorgen, Hautinfektionen zu heilen und\/oder Juckreiz zu unterdr\u00fccken. F\u00fcr eine normale W\u00e4sche, ohne dass Ihr Haustier Hautprobleme hat, ist eine W\u00e4sche ausreichend, es sei denn, der Hund ist sehr schmutzig.<\/p>\n<\/div>\n<\/div>\n<\/div>\n<div class=\"fl-module fl-module-heading fl-node-5ee8d4d654f2e\" data-node=\"5ee8d4d654f2e\">\n<div class=\"fl-module-content fl-node-content\">\n<h3 class=\"fl-heading\"><span class=\"fl-heading-text\">Tipps f\u00fcr ein angenehmes Wascherlebnis:<\/span><\/h3>\n<\/div>\n<\/div>\n<div class=\"fl-module fl-module-rich-text fl-node-5ee8d4f0992b0\" data-node=\"5ee8d4f0992b0\">\n<div class=\"fl-module-content fl-node-content\">\n<div class=\"fl-rich-text\">\n<ul>\n<li>Beginnen Sie schon in jungen Jahren mit einer positiven Gew\u00f6hnung an das Waschen.<\/li>\n<li>Sorgen Sie daf\u00fcr, dass Sie selbst entspannt sind.<\/li>\n<li>B\u00fcrsten Sie das Fell vor jeder W\u00e4sche.<\/li>\n<li>Ist Ihr Hund noch nie gewaschen worden? Gew\u00f6hnen Sie Ihren Hund zun\u00e4chst an den Waschplatz, ohne ihn tats\u00e4chlich mit Wasser zu waschen, und belohnen Sie ihn mit Zuneigung, indem Sie mit ihm spielen oder ihm ein paar Leckerlis geben.<\/li>\n<li>Lassen Sie Ihren Hund zun\u00e4chst mit einem Waschlappen oder Schwamm an das Wasser gew\u00f6hnt werden. Gew\u00f6hnen Sie ihn erst dann an das Ger\u00e4usch des Duschkopfes. Wenn der Hund den Wasserstrahl unheimlich findet, verwenden Sie einen Schwamm und sp\u00fclen Sie das Tier ab, indem Sie es mit Wasser \u00fcbergie\u00dfen (mit einem Eimer oder mit dem\u00a0<span style=\"text-decoration: underline;\"><a href=\"https:\/\/maxani.nl\/de\/mengfles\/\">Shampoo-Mischflasche von Maxani).<\/a><\/span><\/li>\n<li>Wenn Ihr Hund Angst zeigt oder eine Schreckreaktion zeigt, geben Sie ihm keine Zuneigung oder Trost! Denn das gibt dem Hund die Best\u00e4tigung, dass das Waschen tats\u00e4chlich ein be\u00e4ngstigendes Ereignis ist. Versuchen Sie, nicht zu reagieren und selbst ruhig zu bleiben. Lenken Sie den Hund stattdessen ab, indem Sie mit ihm spielen oder ihm etwas Sch\u00f6nes geben. \u00a0<\/li>\n<li>Geben Sie Ihrem Hund einen leckeren Snack, zum Beispiel mit dem Lickimat<sup>TM<\/sup>\u00a0Spritzen oder \u00fcber einen Kong mit gefrorener Wurst.<\/li>\n<li>Achten Sie darauf, dass das Tier nicht ausrutschen kann, und verwenden Sie gegebenenfalls eine Gummimatte oder ein Handtuch.<\/li>\n<\/ul>\n<\/div>\n<\/div>\n<\/div>\n<div class=\"fl-module fl-module-heading fl-node-5ee8d5ab9d640\" data-node=\"5ee8d5ab9d640\">\n<div class=\"fl-module-content fl-node-content\">\n<h3 class=\"fl-heading\"><span class=\"fl-heading-text\">Waschen ist an verschiedenen Orten und in verschiedenen Formen m\u00f6glich<\/span><\/h3>\n<\/div>\n<\/div>\n<div class=\"fl-module fl-module-rich-text fl-node-5ee8d5dc19c95\" data-node=\"5ee8d5dc19c95\">\n<div class=\"fl-module-content fl-node-content\">\n<div class=\"fl-rich-text\">\n<p>Bei warmem Wetter ist es einfach, den Hund drau\u00dfen zu waschen. Bei k\u00e4lterem Wetter ist es am besten, ihn in der Badewanne oder unter der Dusche zu waschen. Wenn es nicht m\u00f6glich ist, den Hund zu Hause zu waschen, gibt es spezielle Zoohandlungen mit einer Hundewaschanlage, wo Sie Ihren Hund selbst waschen k\u00f6nnen. Wenn Sie es gar nicht schaffen, Ihren Hund zu waschen, zum Beispiel weil er sehr \u00e4ngstlich ist, k\u00f6nnen Sie Ihren Hund von einem professionellen Hundefriseur waschen lassen.<\/p>\n<\/div>\n<\/div>\n<\/div>\n<div class=\"fl-module fl-module-heading fl-node-5ee8d60c3e516\" data-node=\"5ee8d60c3e516\">\n<div class=\"fl-module-content fl-node-content\">\n<h3 class=\"fl-heading\"><span class=\"fl-heading-text\">Wie oft waschen?<\/span><\/h3>\n<\/div>\n<\/div>\n<div class=\"fl-module fl-module-rich-text fl-node-5ee8d631cf60b\" data-node=\"5ee8d631cf60b\">\n<div class=\"fl-module-content fl-node-content\">\n<div class=\"fl-rich-text\">\n<p>Hunde mit gesunder Haut m\u00fcssen nur gewaschen werden, wenn sie schmutzig sind und\/oder stinken. Es ist auch ratsam, Welpen schon fr\u00fch an das Waschen zu gew\u00f6hnen. Hunde mit einem Hautproblem sollten h\u00e4ufiger und regelm\u00e4\u00dfig mit dem richtigen Shampoo gewaschen werden. Wie oft, h\u00e4ngt von der Erkrankung, dem Schweregrad der Beschwerden und dem Zweck der Behandlung ab. Bei schweren Hautproblemen k\u00f6nnen Hautshampoos jeden Tag verwendet werden. Ralph M\u00fcller (Dermatologe) betont, dass die Wirkung eines Hautshampoos bekanntlich maximal 2 bis 3 Tage anh\u00e4lt. Befolgen Sie immer den Rat Ihres Tierarztes. Bei Tieren mit Hautproblemen wird zu Beginn der Behandlung in der Regel empfohlen, das spezielle Hautshampoo mindestens dreimal pro Woche \u00fcber einen Zeitraum von 2 bis 3 Wochen anzuwenden. Danach besprechen Sie mit Ihrem Tierarzt, wie und wann Sie die Shampoo-Therapie auf eine Erhaltungsh\u00e4ufigkeit von in der Regel einmal pro Woche reduzieren. \u00a0<\/p>\n<\/div>\n<\/div>\n<\/div>\n<\/div>\n<\/div>\n<\/div>\n\n\t\t<\/div>\n\t\t\t\t\t<\/div>\n\n\t\n\n\t<div id=\"col-829002412\" class=\"col medium-4 small-12 large-4\"  >\n\t\t\t\t<div class=\"col-inner\"  >\n\t\t\t\n\t\t\t\n\n\n\t\t<\/div>\n\t\t\t\t\t<\/div>\n\n\t\n\n<\/div>\n<div class=\"row\"  id=\"row-1484018213\">\n\n\n\t<div id=\"col-157861119\" class=\"col small-12 large-12\"  >\n\t\t\t\t<div class=\"col-inner\"  >\n\t\t\t\n\t\t\t\n\n<div class=\"text-center\"><div class=\"is-divider divider clearfix\" style=\"max-width:1080px;height:2px;\"><\/div><\/div>\n\n\n\t\t<\/div>\n\t\t\t\t\t<\/div>\n\n\t\n\n<\/div>\n<div class=\"row\"  id=\"row-2100030237\">\n\n\n\t<div id=\"col-983587477\" class=\"col medium-8 small-12 large-8\"  >\n\t\t\t\t<div class=\"col-inner\"  >\n\t\t\t\n\t\t\t\n\n<div class=\"fl-col-group fl-node-5ee8dd3b1aa43\" data-node=\"5ee8dd3b1aa43\">\n<div class=\"fl-col fl-node-5ee8dd3b1aa97\" data-node=\"5ee8dd3b1aa97\">\n<div class=\"fl-col-content fl-node-content\">\n<div class=\"fl-module fl-module-heading fl-node-5ee8dd3b1aa10\" data-node=\"5ee8dd3b1aa10\">\n<div class=\"fl-module-content fl-node-content\">\n<div class=\"pp-heading  pp-center\">\n<h1 class=\"heading-title\"><span class=\"title-text pp-primary-title\">Waschen<\/span><\/h1>\n<\/div>\n<div class=\"pp-sub-heading\">\n<p>F\u00fcr viele Tierbesitzer und Tier\u00e4rzte ist das Waschen von Tieren eine Herausforderung. Zum Wohle des Tieres und der Shampoo-Therapie gibt Maxani gerne weitere Informationen dar\u00fcber, wie man Tiere am besten w\u00e4scht und wie die Shampoo-Therapie funktioniert. Im folgenden Video zeigen wir, wie eine W\u00e4sche abl\u00e4uft. Haben Sie Fragen zum Waschen oder zu Maxani-Hautshampoos?<\/p>\n<\/div>\n<\/div>\n<\/div>\n<\/div>\n<\/div>\n<\/div>\n<a href=\"https:\/\/maxani.nl\/de\/wassen\/\" class=\"button primary\" >\n\t\t<span>Sehen Sie sich das Video zur Waschanleitung an<\/span>\n\t<\/a>\n\n\n<a href=\"https:\/\/maxani.nl\/de\/contact\/\" class=\"button primary is-outline\" >\n\t\t<span>Kontakt<\/span>\n\t<\/a>\n\n\n\n\t\t<\/div>\n\t\t\t\t\t<\/div>\n\n\t\n\n\t<div id=\"col-1779858814\" class=\"col medium-4 small-12 large-4\"  >\n\t\t\t\t<div class=\"col-inner\"  >\n\t\t\t\n\t\t\t\n\n\n\t\t<\/div>\n\t\t\t\t\t<\/div>\n\n\t\n\n<\/div>\n<div class=\"row\"  id=\"row-1096621785\">\n\n\n\t<div id=\"col-102670887\" class=\"col medium-8 small-12 large-8\"  >\n\t\t\t\t<div class=\"col-inner\"  >\n\t\t\t\n\t\t\t\n\n<div class=\"fl-col-group fl-node-5ee8dd3b1aa43\" data-node=\"5ee8dd3b1aa43\">\n<div class=\"fl-col fl-node-5ee8dd3b1aa97\" data-node=\"5ee8dd3b1aa97\">\n<div class=\"fl-col-content fl-node-content\">\n<div class=\"fl-module fl-module-heading fl-node-5ee8dd3b1aa10\" data-node=\"5ee8dd3b1aa10\">\n<div class=\"fl-module-content fl-node-content\">\n<div class=\"pp-heading  pp-center\">\n<div class=\"fl-module fl-module-heading fl-node-5ee8dd8911344\" data-node=\"5ee8dd8911344\">\n<div class=\"fl-module-content fl-node-content\">\n<h2 class=\"fl-heading\"><span class=\"fl-heading-text\">Waschanleitung<\/span><\/h2>\n<\/div>\n<\/div>\n<div class=\"fl-module fl-module-heading fl-node-5ee9d4fb90f7c\" data-node=\"5ee9d4fb90f7c\">\n<div class=\"fl-module-content fl-node-content\">\n<p class=\"fl-heading\"><span class=\"fl-heading-text\">(sofern von Ihrem Tierarzt nicht anders angegeben)<\/span><\/p>\n<\/div>\n<\/div>\n<div class=\"fl-module fl-module-rich-text fl-node-5ee8de969ef98\" data-node=\"5ee8de969ef98\">\n<div class=\"fl-module-content fl-node-content\">\n<div class=\"fl-rich-text\">\n<p>Wenn Sie Ihr Haustier zu Beginn der Behandlung zum ersten Mal waschen oder wenn Ihr Haustier sehr schmutzig ist, ist es wichtig, das Shampoo zweimal anzuwenden. Beim ersten Mal k\u00f6nnen Sie das Shampoo sofort aussp\u00fclen, beim zweiten Mal lassen Sie es 10 Minuten lang einwirken.<\/p>\n<p>\u00a0<\/p>\n<ol>\n<li>Befeuchten Sie das Fell und die Haut Ihres Haustieres gr\u00fcndlich mit lauwarmem Wasser.<br \/><hr \/><\/li>\n<li>Verd\u00fcnnen Sie das Hautshampoo mit lauwarmem Wasser im Verh\u00e4ltnis 1:5 in der\u00a0<a href=\"https:\/\/maxani.nl\/de\/mengfles\/\"><strong>Shampoo-Mischflasche von Maxani<\/strong><\/a>. Gie\u00dfen Sie das Hautshampoo auf das Fell vom Hals bis zum Schwanzansatz. Massieren Sie das Shampoo in die Haut ein. Die besten Ergebnisse erzielen Sie, wenn Sie das Hautshampoo unverd\u00fcnnt auch auf die betroffenen Stellen auftragen. Waschen Sie den Schwanz, die Hautfalten und die Zehenzwischenr\u00e4ume gut aus. F\u00fcr diese schwer zug\u00e4nglichen und empfindlichen Stellen k\u00f6nnen Sie einen weichen, sauberen Schwamm als Hilfsmittel verwenden.<br \/><hr \/><\/li>\n<li>Gehen Sie direkt zu Schritt 4 \u00fcber, wenn der Hund in der letzten Woche h\u00e4ufiger gewaschen wurde, oder sp\u00fclen Sie<br \/>Sp\u00fclen Sie das Shampoo mit lauwarmem Wasser aus, bis das Wasser klar ist, und wiederholen Sie Schritt 2.\u00a0<hr \/><\/li>\n<li>Lassen Sie das Shampoo 10 Minuten lang einwirken. Dies ist sehr wichtig, damit die Wirkstoffe ihre Wirkung entfalten k\u00f6nnen. Die 10 Minuten beginnen nach dem Einmassieren. Verwenden Sie gegebenenfalls eine Zeitschaltuhr, um die Zeit zu bestimmen.<br \/><hr \/><\/li>\n<li>Sp\u00fclen Sie das Shampoo erneut aus, bis das Wasser klar ist.<br \/><hr \/><\/li>\n<li>Lassen Sie Ihr Haustier aussch\u00fctteln und tupfen Sie es trocken. Trocknen Sie Ihr Haustier dann vorsichtig mit einem weichen Handtuch ab. Die Verwendung eines (hei\u00dfen) Haartrockners wird nicht empfohlen, da er die Haut austrocknet. Bei dickem oder schwer trocknendem Fell empfiehlt sich die Verwendung eines speziellen Hundef\u00f6hns, um ein Ersticken zu verhindern.<br \/><hr \/><\/li>\n<\/ol>\n<h4>Tipps:<\/h4>\n<ul>\n<li>Halten Sie den Spr\u00fchkopf immer nah an der Haut.<\/li>\n<li>Wenn n\u00f6tig, waschen Sie den Kopf Ihres Haustieres mit einem Schwamm oder Waschlappen.<\/li>\n<li>Vermeiden Sie den Kontakt des Shampoos mit den Augen und der Nase Ihres Haustieres. Sollte dies dennoch geschehen, sp\u00fclen Sie die Augen und die Nase sofort mit reichlich klarem Wasser aus.<\/li>\n<li>Wenn Sie Ihr Haustier in der Badewanne oder im Waschbecken waschen, ist es wichtig, dass sich der St\u00f6psel nicht darin befindet. Wenn Wasser in die Badewanne gelangt, verd\u00fcnnt es das Shampoo und verringert seine Wirksamkeit.<\/li>\n<li>Achten Sie darauf, dass Sie selbst entspannt sind, und belohnen Sie Ihr Tier mit etwas Leckerem, einem kleinen Spiel oder etwas zus\u00e4tzlicher Aufmerksamkeit.<\/li>\n<\/ul>\n<\/div>\n<\/div>\n<\/div>\n<\/div>\n<\/div>\n<\/div>\n<\/div>\n<\/div>\n<\/div>\n<a href=\"https:\/\/maxani.nl\/de\/wassen\/\" class=\"button primary\" >\n\t\t<span>Sehen Sie sich das Video zur Waschanleitung an<\/span>\n\t<\/a>\n\n\n\n\t\t<\/div>\n\t\t\t\t\t<\/div>\n\n\t\n\n\t<div id=\"col-219746837\" class=\"col medium-4 small-12 large-4\"  >\n\t\t\t\t<div class=\"col-inner\"  >\n\t\t\t\n\t\t\t\n\n\n\t\t<\/div>\n\t\t\t\t\t<\/div>\n\n\t\n\n<\/div>\n\n\t\t<\/div>\n\n\t\t\n<style>\n#section_1734332593 {\n  padding-top: 60px;\n  padding-bottom: 60px;\n  min-height: 300px;\n}\n<\/style>\n\t<\/section>","protected":false},"excerpt":{"rendered":"","protected":false},"author":1,"featured_media":0,"parent":0,"menu_order":0,"comment_status":"closed","ping_status":"closed","template":"page-blank.php","meta":{"footnotes":""},"class_list":["post-11811","page","type-page","status-publish","hentry"],"yoast_head":"<!-- This site is optimized with the Yoast SEO plugin v27.1.1 - https:\/\/yoast.com\/product\/yoast-seo-wordpress\/ -->\n<title>Wasinstructie - Maxani Animal Healthcare BV<\/title>\n<meta name=\"robots\" content=\"index, follow, max-snippet:-1, max-image-preview:large, max-video-preview:-1\" \/>\n<link rel=\"canonical\" href=\"https:\/\/maxani.nl\/de\/wasinstructie\/\" \/>\n<meta property=\"og:locale\" content=\"de_DE\" \/>\n<meta property=\"og:type\" content=\"article\" \/>\n<meta property=\"og:title\" content=\"Wasinstructie - Maxani Animal Healthcare BV\" \/>\n<meta property=\"og:url\" content=\"https:\/\/maxani.nl\/de\/wasinstructie\/\" \/>\n<meta property=\"og:site_name\" content=\"Maxani Animal Healthcare BV\" \/>\n<meta property=\"article:modified_time\" content=\"2023-07-13T18:18:32+00:00\" \/>\n<meta name=\"twitter:card\" content=\"summary_large_image\" \/>\n<script type=\"application\/ld+json\" class=\"yoast-schema-graph\">{\"@context\":\"https:\/\/schema.org\",\"@graph\":[{\"@type\":\"WebPage\",\"@id\":\"https:\/\/maxani.nl\/wasinstructie\/\",\"url\":\"https:\/\/maxani.nl\/wasinstructie\/\",\"name\":\"Wasinstructie - Maxani Animal Healthcare BV\",\"isPartOf\":{\"@id\":\"https:\/\/maxani.nl\/#website\"},\"datePublished\":\"2023-07-07T17:32:57+00:00\",\"dateModified\":\"2023-07-13T18:18:32+00:00\",\"breadcrumb\":{\"@id\":\"https:\/\/maxani.nl\/wasinstructie\/#breadcrumb\"},\"inLanguage\":\"de\",\"potentialAction\":[{\"@type\":\"ReadAction\",\"target\":[\"https:\/\/maxani.nl\/wasinstructie\/\"]}]},{\"@type\":\"BreadcrumbList\",\"@id\":\"https:\/\/maxani.nl\/wasinstructie\/#breadcrumb\",\"itemListElement\":[{\"@type\":\"ListItem\",\"position\":1,\"name\":\"Home\",\"item\":\"https:\/\/maxani.nl\/\"},{\"@type\":\"ListItem\",\"position\":2,\"name\":\"Wasinstructie\"}]},{\"@type\":\"WebSite\",\"@id\":\"https:\/\/maxani.nl\/#website\",\"url\":\"https:\/\/maxani.nl\/\",\"name\":\"Maxani Animal Healthcare BV\",\"description\":\"Uw partner in veterinaire dermatologie\",\"potentialAction\":[{\"@type\":\"SearchAction\",\"target\":{\"@type\":\"EntryPoint\",\"urlTemplate\":\"https:\/\/maxani.nl\/?s={search_term_string}\"},\"query-input\":{\"@type\":\"PropertyValueSpecification\",\"valueRequired\":true,\"valueName\":\"search_term_string\"}}],\"inLanguage\":\"de\"}]}<\/script>\n<!-- \/ Yoast SEO plugin. -->","yoast_head_json":{"title":"Wasinstructie - Maxani Animal Healthcare BV","robots":{"index":"index","follow":"follow","max-snippet":"max-snippet:-1","max-image-preview":"max-image-preview:large","max-video-preview":"max-video-preview:-1"},"canonical":"https:\/\/maxani.nl\/de\/wasinstructie\/","og_locale":"de_DE","og_type":"article","og_title":"Wasinstructie - Maxani Animal Healthcare BV","og_url":"https:\/\/maxani.nl\/de\/wasinstructie\/","og_site_name":"Maxani Animal Healthcare BV","article_modified_time":"2023-07-13T18:18:32+00:00","twitter_card":"summary_large_image","schema":{"@context":"https:\/\/schema.org","@graph":[{"@type":"WebPage","@id":"https:\/\/maxani.nl\/wasinstructie\/","url":"https:\/\/maxani.nl\/wasinstructie\/","name":"Wasinstructie - Maxani Animal Healthcare BV","isPartOf":{"@id":"https:\/\/maxani.nl\/#website"},"datePublished":"2023-07-07T17:32:57+00:00","dateModified":"2023-07-13T18:18:32+00:00","breadcrumb":{"@id":"https:\/\/maxani.nl\/wasinstructie\/#breadcrumb"},"inLanguage":"de","potentialAction":[{"@type":"ReadAction","target":["https:\/\/maxani.nl\/wasinstructie\/"]}]},{"@type":"BreadcrumbList","@id":"https:\/\/maxani.nl\/wasinstructie\/#breadcrumb","itemListElement":[{"@type":"ListItem","position":1,"name":"Home","item":"https:\/\/maxani.nl\/"},{"@type":"ListItem","position":2,"name":"Wasinstructie"}]},{"@type":"WebSite","@id":"https:\/\/maxani.nl\/#website","url":"https:\/\/maxani.nl\/","name":"Maxani Animal Healthcare BV","description":"Ihr Partner in der Veterin\u00e4rdermatologie","potentialAction":[{"@type":"SearchAction","target":{"@type":"EntryPoint","urlTemplate":"https:\/\/maxani.nl\/?s={search_term_string}"},"query-input":{"@type":"PropertyValueSpecification","valueRequired":true,"valueName":"search_term_string"}}],"inLanguage":"de"}]}},"jetpack_sharing_enabled":true,"_links":{"self":[{"href":"https:\/\/maxani.nl\/de\/wp-json\/wp\/v2\/pages\/11811","targetHints":{"allow":["GET"]}}],"collection":[{"href":"https:\/\/maxani.nl\/de\/wp-json\/wp\/v2\/pages"}],"about":[{"href":"https:\/\/maxani.nl\/de\/wp-json\/wp\/v2\/types\/page"}],"author":[{"embeddable":true,"href":"https:\/\/maxani.nl\/de\/wp-json\/wp\/v2\/users\/1"}],"replies":[{"embeddable":true,"href":"https:\/\/maxani.nl\/de\/wp-json\/wp\/v2\/comments?post=11811"}],"version-history":[{"count":4,"href":"https:\/\/maxani.nl\/de\/wp-json\/wp\/v2\/pages\/11811\/revisions"}],"predecessor-version":[{"id":12453,"href":"https:\/\/maxani.nl\/de\/wp-json\/wp\/v2\/pages\/11811\/revisions\/12453"}],"wp:attachment":[{"href":"https:\/\/maxani.nl\/de\/wp-json\/wp\/v2\/media?parent=11811"}],"curies":[{"name":"wp","href":"https:\/\/api.w.org\/{rel}","templated":true}]}}