{"id":11807,"date":"2023-07-07T17:30:57","date_gmt":"2023-07-07T17:30:57","guid":{"rendered":"https:\/\/maxani.nl\/?page_id=11807"},"modified":"2025-05-30T14:03:25","modified_gmt":"2025-05-30T14:03:25","slug":"unieke-formule","status":"publish","type":"page","link":"https:\/\/maxani.nl\/de\/unieke-formule\/","title":{"rendered":"Einzigartige Formel"},"content":{"rendered":"<section class=\"section\" id=\"section_616094091\">\n\t\t<div class=\"section-bg fill\" >\n\t\t\t\t\t\t\t\t\t\n\t\t\t\n\t<div class=\"is-border\"\n\t\tstyle=\"border-color:rgb(235, 235, 235);border-width:1px 0px 0px 0px;\">\n\t<\/div>\n\n\t\t<\/div>\n\n\t\t\n\n\t\t<div class=\"section-content relative\">\n\t\t\t\n\n<div class=\"row\"  id=\"row-125102504\">\n\n\n\t<div id=\"col-211168391\" class=\"col medium-8 small-12 large-8\"  >\n\t\t\t\t<div class=\"col-inner\"  >\n\t\t\t\n\t\t\t\n\n\t<div id=\"text-3947288037\" class=\"text\">\n\t\t\n\n<h2 class=\"fl-heading\"><span class=\"fl-heading-text\">Einzigartige Formel<\/span><\/h2>\n\t\t\n<style>\n#text-3947288037 {\n  font-size: 1.4rem;\n}\n<\/style>\n\t<\/div>\n\t\n<div class=\"fl-col-group fl-node-5ee9e4992940a\" data-node=\"5ee9e4992940a\">\n<div class=\"fl-col fl-node-5ee9e49929456\" data-node=\"5ee9e49929456\">\n<div class=\"fl-col-content fl-node-content\">\n<div class=\"fl-module fl-module-heading fl-node-5ee9e499293d0\" data-node=\"5ee9e499293d0\">\n<div class=\"fl-module-content fl-node-content\">\n<h1 class=\"fl-heading\"><span style=\"color: #555555; font-size: 14.4px;\">Jedes Maxani Hautshampoo ist einzigartig und auf die speziellen Bed\u00fcrfnisse von Haustieren mit Hautproblemen zugeschnitten. Wir nennen es Hautshampoo, weil diese Shampoos eine einzigartige Kombination von Inhaltsstoffen enthalten, die Haut und Fell wie eine K\u00f6rperlotion reinigen und n\u00e4hren. Unsere Hautshampoos sind vollgepackt mit aktiven und exklusiven Inhaltsstoffen. Alle Inhaltsstoffe sind sicher und wir verwenden so wenig Parf\u00fcm, Alkohol und andere irritierende Chemikalien und Duftstoffe wie m\u00f6glich. Wir verwenden zum Beispiel Sinodor\u00ae, einen leistungsstarken und tierfreundlichen Inhaltsstoff, der Ger\u00fcche beseitigt, anstatt sie nur zu \u00fcberdecken. Dies macht Parf\u00fcm oder andere irritierende Duftstoffe \u00fcberfl\u00fcssig, was f\u00fcr das Tier sehr angenehm ist. Unsere Hautshampoos m\u00fcssen hohen Qualit\u00e4tsanforderungen gen\u00fcgen. Um dies zu gew\u00e4hrleisten, werden alle Maxani-Hautshampoos in den Niederlanden entwickelt und produziert.\u00a0<\/span><\/h1>\n<\/div>\n<\/div>\n<\/div>\n<\/div>\n<\/div>\n\n\t\t<\/div>\n\t\t\t\t\t<\/div>\n\n\t\n\n\t<div id=\"col-1356461947\" class=\"col medium-4 small-12 large-4\"  >\n\t\t\t\t<div class=\"col-inner\"  >\n\t\t\t\n\t\t\t\n\n\n\t\t<\/div>\n\t\t\t\t\t<\/div>\n\n\t\n\n<\/div>\n<div class=\"row\"  id=\"row-37705937\">\n\n\n\t<div id=\"col-1885105168\" class=\"col medium-6 small-12 large-6\"  >\n\t\t\t\t<div class=\"col-inner\"  >\n\t\t\t\n\t\t\t\n\n\t<div class=\"img has-hover x md-x lg-x y md-y lg-y\" id=\"image_1083484007\">\n\t\t\t\t\t\t\t\t<div class=\"img-inner dark\" >\n\t\t\t<img loading=\"lazy\" decoding=\"async\" width=\"749\" height=\"800\" src=\"https:\/\/maxani.nl\/wp-content\/uploads\/2023\/07\/illustraties-huid-met-watermerk-links-749x800.png\" class=\"attachment-large size-large\" alt=\"\" srcset=\"https:\/\/maxani.nl\/wp-content\/uploads\/2023\/07\/illustraties-huid-met-watermerk-links-749x800.png 749w, https:\/\/maxani.nl\/wp-content\/uploads\/2023\/07\/illustraties-huid-met-watermerk-links-375x400.png 375w, https:\/\/maxani.nl\/wp-content\/uploads\/2023\/07\/illustraties-huid-met-watermerk-links-768x820.png 768w, https:\/\/maxani.nl\/wp-content\/uploads\/2023\/07\/illustraties-huid-met-watermerk-links-1439x1536.png 1439w, https:\/\/maxani.nl\/wp-content\/uploads\/2023\/07\/illustraties-huid-met-watermerk-links-510x545.png 510w, https:\/\/maxani.nl\/wp-content\/uploads\/2023\/07\/illustraties-huid-met-watermerk-links.png 1698w\" sizes=\"auto, (max-width: 749px) 100vw, 749px\" \/>\t\t\t\t\t\t\n\t\t\t\t\t<\/div>\n\t\t\t\t\t\t\t\t\n<style>\n#image_1083484007 {\n  width: 100%;\n}\n<\/style>\n\t<\/div>\n\t\n\n\n\t\t<\/div>\n\t\t\t\t\t<\/div>\n\n\t\n\n\t<div id=\"col-214951286\" class=\"col medium-6 small-12 large-6\"  >\n\t\t\t\t<div class=\"col-inner\"  >\n\t\t\t\n\t\t\t\n\n\t<div class=\"img has-hover x md-x lg-x y md-y lg-y\" id=\"image_200536652\">\n\t\t\t\t\t\t\t\t<div class=\"img-inner dark\" >\n\t\t\t<img loading=\"lazy\" decoding=\"async\" width=\"566\" height=\"800\" src=\"https:\/\/maxani.nl\/wp-content\/uploads\/2023\/07\/illustraties-huid-met-watermerk-rechts-566x800.png\" class=\"attachment-large size-large\" alt=\"\" srcset=\"https:\/\/maxani.nl\/wp-content\/uploads\/2023\/07\/illustraties-huid-met-watermerk-rechts-566x800.png 566w, https:\/\/maxani.nl\/wp-content\/uploads\/2023\/07\/illustraties-huid-met-watermerk-rechts-283x400.png 283w, https:\/\/maxani.nl\/wp-content\/uploads\/2023\/07\/illustraties-huid-met-watermerk-rechts-768x1085.png 768w, https:\/\/maxani.nl\/wp-content\/uploads\/2023\/07\/illustraties-huid-met-watermerk-rechts-1087x1536.png 1087w, https:\/\/maxani.nl\/wp-content\/uploads\/2023\/07\/illustraties-huid-met-watermerk-rechts-510x721.png 510w, https:\/\/maxani.nl\/wp-content\/uploads\/2023\/07\/illustraties-huid-met-watermerk-rechts.png 1283w\" sizes=\"auto, (max-width: 566px) 100vw, 566px\" \/>\t\t\t\t\t\t\n\t\t\t\t\t<\/div>\n\t\t\t\t\t\t\t\t\n<style>\n#image_200536652 {\n  width: 76%;\n}\n<\/style>\n\t<\/div>\n\t\n\n\n\t\t<\/div>\n\t\t\t\t\t<\/div>\n\n\t\n\n<\/div>\n<div class=\"row\"  id=\"row-861034428\">\n\n\n\t<div id=\"col-23846759\" class=\"col medium-8 small-12 large-8\"  >\n\t\t\t\t<div class=\"col-inner\"  >\n\t\t\t\n\t\t\t\n\n<div class=\"fl-col-group fl-node-5ee9e4992940a\" data-node=\"5ee9e4992940a\">\n<div class=\"fl-col fl-node-5ee9e49929456\" data-node=\"5ee9e49929456\">\n<div class=\"fl-col-content fl-node-content\">\n<div class=\"fl-module fl-module-heading fl-node-5ee9e499293d0\" data-node=\"5ee9e499293d0\">\n<div class=\"fl-module-content fl-node-content\">\n<p class=\"fl-heading\">Maxani Hautshampoos greifen wichtige Aspekte zur Wiederherstellung der gest\u00f6rten Hautbarriere auf. Wenn die Hautbarriere gest\u00f6rt ist, k\u00f6nnen Hunde schneller Symptome entwickeln. Dies f\u00fchrt zu einer erh\u00f6hten Exposition gegen\u00fcber Allergenen, Krankheitserregern und Toxinen. Mikroben setzen sich leichter auf der Haut fest, und es kommt zu einem erh\u00f6hten epidermalen Wasserverlust (TEWL). Bei Tieren mit Hautproblemen, vor allem bei atopischer Dermatitis, sind fast alle Aspekte der Haut betroffen. Die Schuppenbildung kann beschleunigt oder verz\u00f6gert sein (Schuppenbildung oder nicht), das Immunsystem funktioniert nicht richtig, die Hautflora ist aus dem Gleichgewicht geraten und der S\u00e4uregehalt der Haut ist erh\u00f6ht, so dass sekund\u00e4re Hautinfektionen drohen. Es ist wichtig, die betroffenen Stellen zu reparieren, was meist \u00e4u\u00dferlich mit Maxani-Hautshampoos geschehen kann.<\/p>\n<\/div>\n<\/div>\n<\/div>\n<\/div>\n<\/div>\n\n\t\t<\/div>\n\t\t\t\t\t<\/div>\n\n\t\n\n\t<div id=\"col-1490188437\" class=\"col medium-4 small-12 large-4\"  >\n\t\t\t\t<div class=\"col-inner\"  >\n\t\t\t\n\t\t\t\n\n\n\t\t<\/div>\n\t\t\t\t\t<\/div>\n\n\t\n\n<\/div>\n<div class=\"row\"  id=\"row-277280676\">\n\n\n\t<div id=\"col-1378673658\" class=\"col medium-6 small-12 large-6\"  >\n\t\t\t\t<div class=\"col-inner\"  >\n\t\t\t\n\t\t\t\n\n<p>Maxani Hautshampoos reinigen das Fell und die Haut effektiv, ohne die Haut stark auszutrocknen. Maxani Hautshampoos enthalten wichtige Kombinationen aus\u00a0<em>Erweichungsmittel<\/em>\u00a0(z.B. \u00d6le oder Lipide) und Feuchthaltemittel (Moisturizer). Dadurch wird die Hautbarriere des Tieres mit Hautproblemen gest\u00e4rkt, befeuchtet und gesch\u00fctzt. Maxani-Hautshampoos sind daher mit hautbarrierest\u00e4rkenden und sch\u00fctzenden Lipiden aus SK-in\ufb02ux\u00ae V angereichert. Dieser einzigartige Lipidkomplex, bestehend aus Ceramiden, Cholesterin und freien Fetts\u00e4uren, kommt auch in der Haut von Hunden und Katzen nat\u00fcrlich vor. Das richtige Verh\u00e4ltnis der Lipide ist entscheidend f\u00fcr eine gute Aufnahme der Lipide in die Haut. Eine gesch\u00e4digte Hautbarriere, z. B. aufgrund von atopischer Dermatitis oder Seborrhoe, erholt sich am schnellsten durch die direkte topische Anwendung von Ceramiden oder Fetts\u00e4uren. Phytosphingosin kommt nat\u00fcrlich im Stratum corneum vor. Der Zusatz von Phytospingosin sch\u00fctzt die Hautbarriere und hat entz\u00fcndungshemmende und antibakterielle Wirkungen. Phytosphingosin ist f\u00fcr mehrere zellul\u00e4re Prozesse, einschlie\u00dflich der Zelldifferenzierung, erforderlich.<\/p>\n\n\t\t<\/div>\n\t\t\t\t\t<\/div>\n\n\t\n\n\t<div id=\"col-1308855887\" class=\"col medium-6 small-12 large-6\"  >\n\t\t\t\t<div class=\"col-inner\"  >\n\t\t\t\n\t\t\t\n\n\t<div class=\"img has-hover x md-x lg-x y md-y lg-y\" id=\"image_1519495084\">\n\t\t\t\t\t\t\t\t<div class=\"img-inner dark\" >\n\t\t\t<img loading=\"lazy\" decoding=\"async\" width=\"996\" height=\"800\" src=\"https:\/\/maxani.nl\/wp-content\/uploads\/2023\/07\/illustraties-huid-Humectant-Emollient-met-watermerk-2048x1645-1-996x800.png\" class=\"attachment-large size-large\" alt=\"\" srcset=\"https:\/\/maxani.nl\/wp-content\/uploads\/2023\/07\/illustraties-huid-Humectant-Emollient-met-watermerk-2048x1645-1-996x800.png 996w, https:\/\/maxani.nl\/wp-content\/uploads\/2023\/07\/illustraties-huid-Humectant-Emollient-met-watermerk-2048x1645-1-498x400.png 498w, https:\/\/maxani.nl\/wp-content\/uploads\/2023\/07\/illustraties-huid-Humectant-Emollient-met-watermerk-2048x1645-1-768x617.png 768w, https:\/\/maxani.nl\/wp-content\/uploads\/2023\/07\/illustraties-huid-Humectant-Emollient-met-watermerk-2048x1645-1-1536x1234.png 1536w, https:\/\/maxani.nl\/wp-content\/uploads\/2023\/07\/illustraties-huid-Humectant-Emollient-met-watermerk-2048x1645-1-510x410.png 510w, https:\/\/maxani.nl\/wp-content\/uploads\/2023\/07\/illustraties-huid-Humectant-Emollient-met-watermerk-2048x1645-1.png 2048w\" sizes=\"auto, (max-width: 996px) 100vw, 996px\" \/>\t\t\t\t\t\t\n\t\t\t\t\t<\/div>\n\t\t\t\t\t\t\t\t\n<style>\n#image_1519495084 {\n  width: 100%;\n}\n<\/style>\n\t<\/div>\n\t\n\n\n\t\t<\/div>\n\t\t\t\t\t<\/div>\n\n\t\n\n<\/div>\n<div class=\"row\"  id=\"row-1812904195\">\n\n\n\t<div id=\"col-389547418\" class=\"col medium-8 small-12 large-8\"  >\n\t\t\t\t<div class=\"col-inner\"  >\n\t\t\t\n\t\t\t\n\n<div class=\"fl-col-group fl-node-5ee9e4992940a\" data-node=\"5ee9e4992940a\">\n<div class=\"fl-col fl-node-5ee9e49929456\" data-node=\"5ee9e49929456\">\n<div class=\"fl-col-content fl-node-content\">\n<div class=\"fl-module fl-module-heading fl-node-5ee9e499293d0\" data-node=\"5ee9e499293d0\">\n<div class=\"fl-module-content fl-node-content\">\n<p class=\"fl-heading\">Bei einer geschw\u00e4chten Hautbarriere verliert die Haut viel Feuchtigkeit, wodurch die Haut austrocknet und juckt. Alle Maxani Hautshampoos enthalten Feuchthaltemittel wie Hyalurons\u00e4ure, um der Haut Feuchtigkeit und Elastizit\u00e4t zur\u00fcckzugeben. Hyalurons\u00e4ure und Honig sorgen zusammen mit Panthenol auch f\u00fcr ein trockenes und stumpfes Fell. Honig tr\u00e4gt zu einer guten Mikro\ufb02ora bei und hilft aufgrund der enthaltenen Vitamine und Mineralien, Juckreiz und Schuppenbildung zu reduzieren. Dar\u00fcber hinaus enth\u00e4lt jedes Maxani Hautshampoo einzigartige Inhaltsstoffe, die auf die spezifischen Bed\u00fcrfnisse von Haustieren mit Hautproblemen abgestimmt sind.<\/p>\n<\/div>\n<\/div>\n<\/div>\n<\/div>\n<\/div>\n\n\t\t<\/div>\n\t\t\t\t\t<\/div>\n\n\t\n\n\t<div id=\"col-1602238857\" class=\"col medium-4 small-12 large-4\"  >\n\t\t\t\t<div class=\"col-inner\"  >\n\t\t\t\n\t\t\t\n\n\n\t\t<\/div>\n\t\t\t\t\t<\/div>\n\n\t\n\n<\/div>\n\n\t\t<\/div>\n\n\t\t\n<style>\n#section_616094091 {\n  padding-top: 60px;\n  padding-bottom: 60px;\n  min-height: 300px;\n}\n<\/style>\n\t<\/section>","protected":false},"excerpt":{"rendered":"","protected":false},"author":1,"featured_media":0,"parent":0,"menu_order":0,"comment_status":"closed","ping_status":"closed","template":"page-blank.php","meta":{"footnotes":""},"class_list":["post-11807","page","type-page","status-publish","hentry"],"yoast_head":"<!-- This site is optimized with the Yoast SEO plugin v27.1.1 - https:\/\/yoast.com\/product\/yoast-seo-wordpress\/ -->\n<title>Unieke formule - Maxani Animal Healthcare BV<\/title>\n<meta name=\"robots\" content=\"index, follow, max-snippet:-1, max-image-preview:large, max-video-preview:-1\" \/>\n<link rel=\"canonical\" href=\"https:\/\/maxani.nl\/de\/unieke-formule\/\" \/>\n<meta property=\"og:locale\" content=\"de_DE\" \/>\n<meta property=\"og:type\" content=\"article\" \/>\n<meta property=\"og:title\" content=\"Unieke formule - Maxani Animal Healthcare BV\" \/>\n<meta property=\"og:url\" content=\"https:\/\/maxani.nl\/de\/unieke-formule\/\" \/>\n<meta property=\"og:site_name\" content=\"Maxani Animal Healthcare BV\" \/>\n<meta property=\"article:modified_time\" content=\"2025-05-30T14:03:25+00:00\" \/>\n<meta name=\"twitter:card\" content=\"summary_large_image\" \/>\n<script type=\"application\/ld+json\" class=\"yoast-schema-graph\">{\"@context\":\"https:\/\/schema.org\",\"@graph\":[{\"@type\":\"WebPage\",\"@id\":\"https:\/\/maxani.nl\/unieke-formule\/\",\"url\":\"https:\/\/maxani.nl\/unieke-formule\/\",\"name\":\"Unieke formule - Maxani Animal Healthcare BV\",\"isPartOf\":{\"@id\":\"https:\/\/maxani.nl\/#website\"},\"datePublished\":\"2023-07-07T17:30:57+00:00\",\"dateModified\":\"2025-05-30T14:03:25+00:00\",\"breadcrumb\":{\"@id\":\"https:\/\/maxani.nl\/unieke-formule\/#breadcrumb\"},\"inLanguage\":\"de\",\"potentialAction\":[{\"@type\":\"ReadAction\",\"target\":[\"https:\/\/maxani.nl\/unieke-formule\/\"]}]},{\"@type\":\"BreadcrumbList\",\"@id\":\"https:\/\/maxani.nl\/unieke-formule\/#breadcrumb\",\"itemListElement\":[{\"@type\":\"ListItem\",\"position\":1,\"name\":\"Home\",\"item\":\"https:\/\/maxani.nl\/\"},{\"@type\":\"ListItem\",\"position\":2,\"name\":\"Unieke formule\"}]},{\"@type\":\"WebSite\",\"@id\":\"https:\/\/maxani.nl\/#website\",\"url\":\"https:\/\/maxani.nl\/\",\"name\":\"Maxani Animal Healthcare BV\",\"description\":\"Uw partner in veterinaire dermatologie\",\"potentialAction\":[{\"@type\":\"SearchAction\",\"target\":{\"@type\":\"EntryPoint\",\"urlTemplate\":\"https:\/\/maxani.nl\/?s={search_term_string}\"},\"query-input\":{\"@type\":\"PropertyValueSpecification\",\"valueRequired\":true,\"valueName\":\"search_term_string\"}}],\"inLanguage\":\"de\"}]}<\/script>\n<!-- \/ Yoast SEO plugin. -->","yoast_head_json":{"title":"Unieke formule - Maxani Animal Healthcare BV","robots":{"index":"index","follow":"follow","max-snippet":"max-snippet:-1","max-image-preview":"max-image-preview:large","max-video-preview":"max-video-preview:-1"},"canonical":"https:\/\/maxani.nl\/de\/unieke-formule\/","og_locale":"de_DE","og_type":"article","og_title":"Unieke formule - Maxani Animal Healthcare BV","og_url":"https:\/\/maxani.nl\/de\/unieke-formule\/","og_site_name":"Maxani Animal Healthcare BV","article_modified_time":"2025-05-30T14:03:25+00:00","twitter_card":"summary_large_image","schema":{"@context":"https:\/\/schema.org","@graph":[{"@type":"WebPage","@id":"https:\/\/maxani.nl\/unieke-formule\/","url":"https:\/\/maxani.nl\/unieke-formule\/","name":"Unieke formule - Maxani Animal Healthcare BV","isPartOf":{"@id":"https:\/\/maxani.nl\/#website"},"datePublished":"2023-07-07T17:30:57+00:00","dateModified":"2025-05-30T14:03:25+00:00","breadcrumb":{"@id":"https:\/\/maxani.nl\/unieke-formule\/#breadcrumb"},"inLanguage":"de","potentialAction":[{"@type":"ReadAction","target":["https:\/\/maxani.nl\/unieke-formule\/"]}]},{"@type":"BreadcrumbList","@id":"https:\/\/maxani.nl\/unieke-formule\/#breadcrumb","itemListElement":[{"@type":"ListItem","position":1,"name":"Home","item":"https:\/\/maxani.nl\/"},{"@type":"ListItem","position":2,"name":"Unieke formule"}]},{"@type":"WebSite","@id":"https:\/\/maxani.nl\/#website","url":"https:\/\/maxani.nl\/","name":"Maxani Animal Healthcare BV","description":"Ihr Partner in der Veterin\u00e4rdermatologie","potentialAction":[{"@type":"SearchAction","target":{"@type":"EntryPoint","urlTemplate":"https:\/\/maxani.nl\/?s={search_term_string}"},"query-input":{"@type":"PropertyValueSpecification","valueRequired":true,"valueName":"search_term_string"}}],"inLanguage":"de"}]}},"jetpack_sharing_enabled":true,"_links":{"self":[{"href":"https:\/\/maxani.nl\/de\/wp-json\/wp\/v2\/pages\/11807","targetHints":{"allow":["GET"]}}],"collection":[{"href":"https:\/\/maxani.nl\/de\/wp-json\/wp\/v2\/pages"}],"about":[{"href":"https:\/\/maxani.nl\/de\/wp-json\/wp\/v2\/types\/page"}],"author":[{"embeddable":true,"href":"https:\/\/maxani.nl\/de\/wp-json\/wp\/v2\/users\/1"}],"replies":[{"embeddable":true,"href":"https:\/\/maxani.nl\/de\/wp-json\/wp\/v2\/comments?post=11807"}],"version-history":[{"count":6,"href":"https:\/\/maxani.nl\/de\/wp-json\/wp\/v2\/pages\/11807\/revisions"}],"predecessor-version":[{"id":17195,"href":"https:\/\/maxani.nl\/de\/wp-json\/wp\/v2\/pages\/11807\/revisions\/17195"}],"wp:attachment":[{"href":"https:\/\/maxani.nl\/de\/wp-json\/wp\/v2\/media?parent=11807"}],"curies":[{"name":"wp","href":"https:\/\/api.w.org\/{rel}","templated":true}]}}