{"id":11797,"date":"2023-07-07T17:23:32","date_gmt":"2023-07-07T17:23:32","guid":{"rendered":"https:\/\/maxani.nl\/?page_id=11797"},"modified":"2025-05-29T11:15:25","modified_gmt":"2025-05-29T11:15:25","slug":"privacy-beleid","status":"publish","type":"page","link":"https:\/\/maxani.nl\/de\/privacy-beleid\/","title":{"rendered":"Datenschutzbestimmungen"},"content":{"rendered":"<section class=\"section\" id=\"section_821780012\">\n\t\t<div class=\"section-bg fill\" >\n\t\t\t\t\t\t\t\t\t\n\t\t\t\n\t<div class=\"is-border\"\n\t\tstyle=\"border-color:rgb(235, 235, 235);border-width:1px 0px 0px 0px;\">\n\t<\/div>\n\n\t\t<\/div>\n\n\t\t\n\n\t\t<div class=\"section-content relative\">\n\t\t\t\n\n<div class=\"row\"  id=\"row-1251975846\">\n\n\n\t<div id=\"col-142043483\" class=\"col medium-8 small-12 large-8\"  >\n\t\t\t\t<div class=\"col-inner\"  >\n\t\t\t\n\t\t\t\n\n\t<div id=\"text-2780802454\" class=\"text\">\n\t\t\n\n<h1>Datenschutzbestimmungen<\/h1>\n\t\t\n<style>\n#text-2780802454 {\n  font-size: 1.4rem;\n}\n<\/style>\n\t<\/div>\n\t\n<p><em>Diese Seite wurde zuletzt am 25. Juli 2019 ge\u00e4ndert.<\/em><\/p>\n<p>Wir sind uns bewusst, dass Sie uns Ihr Vertrauen schenken. Wir sehen es daher als unsere Verantwortung an, Ihre Privatsph\u00e4re zu sch\u00fctzen. Auf dieser Seite erfahren Sie, welche Daten wir sammeln, wenn Sie unsere Website nutzen, warum wir diese Daten sammeln und wie wir sie verwenden, um Ihr Nutzererlebnis zu verbessern. Auf diese Weise werden Sie genau verstehen, wie wir arbeiten.<\/p>\n<p>Diese Datenschutzpolitik gilt f\u00fcr die Dienstleistungen von Maxani Animal Healthcare BV. Sie sollten sich bewusst sein, dass Maxani Animal Healthcare BV nicht f\u00fcr die Datenschutzpolitik anderer Websites und Quellen verantwortlich ist. Durch die Nutzung dieser Website erkl\u00e4ren Sie Ihr Einverst\u00e4ndnis mit der Datenschutzpolitik.<\/p>\n<p>Maxani Animal Healthcare BV respektiert die Privatsph\u00e4re aller Nutzer seiner Website und sorgt daf\u00fcr, dass die pers\u00f6nlichen Daten, die Sie uns zur Verf\u00fcgung stellen, vertraulich behandelt werden.<\/p>\n<p>\u00a0<\/p>\n<h4><strong>Inanspruchnahme unserer Dienstleistungen<\/strong><\/h4>\n<p>Wenn Sie sich auf unserer Website registrieren, bitten wir Sie um die Angabe pers\u00f6nlicher Daten. Diese Daten werden verwendet, um die Dienstleistung zu erbringen. Die Daten werden auf den eigenen sicheren Servern von Maxani Animal Healthcare BV oder auf denen eines Dritten gespeichert. Wir werden diese Daten nicht mit anderen pers\u00f6nlichen Daten in unserem Besitz kombinieren.<\/p>\n<p>\u00a0<\/p>\n<h4><strong>Kommunikation<\/strong><\/h4>\n<p>Wenn Sie uns eine E-Mail oder andere Nachrichten senden, k\u00f6nnen wir diese Nachrichten speichern. Manchmal werden wir Sie um Ihre pers\u00f6nlichen Daten bitten, die f\u00fcr die jeweilige Situation relevant sind. Dies erm\u00f6glicht uns, Ihre Fragen zu bearbeiten und Ihre Anfragen zu beantworten. Die Daten werden auf den eigenen sicheren Servern von Maxani Animal Healthcare BV oder auf denen eines Dritten gespeichert. Wir werden diese Daten nicht mit anderen pers\u00f6nlichen Daten in unserem Besitz kombinieren.<\/p>\n<p>\u00a0<\/p>\n<h4><strong>Cookies<\/strong><\/h4>\n<p>Wir sammeln Daten zu Forschungszwecken, um unsere Kunden besser zu verstehen, damit wir unsere Dienstleistungen entsprechend anpassen k\u00f6nnen.<\/p>\n<p>Diese Website verwendet \"Cookies\" (Textdateien, die auf Ihrem Computer gespeichert werden), damit die Website analysieren kann, wie die Benutzer die Website nutzen. Die von dem Cookie erzeugten Informationen \u00fcber Ihre Nutzung der Website k\u00f6nnen an die eigenen sicheren Server von Maxani Animal Healthcare BV oder an die eines Dritten \u00fcbertragen werden. Wir verwenden diese Informationen, um zu verfolgen, wie Sie die Website nutzen, um Berichte \u00fcber die Website-Aktivit\u00e4ten zu erstellen und um andere Dienstleistungen im Zusammenhang mit der Website-Aktivit\u00e4t und der Internetnutzung anzubieten.<\/p>\n<p>\u00a0<\/p>\n<h4><strong>Verwendungszwecke<\/strong><\/h4>\n<p>Wir sammeln oder verwenden keine Informationen f\u00fcr andere als die in dieser Datenschutzrichtlinie beschriebenen Zwecke, es sei denn, wir haben Ihre vorherige Zustimmung eingeholt.<\/p>\n<p>\u00a0<\/p>\n<h4><strong>Dritte Parteien<\/strong><\/h4>\n<p>Die Informationen werden nicht an Dritte weitergegeben. In einigen F\u00e4llen k\u00f6nnen die Informationen intern weitergegeben werden. Unsere Mitarbeiter sind verpflichtet, die Vertraulichkeit Ihrer Daten zu wahren.<\/p>\n<p>\u00a0<\/p>\n<h4><strong>\u00c4nderungen<\/strong><\/h4>\n<p>Diese Datenschutzerkl\u00e4rung ist auf die Nutzung und die Funktionen dieser Website zugeschnitten. Jegliche Anpassungen und\/oder \u00c4nderungen der Website k\u00f6nnen zu \u00c4nderungen dieser Datenschutzerkl\u00e4rung f\u00fchren. Es ist daher ratsam, diese Datenschutzerkl\u00e4rung regelm\u00e4\u00dfig zu lesen.<\/p>\n<p>\u00a0<\/p>\n<h4><strong>Wahlm\u00f6glichkeiten f\u00fcr personenbezogene Daten<\/strong><\/h4>\n<p>Wir bieten allen Besuchern die M\u00f6glichkeit, die uns zur Verf\u00fcgung gestellten pers\u00f6nlichen Daten einzusehen, zu \u00e4ndern oder zu l\u00f6schen.<\/p>\n<p>\u00a0<\/p>\n<h4><strong>Anpassen\/Abbestellen des Newsletter-Dienstes<\/strong><\/h4>\n<p>Am Ende jedes Mailings finden Sie die M\u00f6glichkeit, Ihre Angaben zu \u00e4ndern oder den Newsletter abzubestellen.<\/p>\n<p>\u00a0<\/p>\n<h4><strong>Kommunikation anpassen\/abbestellen<\/strong><\/h4>\n<p>Wenn Sie Ihre Daten \u00e4ndern oder aus unseren Dateien l\u00f6schen lassen m\u00f6chten, wenden Sie sich bitte an uns. Siehe Kontaktdaten unten.<\/p>\n<p>\u00a0<\/p>\n<h4><strong>Cookies deaktivieren<\/strong><\/h4>\n<p>Die meisten Browser sind so eingestellt, dass sie Cookies standardm\u00e4\u00dfig akzeptieren, aber Sie k\u00f6nnen Ihren Browser so einstellen, dass er alle Cookies ablehnt oder anzeigt, wenn ein Cookie gesendet wird. Einige Funktionen und Dienste auf unserer und anderen Websites funktionieren jedoch m\u00f6glicherweise nicht richtig, wenn Cookies in Ihrem Browser deaktiviert sind.<\/p>\n<p>\u00a0<\/p>\n<h4><strong>Fragen und Feedback<\/strong><\/h4>\n<p>Wir \u00fcberpr\u00fcfen regelm\u00e4\u00dfig die Einhaltung dieser Datenschutzrichtlinie. Wenn Sie Fragen zu dieser Datenschutzrichtlinie haben, kontaktieren Sie uns bitte:<\/p>\n<p>Maxani Animal Healthcare BV<br \/>Lark Avenue 14b<br \/>+31 (0)30 751 7067<br \/>info@maxani.nl<\/p>\n<p>\u00a0<\/p>\n\n\t\t<\/div>\n\t\t\t\t\t<\/div>\n\n\t\n\n<\/div>\n\n\t\t<\/div>\n\n\t\t\n<style>\n#section_821780012 {\n  padding-top: 60px;\n  padding-bottom: 60px;\n  min-height: 300px;\n}\n<\/style>\n\t<\/section>","protected":false},"excerpt":{"rendered":"","protected":false},"author":1,"featured_media":0,"parent":0,"menu_order":0,"comment_status":"closed","ping_status":"closed","template":"page-blank.php","meta":{"footnotes":""},"class_list":["post-11797","page","type-page","status-publish","hentry"],"yoast_head":"<!-- This site is optimized with the Yoast SEO plugin v27.1.1 - https:\/\/yoast.com\/product\/yoast-seo-wordpress\/ -->\n<title>Privacy beleid - Maxani Animal Healthcare BV<\/title>\n<meta name=\"robots\" content=\"index, follow, max-snippet:-1, max-image-preview:large, max-video-preview:-1\" \/>\n<link rel=\"canonical\" href=\"https:\/\/maxani.nl\/de\/privacy-beleid\/\" \/>\n<meta property=\"og:locale\" content=\"de_DE\" \/>\n<meta property=\"og:type\" content=\"article\" \/>\n<meta property=\"og:title\" content=\"Privacy beleid - Maxani Animal Healthcare BV\" \/>\n<meta property=\"og:url\" content=\"https:\/\/maxani.nl\/de\/privacy-beleid\/\" \/>\n<meta property=\"og:site_name\" content=\"Maxani Animal Healthcare BV\" \/>\n<meta property=\"article:modified_time\" content=\"2025-05-29T11:15:25+00:00\" \/>\n<meta name=\"twitter:card\" content=\"summary_large_image\" \/>\n<script type=\"application\/ld+json\" class=\"yoast-schema-graph\">{\"@context\":\"https:\/\/schema.org\",\"@graph\":[{\"@type\":\"WebPage\",\"@id\":\"https:\/\/maxani.nl\/privacy-beleid\/\",\"url\":\"https:\/\/maxani.nl\/privacy-beleid\/\",\"name\":\"Privacy beleid - Maxani Animal Healthcare BV\",\"isPartOf\":{\"@id\":\"https:\/\/maxani.nl\/#website\"},\"datePublished\":\"2023-07-07T17:23:32+00:00\",\"dateModified\":\"2025-05-29T11:15:25+00:00\",\"breadcrumb\":{\"@id\":\"https:\/\/maxani.nl\/privacy-beleid\/#breadcrumb\"},\"inLanguage\":\"de\",\"potentialAction\":[{\"@type\":\"ReadAction\",\"target\":[\"https:\/\/maxani.nl\/privacy-beleid\/\"]}]},{\"@type\":\"BreadcrumbList\",\"@id\":\"https:\/\/maxani.nl\/privacy-beleid\/#breadcrumb\",\"itemListElement\":[{\"@type\":\"ListItem\",\"position\":1,\"name\":\"Home\",\"item\":\"https:\/\/maxani.nl\/\"},{\"@type\":\"ListItem\",\"position\":2,\"name\":\"Privacy beleid\"}]},{\"@type\":\"WebSite\",\"@id\":\"https:\/\/maxani.nl\/#website\",\"url\":\"https:\/\/maxani.nl\/\",\"name\":\"Maxani Animal Healthcare BV\",\"description\":\"Uw partner in veterinaire dermatologie\",\"potentialAction\":[{\"@type\":\"SearchAction\",\"target\":{\"@type\":\"EntryPoint\",\"urlTemplate\":\"https:\/\/maxani.nl\/?s={search_term_string}\"},\"query-input\":{\"@type\":\"PropertyValueSpecification\",\"valueRequired\":true,\"valueName\":\"search_term_string\"}}],\"inLanguage\":\"de\"}]}<\/script>\n<!-- \/ Yoast SEO plugin. -->","yoast_head_json":{"title":"Privacy beleid - Maxani Animal Healthcare BV","robots":{"index":"index","follow":"follow","max-snippet":"max-snippet:-1","max-image-preview":"max-image-preview:large","max-video-preview":"max-video-preview:-1"},"canonical":"https:\/\/maxani.nl\/de\/privacy-beleid\/","og_locale":"de_DE","og_type":"article","og_title":"Privacy beleid - Maxani Animal Healthcare BV","og_url":"https:\/\/maxani.nl\/de\/privacy-beleid\/","og_site_name":"Maxani Animal Healthcare BV","article_modified_time":"2025-05-29T11:15:25+00:00","twitter_card":"summary_large_image","schema":{"@context":"https:\/\/schema.org","@graph":[{"@type":"WebPage","@id":"https:\/\/maxani.nl\/privacy-beleid\/","url":"https:\/\/maxani.nl\/privacy-beleid\/","name":"Privacy beleid - Maxani Animal Healthcare BV","isPartOf":{"@id":"https:\/\/maxani.nl\/#website"},"datePublished":"2023-07-07T17:23:32+00:00","dateModified":"2025-05-29T11:15:25+00:00","breadcrumb":{"@id":"https:\/\/maxani.nl\/privacy-beleid\/#breadcrumb"},"inLanguage":"de","potentialAction":[{"@type":"ReadAction","target":["https:\/\/maxani.nl\/privacy-beleid\/"]}]},{"@type":"BreadcrumbList","@id":"https:\/\/maxani.nl\/privacy-beleid\/#breadcrumb","itemListElement":[{"@type":"ListItem","position":1,"name":"Home","item":"https:\/\/maxani.nl\/"},{"@type":"ListItem","position":2,"name":"Privacy beleid"}]},{"@type":"WebSite","@id":"https:\/\/maxani.nl\/#website","url":"https:\/\/maxani.nl\/","name":"Maxani Animal Healthcare BV","description":"Ihr Partner in der Veterin\u00e4rdermatologie","potentialAction":[{"@type":"SearchAction","target":{"@type":"EntryPoint","urlTemplate":"https:\/\/maxani.nl\/?s={search_term_string}"},"query-input":{"@type":"PropertyValueSpecification","valueRequired":true,"valueName":"search_term_string"}}],"inLanguage":"de"}]}},"jetpack_sharing_enabled":true,"_links":{"self":[{"href":"https:\/\/maxani.nl\/de\/wp-json\/wp\/v2\/pages\/11797","targetHints":{"allow":["GET"]}}],"collection":[{"href":"https:\/\/maxani.nl\/de\/wp-json\/wp\/v2\/pages"}],"about":[{"href":"https:\/\/maxani.nl\/de\/wp-json\/wp\/v2\/types\/page"}],"author":[{"embeddable":true,"href":"https:\/\/maxani.nl\/de\/wp-json\/wp\/v2\/users\/1"}],"replies":[{"embeddable":true,"href":"https:\/\/maxani.nl\/de\/wp-json\/wp\/v2\/comments?post=11797"}],"version-history":[{"count":3,"href":"https:\/\/maxani.nl\/de\/wp-json\/wp\/v2\/pages\/11797\/revisions"}],"predecessor-version":[{"id":17192,"href":"https:\/\/maxani.nl\/de\/wp-json\/wp\/v2\/pages\/11797\/revisions\/17192"}],"wp:attachment":[{"href":"https:\/\/maxani.nl\/de\/wp-json\/wp\/v2\/media?parent=11797"}],"curies":[{"name":"wp","href":"https:\/\/api.w.org\/{rel}","templated":true}]}}