{"id":11789,"date":"2023-07-07T17:16:14","date_gmt":"2023-07-07T17:16:14","guid":{"rendered":"https:\/\/maxani.nl\/?page_id=11789"},"modified":"2023-07-14T14:09:36","modified_gmt":"2023-07-14T14:09:36","slug":"maxani","status":"publish","type":"page","link":"https:\/\/maxani.nl\/de\/maxani\/","title":{"rendered":"Maxani Produktinformation"},"content":{"rendered":"<section class=\"section\" id=\"section_1342523753\">\n\t\t<div class=\"section-bg fill\" >\n\t\t\t<img loading=\"lazy\" decoding=\"async\" width=\"1718\" height=\"2560\" src=\"https:\/\/maxani.nl\/wp-content\/uploads\/2023\/07\/Achtergrond-voor-website-Maxani2-scaled.jpg\" class=\"bg attachment-original size-original\" alt=\"\" \/>\t\t\t\t\t\t\n\t\t\t\n\t<div class=\"is-border\"\n\t\tstyle=\"border-color:rgb(235, 235, 235);border-width:1px 0px 0px 0px;\">\n\t<\/div>\n\n\t\t<\/div>\n\n\t\t\n\n\t\t<div class=\"section-content relative\">\n\t\t\t\n\n<div class=\"row\"  id=\"row-969951880\">\n\n\n\t<div id=\"col-277518774\" class=\"col medium-8 small-12 large-8\"  >\n\t\t\t\t<div class=\"col-inner\"  >\n\t\t\t\n\t\t\t\n\n<div class=\"pp-heading  pp-center\">\n<h1 class=\"heading-title\"><span class=\"title-text pp-primary-title\">Produktinformation und Vertiefung<\/span><\/h1>\n<\/div>\n<div class=\"pp-sub-heading\">\n<p>Das Maxani-Sortiment umfasst eine breite Palette an dermatologischen Produkten von\u00a0<a href=\"https:\/\/maxani.nl\/de\/maxani-2\/\">Maxani<\/a>. Die Produkte bestehen aus hochwertigen Inhaltsstoffen, von denen die wichtigsten auf dieser Seite hervorgehoben werden.\u00a0<\/p>\n<\/div>\n<a href=\"https:\/\/maxani.nl\/de\/maxani-2\/\" class=\"button primary is-small\" >\n\t\t<span>Mehr zu den Produkten<\/span>\n\t<\/a>\n\n\n\n\t\t<\/div>\n\t\t\t\t\t<\/div>\n\n\t\n\n\t<div id=\"col-548661428\" class=\"col medium-4 small-12 large-4\"  >\n\t\t\t\t<div class=\"col-inner\"  >\n\t\t\t\n\t\t\t\n\n\t<div class=\"img has-hover x md-x lg-x y md-y lg-y\" id=\"image_1841941889\">\n\t\t\t\t\t\t\t\t<div class=\"img-inner dark\" >\n\t\t\t<img loading=\"lazy\" decoding=\"async\" width=\"1024\" height=\"277\" src=\"https:\/\/maxani.nl\/wp-content\/uploads\/2023\/06\/Maxani-logo-klein.png\" class=\"attachment-original size-original\" alt=\"\" srcset=\"https:\/\/maxani.nl\/wp-content\/uploads\/2023\/06\/Maxani-logo-klein.png 1024w, https:\/\/maxani.nl\/wp-content\/uploads\/2023\/06\/Maxani-logo-klein-510x138.png 510w, https:\/\/maxani.nl\/wp-content\/uploads\/2023\/06\/Maxani-logo-klein-300x81.png 300w, https:\/\/maxani.nl\/wp-content\/uploads\/2023\/06\/Maxani-logo-klein-768x208.png 768w\" sizes=\"auto, (max-width: 1024px) 100vw, 1024px\" \/>\t\t\t\t\t\t\n\t\t\t\t\t<\/div>\n\t\t\t\t\t\t\t\t\n<style>\n#image_1841941889 {\n  width: 100%;\n}\n<\/style>\n\t<\/div>\n\t\n\n\n\t\t<\/div>\n\t\t\t\t\t<\/div>\n\n\t\n\n<\/div>\n<div class=\"row\"  id=\"row-346122300\">\n\n\n\t<div id=\"col-1774549724\" class=\"col medium-6 small-12 large-6\"  >\n\t\t\t\t<div class=\"col-inner\"  >\n\t\t\t\n\t\t\t\n\n<div class=\"fl-module fl-module-heading fl-node-5f1fe9dd0492a\" data-node=\"5f1fe9dd0492a\">\n<div class=\"fl-module-content fl-node-content\">\n<h2 class=\"fl-heading\"><span class=\"fl-heading-text\">Hyalurons\u00e4ure<\/span><\/h2>\n<\/div>\n<\/div>\n<div class=\"fl-module fl-module-rich-text fl-node-5f1fe9afcb412\" data-node=\"5f1fe9afcb412\">\n<div class=\"fl-module-content fl-node-content\">\n<div class=\"fl-rich-text\">\n<p>Viele unserer Produkte enthalten Hyalurons\u00e4ure: ein leistungsstarker, nat\u00fcrlicher Inhaltsstoff, der die Haut aufpolstert. Hyalurons\u00e4ure wird in der Welt der Hautpflege immer bekannter. Und das aus gutem Grund! Dieser Inhaltsstoff ist nicht nur f\u00fcr Menschen, sondern auch f\u00fcr Tiere von gro\u00dfem Nutzen. Hyalurons\u00e4ure kommt nat\u00fcrlich in der menschlichen und tierischen Haut vor. Ein enke<span class=\"text_exposed_show\">le Hyalurons\u00e4uremolek\u00fcle k\u00f6nnen bis zum 1000-fachen ihres Eigengewichts an Wasser aufnehmen, so dass sie die Haut gut mit Feuchtigkeit versorgen k\u00f6nnen. Hyalurons\u00e4ure reguliert auf nat\u00fcrliche Weise die Feuchtigkeitsaufnahme und bietet der Haut einen langfristigen Schutz. Dar\u00fcber hinaus st\u00e4rkt Hyalurons\u00e4ure die Elastizit\u00e4t der Haut, was zu gesunder, elastischer Haut und Fell f\u00fchrt.<\/span><\/p>\n<\/div>\n<\/div>\n<\/div>\n\n\t\t<\/div>\n\t\t\t\t\t<\/div>\n\n\t\n\n\t<div id=\"col-2100802001\" class=\"col medium-6 small-12 large-6\"  >\n\t\t\t\t<div class=\"col-inner\"  >\n\t\t\t\n\t\t\t\n\n<div class=\"fl-module fl-module-heading fl-node-5f1fe9ee2204a\" data-node=\"5f1fe9ee2204a\">\n<div class=\"fl-module-content fl-node-content\">\n<h2 class=\"fl-heading\"><span class=\"fl-heading-text\">Hautfette<\/span><\/h2>\n<\/div>\n<\/div>\n<div class=\"fl-module fl-module-rich-text fl-node-5f1fe9c07287f\" data-node=\"5f1fe9c07287f\">\n<div class=\"fl-module-content fl-node-content\">\n<div class=\"fl-rich-text\">\n<p>Die Haut besteht aus mehreren Schichten. Die oberste Schicht ist die Epidermis (Oberhaut), eine Schicht, die die darunter liegenden Schichten sch\u00fctzt. Die Epidermis kann man sich wie eine Wand aus Baukl\u00f6tzen und Zement vorstellen. Wenn die Bausteine sauber nebeneinander liegen und der Zement alles gut zusammenh\u00e4lt, ist die Hautbarriere vor \u00e4u\u00dferen Einfl\u00fcssen gesch\u00fctzt. Die Hautlipide, bestehend aus Ceramiden, Cholesterin und Fetts\u00e4uren, bieten den Bausteinen zus\u00e4tzlichen Schutz. Deshalb ist es wichtig, diese Stoffe bei einer Sch\u00e4digung der Haut wieder aufzuf\u00fcllen, damit die Hautbarriere wieder st\u00e4rker wird. Maxani Hautshampoos enthalten diese wichtigen Stoffe und leisten damit einen wichtigen Beitrag zur Hautreparatur.<\/p>\n<\/div>\n<\/div>\n<\/div>\n\n\t\t<\/div>\n\t\t\t\t\t<\/div>\n\n\t\n\n<\/div>\n\n\t\t<\/div>\n\n\t\t\n<style>\n#section_1342523753 {\n  padding-top: 60px;\n  padding-bottom: 60px;\n  min-height: 300px;\n}\n<\/style>\n\t<\/section>","protected":false},"excerpt":{"rendered":"","protected":false},"author":1,"featured_media":0,"parent":0,"menu_order":0,"comment_status":"closed","ping_status":"closed","template":"page-blank.php","meta":{"footnotes":""},"class_list":["post-11789","page","type-page","status-publish","hentry"],"yoast_head":"<!-- This site is optimized with the Yoast SEO plugin v27.5 - https:\/\/yoast.com\/product\/yoast-seo-wordpress\/ -->\n<title>Maxani productinformatie - Maxani Animal Healthcare BV<\/title>\n<meta name=\"robots\" content=\"index, follow, max-snippet:-1, max-image-preview:large, max-video-preview:-1\" \/>\n<link rel=\"canonical\" href=\"https:\/\/maxani.nl\/de\/maxani\/\" \/>\n<meta property=\"og:locale\" content=\"de_DE\" \/>\n<meta property=\"og:type\" content=\"article\" \/>\n<meta property=\"og:title\" content=\"Maxani productinformatie - Maxani Animal Healthcare BV\" \/>\n<meta property=\"og:url\" content=\"https:\/\/maxani.nl\/de\/maxani\/\" \/>\n<meta property=\"og:site_name\" content=\"Maxani Animal Healthcare BV\" \/>\n<meta property=\"article:modified_time\" content=\"2023-07-14T14:09:36+00:00\" \/>\n<meta name=\"twitter:card\" content=\"summary_large_image\" \/>\n<script type=\"application\/ld+json\" class=\"yoast-schema-graph\">{\"@context\":\"https:\\\/\\\/schema.org\",\"@graph\":[{\"@type\":\"WebPage\",\"@id\":\"https:\\\/\\\/maxani.nl\\\/maxani\\\/\",\"url\":\"https:\\\/\\\/maxani.nl\\\/maxani\\\/\",\"name\":\"Maxani productinformatie - Maxani Animal Healthcare BV\",\"isPartOf\":{\"@id\":\"https:\\\/\\\/maxani.nl\\\/#website\"},\"datePublished\":\"2023-07-07T17:16:14+00:00\",\"dateModified\":\"2023-07-14T14:09:36+00:00\",\"breadcrumb\":{\"@id\":\"https:\\\/\\\/maxani.nl\\\/maxani\\\/#breadcrumb\"},\"inLanguage\":\"de\",\"potentialAction\":[{\"@type\":\"ReadAction\",\"target\":[\"https:\\\/\\\/maxani.nl\\\/maxani\\\/\"]}]},{\"@type\":\"BreadcrumbList\",\"@id\":\"https:\\\/\\\/maxani.nl\\\/maxani\\\/#breadcrumb\",\"itemListElement\":[{\"@type\":\"ListItem\",\"position\":1,\"name\":\"Home\",\"item\":\"https:\\\/\\\/maxani.nl\\\/\"},{\"@type\":\"ListItem\",\"position\":2,\"name\":\"Maxani productinformatie\"}]},{\"@type\":\"WebSite\",\"@id\":\"https:\\\/\\\/maxani.nl\\\/#website\",\"url\":\"https:\\\/\\\/maxani.nl\\\/\",\"name\":\"Maxani Animal Healthcare BV\",\"description\":\"Uw partner in veterinaire dermatologie\",\"potentialAction\":[{\"@type\":\"SearchAction\",\"target\":{\"@type\":\"EntryPoint\",\"urlTemplate\":\"https:\\\/\\\/maxani.nl\\\/?s={search_term_string}\"},\"query-input\":{\"@type\":\"PropertyValueSpecification\",\"valueRequired\":true,\"valueName\":\"search_term_string\"}}],\"inLanguage\":\"de\"}]}<\/script>\n<!-- \/ Yoast SEO plugin. -->","yoast_head_json":{"title":"Maxani productinformatie - Maxani Animal Healthcare BV","robots":{"index":"index","follow":"follow","max-snippet":"max-snippet:-1","max-image-preview":"max-image-preview:large","max-video-preview":"max-video-preview:-1"},"canonical":"https:\/\/maxani.nl\/de\/maxani\/","og_locale":"de_DE","og_type":"article","og_title":"Maxani productinformatie - Maxani Animal Healthcare BV","og_url":"https:\/\/maxani.nl\/de\/maxani\/","og_site_name":"Maxani Animal Healthcare BV","article_modified_time":"2023-07-14T14:09:36+00:00","twitter_card":"summary_large_image","schema":{"@context":"https:\/\/schema.org","@graph":[{"@type":"WebPage","@id":"https:\/\/maxani.nl\/maxani\/","url":"https:\/\/maxani.nl\/maxani\/","name":"Maxani productinformatie - Maxani Animal Healthcare BV","isPartOf":{"@id":"https:\/\/maxani.nl\/#website"},"datePublished":"2023-07-07T17:16:14+00:00","dateModified":"2023-07-14T14:09:36+00:00","breadcrumb":{"@id":"https:\/\/maxani.nl\/maxani\/#breadcrumb"},"inLanguage":"de","potentialAction":[{"@type":"ReadAction","target":["https:\/\/maxani.nl\/maxani\/"]}]},{"@type":"BreadcrumbList","@id":"https:\/\/maxani.nl\/maxani\/#breadcrumb","itemListElement":[{"@type":"ListItem","position":1,"name":"Home","item":"https:\/\/maxani.nl\/"},{"@type":"ListItem","position":2,"name":"Maxani productinformatie"}]},{"@type":"WebSite","@id":"https:\/\/maxani.nl\/#website","url":"https:\/\/maxani.nl\/","name":"Maxani Animal Healthcare BV","description":"Ihr Partner in der Veterin\u00e4rdermatologie","potentialAction":[{"@type":"SearchAction","target":{"@type":"EntryPoint","urlTemplate":"https:\/\/maxani.nl\/?s={search_term_string}"},"query-input":{"@type":"PropertyValueSpecification","valueRequired":true,"valueName":"search_term_string"}}],"inLanguage":"de"}]}},"jetpack_sharing_enabled":true,"_links":{"self":[{"href":"https:\/\/maxani.nl\/de\/wp-json\/wp\/v2\/pages\/11789","targetHints":{"allow":["GET"]}}],"collection":[{"href":"https:\/\/maxani.nl\/de\/wp-json\/wp\/v2\/pages"}],"about":[{"href":"https:\/\/maxani.nl\/de\/wp-json\/wp\/v2\/types\/page"}],"author":[{"embeddable":true,"href":"https:\/\/maxani.nl\/de\/wp-json\/wp\/v2\/users\/1"}],"replies":[{"embeddable":true,"href":"https:\/\/maxani.nl\/de\/wp-json\/wp\/v2\/comments?post=11789"}],"version-history":[{"count":3,"href":"https:\/\/maxani.nl\/de\/wp-json\/wp\/v2\/pages\/11789\/revisions"}],"predecessor-version":[{"id":12520,"href":"https:\/\/maxani.nl\/de\/wp-json\/wp\/v2\/pages\/11789\/revisions\/12520"}],"wp:attachment":[{"href":"https:\/\/maxani.nl\/de\/wp-json\/wp\/v2\/media?parent=11789"}],"curies":[{"name":"wp","href":"https:\/\/api.w.org\/{rel}","templated":true}]}}