{"id":11787,"date":"2023-07-07T17:15:21","date_gmt":"2023-07-07T17:15:21","guid":{"rendered":"https:\/\/maxani.nl\/?page_id=11787"},"modified":"2025-05-19T16:00:41","modified_gmt":"2025-05-19T16:00:41","slug":"masivet-informatie-voor-dierenartsen","status":"publish","type":"page","link":"https:\/\/maxani.nl\/de\/masivet-informatie-voor-dierenartsen\/","title":{"rendered":"Masivet Informationen f\u00fcr Tier\u00e4rzte"},"content":{"rendered":"<section class=\"section\" id=\"section_2115192408\">\n\t\t<div class=\"section-bg fill\" >\n\t\t\t\t\t\t\t\t\t\n\t\t\t\n\t<div class=\"is-border\"\n\t\tstyle=\"border-color:rgb(235, 235, 235);border-width:1px 0px 0px 0px;\">\n\t<\/div>\n\n\t\t<\/div>\n\n\t\t\n\n\t\t<div class=\"section-content relative\">\n\t\t\t\n\n<div class=\"row\"  id=\"row-1844940601\">\n\n\n\t<div id=\"col-2086367855\" class=\"col medium-8 small-12 large-8\"  >\n\t\t\t\t<div class=\"col-inner\"  >\n\t\t\t\n\t\t\t\n\n<div class=\"pp-heading  pp-center\">\u00a0<\/div>\n<div class=\"pp-sub-heading\">\n<h1><span style=\"font-size: 25.92px; color: #333333;\">Masivet\u00ae Informationen f\u00fcr Tier\u00e4rzte<\/span><\/h1>\n<div class=\"pp-sub-heading\">\n<p>Masivet\u00ae ist f\u00fcr die Behandlung von inoperablen Mastzelltumoren bei Hunden (Grad 2 oder 3) oder als Nachbehandlung nach (teilweiser) Entfernung des Tumors bestimmt. Das Medikament ist ein Tyrosinkinase-Inhibitor und \u00e4hnlich wie Palladia\u00ae. Masivet\u00ae wirkt auf den KIT-Rezeptor. Dieser Tyrosinkinaserezeptor reguliert das Wachstum oder die Zellteilung bestimmter Zellen. Bei 15-40% von Mastzelltumoren entsteht der Krebs durch eine Sch\u00e4digung des KIT-Rezeptors. Der Rezeptor ist st\u00e4ndig eingeschaltet, und deshalb wachsen die Zellen weiter und teilen sich. Masivet\u00ae schaltet den KIT-Rezeptor wieder \"aus\". Die Verabreichung erfolgt \u00fcber 50 mg oder 150 mg Tabletten. Die Tabletten sollten nicht zerbrochen werden.<\/p>\n<p>Nehmen Sie\u00a0<a href=\"https:\/\/maxani.nl\/de\/contact\/\">Telefonischer Kontakt<\/a>\u00a0Wenden Sie sich an Maxani, wenn Sie als Tierarzt Masivet\u00ae zum ersten Mal bestellen m\u00f6chten oder weitere Informationen \u00fcber Masivet\u00ae w\u00fcnschen. Wenn Sie eine Nachbestellung aufgeben m\u00f6chten, melden Sie sich bitte im\u00a0<a href=\"https:\/\/maxani.nl\/de\/webshop\/\">Webshop<\/a>. F\u00fcr Tierhalter ist dieses Produkt nur \u00fcber den Tierarzt erh\u00e4ltlich. Weitere Informationen zu Masivet\u00ae finden Sie unten.<\/p>\n<p>Masivet\u00ae wird von AB Science in Frankreich versandt und in Rechnung gestellt. Die Lieferfrist betr\u00e4gt daher 4 bis 5 Arbeitstage. Eine Dose Masivet\u00ae enth\u00e4lt 30 Tabletten.<\/p>\n<ul>\n<li>50 mg Masivet\u00ae, Zulassungsnummer: 100191<\/li>\n<li>150 mg Masivet\u00ae, Zulassungsnummer: 100198<\/li>\n<\/ul>\n<h4>\u00a0<\/h4>\n<h4>Wie funktioniert Masivet\u00ae?<\/h4>\n<p>Masivet\u00ae enth\u00e4lt den Wirkstoff Masitinib. Masitinib ist ein Protein-Tyrosin-Kinase (PTK)-Inhibitor zur Behandlung von Mastzelltumoren, der auf c-KIT wirkt. C-KIT ist ein Rezeptor f\u00fcr Mastzellwachstumsfaktoren und befindet sich in der Zellwand. C-KIT kommt bei allen Menschen und Tieren vor und spielt eine wichtige Rolle f\u00fcr die normale Physiologie der Zelle. C-KIT spielt eine Rolle bei der Kommunikation, Entwicklung, Teilung und dem Wachstum von Zellen durch Phosphorylierung von Proteinen. Es fungiert als eine Art Ein\/Aus-Schalter f\u00fcr diese Zellfunktionen. Mutationen im c-KIT-Gen finden sich bei 20% der Mastzelltumoren bei Hunden. C-KIT ist ein Proto-\/Onkogen, das, wenn es mutiert ist, eine erh\u00f6hte Proliferation verursachen kann. Eine weitere Ursache von Mastzelltumoren ist, dass das c-KIT st\u00e4ndig \"eingeschaltet\" ist, ohne dass es durch Bindung des Mastzellwachstumsfaktors Signale gibt. Dieses c-KIT scheint \"s\u00fcchtig nach ATP\" zu sein und phosphoryliert daher weiterhin Proteine und sendet Signale f\u00fcr Wachstum und Teilung in der Zelle. Ein c-KIT-Test bringt daher in den meisten F\u00e4llen keine endg\u00fcltige Antwort auf die Frage, ob eine Behandlung mit Masivet\u00ae erfolgreich ist oder nicht, da er nach einer Genmutation sucht, die nur bei 20% der Mastzelltumoren die Ursache ist.<\/p>\n<\/div>\n<\/div>\n\n\t\t<\/div>\n\t\t\t\t\t<\/div>\n\n\t\n\n\t<div id=\"col-616727942\" class=\"col medium-4 small-12 large-4\"  >\n\t\t\t\t<div class=\"col-inner\"  >\n\t\t\t\n\t\t\t\n\n\n\t\t<\/div>\n\t\t\t\t\t<\/div>\n\n\t\n\n<\/div>\n\n\t\t<\/div>\n\n\t\t\n<style>\n#section_2115192408 {\n  padding-top: 60px;\n  padding-bottom: 60px;\n  min-height: 300px;\n}\n<\/style>\n\t<\/section>","protected":false},"excerpt":{"rendered":"","protected":false},"author":1,"featured_media":0,"parent":0,"menu_order":0,"comment_status":"closed","ping_status":"closed","template":"page-blank.php","meta":{"footnotes":""},"class_list":["post-11787","page","type-page","status-publish","hentry"],"yoast_head":"<!-- This site is optimized with the Yoast SEO plugin v27.1.1 - https:\/\/yoast.com\/product\/yoast-seo-wordpress\/ -->\n<title>Masivet informatie voor dierenartsen - Maxani Animal Healthcare BV<\/title>\n<meta name=\"robots\" content=\"index, follow, max-snippet:-1, max-image-preview:large, max-video-preview:-1\" \/>\n<link rel=\"canonical\" href=\"https:\/\/maxani.nl\/de\/masivet-informatie-voor-dierenartsen\/\" \/>\n<meta property=\"og:locale\" content=\"de_DE\" \/>\n<meta property=\"og:type\" content=\"article\" \/>\n<meta property=\"og:title\" content=\"Masivet informatie voor dierenartsen - Maxani Animal Healthcare BV\" \/>\n<meta property=\"og:url\" content=\"https:\/\/maxani.nl\/de\/masivet-informatie-voor-dierenartsen\/\" \/>\n<meta property=\"og:site_name\" content=\"Maxani Animal Healthcare BV\" \/>\n<meta property=\"article:modified_time\" content=\"2025-05-19T16:00:41+00:00\" \/>\n<meta name=\"twitter:card\" content=\"summary_large_image\" \/>\n<script type=\"application\/ld+json\" class=\"yoast-schema-graph\">{\"@context\":\"https:\/\/schema.org\",\"@graph\":[{\"@type\":\"WebPage\",\"@id\":\"https:\/\/maxani.nl\/masivet-informatie-voor-dierenartsen\/\",\"url\":\"https:\/\/maxani.nl\/masivet-informatie-voor-dierenartsen\/\",\"name\":\"Masivet informatie voor dierenartsen - Maxani Animal Healthcare BV\",\"isPartOf\":{\"@id\":\"https:\/\/maxani.nl\/#website\"},\"datePublished\":\"2023-07-07T17:15:21+00:00\",\"dateModified\":\"2025-05-19T16:00:41+00:00\",\"breadcrumb\":{\"@id\":\"https:\/\/maxani.nl\/masivet-informatie-voor-dierenartsen\/#breadcrumb\"},\"inLanguage\":\"de\",\"potentialAction\":[{\"@type\":\"ReadAction\",\"target\":[\"https:\/\/maxani.nl\/masivet-informatie-voor-dierenartsen\/\"]}]},{\"@type\":\"BreadcrumbList\",\"@id\":\"https:\/\/maxani.nl\/masivet-informatie-voor-dierenartsen\/#breadcrumb\",\"itemListElement\":[{\"@type\":\"ListItem\",\"position\":1,\"name\":\"Home\",\"item\":\"https:\/\/maxani.nl\/\"},{\"@type\":\"ListItem\",\"position\":2,\"name\":\"Masivet informatie voor dierenartsen\"}]},{\"@type\":\"WebSite\",\"@id\":\"https:\/\/maxani.nl\/#website\",\"url\":\"https:\/\/maxani.nl\/\",\"name\":\"Maxani Animal Healthcare BV\",\"description\":\"Uw partner in veterinaire dermatologie\",\"potentialAction\":[{\"@type\":\"SearchAction\",\"target\":{\"@type\":\"EntryPoint\",\"urlTemplate\":\"https:\/\/maxani.nl\/?s={search_term_string}\"},\"query-input\":{\"@type\":\"PropertyValueSpecification\",\"valueRequired\":true,\"valueName\":\"search_term_string\"}}],\"inLanguage\":\"de\"}]}<\/script>\n<!-- \/ Yoast SEO plugin. -->","yoast_head_json":{"title":"Masivet informatie voor dierenartsen - Maxani Animal Healthcare BV","robots":{"index":"index","follow":"follow","max-snippet":"max-snippet:-1","max-image-preview":"max-image-preview:large","max-video-preview":"max-video-preview:-1"},"canonical":"https:\/\/maxani.nl\/de\/masivet-informatie-voor-dierenartsen\/","og_locale":"de_DE","og_type":"article","og_title":"Masivet informatie voor dierenartsen - Maxani Animal Healthcare BV","og_url":"https:\/\/maxani.nl\/de\/masivet-informatie-voor-dierenartsen\/","og_site_name":"Maxani Animal Healthcare BV","article_modified_time":"2025-05-19T16:00:41+00:00","twitter_card":"summary_large_image","schema":{"@context":"https:\/\/schema.org","@graph":[{"@type":"WebPage","@id":"https:\/\/maxani.nl\/masivet-informatie-voor-dierenartsen\/","url":"https:\/\/maxani.nl\/masivet-informatie-voor-dierenartsen\/","name":"Masivet informatie voor dierenartsen - Maxani Animal Healthcare BV","isPartOf":{"@id":"https:\/\/maxani.nl\/#website"},"datePublished":"2023-07-07T17:15:21+00:00","dateModified":"2025-05-19T16:00:41+00:00","breadcrumb":{"@id":"https:\/\/maxani.nl\/masivet-informatie-voor-dierenartsen\/#breadcrumb"},"inLanguage":"de","potentialAction":[{"@type":"ReadAction","target":["https:\/\/maxani.nl\/masivet-informatie-voor-dierenartsen\/"]}]},{"@type":"BreadcrumbList","@id":"https:\/\/maxani.nl\/masivet-informatie-voor-dierenartsen\/#breadcrumb","itemListElement":[{"@type":"ListItem","position":1,"name":"Home","item":"https:\/\/maxani.nl\/"},{"@type":"ListItem","position":2,"name":"Masivet informatie voor dierenartsen"}]},{"@type":"WebSite","@id":"https:\/\/maxani.nl\/#website","url":"https:\/\/maxani.nl\/","name":"Maxani Animal Healthcare BV","description":"Ihr Partner in der Veterin\u00e4rdermatologie","potentialAction":[{"@type":"SearchAction","target":{"@type":"EntryPoint","urlTemplate":"https:\/\/maxani.nl\/?s={search_term_string}"},"query-input":{"@type":"PropertyValueSpecification","valueRequired":true,"valueName":"search_term_string"}}],"inLanguage":"de"}]}},"jetpack_sharing_enabled":true,"_links":{"self":[{"href":"https:\/\/maxani.nl\/de\/wp-json\/wp\/v2\/pages\/11787","targetHints":{"allow":["GET"]}}],"collection":[{"href":"https:\/\/maxani.nl\/de\/wp-json\/wp\/v2\/pages"}],"about":[{"href":"https:\/\/maxani.nl\/de\/wp-json\/wp\/v2\/types\/page"}],"author":[{"embeddable":true,"href":"https:\/\/maxani.nl\/de\/wp-json\/wp\/v2\/users\/1"}],"replies":[{"embeddable":true,"href":"https:\/\/maxani.nl\/de\/wp-json\/wp\/v2\/comments?post=11787"}],"version-history":[{"count":5,"href":"https:\/\/maxani.nl\/de\/wp-json\/wp\/v2\/pages\/11787\/revisions"}],"predecessor-version":[{"id":16949,"href":"https:\/\/maxani.nl\/de\/wp-json\/wp\/v2\/pages\/11787\/revisions\/16949"}],"wp:attachment":[{"href":"https:\/\/maxani.nl\/de\/wp-json\/wp\/v2\/media?parent=11787"}],"curies":[{"name":"wp","href":"https:\/\/api.w.org\/{rel}","templated":true}]}}