{"id":11779,"date":"2023-07-07T17:10:55","date_gmt":"2023-07-07T17:10:55","guid":{"rendered":"https:\/\/maxani.nl\/?page_id=11779"},"modified":"2025-05-29T11:12:44","modified_gmt":"2025-05-29T11:12:44","slug":"algemene-voorwaarden","status":"publish","type":"page","link":"https:\/\/maxani.nl\/de\/algemene-voorwaarden\/","title":{"rendered":"Allgemeine Bedingungen und Konditionen"},"content":{"rendered":"<section class=\"section\" id=\"section_378305288\">\n\t\t<div class=\"section-bg fill\" >\n\t\t\t<img loading=\"lazy\" decoding=\"async\" width=\"1718\" height=\"2560\" src=\"https:\/\/maxani.nl\/wp-content\/uploads\/2023\/07\/Achtergrond-voor-website-Maxani2-scaled.jpg\" class=\"bg attachment-original size-original\" alt=\"\" \/>\t\t\t\t\t\t\n\t\t\t\n\t<div class=\"is-border\"\n\t\tstyle=\"border-color:rgb(235, 235, 235);border-width:1px 0px 0px 0px;\">\n\t<\/div>\n\n\t\t<\/div>\n\n\t\t\n\n\t\t<div class=\"section-content relative\">\n\t\t\t\n\n<div class=\"row\"  id=\"row-722982036\">\n\n\n\t<div id=\"col-269405428\" class=\"col medium-8 small-12 large-8\"  >\n\t\t\t\t<div class=\"col-inner\"  >\n\t\t\t\n\t\t\t\n\n\t<div id=\"text-4208105559\" class=\"text\">\n\t\t\n\n<h1>Allgemeine Bedingungen und Konditionen<\/h1>\n\t\t\n<style>\n#text-4208105559 {\n  font-size: 1.4rem;\n}\n<\/style>\n\t<\/div>\n\t\n<h4><strong>Artikel 1. Anwendbarkeit und Definitionen<\/strong><\/h4>\n<ol>\n<li>Diese allgemeinen Gesch\u00e4ftsbedingungen gelten f\u00fcr alle Arbeiten, Vertr\u00e4ge und Angebote, die von, mit oder im Namen von Maxani Animal Healthcare BV abgeschlossen und gemacht werden.<\/li>\n<li>Maxani Animal Healthcare BV hat seinen Sitz in der Leeuweriklaan 14B in Zeist und wird hier im Folgenden als Anbieter bezeichnet.<\/li>\n<li>Unter \"K\u00e4ufer\" wird in diesen Allgemeinen Gesch\u00e4ftsbedingungen die nat\u00fcrliche oder juristische Person verstanden, mit der der Anbieter einen (Kauf-)Vertrag abschlie\u00dft, oder die Person, die den Auftrag f\u00fcr den Vertrag erteilt hat und auf deren Rechnung die Waren geliefert werden.<\/li>\n<li>Eine Abweichung von diesen Allgemeinen Gesch\u00e4ftsbedingungen ist nur m\u00f6glich, wenn die \u00c4nderungen ausdr\u00fccklich schriftlich zwischen dem Anbieter und dem K\u00e4ufer vereinbart wurden.<\/li>\n<li>Verweist der K\u00e4ufer auf (seine) Einkaufs- oder Allgemeine Gesch\u00e4ftsbedingungen, so gelten die Bedingungen des K\u00e4ufers nicht, es sei denn, die Bedingungen des K\u00e4ufers stehen nicht im Widerspruch zu diesen Allgemeinen Gesch\u00e4ftsbedingungen. Eine gegenteilige Klausel in den Bedingungen des K\u00e4ufers ber\u00fchrt dies nicht.<\/li>\n<li>Wenn in diesen Allgemeinen Gesch\u00e4ftsbedingungen von \"Lieferung (von Waren)\" die Rede ist, schlie\u00dft dies auch die Erbringung von Dienstleistungen, wie Beratung und sonstige Arbeiten, ein.<\/li>\n<li>Durch die blo\u00dfe Erteilung eines Auftrags, m\u00fcndlich, telefonisch, per E-Mail oder \u00fcber die Website und\/oder die Entgegennahme der von uns gelieferten Waren akzeptiert die Gegenpartei die vorliegenden Bedingungen, es sei denn, sie lehnt diese oder eine Bestimmung der vorliegenden Bedingungen ausdr\u00fccklich schriftlich ab. In diesem Fall kommt ein Vertrag erst dann zustande, wenn der Lieferant schriftlich zugestimmt hat, von diesen allgemeinen Gesch\u00e4ftsbedingungen gem\u00e4\u00df 1.4 dieses Artikels abzuweichen.<\/li>\n<li>Bei der Erbringung von Dienstleistungen, wie z. B. Beratungen und anderen Arbeiten, bem\u00fcht sich der Anbieter um eine kompetente und sorgf\u00e4ltige Ausf\u00fchrung der Arbeiten.<\/li>\n<\/ol>\n<p>\u00a0<\/p>\n<h4><strong>Artikel 2: Angebote<\/strong><\/h4>\n<ol>\n<li>Alle Angebote bleiben 14 Tage lang g\u00fcltig. Werden sie innerhalb dieser Frist nicht angenommen, verf\u00e4llt das Angebot und es k\u00f6nnen keine Rechte daran gekn\u00fcpft werden.<\/li>\n<li>Angebote und Kostenvoranschl\u00e4ge gelten nicht f\u00fcr k\u00fcnftige Bestellungen, es sei denn, der Anbieter weist ausdr\u00fccklich darauf hin.<\/li>\n<li>Alle Preislisten, Brosch\u00fcren, die mit einem Angebot zur Verf\u00fcgung gestellt werden, in denen unter anderem das Gewicht der Produkte angegeben ist, werden so genau wie m\u00f6glich angegeben, sind aber nicht verbindlich. Sie sind f\u00fcr den Lieferanten nur dann verbindlich, wenn sie von ihm ausdr\u00fccklich schriftlich in einem (Kauf-)Vertrag best\u00e4tigt werden.<\/li>\n<li>Die \u00dcbermittlung von Angeboten und\/oder anderen Unterlagen verpflichtet den Lieferanten nicht zur Lieferung oder Annahme der Bestellung.<\/li>\n<li>Der Anbieter beh\u00e4lt sich das Recht vor, Bestellungen\/Auftr\u00e4ge ohne Angabe von Gr\u00fcnden abzulehnen oder per Nachnahme zu liefern.<\/li>\n<li>Wenn der Lieferant per Nachnahme liefert, wird der K\u00e4ufer ausdr\u00fccklich darauf hingewiesen, und der Lieferant beh\u00e4lt sich das Eigentumsrecht an den zu liefernden Waren vor, bis die vollst\u00e4ndige Zahlung erfolgt ist, und zwar nach dem Ermessen des Lieferanten. Wenn die vollst\u00e4ndige Zahlung erfolgt ist, gibt der Lieferant an, ab welchem Datum die Waren als geliefert betrachtet werden k\u00f6nnen und das Eigentum dem Abnehmer geh\u00f6rt.<\/li>\n<li>Entw\u00fcrfe, Zeichnungen, Modelle, Muster, Beschreibungen, Abbildungen und dergleichen sowie alle Anh\u00e4nge und Unterlagen, die sich auf unsere Angebote beziehen, sind Bestandteil der Angebote des Anbieters. All dies bleibt Eigentum des Anbieters und muss auf Verlangen des Anbieters an diesen zur\u00fcckgegeben werden und darf ohne dessen ausdr\u00fcckliche schriftliche Zustimmung nicht kopiert und\/oder an Dritte weitergegeben werden. Der Anbieter beh\u00e4lt sich die Rechte aus dem geistigen - und gewerblichen - Eigentum vor.<\/li>\n<\/ol>\n<p>\u00a0<\/p>\n<h4><strong>Artikel 3: Vereinbarung<\/strong><\/h4>\n<ol>\n<li>Jeder Vertrag wird vom Lieferanten unter der aufschiebenden Bedingung - ausschlie\u00dflich nach seinem Ermessen - geschlossen, dass der K\u00e4ufer eine ausreichende Kreditw\u00fcrdigkeit f\u00fcr die finanzielle Erf\u00fcllung des Vertrages nachweist.<\/li>\n<li>Bei oder nach Abschluss eines Vertrags ist der Anbieter berechtigt, von der anderen Partei vor der (weiteren) Erf\u00fcllung eine Sicherheit daf\u00fcr zu verlangen, dass die Zahlungsverpflichtung erf\u00fcllt wird.<\/li>\n<li>Der Anbieter ist berechtigt, wenn er es f\u00fcr erforderlich h\u00e4lt, andere Personen mit der ordnungsgem\u00e4\u00dfen Erf\u00fcllung des Vertrages zu beauftragen, wobei die Kosten entsprechend den abgegebenen Angeboten weiterberechnet werden.<\/li>\n<li>Diese Bedingungen gelten auch f\u00fcr alle Vertr\u00e4ge mit dem Anbieter, bei denen Dritte an der Erf\u00fcllung beteiligt sind oder die von Dritten im Auftrag des Anbieters ausge\u00fcbt werden.<\/li>\n<\/ol>\n<p>\u00a0<\/p>\n<h4><strong>Artikel 4: Preise<\/strong><\/h4>\n<ol>\n<li>Sofern nicht anders angegeben, sind alle Preisangaben freibleibend.<\/li>\n<li>Sofern nicht anders angegeben, verstehen sich die Preise in Euro und exklusive Mehrwertsteuer und anderer staatlicher Abgaben sowie unvorhergesehener Kosten, die im Zusammenhang mit dem Auftrag anfallen, sofern nicht anders angegeben.<\/li>\n<\/ol>\n<p>\u00a0<\/p>\n<h4><strong>Artikel 5: Lieferung und Lieferfrist<\/strong><\/h4>\n<ol>\n<li>Die Lieferung hat, sofern nichts anderes vereinbart ist, frei ab Lager zu erfolgen.<\/li>\n<li>Die Gegenpartei ist verpflichtet, die gelieferten Sachen sofort nach der Lieferung auf sichtbare Sch\u00e4den und M\u00e4ngel zu \u00fcberpr\u00fcfen.<\/li>\n<li>Etwaige Unzul\u00e4nglichkeiten sollten unverz\u00fcglich gemeldet werden.<\/li>\n<li>Die vom Anbieter angegebenen Lieferzeiten sind ann\u00e4hernd und unverbindlich.<\/li>\n<li>Die \u00dcberschreitung der Lieferfrist verpflichtet den Anbieter nicht zur Zahlung einer Entsch\u00e4digung.<\/li>\n<\/ol>\n<p>\u00a0<\/p>\n<h4><strong>Artikel 6 - Verkehr<\/strong><\/h4>\n<ol>\n<li>Sofern nicht anders vereinbart, wird der Transport vom Anbieter bereitgestellt und die Kosten daf\u00fcr sind im Preis enthalten. Sind die Kosten nicht im Preis inbegriffen, wird dies vom Anbieter ausdr\u00fccklich angegeben und der K\u00e4ufer muss sie separat bezahlen.<\/li>\n<li>Wenn der Transport nicht durch den Anbieter erfolgt, ist der K\u00e4ufer f\u00fcr die Pflege, die Handhabung und die eventuelle Deckung von Sch\u00e4den durch und w\u00e4hrend des Transports verantwortlich.<\/li>\n<\/ol>\n<p>\u00a0<\/p>\n<h4><strong>Artikel 7: Gew\u00e4hrleistung<\/strong><\/h4>\n<ol>\n<li>Die Garantie f\u00fcr die vom Anbieter gelieferten Waren ist auf das auf der Ware angegebene Verfallsdatum beschr\u00e4nkt.<\/li>\n<li>Die Garantie erlischt bei unsachgem\u00e4\u00dfer Lagerung durch den K\u00e4ufer. Die korrekte Art der Lagerung ist in der beiliegenden Anleitung zur Lagerung der Ware angegeben und kann unter anderem eine bestimmte Lagertemperatur der Ware beinhalten.<\/li>\n<li>Abgesehen von eventuellen Sch\u00e4den und M\u00e4ngeln, die an Ort und Stelle gemeldet werden m\u00fcssen, besteht kein R\u00fcckgaberecht.<\/li>\n<\/ol>\n<p>\u00a0<\/p>\n<h4><strong>Artikel 8. Reklamationen<\/strong><\/h4>\n<ol>\n<li>Unbeschadet der sonstigen Bestimmungen in diesen Bedingungen m\u00fcssen alle Reklamationen bez\u00fcglich der gelieferten Waren innerhalb von 5 Werktagen nach der Lieferung schriftlich oder per E-Mail an den Lieferanten gerichtet werden, wobei die Art der Reklamation genau anzugeben ist. Reklamationen zu Rechnungen m\u00fcssen innerhalb von 5 Tagen nach Rechnungsdatum unter Angabe von Gr\u00fcnden eingereicht werden.<\/li>\n<li>Wird die Beanstandung vom Lieferanten f\u00fcr begr\u00fcndet befunden, ist er lediglich verpflichtet, die mangelhaften Waren zu ersetzen, ohne dass die Gegenpartei dar\u00fcber hinaus Anspruch auf eine Entsch\u00e4digung hat.<\/li>\n<li>Die Einreichung einer Beschwerde entbindet die Gegenpartei niemals von ihrer Zahlungsverpflichtung uns gegen\u00fcber.<\/li>\n<li>Die R\u00fccksendung gelieferter Waren kann nur nach unserer schriftlichen Zustimmung unter den vom Lieferanten zu bestimmenden Bedingungen, z.B. hinsichtlich der Art der Versendung der Waren, erfolgen.<\/li>\n<\/ol>\n<p>\u00a0<\/p>\n<h4><strong>Artikel 9. Zahlung<\/strong><\/h4>\n<ol>\n<li>Die Zahlung erfolgt in Euro ohne jegliche Aussetzung oder Aufrechnung auf das in der Rechnung angegebene Zahlungskonto des Anbieters.<\/li>\n<li>Bei Rechnungen \u00fcber einem Betrag von 10.000 \u20ac ist vor der Lieferung eine Anzahlung in H\u00f6he der H\u00e4lfte des Rechnungsbetrags zu leisten.<\/li>\n<li>Eine Rechnung muss innerhalb von 14 Tagen nach Rechnungsdatum bezahlt werden. Der K\u00e4ufer ist in Verzug, wenn diese 14 Tage verstrichen sind und er noch nicht an den Anbieter gezahlt hat.<\/li>\n<li>Befindet sich der K\u00e4ufer in Verzug, werden alle Rechnungen des Anbieters an den K\u00e4ufer, auch wenn die Zahlungsfrist noch nicht abgelaufen ist, sofort f\u00e4llig, es sei denn, der Verzug ist nicht auf ein dem K\u00e4ufer zuzurechnendes Vers\u00e4umnis zur\u00fcckzuf\u00fchren.<\/li>\n<li>Nach Erhalt einer Mahnung und erneuter Nichtzahlung innerhalb von 14 Tagen kann der Anbieter Inkassoma\u00dfnahmen ergreifen. Der Anbieter ist dann berechtigt, die Forderung abzutreten, wobei der Abnehmer neben dem dann f\u00e4lligen Gesamtbetrag auch zur Zahlung der au\u00dfergerichtlichen Inkassokosten verpflichtet ist, deren H\u00f6he auf 15% des f\u00e4lligen Gesamtbetrags zuz\u00fcglich der gesetzlichen Zinsen auf den f\u00e4lligen Betrag und etwaiger Gerichtskosten festgesetzt wird. Die vom K\u00e4ufer geleisteten Zahlungen werden zun\u00e4chst zur Reduzierung aller Kosten, dann zur Reduzierung aller f\u00e4lligen Zinsen und schlie\u00dflich zur Reduzierung der am l\u00e4ngsten ausstehenden f\u00e4lligen Rechnungen verwendet. Auch wenn der K\u00e4ufer angibt, dass sich die Zahlung auf eine sp\u00e4tere Rechnung und alle laufenden Zinsen bezieht.<\/li>\n<li>Im Falle einer gemeinsamen Bestellung haftet jeder K\u00e4ufer einzeln und gesamtschuldnerisch f\u00fcr die Zahlung des gesamten Rechnungsbetrags.<\/li>\n<\/ol>\n<p>\u00a0<\/p>\n<h4><strong>Artikel 10. Aussetzung und Aufl\u00f6sung<\/strong><\/h4>\n<ol>\n<li>Der Lieferant ist berechtigt, die Erf\u00fcllung seiner Verpflichtungen gegen\u00fcber dem Abnehmer auszusetzen oder von allen Vertr\u00e4gen mit dem Abnehmer ganz oder teilweise zur\u00fcckzutreten, ohne Inverzugsetzung und ohne selbst zu irgendeinem Schadenersatz verpflichtet zu sein, dies alles unbeschadet der sonstigen Rechte des Lieferanten, wenn:<\/li>\n<li>Der K\u00e4ufer kommt einer Verpflichtung gegen\u00fcber dem Provider nicht, nicht ordnungsgem\u00e4\u00df oder nicht rechtzeitig nach;<\/li>\n<li>Der K\u00e4ufer wird f\u00fcr insolvent erkl\u00e4rt oder ein entsprechender Antrag wird vom Provider oder einem Dritten bei Gericht eingereicht;<\/li>\n<li>der K\u00e4ufer einen Zahlungsaufschub beantragt hat oder ihm dieser - vorl\u00e4ufig oder anderweitig - gew\u00e4hrt worden ist;<\/li>\n<li>Das Unternehmen des K\u00e4ufers wird stillgelegt oder liquidiert;<\/li>\n<li>Wenn Waren des K\u00e4ufers beschlagnahmt werden, oder wenn der K\u00e4ufer unter Verwaltung oder Vormundschaft gestellt wird.<\/li>\n<\/ol>\n<p>Dar\u00fcber hinaus werden alle Forderungen des Anbieters gegen\u00fcber dem K\u00e4ufer, aus welchem Grund auch immer, sofort und in voller H\u00f6he f\u00e4llig.<\/p>\n<p>\u00a0<\/p>\n<h4><strong>Artikel 11. Haftung<\/strong><\/h4>\n<ol>\n<li>Die Gesamthaftung des Anbieters wegen nicht rechtzeitiger oder nicht ordnungsgem\u00e4\u00dfer Vertragserf\u00fcllung ist auf den Ersatz des unmittelbaren Schadens bis zur H\u00f6he der bis zum Zeitpunkt des Fehlers erkl\u00e4rten Auftragssumme beschr\u00e4nkt.<\/li>\n<li>Der Anbieter haftet in keinem Fall f\u00fcr indirekte Sch\u00e4den, einschlie\u00dflich der Stagnation des regul\u00e4ren Gesch\u00e4ftsgangs im Unternehmen des K\u00e4ufers, oder f\u00fcr andere gesch\u00e4ftliche Verluste, die in irgendeiner Weise mit einem Fehler bei der Ausf\u00fchrung der Arbeiten durch den Anbieter zusammenh\u00e4ngen oder dadurch verursacht werden.<\/li>\n<li>Der Auftragnehmer kann niemals f\u00fcr Sch\u00e4den haftbar gemacht werden, die direkt oder indirekt mit der Verz\u00f6gerung oder Aussetzung durch eine Bestimmung in diesen Bedingungen zusammenh\u00e4ngen.<\/li>\n<li>Eine Haftung des Anbieters wegen nicht rechtzeitiger oder nicht ordnungsgem\u00e4\u00dfer Ausf\u00fchrung eines Auftrages entsteht nur dann, wenn der Auftraggeber den Anbieter unverz\u00fcglich und ordnungsgem\u00e4\u00df unter Setzung einer angemessenen Frist zur Behebung des Vers\u00e4umnisses schriftlich in Verzug setzt und der Anbieter auch nach Ablauf dieser Frist mit der Erf\u00fcllung der Verpflichtungen schuldhaft in Verzug bleibt.<\/li>\n<li>Der Anbieter haftet nicht f\u00fcr die Besch\u00e4digung oder Zerst\u00f6rung von Daten und\/oder Waren w\u00e4hrend des Transports oder w\u00e4hrend des Versands per Post oder Kurierdienst, unabh\u00e4ngig davon, ob der Transport oder der Versand durch den K\u00e4ufer, den Anbieter oder Dritte oder in deren Auftrag erfolgt ist.<\/li>\n<\/ol>\n<p>\u00a0<\/p>\n<h4><strong>Artikel 12. Anwendbares Recht<\/strong><\/h4>\n<ol>\n<li>F\u00fcr alle Angebote und Vereinbarungen und deren Umsetzung durch den Anbieter gilt das niederl\u00e4ndische Recht.<\/li>\n<li>F\u00fcr die Beilegung von Streitigkeiten ist das f\u00fcr den Ort der Niederlassung des Anbieters zust\u00e4ndige Gericht zust\u00e4ndig.<\/li>\n<\/ol>\n<p><em>\u00a0<\/em><\/p>\n<h4><strong>Artikel 13. Schlussbestimmung<\/strong><\/h4>\n<ol>\n<li>Der Anbieter ist berechtigt, diese Allgemeinen Gesch\u00e4ftsbedingungen zu \u00e4ndern. Es gelten die Bedingungen zum Zeitpunkt des Vertragsabschlusses, wie sie auch auf der Website des Anbieters ver\u00f6ffentlicht sind.<\/li>\n<li>Sollten sich eine oder mehrere Bestimmungen dieser Allgemeinen Gesch\u00e4ftsbedingungen nach R\u00fccksprache zwischen dem Anbieter und dem K\u00e4ufer als nichtig erweisen, f\u00fcr nichtig erkl\u00e4rt werden oder hinf\u00e4llig sein, so bleiben diese Allgemeinen Gesch\u00e4ftsbedingungen ansonsten in Kraft. An die Stelle der unwirksamen, nichtigen oder aufgehobenen Bestimmung(en) tritt eine wirksame Bestimmung, die der unwirksamen, nichtigen oder aufgehobenen Bestimmung(en) in Inhalt, Umfang und Wirkung m\u00f6glichst nahe kommt. In diesem Fall werden sich die Parteien konsultieren, um sich auf Ersatzbestimmungen zu einigen, die so weit wie m\u00f6glich auf dem Zweck und der Bedeutung der urspr\u00fcnglichen Bestimmung basieren.<\/li>\n<\/ol>\n<p>\u00a0<\/p>\n\n\t\t<\/div>\n\t\t\t\t\t<\/div>\n\n\t\n\n<\/div>\n\n\t\t<\/div>\n\n\t\t\n<style>\n#section_378305288 {\n  padding-top: 60px;\n  padding-bottom: 60px;\n  min-height: 300px;\n}\n<\/style>\n\t<\/section>","protected":false},"excerpt":{"rendered":"","protected":false},"author":1,"featured_media":0,"parent":0,"menu_order":0,"comment_status":"closed","ping_status":"closed","template":"page-blank.php","meta":{"footnotes":""},"class_list":["post-11779","page","type-page","status-publish","hentry"],"yoast_head":"<!-- This site is optimized with the Yoast SEO plugin v27.1.1 - https:\/\/yoast.com\/product\/yoast-seo-wordpress\/ -->\n<title>Algemene voorwaarden - Maxani Animal Healthcare BV<\/title>\n<meta name=\"robots\" content=\"index, follow, max-snippet:-1, max-image-preview:large, max-video-preview:-1\" \/>\n<link rel=\"canonical\" href=\"https:\/\/maxani.nl\/de\/algemene-voorwaarden\/\" \/>\n<meta property=\"og:locale\" content=\"de_DE\" \/>\n<meta property=\"og:type\" content=\"article\" \/>\n<meta property=\"og:title\" content=\"Algemene voorwaarden - Maxani Animal Healthcare BV\" \/>\n<meta property=\"og:url\" content=\"https:\/\/maxani.nl\/de\/algemene-voorwaarden\/\" \/>\n<meta property=\"og:site_name\" content=\"Maxani Animal Healthcare BV\" \/>\n<meta property=\"article:modified_time\" content=\"2025-05-29T11:12:44+00:00\" \/>\n<meta name=\"twitter:card\" content=\"summary_large_image\" \/>\n<script type=\"application\/ld+json\" class=\"yoast-schema-graph\">{\"@context\":\"https:\/\/schema.org\",\"@graph\":[{\"@type\":\"WebPage\",\"@id\":\"https:\/\/maxani.nl\/algemene-voorwaarden\/\",\"url\":\"https:\/\/maxani.nl\/algemene-voorwaarden\/\",\"name\":\"Algemene voorwaarden - Maxani Animal Healthcare BV\",\"isPartOf\":{\"@id\":\"https:\/\/maxani.nl\/#website\"},\"datePublished\":\"2023-07-07T17:10:55+00:00\",\"dateModified\":\"2025-05-29T11:12:44+00:00\",\"breadcrumb\":{\"@id\":\"https:\/\/maxani.nl\/algemene-voorwaarden\/#breadcrumb\"},\"inLanguage\":\"de\",\"potentialAction\":[{\"@type\":\"ReadAction\",\"target\":[\"https:\/\/maxani.nl\/algemene-voorwaarden\/\"]}]},{\"@type\":\"BreadcrumbList\",\"@id\":\"https:\/\/maxani.nl\/algemene-voorwaarden\/#breadcrumb\",\"itemListElement\":[{\"@type\":\"ListItem\",\"position\":1,\"name\":\"Home\",\"item\":\"https:\/\/maxani.nl\/\"},{\"@type\":\"ListItem\",\"position\":2,\"name\":\"Algemene voorwaarden\"}]},{\"@type\":\"WebSite\",\"@id\":\"https:\/\/maxani.nl\/#website\",\"url\":\"https:\/\/maxani.nl\/\",\"name\":\"Maxani Animal Healthcare BV\",\"description\":\"Uw partner in veterinaire dermatologie\",\"potentialAction\":[{\"@type\":\"SearchAction\",\"target\":{\"@type\":\"EntryPoint\",\"urlTemplate\":\"https:\/\/maxani.nl\/?s={search_term_string}\"},\"query-input\":{\"@type\":\"PropertyValueSpecification\",\"valueRequired\":true,\"valueName\":\"search_term_string\"}}],\"inLanguage\":\"de\"}]}<\/script>\n<!-- \/ Yoast SEO plugin. -->","yoast_head_json":{"title":"Algemene voorwaarden - Maxani Animal Healthcare BV","robots":{"index":"index","follow":"follow","max-snippet":"max-snippet:-1","max-image-preview":"max-image-preview:large","max-video-preview":"max-video-preview:-1"},"canonical":"https:\/\/maxani.nl\/de\/algemene-voorwaarden\/","og_locale":"de_DE","og_type":"article","og_title":"Algemene voorwaarden - Maxani Animal Healthcare BV","og_url":"https:\/\/maxani.nl\/de\/algemene-voorwaarden\/","og_site_name":"Maxani Animal Healthcare BV","article_modified_time":"2025-05-29T11:12:44+00:00","twitter_card":"summary_large_image","schema":{"@context":"https:\/\/schema.org","@graph":[{"@type":"WebPage","@id":"https:\/\/maxani.nl\/algemene-voorwaarden\/","url":"https:\/\/maxani.nl\/algemene-voorwaarden\/","name":"Algemene voorwaarden - Maxani Animal Healthcare BV","isPartOf":{"@id":"https:\/\/maxani.nl\/#website"},"datePublished":"2023-07-07T17:10:55+00:00","dateModified":"2025-05-29T11:12:44+00:00","breadcrumb":{"@id":"https:\/\/maxani.nl\/algemene-voorwaarden\/#breadcrumb"},"inLanguage":"de","potentialAction":[{"@type":"ReadAction","target":["https:\/\/maxani.nl\/algemene-voorwaarden\/"]}]},{"@type":"BreadcrumbList","@id":"https:\/\/maxani.nl\/algemene-voorwaarden\/#breadcrumb","itemListElement":[{"@type":"ListItem","position":1,"name":"Home","item":"https:\/\/maxani.nl\/"},{"@type":"ListItem","position":2,"name":"Algemene voorwaarden"}]},{"@type":"WebSite","@id":"https:\/\/maxani.nl\/#website","url":"https:\/\/maxani.nl\/","name":"Maxani Animal Healthcare BV","description":"Ihr Partner in der Veterin\u00e4rdermatologie","potentialAction":[{"@type":"SearchAction","target":{"@type":"EntryPoint","urlTemplate":"https:\/\/maxani.nl\/?s={search_term_string}"},"query-input":{"@type":"PropertyValueSpecification","valueRequired":true,"valueName":"search_term_string"}}],"inLanguage":"de"}]}},"jetpack_sharing_enabled":true,"_links":{"self":[{"href":"https:\/\/maxani.nl\/de\/wp-json\/wp\/v2\/pages\/11779","targetHints":{"allow":["GET"]}}],"collection":[{"href":"https:\/\/maxani.nl\/de\/wp-json\/wp\/v2\/pages"}],"about":[{"href":"https:\/\/maxani.nl\/de\/wp-json\/wp\/v2\/types\/page"}],"author":[{"embeddable":true,"href":"https:\/\/maxani.nl\/de\/wp-json\/wp\/v2\/users\/1"}],"replies":[{"embeddable":true,"href":"https:\/\/maxani.nl\/de\/wp-json\/wp\/v2\/comments?post=11779"}],"version-history":[{"count":4,"href":"https:\/\/maxani.nl\/de\/wp-json\/wp\/v2\/pages\/11779\/revisions"}],"predecessor-version":[{"id":17190,"href":"https:\/\/maxani.nl\/de\/wp-json\/wp\/v2\/pages\/11779\/revisions\/17190"}],"wp:attachment":[{"href":"https:\/\/maxani.nl\/de\/wp-json\/wp\/v2\/media?parent=11779"}],"curies":[{"name":"wp","href":"https:\/\/api.w.org\/{rel}","templated":true}]}}